{"id":66348,"date":"2025-05-02T09:52:57","date_gmt":"2025-05-02T09:52:57","guid":{"rendered":"https:\/\/campzilla-shop.com\/produkt\/xtorm-tragbare-power-station-600w-mobile-stromquelle-fuer-unterwegs\/"},"modified":"2025-08-27T17:43:01","modified_gmt":"2025-08-27T17:43:01","slug":"tragbare-power-station-600w","status":"publish","type":"product","link":"https:\/\/campzilla-shop.com\/en\/shop\/tragbare-power-station-600w\/","title":{"rendered":"Tragbare Power Station 600W, mobile Stromquelle f\u00fcr unterwegs"},"content":{"rendered":"<h2 class=\"\" data-start=\"132\" data-end=\"212\">Power Station 600W XP2W600 \u2013 Deine Energiequelle f\u00fcr unterwegs<\/h2>\n<p class=\"\" data-start=\"214\" data-end=\"326\"><span class=\"relative -mx-px my-[-0.2rem] rounded px-px py-[0.2rem] transition-colors duration-100 ease-in-out\">Mit der tragbaren Power Station 600W XP2W600 bist Du bestens ger\u00fcstet f\u00fcr jedes Abenteuer \u2013 ob beim Camping, auf Roadtrips oder als Notstromversorgung zu Hause.<\/span> <span class=\"relative -mx-px my-[-0.2rem] rounded px-px py-[0.2rem] transition-colors duration-100 ease-in-out\">Diese kompakte Power Station liefert Dir zuverl\u00e4ssige Energie, wo immer Du sie ben\u00f6tigst.<\/span><\/p>\n<h3 class=\"\" data-start=\"328\" data-end=\"361\">Leistungsstark und vielseitig<\/h3>\n<p class=\"\" data-start=\"363\" data-end=\"479\"><span class=\"relative -mx-px my-[-0.2rem] rounded px-px py-[0.2rem] transition-colors duration-100 ease-in-out\">Mit einer Kapazit\u00e4t von 512 Wh und einer Dauerleistung von 600 W (Spitzenleistung bis zu 1000 W) kannst Du bis zu neun Ger\u00e4te gleichzeitig betreiben.<\/span> <span class=\"relative -mx-px my-[-0.2rem] rounded px-px py-[0.2rem] transition-colors duration-100 ease-in-out\">Ob Laptop, Smartphone, K\u00fchlbox oder sogar ein kleiner Fernseher \u2013 die XP2W600 versorgt sie alle zuverl\u00e4ssig mit Strom.<\/span><\/p>\n<h3 class=\"\" data-start=\"481\" data-end=\"515\">Intelligente Steuerung per App<\/h3>\n<p class=\"\" data-start=\"517\" data-end=\"635\"><span class=\"relative -mx-px my-[-0.2rem] rounded px-px py-[0.2rem] transition-colors duration-100 ease-in-out\">Dank der integrierten Wi-Fi- und Bluetooth-Funktionalit\u00e4t kannst Du die Power Station bequem \u00fcber die \u201eSmart Life\u201c-App steuern.<\/span> <span class=\"relative -mx-px my-[-0.2rem] rounded px-px py-[0.2rem] transition-colors duration-100 ease-in-out\">\u00dcberwache den Batteriestatus, aktiviere oder deaktiviere Ausg\u00e4nge und plane Ladezeiten \u2013 alles direkt von Deinem Smartphone aus.<\/span><\/p>\n<h3 class=\"\" data-start=\"637\" data-end=\"684\">Drei Ladeoptionen f\u00fcr maximale Flexibilit\u00e4t<\/h3>\n<ul data-start=\"686\" data-end=\"898\">\n<li class=\"\" data-start=\"686\" data-end=\"744\">\n<p class=\"\" data-start=\"688\" data-end=\"744\"><strong data-start=\"688\" data-end=\"703\">Solarladung<\/strong>: <span class=\"relative -mx-px my-[-0.2rem] rounded px-px py-[0.2rem] transition-colors duration-100 ease-in-out\">Nutze erneuerbare Energie mit einem kompatiblen 200-W-Solarpanel und lade die Power Station in etwa 3 Stunden vollst\u00e4ndig auf.<\/span><\/p>\n<\/li>\n<li class=\"\" data-start=\"745\" data-end=\"801\">\n<p class=\"\" data-start=\"747\" data-end=\"801\"><strong data-start=\"747\" data-end=\"760\">Netzstrom<\/strong>: <span class=\"relative -mx-px my-[-0.2rem] rounded px-px py-[0.2rem] transition-colors duration-100 ease-in-out\">\u00dcber die Steckdose ist die Power Station in ca. 2 Stunden wieder einsatzbereit.<\/span><\/p>\n<\/li>\n<li class=\"\" data-start=\"802\" data-end=\"898\">\n<p class=\"\" data-start=\"804\" data-end=\"898\"><strong data-start=\"804\" data-end=\"818\">Autoladung<\/strong>: <span class=\"relative -mx-px my-[-0.2rem] rounded px-px py-[0.2rem] transition-colors duration-100 ease-in-out\">W\u00e4hrend der Fahrt kannst Du die Power Station in etwa 5 Stunden vollst\u00e4ndig aufladen.<\/span><\/p>\n<\/li>\n<\/ul>\n<h3 class=\"\" data-start=\"900\" data-end=\"935\">Robuste und langlebige Bauweise<\/h3>\n<p class=\"\" data-start=\"937\" data-end=\"1055\"><span class=\"relative -mx-px my-[-0.2rem] rounded px-px py-[0.2rem] transition-colors duration-100 ease-in-out\">Die XP2W600 verwendet hochwertige LiFePO4-Batteriezellen, die f\u00fcr \u00fcber 3.000 Ladezyklen ausgelegt sind.<\/span> <span class=\"relative -mx-px my-[-0.2rem] rounded px-px py-[0.2rem] transition-colors duration-100 ease-in-out\">Mit einem Gewicht von nur 7 kg und einem praktischen Tragegriff ist sie ideal f\u00fcr den mobilen Einsatz geeignet.<\/span><\/p>\n<h3 class=\"\" data-start=\"1057\" data-end=\"1091\">Sicherheit und Zuverl\u00e4ssigkeit<\/h3>\n<p class=\"\" data-start=\"1093\" data-end=\"1251\"><span class=\"relative -mx-px my-[-0.2rem] rounded px-px py-[0.2rem] transition-colors duration-100 ease-in-out\">Xtorm legt gro\u00dfen Wert auf Sicherheit.<\/span> <span class=\"relative -mx-px my-[-0.2rem] rounded px-px py-[0.2rem] transition-colors duration-100 ease-in-out\">Die Power Station verf\u00fcgt \u00fcber Schutzmechanismen gegen \u00dcberladung, \u00dcberhitzung und Kurzschluss.<\/span> <span class=\"relative -mx-px my-[-0.2rem] rounded px-px py-[0.2rem] transition-colors duration-100 ease-in-out\">Im Falle eines Stromausfalls schaltet sie innerhalb von 10 Millisekunden automatisch auf Batteriebetrieb um, sodass Deine Ger\u00e4te ohne Unterbrechung weiterlaufen.<\/span><\/p>\n<p class=\"\" data-start=\"1258\" data-end=\"1336\">\n","protected":false},"excerpt":{"rendered":"<h5 data-start=\"61\" data-end=\"110\">Leistungsstarke Ausg\u00e4nge f\u00fcr all Deine Ger\u00e4te<\/h5>\n<p class=\"\" data-start=\"112\" data-end=\"555\"><strong data-start=\"112\" data-end=\"169\">Tragbare Steckdose \u2013 2x AC-Ausgang mit insgesamt 600W<\/strong><br data-start=\"169\" data-end=\"172\" \/>Mit der Xtorm 600W Power Station stehen Dir zwei AC-Steckdosen zur Verf\u00fcgung, mit denen Du Deine elektrischen Ger\u00e4te ganz einfach mit Strom versorgen kannst. Egal ob K\u00fchlbox, Ventilator, Fernseher oder E-Bike-Akku \u2013 Du genie\u00dft Deine Ger\u00e4te auch drau\u00dfen oder ganz ohne Stromanschluss. Mit einer Gesamtleistung von 600W versorgst Du kleine und gro\u00dfe Ger\u00e4te zuverl\u00e4ssig mit.<\/p>\n<p class=\"\" data-start=\"557\" data-end=\"810\"><strong data-start=\"557\" data-end=\"605\">2x USB-C PD Ausgang 100W \u2013 Xtorm UltraCharge<\/strong><br data-start=\"605\" data-end=\"608\" \/>Lade Dein USB-C-Laptop, Tablet, Smartphone, Deine Earbuds oder sogar Deine Drohne \u2013 ohne Stress wegen eines leeren Akkus. Mit dieser Power Station bleibst Du den ganzen Tag \u00fcber unabh\u00e4ngig und flexibel.<\/p>\n<p class=\"\" data-start=\"812\" data-end=\"986\"><strong data-start=\"812\" data-end=\"855\">2x USB-A Ausgang 12W \u2013 Xtorm FastCharge<\/strong><br data-start=\"855\" data-end=\"858\" \/>Perfekt zum Aufladen kleiner Ger\u00e4te wie Deiner Digitalkamera oder Kopfh\u00f6rer. So bist Du immer einsatzbereit, egal wohin es geht.<\/p>\n<p class=\"\" data-start=\"988\" data-end=\"1242\"><strong data-start=\"988\" data-end=\"1032\">2x DC5521-Ausgang &amp; 1x 12V-Autosteckdose<\/strong><br data-start=\"1032\" data-end=\"1035\" \/>Manche Ger\u00e4te sind speziell f\u00fcr Autos oder Wohnmobile gemacht und brauchen einen Gleichstrom- oder 12V-Anschluss. Mit diesen Ausg\u00e4ngen kannst Du sie ganz einfach laden \u2013 ideal f\u00fcr unterwegs oder beim Campen.<\/p>\n","protected":false},"featured_media":66346,"template":"","meta":{"site-sidebar-layout":"default","site-content-layout":"","ast-site-content-layout":"default","site-content-style":"default","site-sidebar-style":"default","ast-global-header-display":"","ast-banner-title-visibility":"","ast-main-header-display":"","ast-hfb-above-header-display":"","ast-hfb-below-header-display":"","ast-hfb-mobile-header-display":"","site-post-title":"","ast-breadcrumbs-content":"","ast-featured-img":"","footer-sml-layout":"","ast-disable-related-posts":"","theme-transparent-header-meta":"default","adv-header-id-meta":"","stick-header-meta":"","header-above-stick-meta":"","header-main-stick-meta":"","header-below-stick-meta":"","astra-migrate-meta-layouts":"set","ast-page-background-enabled":"default","ast-page-background-meta":{"desktop":{"background-color":"","background-image":"","background-repeat":"repeat","background-position":"center center","background-size":"auto","background-attachment":"scroll","background-type":"","background-media":"","overlay-type":"","overlay-color":"","overlay-opacity":"","overlay-gradient":""},"tablet":{"background-color":"","background-image":"","background-repeat":"repeat","background-position":"center center","background-size":"auto","background-attachment":"scroll","background-type":"","background-media":"","overlay-type":"","overlay-color":"","overlay-opacity":"","overlay-gradient":""},"mobile":{"background-color":"","background-image":"","background-repeat":"repeat","background-position":"center center","background-size":"auto","background-attachment":"scroll","background-type":"","background-media":"","overlay-type":"","overlay-color":"","overlay-opacity":"","overlay-gradient":""}},"ast-content-background-meta":{"desktop":{"background-color":"var(--ast-global-color-5)","background-image":"","background-repeat":"repeat","background-position":"center center","background-size":"auto","background-attachment":"scroll","background-type":"","background-media":"","overlay-type":"","overlay-color":"","overlay-opacity":"","overlay-gradient":""},"tablet":{"background-color":"var(--ast-global-color-5)","background-image":"","background-repeat":"repeat","background-position":"center center","background-size":"auto","background-attachment":"scroll","background-type":"","background-media":"","overlay-type":"","overlay-color":"","overlay-opacity":"","overlay-gradient":""},"mobile":{"background-color":"var(--ast-global-color-5)","background-image":"","background-repeat":"repeat","background-position":"center center","background-size":"auto","background-attachment":"scroll","background-type":"","background-media":"","overlay-type":"","overlay-color":"","overlay-opacity":"","overlay-gradient":""}},"iawp_total_views":11},"product_brand":[],"product_cat":[384,218],"product_tag":[],"class_list":{"0":"post-66348","1":"product","2":"type-product","3":"status-publish","4":"has-post-thumbnail","6":"product_cat-energy-electronic","7":"product_cat-must-haves","8":"product_shipping_class-groesse-m-en-2","9":"desktop-align-left","10":"tablet-align-left","11":"mobile-align-left","12":"ast-product-gallery-layout-horizontal-slider","13":"ast-product-tabs-layout-horizontal","15":"first","16":"onbackorder","17":"taxable","18":"shipping-taxable","19":"purchasable","20":"product-type-simple"},"_links":{"self":[{"href":"https:\/\/campzilla-shop.com\/en\/wp-json\/wp\/v2\/product\/66348","targetHints":{"allow":["GET"]}}],"collection":[{"href":"https:\/\/campzilla-shop.com\/en\/wp-json\/wp\/v2\/product"}],"about":[{"href":"https:\/\/campzilla-shop.com\/en\/wp-json\/wp\/v2\/types\/product"}],"wp:featuredmedia":[{"embeddable":true,"href":"https:\/\/campzilla-shop.com\/en\/wp-json\/wp\/v2\/media\/66346"}],"wp:attachment":[{"href":"https:\/\/campzilla-shop.com\/en\/wp-json\/wp\/v2\/media?parent=66348"}],"wp:term":[{"taxonomy":"product_brand","embeddable":true,"href":"https:\/\/campzilla-shop.com\/en\/wp-json\/wp\/v2\/product_brand?post=66348"},{"taxonomy":"product_cat","embeddable":true,"href":"https:\/\/campzilla-shop.com\/en\/wp-json\/wp\/v2\/product_cat?post=66348"},{"taxonomy":"product_tag","embeddable":true,"href":"https:\/\/campzilla-shop.com\/en\/wp-json\/wp\/v2\/product_tag?post=66348"}],"curies":[{"name":"wp","href":"https:\/\/api.w.org\/{rel}","templated":true}]}}