{"id":72825,"date":"2026-05-07T07:31:23","date_gmt":"2026-05-07T07:31:23","guid":{"rendered":"https:\/\/campzilla-shop.com\/shop\/oscuranti-termici-interni-kia-pv5\/"},"modified":"2026-05-07T07:44:09","modified_gmt":"2026-05-07T07:44:09","slug":"thermomatten-auf-mass-kia-pv5-cargo","status":"publish","type":"product","link":"https:\/\/campzilla-shop.com\/de\/shop\/thermomatten-auf-mass-kia-pv5-cargo\/","title":{"rendered":"Thermomatten auf Ma\u00df, 3-teilig, Fahrerkabine \u2013 Kia PV5 Cargo \u2013 Anti-Kondens-Funktion"},"content":{"rendered":"<h2 data-section-id=\"9hkbf4\" data-start=\"442\" data-end=\"476\">Komfort und Isolierung nach Ma\u00df<\/h2>\n<p data-start=\"478\" data-end=\"739\">Sch\u00fctze deinen Kia PV5 mit einer technologisch fortschrittlichen L\u00f6sung. Unsere\u00a0<strong data-start=\"558\" data-end=\"574\">Thermomatten<\/strong>\u00a0bestehen aus einem innovativen 8 mm starken Isoliermaterial, das hei\u00df laminiert und ohne N\u00e4hte verarbeitet wird \u2013 f\u00fcr perfekte Isolation und maximale Langlebigkeit.<\/p>\n<h2 data-section-id=\"wa259k\" data-start=\"1071\" data-end=\"1112\">Warum unsere Thermomatten anders sind:<\/h2>\n<p data-start=\"1252\" data-end=\"1412\"><strong data-start=\"1252\" data-end=\"1277\">8 mm Isolierstruktur:<\/strong><br data-start=\"1277\" data-end=\"1280\" \/>Kern aus offenporigem Polyurethanschaum f\u00fcr optimale D\u00e4mmung, kombiniert mit einer extrem widerstandsf\u00e4higen Polyester-Au\u00dfenschicht.<\/p>\n<p data-start=\"1414\" data-end=\"1550\"><strong data-start=\"1414\" data-end=\"1437\">Ideales Innenklima:<\/strong><br data-start=\"1437\" data-end=\"1440\" \/>H\u00e4lt den Innenraum im Sommer k\u00fchl und speichert W\u00e4rme in kalten N\u00e4chten. Vollst\u00e4ndiger Schutz vor UV-Strahlen.<\/p>\n<p data-start=\"1552\" data-end=\"1681\"><strong data-start=\"1552\" data-end=\"1573\">Schnelle Montage:<\/strong><br data-start=\"1573\" data-end=\"1576\" \/>Stabile Befestigung mit Gewindesaugn\u00e4pfen \u2013 in Sekunden angebracht, ohne Kratzer an Glas oder Karosserie.<\/p>\n<p data-start=\"1683\" data-end=\"1791\"><strong data-start=\"1683\" data-end=\"1701\">Made in Italy:<\/strong><br data-start=\"1701\" data-end=\"1704\" \/>Hochwertige Handwerkskunst f\u00fcr ein robustes, wasserdichtes und professionelles Produkt.<\/p>\n<h2 data-section-id=\"19f7t8e\" data-start=\"1798\" data-end=\"1816\">Produktdetails<\/h2>\n<ul data-start=\"1818\" data-end=\"1962\">\n<li data-section-id=\"1qygalf\" data-start=\"1818\" data-end=\"1859\"><strong data-start=\"1820\" data-end=\"1830\">Farbe:<\/strong>\u00a0Innen grau, au\u00dfen hellgrau<\/li>\n<li data-section-id=\"als8t1\" data-start=\"1860\" data-end=\"1962\"><strong data-start=\"1862\" data-end=\"1879\">Lieferumfang:<\/strong> 3 Teile (Windshcutzscheibe und Seitenfenster der T\u00fcren), Gewindesaugn\u00e4pfe, praktische Aufbewahrungstasche<\/li>\n<\/ul>\n<p data-start=\"1964\" data-end=\"2137\" data-is-last-node=\"\" data-is-only-node=\"\"><strong data-start=\"1964\" data-end=\"1976\">Hinweis:<\/strong><br data-start=\"1976\" data-end=\"1979\" \/>Jedes Set wird individuell auf Bestellung gefertigt<br data-start=\"2099\" data-end=\"2102\" \/><strong data-start=\"2102\" data-end=\"2117\">Lieferzeit:<\/strong>\u00a0ca. 14\u201328 Werktage.<\/p>\n<p data-start=\"1964\" data-end=\"2137\" data-is-last-node=\"\" data-is-only-node=\"\">Bilder der Thermomatten sind Beispielbilder von einem anderen Fahrzeug.<\/p>\n","protected":false},"excerpt":{"rendered":"<p data-section-id=\"gy2vq2\" data-start=\"0\" data-end=\"32\"><strong>Thermomatten auf Ma\u00df \u2013 Made in Italy!<\/strong><\/p>\n<p data-start=\"34\" data-end=\"294\">Im Gegensatz zu herk\u00f6mmlichen Thermomatten verhindert dieses Set die Bildung von Kondenswasser an den Innenscheiben. So bleibt der Innenraum deines Fahrzeugs trocken \u2013 ohne st\u00f6rende Feuchtigkeit oder Schimmelbildung, selbst bei stark schwankenden Temperaturen.<\/p>\n","protected":false},"featured_media":72823,"template":"","meta":{"site-sidebar-layout":"default","site-content-layout":"","ast-site-content-layout":"default","site-content-style":"default","site-sidebar-style":"default","ast-global-header-display":"","ast-banner-title-visibility":"","ast-main-header-display":"","ast-hfb-above-header-display":"","ast-hfb-below-header-display":"","ast-hfb-mobile-header-display":"","site-post-title":"","ast-breadcrumbs-content":"","ast-featured-img":"","footer-sml-layout":"","ast-disable-related-posts":"","theme-transparent-header-meta":"default","adv-header-id-meta":"","stick-header-meta":"","header-above-stick-meta":"","header-main-stick-meta":"","header-below-stick-meta":"","astra-migrate-meta-layouts":"set","ast-page-background-enabled":"default","ast-page-background-meta":{"desktop":{"background-color":"","background-image":"","background-repeat":"repeat","background-position":"center center","background-size":"auto","background-attachment":"scroll","background-type":"","background-media":"","overlay-type":"","overlay-color":"","overlay-opacity":"","overlay-gradient":""},"tablet":{"background-color":"","background-image":"","background-repeat":"repeat","background-position":"center center","background-size":"auto","background-attachment":"scroll","background-type":"","background-media":"","overlay-type":"","overlay-color":"","overlay-opacity":"","overlay-gradient":""},"mobile":{"background-color":"","background-image":"","background-repeat":"repeat","background-position":"center center","background-size":"auto","background-attachment":"scroll","background-type":"","background-media":"","overlay-type":"","overlay-color":"","overlay-opacity":"","overlay-gradient":""}},"ast-content-background-meta":{"desktop":{"background-color":"var(--ast-global-color-5)","background-image":"","background-repeat":"repeat","background-position":"center center","background-size":"auto","background-attachment":"scroll","background-type":"","background-media":"","overlay-type":"","overlay-color":"","overlay-opacity":"","overlay-gradient":""},"tablet":{"background-color":"var(--ast-global-color-5)","background-image":"","background-repeat":"repeat","background-position":"center center","background-size":"auto","background-attachment":"scroll","background-type":"","background-media":"","overlay-type":"","overlay-color":"","overlay-opacity":"","overlay-gradient":""},"mobile":{"background-color":"var(--ast-global-color-5)","background-image":"","background-repeat":"repeat","background-position":"center center","background-size":"auto","background-attachment":"scroll","background-type":"","background-media":"","overlay-type":"","overlay-color":"","overlay-opacity":"","overlay-gradient":""}},"iawp_total_views":0},"product_brand":[],"product_cat":[169],"product_tag":[],"class_list":{"0":"post-72825","1":"product","2":"type-product","3":"status-publish","4":"has-post-thumbnail","6":"product_cat-thermoisolierung-auf-mass-fuer-innen-und-aussen","7":"product_shipping_class-groesse-m","8":"desktop-align-left","9":"tablet-align-left","10":"mobile-align-left","11":"ast-product-gallery-layout-horizontal-slider","12":"ast-product-tabs-layout-horizontal","14":"first","15":"instock","16":"sale","17":"taxable","18":"shipping-taxable","19":"purchasable","20":"product-type-simple"},"_links":{"self":[{"href":"https:\/\/campzilla-shop.com\/de\/wp-json\/wp\/v2\/product\/72825","targetHints":{"allow":["GET"]}}],"collection":[{"href":"https:\/\/campzilla-shop.com\/de\/wp-json\/wp\/v2\/product"}],"about":[{"href":"https:\/\/campzilla-shop.com\/de\/wp-json\/wp\/v2\/types\/product"}],"wp:featuredmedia":[{"embeddable":true,"href":"https:\/\/campzilla-shop.com\/de\/wp-json\/wp\/v2\/media\/72823"}],"wp:attachment":[{"href":"https:\/\/campzilla-shop.com\/de\/wp-json\/wp\/v2\/media?parent=72825"}],"wp:term":[{"taxonomy":"product_brand","embeddable":true,"href":"https:\/\/campzilla-shop.com\/de\/wp-json\/wp\/v2\/product_brand?post=72825"},{"taxonomy":"product_cat","embeddable":true,"href":"https:\/\/campzilla-shop.com\/de\/wp-json\/wp\/v2\/product_cat?post=72825"},{"taxonomy":"product_tag","embeddable":true,"href":"https:\/\/campzilla-shop.com\/de\/wp-json\/wp\/v2\/product_tag?post=72825"}],"curies":[{"name":"wp","href":"https:\/\/api.w.org\/{rel}","templated":true}]}}