{"id":72246,"date":"2026-03-23T15:57:43","date_gmt":"2026-03-23T15:57:43","guid":{"rendered":"https:\/\/campzilla-shop.com\/shop\/piastra-di-montaggio-per-canalina\/"},"modified":"2026-03-23T16:33:25","modified_gmt":"2026-03-23T16:33:25","slug":"winkellochplatte-kederstein-vw-t6-t7","status":"publish","type":"product","link":"https:\/\/campzilla-shop.com\/de\/shop\/winkellochplatte-kederstein-vw-t6-t7\/","title":{"rendered":"Winkellochplatte Kederstein f\u00fcr originale Kederschiene \u2013 VW T5, T6, T6.1, T7 California Beach"},"content":{"rendered":"<h2 data-start=\"83\" data-end=\"184\">Eine intelligente und funktionale L\u00f6sung, um den Au\u00dfenbereich deines VW California optimal zu nutzen.<\/h2>\n<p data-start=\"186\" data-end=\"459\">Die Winkellochplatte (Montageplatte) mit Keder-Einsatz (Kederstein) wurde speziell entwickelt, um die Nutzungsm\u00f6glichkeiten deines Campers zu erweitern. Sie wird direkt in die originale Kederschiene des Fahrzeuges eingesetzt und erm\u00f6glicht eine schnelle, stabile und werkzeuglose Befestigung.<\/p>\n<p data-start=\"461\" data-end=\"740\">Ideal geeignet, um verschiedenstes Camping- und Outdoor-Zubeh\u00f6r sicher zu befestigen \u2013 wie z. B. Planen, Sonnensegel, Markisen-Zubeh\u00f6r, Solarpanele oder weitere modulare Aufbauten. Damit bietet die Platte maximale Flexibilit\u00e4t f\u00fcr Reisen, Camping und Vanlife.<\/p>\n<h3 data-section-id=\"o1znag\" data-start=\"747\" data-end=\"783\">Einfache Montage ohne Werkzeug<\/h3>\n<p data-start=\"784\" data-end=\"967\">Die Winkellochplatte wird einfach in die Kederleiste des VW California eingeschoben. Es sind keine Bohrungen, Umbauten oder Werkzeuge erforderlich \u2013 schnell, sicher und unkompliziert.<\/p>\n<h3 data-section-id=\"14tikeo\" data-start=\"974\" data-end=\"1012\">Vielseitige Einsatzm\u00f6glichkeiten<\/h3>\n<p data-start=\"1013\" data-end=\"1050\">Perfekt geeignet zur Befestigung von:<\/p>\n<ul data-start=\"1052\" data-end=\"1206\">\n<li data-section-id=\"bcn4b6\" data-start=\"1052\" data-end=\"1078\">Planen und Abdeckungen<\/li>\n<li data-section-id=\"1h4e7ch\" data-start=\"1079\" data-end=\"1109\">Sonnensegeln und Vorzelten<\/li>\n<li data-section-id=\"1aiik4u\" data-start=\"1110\" data-end=\"1125\">Solarpanels<\/li>\n<li data-section-id=\"1foh2r8\" data-start=\"1126\" data-end=\"1158\">Camping- und Outdoor-Zubeh\u00f6r<\/li>\n<li data-section-id=\"129lgaa\" data-start=\"1159\" data-end=\"1206\">modularen Erweiterungen wie der utilityBOXX<\/li>\n<\/ul>\n<h3 data-section-id=\"ltyl9\" data-start=\"1213\" data-end=\"1233\">Kompatibilit\u00e4t<\/h3>\n<p data-start=\"1234\" data-end=\"1263\">Passend f\u00fcr folgende Modelle:<\/p>\n<ul data-start=\"1265\" data-end=\"1641\">\n<li data-section-id=\"24kthu\" data-start=\"1265\" data-end=\"1311\">VW California Beach T5 (2- und 3-Sitzbank)<\/li>\n<li data-section-id=\"1h5k29p\" data-start=\"1312\" data-end=\"1359\">VW California Coast \/ Ocean T5 (2-Sitzbank)<\/li>\n<li data-section-id=\"bxqn4z\" data-start=\"1360\" data-end=\"1413\">VW California Beach T6 \/ T6.1 (2- und 3-Sitzbank)<\/li>\n<li data-section-id=\"vyu88c\" data-start=\"1414\" data-end=\"1468\">VW California Coast \/ Ocean T6 \/ T6.1 (2-Sitzbank)<\/li>\n<li data-section-id=\"9v19o2\" data-start=\"1469\" data-end=\"1522\">VW California Beach Tour T6.1 (2- und 3-Sitzbank)<\/li>\n<li data-section-id=\"1csnubv\" data-start=\"1523\" data-end=\"1583\">VW California Beach Camper T6 \/ T6.1 (2- und 3-Sitzbank)<\/li>\n<li data-section-id=\"wkw1ec\" data-start=\"1584\" data-end=\"1641\">VW California Beach New T7 (mit Kederschienen-System)<\/li>\n<\/ul>\n<h3 data-section-id=\"jbybrw\" data-start=\"1648\" data-end=\"1678\">Vorteile auf einen Blick<\/h3>\n<ul data-start=\"1679\" data-end=\"1897\">\n<li data-section-id=\"1yma2jz\" data-start=\"1679\" data-end=\"1713\">Schnelle Montage ohne Werkzeug<\/li>\n<li data-section-id=\"szd3qj\" data-start=\"1714\" data-end=\"1757\">Hohe Kompatibilit\u00e4t mit Camping-Zubeh\u00f6r<\/li>\n<li data-section-id=\"1bmmveu\" data-start=\"1758\" data-end=\"1797\">Robuste und langlebige Konstruktion<\/li>\n<li data-section-id=\"9l2g4w\" data-start=\"1798\" data-end=\"1839\">Ideal f\u00fcr Camping, Reisen und Vanlife<\/li>\n<li data-section-id=\"g96y9k\" data-start=\"1840\" data-end=\"1897\">Perfekte Integration in die originale VW Kederschiene<\/li>\n<\/ul>\n","protected":false},"excerpt":{"rendered":"<p>Ideal geeignet, um verschiedenstes Camping- und Outdoor-Zubeh\u00f6r sicher zu befestigen \u2013 wie z. B. Planen, Sonnensegel, Markisen-Zubeh\u00f6r, Solarpanele oder weitere modulare Aufbauten.<\/p>\n","protected":false},"featured_media":72240,"template":"","meta":{"site-sidebar-layout":"default","site-content-layout":"","ast-site-content-layout":"default","site-content-style":"default","site-sidebar-style":"default","ast-global-header-display":"","ast-banner-title-visibility":"","ast-main-header-display":"","ast-hfb-above-header-display":"","ast-hfb-below-header-display":"","ast-hfb-mobile-header-display":"","site-post-title":"","ast-breadcrumbs-content":"","ast-featured-img":"","footer-sml-layout":"","ast-disable-related-posts":"","theme-transparent-header-meta":"default","adv-header-id-meta":"","stick-header-meta":"","header-above-stick-meta":"","header-main-stick-meta":"","header-below-stick-meta":"","astra-migrate-meta-layouts":"set","ast-page-background-enabled":"default","ast-page-background-meta":{"desktop":{"background-color":"","background-image":"","background-repeat":"repeat","background-position":"center center","background-size":"auto","background-attachment":"scroll","background-type":"","background-media":"","overlay-type":"","overlay-color":"","overlay-opacity":"","overlay-gradient":""},"tablet":{"background-color":"","background-image":"","background-repeat":"repeat","background-position":"center center","background-size":"auto","background-attachment":"scroll","background-type":"","background-media":"","overlay-type":"","overlay-color":"","overlay-opacity":"","overlay-gradient":""},"mobile":{"background-color":"","background-image":"","background-repeat":"repeat","background-position":"center center","background-size":"auto","background-attachment":"scroll","background-type":"","background-media":"","overlay-type":"","overlay-color":"","overlay-opacity":"","overlay-gradient":""}},"ast-content-background-meta":{"desktop":{"background-color":"var(--ast-global-color-5)","background-image":"","background-repeat":"repeat","background-position":"center center","background-size":"auto","background-attachment":"scroll","background-type":"","background-media":"","overlay-type":"","overlay-color":"","overlay-opacity":"","overlay-gradient":""},"tablet":{"background-color":"var(--ast-global-color-5)","background-image":"","background-repeat":"repeat","background-position":"center center","background-size":"auto","background-attachment":"scroll","background-type":"","background-media":"","overlay-type":"","overlay-color":"","overlay-opacity":"","overlay-gradient":""},"mobile":{"background-color":"var(--ast-global-color-5)","background-image":"","background-repeat":"repeat","background-position":"center center","background-size":"auto","background-attachment":"scroll","background-type":"","background-media":"","overlay-type":"","overlay-color":"","overlay-opacity":"","overlay-gradient":""}},"iawp_total_views":5},"product_brand":[],"product_cat":[161,255],"product_tag":[],"class_list":{"0":"post-72246","1":"product","2":"type-product","3":"status-publish","4":"has-post-thumbnail","6":"product_cat-sonnensegel-vorzelte","7":"product_cat-technik-van-camper","8":"product_shipping_class-groesse-s","9":"desktop-align-left","10":"tablet-align-left","11":"mobile-align-left","12":"ast-product-gallery-layout-horizontal-slider","13":"ast-product-gallery-with-no-image","14":"ast-product-tabs-layout-horizontal","16":"first","17":"instock","18":"taxable","19":"shipping-taxable","20":"purchasable","21":"product-type-simple"},"_links":{"self":[{"href":"https:\/\/campzilla-shop.com\/de\/wp-json\/wp\/v2\/product\/72246","targetHints":{"allow":["GET"]}}],"collection":[{"href":"https:\/\/campzilla-shop.com\/de\/wp-json\/wp\/v2\/product"}],"about":[{"href":"https:\/\/campzilla-shop.com\/de\/wp-json\/wp\/v2\/types\/product"}],"wp:featuredmedia":[{"embeddable":true,"href":"https:\/\/campzilla-shop.com\/de\/wp-json\/wp\/v2\/media\/72240"}],"wp:attachment":[{"href":"https:\/\/campzilla-shop.com\/de\/wp-json\/wp\/v2\/media?parent=72246"}],"wp:term":[{"taxonomy":"product_brand","embeddable":true,"href":"https:\/\/campzilla-shop.com\/de\/wp-json\/wp\/v2\/product_brand?post=72246"},{"taxonomy":"product_cat","embeddable":true,"href":"https:\/\/campzilla-shop.com\/de\/wp-json\/wp\/v2\/product_cat?post=72246"},{"taxonomy":"product_tag","embeddable":true,"href":"https:\/\/campzilla-shop.com\/de\/wp-json\/wp\/v2\/product_tag?post=72246"}],"curies":[{"name":"wp","href":"https:\/\/api.w.org\/{rel}","templated":true}]}}