{"id":72234,"date":"2026-03-23T14:23:56","date_gmt":"2026-03-23T14:23:56","guid":{"rendered":"https:\/\/campzilla-shop.com\/shop\/sedia-da-campeggio-pieghevole-vwcalifornia\/"},"modified":"2026-03-23T14:30:43","modified_gmt":"2026-03-23T14:30:43","slug":"klappbarer-campingstuhl-vw-california","status":"publish","type":"product","link":"https:\/\/campzilla-shop.com\/de\/shop\/klappbarer-campingstuhl-vw-california\/","title":{"rendered":"Klappbarer Campingstuhl \u2013 VW California T5\/T6\/T6.1 \u2013 passst in die orignale Hecktasche"},"content":{"rendered":"<h2 data-start=\"65\" data-end=\"116\"><strong data-start=\"65\" data-end=\"116\">Die perfekte Erg\u00e4nzung f\u00fcr deinen VW California<\/strong><\/h2>\n<p data-start=\"118\" data-end=\"433\">Der klappbare Campingstuhl wurde f\u00fcr alle entwickelt, die unterwegs Wert auf <strong data-start=\"195\" data-end=\"244\">perfekte Passform, Komfort und Funktionalit\u00e4t<\/strong> legen. Sein gr\u00f6\u00dfter Vorteil: Dieser kompakte Stuhl passt <strong data-start=\"302\" data-end=\"368\">exakt in die originale Hecktasche des VW California T5\/T6\/T6.1<\/strong> und l\u00e4sst sich somit besonders platzsparend im Camper verstauen.<\/p>\n<p data-start=\"435\" data-end=\"635\">Dank der <strong data-start=\"444\" data-end=\"467\">h\u00f6heren R\u00fcckenlehne<\/strong> bietet der Stuhl deutlich mehr Sitzkomfort als herk\u00f6mmliche Campingst\u00fchle. Egal ob beim Camping, am See oder auf Reisen \u2013 du sitzt jederzeit ergonomisch und entspannt.<\/p>\n<p data-start=\"637\" data-end=\"915\">Gefertigt aus einem stabilen <strong data-start=\"666\" data-end=\"685\">Aluminiumrahmen<\/strong> und strapazierf\u00e4higem <strong data-start=\"708\" data-end=\"728\">600D Nylongewebe<\/strong>, \u00fcberzeugt der Stuhl durch Langlebigkeit und Stabilit\u00e4t. Trotz seines geringen Gewichts von nur <strong data-start=\"825\" data-end=\"835\">3,2 kg<\/strong> sorgen <strong data-start=\"843\" data-end=\"878\">zwei integrierte Verriegelungen<\/strong> f\u00fcr einen sicheren und festen Stand.<\/p>\n<h3 data-section-id=\"lh78i9\" data-start=\"917\" data-end=\"940\">Highlights<\/h3>\n<ul data-start=\"941\" data-end=\"1313\">\n<li data-section-id=\"sco8kq\" data-start=\"941\" data-end=\"1006\"><strong data-start=\"943\" data-end=\"1004\">Passend f\u00fcr originale Hecktasche VW California T5\/T6\/T6.1<\/strong><\/li>\n<li data-section-id=\"1nxrrjv\" data-start=\"1007\" data-end=\"1074\">Kompakter Klappstuhl mit <strong data-start=\"1034\" data-end=\"1072\">hoher R\u00fcckenlehne f\u00fcr mehr Komfort<\/strong><\/li>\n<li data-section-id=\"1udazlj\" data-start=\"1075\" data-end=\"1120\"><strong data-start=\"1077\" data-end=\"1105\">Leichter Aluminiumrahmen<\/strong> (nur 3,2 kg)<\/li>\n<li data-section-id=\"1n3c1yc\" data-start=\"1121\" data-end=\"1170\">Robustes und langlebiges <strong data-start=\"1148\" data-end=\"1168\">600D Nylongewebe<\/strong><\/li>\n<li data-section-id=\"180j5o6\" data-start=\"1171\" data-end=\"1221\">Zwei Verriegelungen f\u00fcr zus\u00e4tzliche Stabilit\u00e4t<\/li>\n<li data-section-id=\"sjisyz\" data-start=\"1222\" data-end=\"1271\">Schnell und einfach auf- und zusammenklappbar<\/li>\n<li data-section-id=\"1cfspkg\" data-start=\"1272\" data-end=\"1313\">Ideal f\u00fcr Camping, Vanlife und Reisen<\/li>\n<\/ul>\n<h3 data-section-id=\"14v4ujq\" data-start=\"1315\" data-end=\"1336\">Technische Daten<\/h3>\n<ul data-start=\"1337\" data-end=\"1608\">\n<li data-section-id=\"1q9cbw1\" data-start=\"1337\" data-end=\"1359\"><strong data-start=\"1339\" data-end=\"1349\">Farbe:<\/strong> Graphit<\/li>\n<li data-section-id=\"by3br1\" data-start=\"1360\" data-end=\"1400\"><strong data-start=\"1362\" data-end=\"1375\">Material:<\/strong> Aluminium \/ 600D Nylon<\/li>\n<li data-section-id=\"13kchjd\" data-start=\"1401\" data-end=\"1442\"><strong data-start=\"1403\" data-end=\"1424\">Ma\u00dfe (L x B x H):<\/strong> 63 x 55 x 89 cm<\/li>\n<li data-section-id=\"1smllsv\" data-start=\"1443\" data-end=\"1466\"><strong data-start=\"1445\" data-end=\"1458\">Sitzh\u00f6he:<\/strong> 40 cm<\/li>\n<li data-section-id=\"1wd0vtx\" data-start=\"1467\" data-end=\"1492\"><strong data-start=\"1469\" data-end=\"1484\">Sitzbreite:<\/strong> 44 cm<\/li>\n<li data-section-id=\"xcy1o4\" data-start=\"1493\" data-end=\"1517\"><strong data-start=\"1495\" data-end=\"1509\">Sitztiefe:<\/strong> 43 cm<\/li>\n<li data-section-id=\"10f39xi\" data-start=\"1518\" data-end=\"1549\"><strong data-start=\"1520\" data-end=\"1541\">R\u00fcckenlehnenh\u00f6he:<\/strong> 55 cm<\/li>\n<li data-section-id=\"up2are\" data-start=\"1550\" data-end=\"1584\"><strong data-start=\"1552\" data-end=\"1575\">Max. Belastbarkeit:<\/strong> 100 kg<\/li>\n<li data-section-id=\"1sz51dc\" data-start=\"1585\" data-end=\"1608\"><strong data-start=\"1587\" data-end=\"1599\">Gewicht:<\/strong> 3,2 kg<\/li>\n<\/ul>\n","protected":false},"excerpt":{"rendered":"<p>Der klappbare Campingstuhl ist die perfekte Erg\u00e4nzung f\u00fcr deinen VW California. <strong data-start=\"80\" data-end=\"133\">Passgenau f\u00fcr die originale Hecktasche entwickelt<\/strong>, vereint er durchdachtes Design, hohe Stabilit\u00e4t und erstklassigen Sitzkomfort \u2013 ein unverzichtbares Zubeh\u00f6r f\u00fcr jeden VW California.<\/p>\n","protected":false},"featured_media":72228,"template":"","meta":{"site-sidebar-layout":"default","site-content-layout":"","ast-site-content-layout":"default","site-content-style":"default","site-sidebar-style":"default","ast-global-header-display":"","ast-banner-title-visibility":"","ast-main-header-display":"","ast-hfb-above-header-display":"","ast-hfb-below-header-display":"","ast-hfb-mobile-header-display":"","site-post-title":"","ast-breadcrumbs-content":"","ast-featured-img":"","footer-sml-layout":"","ast-disable-related-posts":"","theme-transparent-header-meta":"default","adv-header-id-meta":"","stick-header-meta":"","header-above-stick-meta":"","header-main-stick-meta":"","header-below-stick-meta":"","astra-migrate-meta-layouts":"set","ast-page-background-enabled":"default","ast-page-background-meta":{"desktop":{"background-color":"","background-image":"","background-repeat":"repeat","background-position":"center center","background-size":"auto","background-attachment":"scroll","background-type":"","background-media":"","overlay-type":"","overlay-color":"","overlay-opacity":"","overlay-gradient":""},"tablet":{"background-color":"","background-image":"","background-repeat":"repeat","background-position":"center center","background-size":"auto","background-attachment":"scroll","background-type":"","background-media":"","overlay-type":"","overlay-color":"","overlay-opacity":"","overlay-gradient":""},"mobile":{"background-color":"","background-image":"","background-repeat":"repeat","background-position":"center center","background-size":"auto","background-attachment":"scroll","background-type":"","background-media":"","overlay-type":"","overlay-color":"","overlay-opacity":"","overlay-gradient":""}},"ast-content-background-meta":{"desktop":{"background-color":"var(--ast-global-color-5)","background-image":"","background-repeat":"repeat","background-position":"center center","background-size":"auto","background-attachment":"scroll","background-type":"","background-media":"","overlay-type":"","overlay-color":"","overlay-opacity":"","overlay-gradient":""},"tablet":{"background-color":"var(--ast-global-color-5)","background-image":"","background-repeat":"repeat","background-position":"center center","background-size":"auto","background-attachment":"scroll","background-type":"","background-media":"","overlay-type":"","overlay-color":"","overlay-opacity":"","overlay-gradient":""},"mobile":{"background-color":"var(--ast-global-color-5)","background-image":"","background-repeat":"repeat","background-position":"center center","background-size":"auto","background-attachment":"scroll","background-type":"","background-media":"","overlay-type":"","overlay-color":"","overlay-opacity":"","overlay-gradient":""}},"iawp_total_views":8},"product_brand":[],"product_cat":[47],"product_tag":[],"class_list":{"0":"post-72234","1":"product","2":"type-product","3":"status-publish","4":"has-post-thumbnail","6":"product_cat-campingmoebel","7":"product_shipping_class-groesse-m","8":"desktop-align-left","9":"tablet-align-left","10":"mobile-align-left","11":"ast-product-gallery-layout-horizontal-slider","12":"ast-product-tabs-layout-horizontal","14":"first","15":"instock","16":"taxable","17":"shipping-taxable","18":"purchasable","19":"product-type-simple"},"_links":{"self":[{"href":"https:\/\/campzilla-shop.com\/de\/wp-json\/wp\/v2\/product\/72234","targetHints":{"allow":["GET"]}}],"collection":[{"href":"https:\/\/campzilla-shop.com\/de\/wp-json\/wp\/v2\/product"}],"about":[{"href":"https:\/\/campzilla-shop.com\/de\/wp-json\/wp\/v2\/types\/product"}],"wp:featuredmedia":[{"embeddable":true,"href":"https:\/\/campzilla-shop.com\/de\/wp-json\/wp\/v2\/media\/72228"}],"wp:attachment":[{"href":"https:\/\/campzilla-shop.com\/de\/wp-json\/wp\/v2\/media?parent=72234"}],"wp:term":[{"taxonomy":"product_brand","embeddable":true,"href":"https:\/\/campzilla-shop.com\/de\/wp-json\/wp\/v2\/product_brand?post=72234"},{"taxonomy":"product_cat","embeddable":true,"href":"https:\/\/campzilla-shop.com\/de\/wp-json\/wp\/v2\/product_cat?post=72234"},{"taxonomy":"product_tag","embeddable":true,"href":"https:\/\/campzilla-shop.com\/de\/wp-json\/wp\/v2\/product_tag?post=72234"}],"curies":[{"name":"wp","href":"https:\/\/api.w.org\/{rel}","templated":true}]}}