{"id":72018,"date":"2026-03-06T14:57:13","date_gmt":"2026-03-06T14:57:13","guid":{"rendered":"https:\/\/campzilla-shop.com\/shop\/barto-bancone-magnetico-portatile\/"},"modified":"2026-03-06T15:06:11","modified_gmt":"2026-03-06T15:06:11","slug":"barto-magnetischer-mini-tresen-aus-holz","status":"publish","type":"product","link":"https:\/\/campzilla-shop.com\/de\/shop\/barto-magnetischer-mini-tresen-aus-holz\/","title":{"rendered":"BARTO \u2013 Magnetischer Mini-Tresen aus Eichenholz"},"content":{"rendered":"<h2 data-start=\"0\" data-end=\"55\"><strong data-start=\"0\" data-end=\"55\">Deine Ablagefl\u00e4che \u2013 genau dort, wo du sie brauchst<\/strong><\/h2>\n<p data-start=\"57\" data-end=\"468\">Mit <strong data-start=\"61\" data-end=\"70\">BARTO<\/strong>, dem magnetischen, tragbaren Tresen aus Holz, bringst du Ordnung, Stil und Funktionalit\u00e4t genau dorthin, wo du sie brauchst. Der Mini-Tresen aus massivem Holz haftet problemlos an metallischen Oberfl\u00e4chen wie <strong data-start=\"280\" data-end=\"339\">Camper, Van, Bus, Grill, K\u00fchlschrank oder Metallschrank<\/strong>. In wenigen Sekunden entsteht eine stabile Ablage f\u00fcr <strong data-start=\"394\" data-end=\"436\">Getr\u00e4nke, Snacks, Gew\u00fcrze oder Zubeh\u00f6r<\/strong> \u2013 perfekt f\u00fcr das mobile Leben.<\/p>\n<p data-start=\"470\" data-end=\"661\"><strong data-start=\"470\" data-end=\"505\">BARTO ist sofort einsatzbereit:<\/strong> kein Aufbau, kein Werkzeug. Einfach magnetisch befestigen und den Moment genie\u00dfen \u2013 ohne Flaschen oder Gl\u00e4ser auf unsicheren Fl\u00e4chen balancieren zu m\u00fcssen.<\/p>\n<h3 data-section-id=\"zj4183\" data-start=\"668\" data-end=\"707\">ANHEFTEN. ABSTELLEN. ZUSAMMENSITZEN.<\/h3>\n<h3 data-section-id=\"9ee441\" data-start=\"709\" data-end=\"730\">Das BARTO-Prinzip<\/h3>\n<p data-start=\"732\" data-end=\"1031\">Der <strong data-start=\"736\" data-end=\"764\">magnetische Tresen BARTO<\/strong> wird einfach an einer metallischen Fl\u00e4che befestigt und schafft sofort eine praktische Ablage. Die <strong data-start=\"864\" data-end=\"905\">starke Magnetleiste auf der R\u00fcckseite<\/strong> sorgt f\u00fcr sicheren Halt, w\u00e4hrend das <strong data-start=\"943\" data-end=\"977\">massive, nat\u00fcrliche Eichenholz<\/strong> Stabilit\u00e4t, Qualit\u00e4t und einen eleganten Look bietet.<\/p>\n<p data-start=\"1033\" data-end=\"1142\">Ob am <strong data-start=\"1039\" data-end=\"1078\">Camper, Van, Grill oder K\u00fchlschrank<\/strong> \u2013 dein mobiler Tresen ist immer genau dort, wo du ihn brauchst.<\/p>\n<h3 data-section-id=\"wohfxl\" data-start=\"1149\" data-end=\"1165\">Hauptmerkmale<\/h3>\n<p data-start=\"1167\" data-end=\"1274\"><strong data-start=\"1167\" data-end=\"1196\">100 % massives Eichenholz<\/strong><br data-start=\"1196\" data-end=\"1199\" \/>Gefertigt aus hochwertigem Vollholz \u2013 robust, langlebig und handgearbeitet.<\/p>\n<p data-start=\"1276\" data-end=\"1401\"><strong data-start=\"1276\" data-end=\"1310\">Starke magnetische Befestigung<\/strong><br data-start=\"1310\" data-end=\"1313\" \/>Integrierte Magnetleiste auf der R\u00fcckseite mit einer <strong data-start=\"1366\" data-end=\"1400\">Haltekraft von bis zu ca. 3 kg<\/strong>.<\/p>\n<p data-start=\"1403\" data-end=\"1509\"><strong data-start=\"1403\" data-end=\"1420\">Kompakte Ma\u00dfe<\/strong><br data-start=\"1420\" data-end=\"1423\" \/>Ablagefl\u00e4che: <strong data-start=\"1437\" data-end=\"1458\">252 \u00d7 102 \u00d7 29 mm<\/strong> \u2013 ideal f\u00fcr Gl\u00e4ser, Flaschen, Gew\u00fcrze oder Snacks.<\/p>\n<p data-start=\"1511\" data-end=\"1625\"><strong data-start=\"1511\" data-end=\"1546\">Witterungsbest\u00e4ndige Oberfl\u00e4che<\/strong><br data-start=\"1546\" data-end=\"1549\" \/>Mit <strong data-start=\"1553\" data-end=\"1589\">zweifach naturge\u00f6lter Oberfl\u00e4che<\/strong>, widerstandsf\u00e4hig und pflegeleicht.<\/p>\n<p data-start=\"1627\" data-end=\"1715\"><strong data-start=\"1627\" data-end=\"1655\">Keine Installation n\u00f6tig<\/strong><br data-start=\"1655\" data-end=\"1658\" \/>Kein Bohren, kein Kleben \u2013 einfach magnetisch befestigen.<\/p>\n<p data-start=\"1717\" data-end=\"1790\"><strong data-start=\"1717\" data-end=\"1742\">Vielseitig einsetzbar<\/strong><br data-start=\"1742\" data-end=\"1745\" \/>Geeignet f\u00fcr <strong data-start=\"1758\" data-end=\"1789\">Indoor- und Outdoor-Nutzung<\/strong>.<\/p>\n<h3 data-section-id=\"1lzyava\" data-start=\"1797\" data-end=\"1846\">Warum BARTO der perfekte Outdoor-Begleiter ist<\/h3>\n<ul data-start=\"1848\" data-end=\"2177\" data-is-last-node=\"\" data-is-only-node=\"\">\n<li data-section-id=\"53q1er\" data-start=\"1848\" data-end=\"1926\">\n<p data-start=\"1850\" data-end=\"1926\"><strong data-start=\"1850\" data-end=\"1877\">Magnetisch und flexibel<\/strong> \u2013 haftet an Camper, Bus, Grill und K\u00fchlschrank<\/p>\n<\/li>\n<li data-section-id=\"20s3r5\" data-start=\"1927\" data-end=\"1977\">\n<p data-start=\"1929\" data-end=\"1977\"><strong data-start=\"1929\" data-end=\"1953\">Sofort einsatzbereit<\/strong> \u2013 anheften und nutzen<\/p>\n<\/li>\n<li data-section-id=\"bljn1f\" data-start=\"1978\" data-end=\"2040\">\n<p data-start=\"1980\" data-end=\"2040\"><strong data-start=\"1980\" data-end=\"2002\">Kompakt und leicht<\/strong> \u2013 ideal f\u00fcr Reisen und kleine R\u00e4ume<\/p>\n<\/li>\n<li data-section-id=\"1cljmy4\" data-start=\"2041\" data-end=\"2099\">\n<p data-start=\"2043\" data-end=\"2099\"><strong data-start=\"2043\" data-end=\"2064\">Stylisches Design<\/strong> \u2013 hochwertiges, nat\u00fcrliches Holz<\/p>\n<\/li>\n<li data-section-id=\"4x5bph\" data-start=\"2100\" data-end=\"2177\" data-is-last-node=\"\">\n<p data-start=\"2102\" data-end=\"2177\" data-is-last-node=\"\"><strong data-start=\"2102\" data-end=\"2131\">Perfektes Outdoor-Upgrade<\/strong> \u2013 mehr Komfort beim Camping, Vanlife oder BBQ<\/p>\n<\/li>\n<\/ul>\n","protected":false},"excerpt":{"rendered":"<p data-start=\"0\" data-end=\"226\">Mit <strong data-start=\"4\" data-end=\"13\">BARTO<\/strong> verwandelst du jede metallische Fl\u00e4che in eine praktische Ablage. Ob f\u00fcr einen Aperitif am Camper, eine Grillrunde mit Freunden oder zum besseren Organisieren deiner K\u00fcche \u2013 dein mobiler Tresen ist immer dabei.<\/p>\n<p data-start=\"228\" data-end=\"248\" data-is-last-node=\"\" data-is-only-node=\"\"><strong data-start=\"228\" data-end=\"248\" data-is-last-node=\"\">Made in Germany!<\/strong><\/p>\n","protected":false},"featured_media":72016,"template":"","meta":{"site-sidebar-layout":"default","site-content-layout":"","ast-site-content-layout":"default","site-content-style":"default","site-sidebar-style":"default","ast-global-header-display":"","ast-banner-title-visibility":"","ast-main-header-display":"","ast-hfb-above-header-display":"","ast-hfb-below-header-display":"","ast-hfb-mobile-header-display":"","site-post-title":"","ast-breadcrumbs-content":"","ast-featured-img":"","footer-sml-layout":"","ast-disable-related-posts":"","theme-transparent-header-meta":"default","adv-header-id-meta":"","stick-header-meta":"","header-above-stick-meta":"","header-main-stick-meta":"","header-below-stick-meta":"","astra-migrate-meta-layouts":"set","ast-page-background-enabled":"default","ast-page-background-meta":{"desktop":{"background-color":"","background-image":"","background-repeat":"repeat","background-position":"center center","background-size":"auto","background-attachment":"scroll","background-type":"","background-media":"","overlay-type":"","overlay-color":"","overlay-opacity":"","overlay-gradient":""},"tablet":{"background-color":"","background-image":"","background-repeat":"repeat","background-position":"center center","background-size":"auto","background-attachment":"scroll","background-type":"","background-media":"","overlay-type":"","overlay-color":"","overlay-opacity":"","overlay-gradient":""},"mobile":{"background-color":"","background-image":"","background-repeat":"repeat","background-position":"center center","background-size":"auto","background-attachment":"scroll","background-type":"","background-media":"","overlay-type":"","overlay-color":"","overlay-opacity":"","overlay-gradient":""}},"ast-content-background-meta":{"desktop":{"background-color":"var(--ast-global-color-5)","background-image":"","background-repeat":"repeat","background-position":"center center","background-size":"auto","background-attachment":"scroll","background-type":"","background-media":"","overlay-type":"","overlay-color":"","overlay-opacity":"","overlay-gradient":""},"tablet":{"background-color":"var(--ast-global-color-5)","background-image":"","background-repeat":"repeat","background-position":"center center","background-size":"auto","background-attachment":"scroll","background-type":"","background-media":"","overlay-type":"","overlay-color":"","overlay-opacity":"","overlay-gradient":""},"mobile":{"background-color":"var(--ast-global-color-5)","background-image":"","background-repeat":"repeat","background-position":"center center","background-size":"auto","background-attachment":"scroll","background-type":"","background-media":"","overlay-type":"","overlay-color":"","overlay-opacity":"","overlay-gradient":""}},"iawp_total_views":18},"product_brand":[],"product_cat":[47,39,53],"product_tag":[],"class_list":{"0":"post-72018","1":"product","2":"type-product","3":"status-publish","4":"has-post-thumbnail","6":"product_cat-campingmoebel","7":"product_cat-essen-trinken","8":"product_cat-must-haves-beim-campen","9":"product_shipping_class-groesse-s","10":"desktop-align-left","11":"tablet-align-left","12":"mobile-align-left","13":"ast-product-gallery-layout-horizontal-slider","14":"ast-product-tabs-layout-horizontal","16":"first","17":"instock","18":"taxable","19":"shipping-taxable","20":"purchasable","21":"product-type-simple"},"_links":{"self":[{"href":"https:\/\/campzilla-shop.com\/de\/wp-json\/wp\/v2\/product\/72018","targetHints":{"allow":["GET"]}}],"collection":[{"href":"https:\/\/campzilla-shop.com\/de\/wp-json\/wp\/v2\/product"}],"about":[{"href":"https:\/\/campzilla-shop.com\/de\/wp-json\/wp\/v2\/types\/product"}],"wp:featuredmedia":[{"embeddable":true,"href":"https:\/\/campzilla-shop.com\/de\/wp-json\/wp\/v2\/media\/72016"}],"wp:attachment":[{"href":"https:\/\/campzilla-shop.com\/de\/wp-json\/wp\/v2\/media?parent=72018"}],"wp:term":[{"taxonomy":"product_brand","embeddable":true,"href":"https:\/\/campzilla-shop.com\/de\/wp-json\/wp\/v2\/product_brand?post=72018"},{"taxonomy":"product_cat","embeddable":true,"href":"https:\/\/campzilla-shop.com\/de\/wp-json\/wp\/v2\/product_cat?post=72018"},{"taxonomy":"product_tag","embeddable":true,"href":"https:\/\/campzilla-shop.com\/de\/wp-json\/wp\/v2\/product_tag?post=72018"}],"curies":[{"name":"wp","href":"https:\/\/api.w.org\/{rel}","templated":true}]}}