{"id":71932,"date":"2026-03-04T09:34:51","date_gmt":"2026-03-04T09:34:51","guid":{"rendered":"https:\/\/campzilla-shop.com\/shop\/zanzariera-portellone-posteriore\/"},"modified":"2026-03-04T09:55:36","modified_gmt":"2026-03-04T09:55:36","slug":"moskitonetz-heckklappe-peugeot-rifter","status":"publish","type":"product","link":"https:\/\/campzilla-shop.com\/de\/shop\/moskitonetz-heckklappe-peugeot-rifter\/","title":{"rendered":"Moskitonetz, Heckklappe, Peugeot Rifter, Citro\u00ebn Berlingo, Opel Combo, Toyota Proace Verso & Fiat Dobl\u00f2 (ab Bj. 2022)"},"content":{"rendered":"<div class=\"flex flex-col text-sm pb-25\">\n<article class=\"text-token-text-primary w-full focus:outline-none [--shadow-height:45px] has-data-writing-block:pointer-events-none has-data-writing-block:-mt-(--shadow-height) has-data-writing-block:pt-(--shadow-height) [&amp;:has([data-writing-block])&gt;*]:pointer-events-auto scroll-mt-[calc(var(--header-height)+min(200px,max(70px,20svh)))]\" dir=\"auto\" tabindex=\"-1\" data-turn-id=\"request-WEB:8f72e377-a45e-4aec-91ad-474a10d6c1d4-11\" data-testid=\"conversation-turn-16\" data-scroll-anchor=\"true\" data-turn=\"assistant\">\n<div class=\"text-base my-auto mx-auto pb-10 [--thread-content-margin:--spacing(4)] @w-sm\/main:[--thread-content-margin:--spacing(6)] @w-lg\/main:[--thread-content-margin:--spacing(16)] px-(--thread-content-margin)\">\n<div class=\"[--thread-content-max-width:40rem] @w-lg\/main:[--thread-content-max-width:48rem] mx-auto max-w-(--thread-content-max-width) flex-1 group\/turn-messages focus-visible:outline-hidden relative flex w-full min-w-0 flex-col agent-turn\" tabindex=\"-1\">\n<div class=\"flex max-w-full flex-col grow\">\n<div class=\"min-h-8 text-message relative flex w-full flex-col items-end gap-2 text-start break-words whitespace-normal [.text-message+&amp;]:mt-1\" dir=\"auto\" data-message-author-role=\"assistant\" data-message-id=\"6fa0a135-62d8-4edd-bb4a-29676ca84f3d\" data-message-model-slug=\"gpt-5-mini\">\n<div class=\"flex w-full flex-col gap-1 empty:hidden first:pt-[1px]\">\n<div class=\"markdown prose dark:prose-invert w-full wrap-break-word dark markdown-new-styling\">\n<h2 data-start=\"249\" data-end=\"281\">Robust, handgefertigt, perfekt<\/h2>\n<p data-start=\"283\" data-end=\"553\">Die ideale L\u00f6sung, um deinen Van zuverl\u00e4ssig vor Insekten zu sch\u00fctzen: Dieses ma\u00dfgeschneiderte <strong data-start=\"378\" data-end=\"412\">Moskitonetz f\u00fcr die Heckklappe<\/strong> vereint durchdachte Funktionalit\u00e4t, hochwertige Handarbeit und maximale Robustheit \u2013 perfekt f\u00fcr Camping, Reisen und den t\u00e4glichen Gebrauch.<\/p>\n<h3 data-start=\"555\" data-end=\"610\">Stabile und saubere Montage \u2013 ohne Bohren oder Kleben<\/h3>\n<p data-start=\"612\" data-end=\"845\">Das Moskitonetz wird im oberen Bereich unter der originalen Heckklappendichtung befestigt. Anschlie\u00dfend wird die Dichtung wieder dar\u00fcber gelegt, wodurch eine dezente, sichere und vollst\u00e4ndig r\u00fcckstandslos entfernbare L\u00f6sung entsteht.<\/p>\n<p data-start=\"847\" data-end=\"1152\">Im unteren Bereich wird das Netz rechts und links mit praktischen Druckkn\u00f6pfen fixiert. Die passenden Gegenst\u00fccke werden ebenfalls unter die Dichtung eingeschoben. Es muss nichts gebohrt, geschraubt oder geklebt werden. Das Fahrzeug bleibt unversehrt und das Moskitonetz bleibt straff und stabil gespannt.<\/p>\n<h3 data-start=\"1154\" data-end=\"1200\">Zuverl\u00e4ssiger Schutz bei optimaler Bel\u00fcftung<\/h3>\n<p data-start=\"1202\" data-end=\"1404\">Das feinmaschige Netz h\u00e4lt M\u00fccken und Insekten zuverl\u00e4ssig drau\u00dfen und erm\u00f6glicht gleichzeitig eine angenehme Luftzirkulation im Fahrzeuginneren \u2013 ideal f\u00fcr Sommern\u00e4chte oder l\u00e4ngere Aufenthalte im Van.<\/p>\n<h3 data-start=\"1406\" data-end=\"1428\">Einfach zu entfernen<\/h3>\n<p data-start=\"1430\" data-end=\"1573\">Das Moskitonetz l\u00e4sst sich in wenigen Sekunden montieren oder demontieren \u2013 komplett ohne Werkzeug und perfekt f\u00fcr flexible Nutzung auf Reisen.<\/p>\n<h3 data-start=\"1575\" data-end=\"1601\">Zugang auf beiden Seiten<\/h3>\n<p data-start=\"1603\" data-end=\"1740\">Zwei robuste seitliche Rei\u00dfverschl\u00fcsse erm\u00f6glichen einen schnellen und komfortablen Zugang zum Heckbereich \u2013 \u00d6ffnung von unten nach oben.<\/p>\n<h3 data-start=\"1742\" data-end=\"1771\">Aufrollbar und platzsparend<\/h3>\n<p data-start=\"1773\" data-end=\"1933\">Wenn das Netz nicht ben\u00f6tigt wird, kann es einfach nach oben aufgerollt und mit zwei Schnallen fixiert werden \u2013 ordentlich verstaut und jederzeit einsatzbereit.<\/p>\n<h3 data-start=\"1935\" data-end=\"1958\">Hochwertiges Material<\/h3>\n<p data-start=\"1960\" data-end=\"2117\">Hergestellt aus strapazierf\u00e4higem Oxford-Gewebe mit hoher Dichte \u2013 rei\u00dffest, langlebig, atmungsaktiv und wetterbest\u00e4ndig. Ideal f\u00fcr den ganzj\u00e4hrigen Einsatz.<\/p>\n<h3 data-start=\"2119\" data-end=\"2148\">Handgefertigt in der T\u00fcrkei<\/h3>\n<p data-start=\"2150\" data-end=\"2360\">Jedes Moskitonetz wird in einer spezialisierten Manufaktur gefertigt, in der Qualit\u00e4t wichtiger ist als Massenproduktion. Sorgf\u00e4ltige Verarbeitung und ausgew\u00e4hlte Materialien garantieren eine lange Lebensdauer.<\/p>\n<h3 data-start=\"2362\" data-end=\"2392\">Die Vorteile auf einen Blick<\/h3>\n<ul>\n<li data-start=\"2394\" data-end=\"2684\">Montage unter der originalen Dichtung<\/li>\n<li data-start=\"2394\" data-end=\"2684\">Untere Fixierung mit Druckkn\u00f6pfen \u2013 ohne Bohren oder Kleben<\/li>\n<li data-start=\"2394\" data-end=\"2684\">Seitliche Rei\u00dfverschl\u00fcsse f\u00fcr praktischen Zugang<\/li>\n<li data-start=\"2394\" data-end=\"2684\">Aufrollbar und mit zwei Schnallen fixierbar<\/li>\n<li data-start=\"2394\" data-end=\"2684\">Robustes Oxford-Gewebe, wetterbest\u00e4ndig<\/li>\n<li data-start=\"2394\" data-end=\"2684\">Handwerkliche Produktion mit Fokus auf Qualit\u00e4t<\/li>\n<\/ul>\n<p data-start=\"2686\" data-end=\"3070\" data-is-last-node=\"\" data-is-only-node=\"\">Die Modelle <span class=\"hover:entity-accent entity-underline inline cursor-pointer align-baseline\"><span class=\"whitespace-normal\">Peugeot Rifter<\/span><\/span>, <span class=\"hover:entity-accent entity-underline inline cursor-pointer align-baseline\"><span class=\"whitespace-normal\">Citro\u00ebn Berlingo<\/span><\/span>, <span class=\"hover:entity-accent entity-underline inline cursor-pointer align-baseline\"><span class=\"whitespace-normal\">Opel Combo<\/span><\/span> und <span class=\"hover:entity-accent entity-underline inline cursor-pointer align-baseline\"><span class=\"whitespace-normal\">Toyota Proace Verso<\/span><\/span> sind ab 2018 technisch identisch (Proace Verso ab 2016), w\u00e4hrend der <span class=\"hover:entity-accent entity-underline inline cursor-pointer align-baseline\"><span class=\"whitespace-normal\">Fiat Dobl\u00f2<\/span><\/span> ab 2022 technisch mit diesen Fahrzeugen \u00fcbereinstimmt, was eine pr\u00e4zise und stabile Passform gew\u00e4hrleistet.<\/p>\n<\/div>\n<\/div>\n<\/div>\n<\/div>\n<\/div>\n<\/div>\n<\/article>\n<\/div>\n","protected":false},"excerpt":{"rendered":"<p>Robust, handgefertigt, perfekt Die ideale L\u00f6sung, um deinen Van zuverl\u00e4ssig vor Insekten zu sch\u00fctzen: Dieses ma\u00dfgeschneiderte Moskitonetz f\u00fcr die Heckklappe vereint durchdachte Funktionalit\u00e4t, hochwertige Handarbeit und maximale Robustheit \u2013 perfekt f\u00fcr Camping, Reisen und den t\u00e4glichen Gebrauch. Stabile und saubere Montage \u2013 ohne Bohren oder Kleben Das Moskitonetz wird im oberen Bereich unter der originalen [&hellip;]<\/p>\n","protected":false},"featured_media":71921,"template":"","meta":{"site-sidebar-layout":"default","site-content-layout":"","ast-site-content-layout":"default","site-content-style":"default","site-sidebar-style":"default","ast-global-header-display":"","ast-banner-title-visibility":"","ast-main-header-display":"","ast-hfb-above-header-display":"","ast-hfb-below-header-display":"","ast-hfb-mobile-header-display":"","site-post-title":"","ast-breadcrumbs-content":"","ast-featured-img":"","footer-sml-layout":"","ast-disable-related-posts":"","theme-transparent-header-meta":"default","adv-header-id-meta":"","stick-header-meta":"","header-above-stick-meta":"","header-main-stick-meta":"","header-below-stick-meta":"","astra-migrate-meta-layouts":"set","ast-page-background-enabled":"default","ast-page-background-meta":{"desktop":{"background-color":"","background-image":"","background-repeat":"repeat","background-position":"center center","background-size":"auto","background-attachment":"scroll","background-type":"","background-media":"","overlay-type":"","overlay-color":"","overlay-opacity":"","overlay-gradient":""},"tablet":{"background-color":"","background-image":"","background-repeat":"repeat","background-position":"center center","background-size":"auto","background-attachment":"scroll","background-type":"","background-media":"","overlay-type":"","overlay-color":"","overlay-opacity":"","overlay-gradient":""},"mobile":{"background-color":"","background-image":"","background-repeat":"repeat","background-position":"center center","background-size":"auto","background-attachment":"scroll","background-type":"","background-media":"","overlay-type":"","overlay-color":"","overlay-opacity":"","overlay-gradient":""}},"ast-content-background-meta":{"desktop":{"background-color":"var(--ast-global-color-5)","background-image":"","background-repeat":"repeat","background-position":"center center","background-size":"auto","background-attachment":"scroll","background-type":"","background-media":"","overlay-type":"","overlay-color":"","overlay-opacity":"","overlay-gradient":""},"tablet":{"background-color":"var(--ast-global-color-5)","background-image":"","background-repeat":"repeat","background-position":"center center","background-size":"auto","background-attachment":"scroll","background-type":"","background-media":"","overlay-type":"","overlay-color":"","overlay-opacity":"","overlay-gradient":""},"mobile":{"background-color":"var(--ast-global-color-5)","background-image":"","background-repeat":"repeat","background-position":"center center","background-size":"auto","background-attachment":"scroll","background-type":"","background-media":"","overlay-type":"","overlay-color":"","overlay-opacity":"","overlay-gradient":""}},"iawp_total_views":8},"product_brand":[],"product_cat":[386],"product_tag":[],"class_list":{"0":"post-71932","1":"product","2":"type-product","3":"status-publish","4":"has-post-thumbnail","6":"product_cat-moskitonetze-lueftungsgitter","7":"product_shipping_class-groesse-s","8":"desktop-align-left","9":"tablet-align-left","10":"mobile-align-left","11":"ast-product-gallery-layout-horizontal-slider","12":"ast-product-tabs-layout-horizontal","14":"first","15":"onbackorder","16":"sale","17":"taxable","18":"shipping-taxable","19":"purchasable","20":"product-type-simple"},"_links":{"self":[{"href":"https:\/\/campzilla-shop.com\/de\/wp-json\/wp\/v2\/product\/71932","targetHints":{"allow":["GET"]}}],"collection":[{"href":"https:\/\/campzilla-shop.com\/de\/wp-json\/wp\/v2\/product"}],"about":[{"href":"https:\/\/campzilla-shop.com\/de\/wp-json\/wp\/v2\/types\/product"}],"wp:featuredmedia":[{"embeddable":true,"href":"https:\/\/campzilla-shop.com\/de\/wp-json\/wp\/v2\/media\/71921"}],"wp:attachment":[{"href":"https:\/\/campzilla-shop.com\/de\/wp-json\/wp\/v2\/media?parent=71932"}],"wp:term":[{"taxonomy":"product_brand","embeddable":true,"href":"https:\/\/campzilla-shop.com\/de\/wp-json\/wp\/v2\/product_brand?post=71932"},{"taxonomy":"product_cat","embeddable":true,"href":"https:\/\/campzilla-shop.com\/de\/wp-json\/wp\/v2\/product_cat?post=71932"},{"taxonomy":"product_tag","embeddable":true,"href":"https:\/\/campzilla-shop.com\/de\/wp-json\/wp\/v2\/product_tag?post=71932"}],"curies":[{"name":"wp","href":"https:\/\/api.w.org\/{rel}","templated":true}]}}