{"id":71862,"date":"2026-02-27T16:27:14","date_gmt":"2026-02-27T16:27:14","guid":{"rendered":"https:\/\/campzilla-shop.com\/shop\/oscuranti-termici-per-ford-transit-custom\/"},"modified":"2026-03-02T11:23:28","modified_gmt":"2026-03-02T11:23:28","slug":"thermomatten-fuer-ford-transit-custom","status":"publish","type":"product","link":"https:\/\/campzilla-shop.com\/de\/shop\/thermomatten-fuer-ford-transit-custom\/","title":{"rendered":"Thermomatten f\u00fcr Ford Transit Custom V710, 5 teilig (ohne Fahrerkabine)"},"content":{"rendered":"<h2 data-section-id=\"nihz5u\" data-start=\"0\" data-end=\"35\">Mach deinen Van noch gem\u00fctlicher<\/h2>\n<p data-start=\"37\" data-end=\"225\">Mit unseren Thermomatten mit Saugn\u00e4pfen bleibt dein <strong data-start=\"89\" data-end=\"117\">Ford Transit Custom V710<\/strong> im Sommer angenehm k\u00fchl und im Winter wohlig warm \u2013 perfekt zum Schlafen, Campen oder Entspannen unterwegs.<\/p>\n<p data-start=\"227\" data-end=\"394\">Dieses Set besteht aus <strong data-start=\"250\" data-end=\"262\">5 Teilen<\/strong> und ist ausschlie\u00dflich f\u00fcr die Fenster im Wohnbereich vorgesehen (Frontscheibe und vordere Fahrerhausfenster sind nicht enthalten).<\/p>\n<h3 data-start=\"396\" data-end=\"419\"><strong data-start=\"396\" data-end=\"419\">Das Set beinhaltet:<\/strong><\/h3>\n<p data-start=\"421\" data-end=\"593\">\u2022 2 Thermomatten f\u00fcr die Fenster hinter Fahrer und Beifahrer<br data-start=\"481\" data-end=\"484\" \/>\u2022 2 Thermomatten f\u00fcr die Seitenfenster der 3. Reihe (rechts und links)<br data-start=\"554\" data-end=\"557\" \/>\u2022 1 Thermomatte f\u00fcr die Heckklappe<\/p>\n<p data-start=\"595\" data-end=\"725\">Jedes Element ist passgenau gefertigt und sorgt f\u00fcr eine perfekte Abdeckung, hervorragende W\u00e4rmed\u00e4mmung und maximale Privatsph\u00e4re.<\/p>\n<p data-start=\"727\" data-end=\"968\">Im Gegensatz zu Magnetsystemen werden unsere Thermomatten mit <strong data-start=\"789\" data-end=\"816\">hochwertigen Saugn\u00e4pfen<\/strong> befestigt.<br data-start=\"827\" data-end=\"830\" \/><strong>Das bedeutet:<\/strong><br data-start=\"843\" data-end=\"846\" \/>\u2022 einfache und schnelle Montage<br data-start=\"877\" data-end=\"880\" \/>\u2022 keine selbstklebenden Gegenmagnete<br data-start=\"916\" data-end=\"919\" \/>\u2022 keine Ver\u00e4nderungen an den Innenverkleidungen<\/p>\n<p data-start=\"970\" data-end=\"1111\">Die Saugn\u00e4pfe haften sicher direkt auf der Scheibe und erm\u00f6glichen es, die Matten in wenigen Sekunden zu entfernen oder neu zu positionieren.<\/p>\n<p data-start=\"1113\" data-end=\"1347\">Gefertigt aus hochwertigem, 7-lagigem Multilayer-Material in Grau\/Schwarz bieten die Thermomatten zuverl\u00e4ssigen Schutz vor Hitze, K\u00e4lte und neugierigen Blicken \u2013 ideal f\u00fcr alle, die auch unterwegs nicht auf Komfort verzichten m\u00f6chten.<\/p>\n<h3 data-section-id=\"1q6p7l2\" data-start=\"1349\" data-end=\"1362\">Vorteile:<\/h3>\n<p data-start=\"1364\" data-end=\"1615\">5-teiliges Set f\u00fcr den Wohnbereich<br data-start=\"1398\" data-end=\"1401\" \/>Befestigung mit Saugn\u00e4pfen (ohne Magnete)<br data-start=\"1442\" data-end=\"1445\" \/>7-lagiges, isolierendes Multilayer-Material<br data-start=\"1488\" data-end=\"1491\" \/>Effektiver Schutz vor Hitze und K\u00e4lte<br data-start=\"1528\" data-end=\"1531\" \/>Komplette Verdunkelung f\u00fcr mehr Privatsph\u00e4re<br data-start=\"1575\" data-end=\"1578\" \/>Schnelle Montage ohne Fahrzeugumbau<\/p>\n<p data-start=\"1617\" data-end=\"1794\" data-is-last-node=\"\" data-is-only-node=\"\">Passend f\u00fcr <strong data-start=\"1629\" data-end=\"1667\">Ford Transit Custom V710 (ab 2023)<\/strong>, kurzer oder langer Radstand (bitte ausw\u00e4hlen). Nicht geeignet f\u00fcr Modelle wie Nugget, B\u00fcrstner, Copa oder andere Ausbauten.<\/p>\n","protected":false},"excerpt":{"rendered":"<p data-section-id=\"lhqb00\" data-start=\"0\" data-end=\"24\"><strong>Dein Extra an Komfort<\/strong><\/p>\n<p data-start=\"26\" data-end=\"218\">Mit dem Thermomatten-Set f\u00fcr deinen <strong data-start=\"62\" data-end=\"90\">Ford Transit Custom V710<\/strong> bist du bestens ausgestattet. Dieses Set macht deinen Van noch gem\u00fctlicher und sch\u00fctzt dich zuverl\u00e4ssig vor \u00e4u\u00dferen Einfl\u00fcssen.<\/p>\n<p data-start=\"220\" data-end=\"389\" data-is-last-node=\"\" data-is-only-node=\"\">Dank der dicken, 7-lagigen Isolierung aus verschiedenen hochwertigen Materialien bist du sowohl vor sommerlicher Hitze als auch vor winterlicher K\u00e4lte optimal gesch\u00fctzt.<\/p>\n","protected":false},"featured_media":71548,"template":"","meta":{"site-sidebar-layout":"default","site-content-layout":"","ast-site-content-layout":"default","site-content-style":"default","site-sidebar-style":"default","ast-global-header-display":"","ast-banner-title-visibility":"","ast-main-header-display":"","ast-hfb-above-header-display":"","ast-hfb-below-header-display":"","ast-hfb-mobile-header-display":"","site-post-title":"","ast-breadcrumbs-content":"","ast-featured-img":"","footer-sml-layout":"","ast-disable-related-posts":"","theme-transparent-header-meta":"default","adv-header-id-meta":"","stick-header-meta":"","header-above-stick-meta":"","header-main-stick-meta":"","header-below-stick-meta":"","astra-migrate-meta-layouts":"set","ast-page-background-enabled":"default","ast-page-background-meta":{"desktop":{"background-color":"","background-image":"","background-repeat":"repeat","background-position":"center center","background-size":"auto","background-attachment":"scroll","background-type":"","background-media":"","overlay-type":"","overlay-color":"","overlay-opacity":"","overlay-gradient":""},"tablet":{"background-color":"","background-image":"","background-repeat":"repeat","background-position":"center center","background-size":"auto","background-attachment":"scroll","background-type":"","background-media":"","overlay-type":"","overlay-color":"","overlay-opacity":"","overlay-gradient":""},"mobile":{"background-color":"","background-image":"","background-repeat":"repeat","background-position":"center center","background-size":"auto","background-attachment":"scroll","background-type":"","background-media":"","overlay-type":"","overlay-color":"","overlay-opacity":"","overlay-gradient":""}},"ast-content-background-meta":{"desktop":{"background-color":"var(--ast-global-color-5)","background-image":"","background-repeat":"repeat","background-position":"center center","background-size":"auto","background-attachment":"scroll","background-type":"","background-media":"","overlay-type":"","overlay-color":"","overlay-opacity":"","overlay-gradient":""},"tablet":{"background-color":"var(--ast-global-color-5)","background-image":"","background-repeat":"repeat","background-position":"center center","background-size":"auto","background-attachment":"scroll","background-type":"","background-media":"","overlay-type":"","overlay-color":"","overlay-opacity":"","overlay-gradient":""},"mobile":{"background-color":"var(--ast-global-color-5)","background-image":"","background-repeat":"repeat","background-position":"center center","background-size":"auto","background-attachment":"scroll","background-type":"","background-media":"","overlay-type":"","overlay-color":"","overlay-opacity":"","overlay-gradient":""}},"iawp_total_views":4},"product_brand":[],"product_cat":[163],"product_tag":[],"class_list":{"0":"post-71862","1":"product","2":"type-product","3":"status-publish","4":"has-post-thumbnail","6":"product_cat-ford-transit-tourneo-custom","7":"desktop-align-left","8":"tablet-align-left","9":"mobile-align-left","10":"ast-product-gallery-layout-horizontal-slider","11":"ast-product-single-variable","12":"ast-product-tabs-layout-horizontal","14":"first","15":"instock","16":"taxable","17":"shipping-taxable","18":"purchasable","19":"product-type-variable"},"_links":{"self":[{"href":"https:\/\/campzilla-shop.com\/de\/wp-json\/wp\/v2\/product\/71862","targetHints":{"allow":["GET"]}}],"collection":[{"href":"https:\/\/campzilla-shop.com\/de\/wp-json\/wp\/v2\/product"}],"about":[{"href":"https:\/\/campzilla-shop.com\/de\/wp-json\/wp\/v2\/types\/product"}],"wp:featuredmedia":[{"embeddable":true,"href":"https:\/\/campzilla-shop.com\/de\/wp-json\/wp\/v2\/media\/71548"}],"wp:attachment":[{"href":"https:\/\/campzilla-shop.com\/de\/wp-json\/wp\/v2\/media?parent=71862"}],"wp:term":[{"taxonomy":"product_brand","embeddable":true,"href":"https:\/\/campzilla-shop.com\/de\/wp-json\/wp\/v2\/product_brand?post=71862"},{"taxonomy":"product_cat","embeddable":true,"href":"https:\/\/campzilla-shop.com\/de\/wp-json\/wp\/v2\/product_cat?post=71862"},{"taxonomy":"product_tag","embeddable":true,"href":"https:\/\/campzilla-shop.com\/de\/wp-json\/wp\/v2\/product_tag?post=71862"}],"curies":[{"name":"wp","href":"https:\/\/api.w.org\/{rel}","templated":true}]}}