{"id":71716,"date":"2026-02-19T10:20:25","date_gmt":"2026-02-19T10:20:25","guid":{"rendered":"https:\/\/campzilla-shop.com\/shop\/portapacchi-horntools-exroof-mitsubishi\/"},"modified":"2026-04-20T10:59:03","modified_gmt":"2026-04-20T10:59:03","slug":"dachtraeger-horntools-exroof-mitsubishi","status":"publish","type":"product","link":"https:\/\/campzilla-shop.com\/de\/shop\/dachtraeger-horntools-exroof-mitsubishi\/","title":{"rendered":"Dachtr\u00e4ger \u2013 horntools ExRoof \u2013 Mitsubishi L200 (ab 2016)"},"content":{"rendered":"<h2 data-start=\"61\" data-end=\"120\"><strong data-start=\"61\" data-end=\"118\">Ideal f\u00fcr Offroad, Camping oder den t\u00e4glichen Einsatz<\/strong><\/h2>\n<p data-start=\"122\" data-end=\"448\">Der Dachtr\u00e4ger <strong data-start=\"126\" data-end=\"158\">horntools ExRoof <\/strong>\u00a0ist der perfekte Begleiter f\u00fcr alle, die ihr Equipment sicher transportieren m\u00f6chten \u2013 ob im Alltag oder bei Abenteuern. Speziell f\u00fcr den <strong data-start=\"297\" data-end=\"332\">Mitsubishi L200 ab Baujahr 2016<\/strong> entwickelt, \u00fcberzeugt der ExRoof durch seine <strong data-start=\"378\" data-end=\"445\">robuste Bauweise, das geringe Gewicht und maximale Flexibilit\u00e4t<\/strong>.<\/p>\n<p data-start=\"450\" data-end=\"920\">Dank der <strong data-start=\"459\" data-end=\"505\">umlaufenden Profilschiene mit T\u2011Nut\u2011Profil<\/strong> lassen sich Zubeh\u00f6rteile wie <strong data-start=\"535\" data-end=\"575\">Boxen, Dachzelte oder Werkzeugtr\u00e4ger<\/strong> einfach und sicher befestigen. Die Konstruktion aus <strong data-start=\"628\" data-end=\"666\">pulverbeschichtetem Aluminium 6063<\/strong> garantiert <strong data-start=\"678\" data-end=\"710\">Langlebigkeit und Stabilit\u00e4t<\/strong>, bei einem Gewicht von nur <strong data-start=\"738\" data-end=\"747\">20 kg<\/strong>. Mit den Ma\u00dfen <strong data-start=\"763\" data-end=\"792\">1600 mm x 1250 mm x 49 mm<\/strong> bietet der Portapacchi ausreichend Platz f\u00fcr dein gesamtes Equipment \u2013 ideal f\u00fcr <strong data-start=\"874\" data-end=\"917\">Arbeit, Freizeit oder Offroad-Abenteuer<\/strong>.<\/p>\n<h3 data-start=\"922\" data-end=\"945\"><strong data-start=\"922\" data-end=\"943\">Technische Daten:<\/strong><\/h3>\n<ul data-start=\"946\" data-end=\"1048\">\n<li data-start=\"946\" data-end=\"993\">\n<p data-start=\"948\" data-end=\"993\">Material: Aluminium 6063, pulverbeschichtet<\/p>\n<\/li>\n<li data-start=\"994\" data-end=\"1012\">\n<p data-start=\"996\" data-end=\"1012\">Gewicht: 20 kg<\/p>\n<\/li>\n<li data-start=\"1013\" data-end=\"1048\">\n<p data-start=\"1015\" data-end=\"1048\">Ma\u00dfe: 1600 mm x 1250 mm x 49 mm<\/p>\n<\/li>\n<\/ul>\n<h3 data-start=\"1050\" data-end=\"1069\"><strong data-start=\"1050\" data-end=\"1067\">Lieferumfang:<\/strong><\/h3>\n<ul data-start=\"1070\" data-end=\"1157\">\n<li data-start=\"1070\" data-end=\"1095\">\n<p data-start=\"1072\" data-end=\"1095\">Basis des Portapacchi<\/p>\n<\/li>\n<li data-start=\"1096\" data-end=\"1111\">\n<p data-start=\"1098\" data-end=\"1111\">Montagef\u00fc\u00dfe<\/p>\n<\/li>\n<li data-start=\"1112\" data-end=\"1157\">\n<p data-start=\"1114\" data-end=\"1157\">Befestigungsmaterial und Montageanleitung<\/p>\n<\/li>\n<\/ul>\n<h3 data-start=\"1159\" data-end=\"1179\"><strong data-start=\"1159\" data-end=\"1177\">Tragf\u00e4higkeit:<\/strong><\/h3>\n<ul data-start=\"1180\" data-end=\"1494\">\n<li data-start=\"1180\" data-end=\"1211\">\n<p data-start=\"1182\" data-end=\"1211\">Statische Tragkraft: 300 kg<\/p>\n<\/li>\n<li data-start=\"1212\" data-end=\"1274\">\n<p data-start=\"1214\" data-end=\"1274\">Dynamische Tragkraft: 100 kg (nur auf befestigten Stra\u00dfen)<\/p>\n<\/li>\n<li data-start=\"1275\" data-end=\"1494\">\n<p data-start=\"1277\" data-end=\"1494\">Hinweis: Die dynamische Tragkraft entspricht <strong data-start=\"1322\" data-end=\"1360\">nicht der Freigabe des Herstellers<\/strong>; die maximale Belastung des Herstellers darf nicht \u00fcberschritten werden. Die Last muss <strong data-start=\"1448\" data-end=\"1484\">gleichm\u00e4\u00dfig und fl\u00e4chig verteilt<\/strong> werden.<\/p>\n<\/li>\n<\/ul>\n<p data-start=\"1496\" data-end=\"1679\">Mit dem <strong>Dachtr\u00e4ger horntools ExRoof f\u00fcr Mitsubishi L200 <\/strong>transportierst du dein Equipment <strong data-start=\"1580\" data-end=\"1616\">sicher, flexibel und zuverl\u00e4ssig<\/strong> \u2013 ideal f\u00fcr <strong data-start=\"1629\" data-end=\"1676\">Offroad, Camping oder den t\u00e4glichen Einsatz<\/strong>.<\/p>\n","protected":false},"excerpt":{"rendered":"<p>Der <strong>Dachtr\u00e4ger horntools<\/strong> <strong data-start=\"421\" data-end=\"443\">ExRoof <\/strong>f\u00fcr <strong data-start=\"448\" data-end=\"475\">Mitsubishi L200 ab 2016<\/strong> ist <strong data-start=\"480\" data-end=\"498\">robust, leicht<\/strong> und einfach zu montieren. Aus <strong data-start=\"529\" data-end=\"567\">pulverbeschichtetem Aluminium 6063<\/strong>, bietet er <strong data-start=\"579\" data-end=\"593\">viel Platz<\/strong> f\u00fcr Boxen, Dachzelte und Offroad-Zubeh\u00f6r bei nur 20 kg Gewicht.<\/p>\n","protected":false},"featured_media":71714,"template":"","meta":{"site-sidebar-layout":"default","site-content-layout":"","ast-site-content-layout":"default","site-content-style":"default","site-sidebar-style":"default","ast-global-header-display":"","ast-banner-title-visibility":"","ast-main-header-display":"","ast-hfb-above-header-display":"","ast-hfb-below-header-display":"","ast-hfb-mobile-header-display":"","site-post-title":"","ast-breadcrumbs-content":"","ast-featured-img":"","footer-sml-layout":"","ast-disable-related-posts":"","theme-transparent-header-meta":"default","adv-header-id-meta":"","stick-header-meta":"","header-above-stick-meta":"","header-main-stick-meta":"","header-below-stick-meta":"","astra-migrate-meta-layouts":"set","ast-page-background-enabled":"default","ast-page-background-meta":{"desktop":{"background-color":"","background-image":"","background-repeat":"repeat","background-position":"center center","background-size":"auto","background-attachment":"scroll","background-type":"","background-media":"","overlay-type":"","overlay-color":"","overlay-opacity":"","overlay-gradient":""},"tablet":{"background-color":"","background-image":"","background-repeat":"repeat","background-position":"center center","background-size":"auto","background-attachment":"scroll","background-type":"","background-media":"","overlay-type":"","overlay-color":"","overlay-opacity":"","overlay-gradient":""},"mobile":{"background-color":"","background-image":"","background-repeat":"repeat","background-position":"center center","background-size":"auto","background-attachment":"scroll","background-type":"","background-media":"","overlay-type":"","overlay-color":"","overlay-opacity":"","overlay-gradient":""}},"ast-content-background-meta":{"desktop":{"background-color":"var(--ast-global-color-5)","background-image":"","background-repeat":"repeat","background-position":"center center","background-size":"auto","background-attachment":"scroll","background-type":"","background-media":"","overlay-type":"","overlay-color":"","overlay-opacity":"","overlay-gradient":""},"tablet":{"background-color":"var(--ast-global-color-5)","background-image":"","background-repeat":"repeat","background-position":"center center","background-size":"auto","background-attachment":"scroll","background-type":"","background-media":"","overlay-type":"","overlay-color":"","overlay-opacity":"","overlay-gradient":""},"mobile":{"background-color":"var(--ast-global-color-5)","background-image":"","background-repeat":"repeat","background-position":"center center","background-size":"auto","background-attachment":"scroll","background-type":"","background-media":"","overlay-type":"","overlay-color":"","overlay-opacity":"","overlay-gradient":""}},"iawp_total_views":6},"product_brand":[],"product_cat":[449],"product_tag":[],"class_list":{"0":"post-71716","1":"product","2":"type-product","3":"status-publish","4":"has-post-thumbnail","6":"product_cat-dachtraeger","7":"product_shipping_class-grose-xl","8":"desktop-align-left","9":"tablet-align-left","10":"mobile-align-left","11":"ast-product-gallery-layout-horizontal-slider","12":"ast-product-tabs-layout-horizontal","14":"first","15":"instock","16":"taxable","17":"shipping-taxable","18":"purchasable","19":"product-type-simple"},"_links":{"self":[{"href":"https:\/\/campzilla-shop.com\/de\/wp-json\/wp\/v2\/product\/71716","targetHints":{"allow":["GET"]}}],"collection":[{"href":"https:\/\/campzilla-shop.com\/de\/wp-json\/wp\/v2\/product"}],"about":[{"href":"https:\/\/campzilla-shop.com\/de\/wp-json\/wp\/v2\/types\/product"}],"wp:featuredmedia":[{"embeddable":true,"href":"https:\/\/campzilla-shop.com\/de\/wp-json\/wp\/v2\/media\/71714"}],"wp:attachment":[{"href":"https:\/\/campzilla-shop.com\/de\/wp-json\/wp\/v2\/media?parent=71716"}],"wp:term":[{"taxonomy":"product_brand","embeddable":true,"href":"https:\/\/campzilla-shop.com\/de\/wp-json\/wp\/v2\/product_brand?post=71716"},{"taxonomy":"product_cat","embeddable":true,"href":"https:\/\/campzilla-shop.com\/de\/wp-json\/wp\/v2\/product_cat?post=71716"},{"taxonomy":"product_tag","embeddable":true,"href":"https:\/\/campzilla-shop.com\/de\/wp-json\/wp\/v2\/product_tag?post=71716"}],"curies":[{"name":"wp","href":"https:\/\/api.w.org\/{rel}","templated":true}]}}