{"id":71437,"date":"2026-02-11T10:30:39","date_gmt":"2026-02-11T10:30:39","guid":{"rendered":"https:\/\/campzilla-shop.com\/shop\/ganci-di-fissaggio-ad-anello-portapacchi\/"},"modified":"2026-02-11T10:39:16","modified_gmt":"2026-02-11T10:39:16","slug":"ringschrauben-horntools-dachtrager","status":"publish","type":"product","link":"https:\/\/campzilla-shop.com\/de\/shop\/ringschrauben-horntools-dachtrager\/","title":{"rendered":"Ringschrauben \u2013 Befestigung am horntools ExRoof Dachtr\u00e4ger"},"content":{"rendered":"<h2 data-start=\"0\" data-end=\"29\"><strong data-start=\"0\" data-end=\"27\">F\u00fcr sichere Befestigung<\/strong><\/h2>\n<p data-start=\"31\" data-end=\"320\">Die Ringschrauben sind speziell f\u00fcr den horntools ExRoof Dachtr\u00e4ger entwickelt und zudem mit vielen anderen Dachtr\u00e4gersystemen kompatibel. Ein unverzichtbares Zubeh\u00f6r f\u00fcr Overlanding-Enthusiasten, um die Ladung sicher auf dem Fahrzeugdach zu befestigen und den verf\u00fcgbaren Platz optimal zu nutzen.<\/p>\n<p data-start=\"322\" data-end=\"532\">Robust und zuverl\u00e4ssig erm\u00f6glichen die Schrauben das einfache Anbringen von Transportboxen, Taschen und anderem Zubeh\u00f6r. Das Gewindedesign sorgt f\u00fcr eine einfache Montage und einen sicheren Befestigungspunkt.<\/p>\n<h3 data-start=\"534\" data-end=\"553\"><strong data-start=\"534\" data-end=\"551\">Lieferumfang:<\/strong><\/h3>\n<ul data-start=\"554\" data-end=\"739\" data-is-last-node=\"\" data-is-only-node=\"\">\n<li data-start=\"554\" data-end=\"575\">\n<p data-start=\"556\" data-end=\"575\">4x M8 Nutensteine<\/p>\n<\/li>\n<li data-start=\"576\" data-end=\"621\">\n<p data-start=\"578\" data-end=\"621\">4x DIN 9021 Scheiben aus verzinktem Stahl<\/p>\n<\/li>\n<li data-start=\"622\" data-end=\"664\">\n<p data-start=\"624\" data-end=\"664\">4x DIN 9031 Scheiben aus PA6 (schwarz)<\/p>\n<\/li>\n<li data-start=\"665\" data-end=\"739\" data-is-last-node=\"\">\n<p data-start=\"667\" data-end=\"739\" data-is-last-node=\"\">4x DIN 580 Ringschrauben M8 aus verzinktem und pulverbeschichtetem Stahl<\/p>\n<\/li>\n<\/ul>\n","protected":false},"excerpt":{"rendered":"<p>Set aus 4 robusten Ringschrauben f\u00fcr ExRoof Dachtr\u00e4ger und andere Systeme. Sicheres Befestigen von Dachboxen, Zelten und Zubeh\u00f6r auf dem Fahrzeugdach.<\/p>\n","protected":false},"featured_media":71436,"template":"","meta":{"site-sidebar-layout":"default","site-content-layout":"","ast-site-content-layout":"default","site-content-style":"default","site-sidebar-style":"default","ast-global-header-display":"","ast-banner-title-visibility":"","ast-main-header-display":"","ast-hfb-above-header-display":"","ast-hfb-below-header-display":"","ast-hfb-mobile-header-display":"","site-post-title":"","ast-breadcrumbs-content":"","ast-featured-img":"","footer-sml-layout":"","ast-disable-related-posts":"","theme-transparent-header-meta":"default","adv-header-id-meta":"","stick-header-meta":"","header-above-stick-meta":"","header-main-stick-meta":"","header-below-stick-meta":"","astra-migrate-meta-layouts":"set","ast-page-background-enabled":"default","ast-page-background-meta":{"desktop":{"background-color":"","background-image":"","background-repeat":"repeat","background-position":"center center","background-size":"auto","background-attachment":"scroll","background-type":"","background-media":"","overlay-type":"","overlay-color":"","overlay-opacity":"","overlay-gradient":""},"tablet":{"background-color":"","background-image":"","background-repeat":"repeat","background-position":"center center","background-size":"auto","background-attachment":"scroll","background-type":"","background-media":"","overlay-type":"","overlay-color":"","overlay-opacity":"","overlay-gradient":""},"mobile":{"background-color":"","background-image":"","background-repeat":"repeat","background-position":"center center","background-size":"auto","background-attachment":"scroll","background-type":"","background-media":"","overlay-type":"","overlay-color":"","overlay-opacity":"","overlay-gradient":""}},"ast-content-background-meta":{"desktop":{"background-color":"var(--ast-global-color-5)","background-image":"","background-repeat":"repeat","background-position":"center center","background-size":"auto","background-attachment":"scroll","background-type":"","background-media":"","overlay-type":"","overlay-color":"","overlay-opacity":"","overlay-gradient":""},"tablet":{"background-color":"var(--ast-global-color-5)","background-image":"","background-repeat":"repeat","background-position":"center center","background-size":"auto","background-attachment":"scroll","background-type":"","background-media":"","overlay-type":"","overlay-color":"","overlay-opacity":"","overlay-gradient":""},"mobile":{"background-color":"var(--ast-global-color-5)","background-image":"","background-repeat":"repeat","background-position":"center center","background-size":"auto","background-attachment":"scroll","background-type":"","background-media":"","overlay-type":"","overlay-color":"","overlay-opacity":"","overlay-gradient":""}},"iawp_total_views":5},"product_brand":[],"product_cat":[451],"product_tag":[],"class_list":{"0":"post-71437","1":"product","2":"type-product","3":"status-publish","4":"has-post-thumbnail","6":"product_cat-zubehoer","7":"product_shipping_class-groesse-s","8":"desktop-align-left","9":"tablet-align-left","10":"mobile-align-left","11":"ast-product-gallery-layout-horizontal-slider","12":"ast-product-tabs-layout-horizontal","14":"first","15":"instock","16":"taxable","17":"shipping-taxable","18":"purchasable","19":"product-type-simple"},"_links":{"self":[{"href":"https:\/\/campzilla-shop.com\/de\/wp-json\/wp\/v2\/product\/71437","targetHints":{"allow":["GET"]}}],"collection":[{"href":"https:\/\/campzilla-shop.com\/de\/wp-json\/wp\/v2\/product"}],"about":[{"href":"https:\/\/campzilla-shop.com\/de\/wp-json\/wp\/v2\/types\/product"}],"wp:featuredmedia":[{"embeddable":true,"href":"https:\/\/campzilla-shop.com\/de\/wp-json\/wp\/v2\/media\/71436"}],"wp:attachment":[{"href":"https:\/\/campzilla-shop.com\/de\/wp-json\/wp\/v2\/media?parent=71437"}],"wp:term":[{"taxonomy":"product_brand","embeddable":true,"href":"https:\/\/campzilla-shop.com\/de\/wp-json\/wp\/v2\/product_brand?post=71437"},{"taxonomy":"product_cat","embeddable":true,"href":"https:\/\/campzilla-shop.com\/de\/wp-json\/wp\/v2\/product_cat?post=71437"},{"taxonomy":"product_tag","embeddable":true,"href":"https:\/\/campzilla-shop.com\/de\/wp-json\/wp\/v2\/product_tag?post=71437"}],"curies":[{"name":"wp","href":"https:\/\/api.w.org\/{rel}","templated":true}]}}