{"id":71410,"date":"2026-02-11T09:58:01","date_gmt":"2026-02-11T09:58:01","guid":{"rendered":"https:\/\/campzilla-shop.com\/shop\/portapacchi-horntools-exroof-peugeot\/"},"modified":"2026-04-20T10:59:02","modified_gmt":"2026-04-20T10:59:02","slug":"dachtraeger-horntools-exroof-peugeot","status":"publish","type":"product","link":"https:\/\/campzilla-shop.com\/de\/shop\/dachtraeger-horntools-exroof-peugeot\/","title":{"rendered":"Dachtr\u00e4ger \u2013 horntools ExRoof \u2013 Peugeot Expert, Citro\u00ebn Jumpy, Opel Vivaro & Toyota Proace"},"content":{"rendered":"<h2 data-start=\"100\" data-end=\"151\"><strong data-start=\"100\" data-end=\"149\">Durchdachtes Design f\u00fcr maximale Flexibilit\u00e4t<\/strong><\/h2>\n<p data-start=\"153\" data-end=\"490\">Der horntools ExRoof Dachtr\u00e4ger ist der perfekte Begleiter f\u00fcr Alltag und Outdoor-Abenteuer. Dank der umlaufenden Profilschiene mit T-Nut kannst du Zubeh\u00f6r einfach und sicher befestigen. Aus pulverbeschichtetem Aluminium gefertigt, wiegt der Dachtr\u00e4ger nur 40\u202fkg und bietet mit 2400 x 1500 x 49\u202fmm reichlich Platz auf dem Fahrzeugdach.<\/p>\n<h3 data-start=\"492\" data-end=\"512\"><strong data-start=\"492\" data-end=\"510\">Hauptmerkmale:<\/strong><\/h3>\n<ul data-start=\"513\" data-end=\"889\">\n<li data-start=\"513\" data-end=\"610\">\n<p data-start=\"515\" data-end=\"610\">Kompatibel mit Peugeot Expert L2, Citro\u00ebn Jumpy, Opel Vivaro &amp; Toyota Proace, langer Radstand<\/p>\n<\/li>\n<li data-start=\"611\" data-end=\"655\">\n<p data-start=\"613\" data-end=\"655\">Nur f\u00fcr Fahrzeuge mit Fl\u00fcgelt\u00fcren hinten<\/p>\n<\/li>\n<li data-start=\"656\" data-end=\"711\">\n<p data-start=\"658\" data-end=\"711\">Leichte und robuste Konstruktion aus Aluminium 6063<\/p>\n<\/li>\n<li data-start=\"712\" data-end=\"771\">\n<p data-start=\"714\" data-end=\"771\">Einfache Montage mit den mitgelieferten Dachtr\u00e4gerf\u00fc\u00dfen<\/p>\n<\/li>\n<li data-start=\"772\" data-end=\"834\">\n<p data-start=\"774\" data-end=\"834\">Zahlreiche Zubeh\u00f6rbefestigungen \u00fcber T-Nut Schiene m\u00f6glich<\/p>\n<\/li>\n<li data-start=\"835\" data-end=\"889\">\n<p data-start=\"837\" data-end=\"889\">Integrierter Winddeflektor reduziert Windger\u00e4usche<\/p>\n<\/li>\n<\/ul>\n<h3 data-start=\"891\" data-end=\"914\"><strong data-start=\"891\" data-end=\"912\">Technische Daten:<\/strong><\/h3>\n<ul data-start=\"915\" data-end=\"1142\">\n<li data-start=\"915\" data-end=\"954\">\n<p data-start=\"917\" data-end=\"954\">Plattformgr\u00f6\u00dfe: 2400 x 1500 x 49\u202fmm<\/p>\n<\/li>\n<li data-start=\"955\" data-end=\"973\">\n<p data-start=\"957\" data-end=\"973\">Gewicht: 40\u202fkg<\/p>\n<\/li>\n<li data-start=\"974\" data-end=\"1021\">\n<p data-start=\"976\" data-end=\"1021\">Material: Aluminium 6063, pulverbeschichtet<\/p>\n<\/li>\n<li data-start=\"1022\" data-end=\"1057\">\n<p data-start=\"1024\" data-end=\"1057\">Statische Tragf\u00e4higkeit: 300\u202fkg<\/p>\n<\/li>\n<li data-start=\"1058\" data-end=\"1142\">\n<p data-start=\"1060\" data-end=\"1142\">Dynamische Tragf\u00e4higkeit: 100\u202fkg (auf befestigten Stra\u00dfen, gleichm\u00e4\u00dfig verteilt)<\/p>\n<\/li>\n<\/ul>\n<h3 data-start=\"1144\" data-end=\"1163\"><strong data-start=\"1144\" data-end=\"1161\">Lieferumfang:<\/strong><\/h3>\n<ul data-start=\"1164\" data-end=\"1242\">\n<li data-start=\"1164\" data-end=\"1179\">\n<p data-start=\"1166\" data-end=\"1179\">Grundtr\u00e4ger<\/p>\n<\/li>\n<li data-start=\"1180\" data-end=\"1198\">\n<p data-start=\"1182\" data-end=\"1198\">Dachtr\u00e4gerf\u00fc\u00dfe<\/p>\n<\/li>\n<li data-start=\"1199\" data-end=\"1242\">\n<p data-start=\"1201\" data-end=\"1242\">Befestigungsmaterial &amp; Montageanleitung<\/p>\n<\/li>\n<\/ul>\n<h3 data-start=\"1244\" data-end=\"1259\"><strong data-start=\"1244\" data-end=\"1257\">Hinweise:<\/strong><\/h3>\n<ul data-start=\"1260\" data-end=\"1483\">\n<li data-start=\"1260\" data-end=\"1372\">\n<p data-start=\"1262\" data-end=\"1372\">Die dynamische Tragf\u00e4higkeit gilt nur f\u00fcr befestigte Stra\u00dfen und ist keine Freigabe des Fahrzeugherstellers.<\/p>\n<\/li>\n<li data-start=\"1373\" data-end=\"1436\">\n<p data-start=\"1375\" data-end=\"1436\">Maximal zul\u00e4ssige Last des Herstellers nicht \u00fcberschreiten.<\/p>\n<\/li>\n<li data-start=\"1437\" data-end=\"1483\">\n<p data-start=\"1439\" data-end=\"1483\">Die Ladung muss gleichm\u00e4\u00dfig verteilt sein.<\/p>\n<\/li>\n<\/ul>\n","protected":false},"excerpt":{"rendered":"<div class=\"flex flex-col text-sm pb-25\">\n<article class=\"text-token-text-primary w-full focus:outline-none [--shadow-height:45px] has-data-writing-block:pointer-events-none has-data-writing-block:-mt-(--shadow-height) has-data-writing-block:pt-(--shadow-height) [&amp;:has([data-writing-block])&gt;*]:pointer-events-auto scroll-mt-[calc(var(--header-height)+min(200px,max(70px,20svh)))]\" dir=\"auto\" tabindex=\"-1\" data-turn-id=\"request-698afa4b-cdc4-8333-8be2-ee2e5c6f0153-14\" data-testid=\"conversation-turn-100\" data-scroll-anchor=\"true\" data-turn=\"assistant\">\n<div class=\"text-base my-auto mx-auto pb-10 [--thread-content-margin:--spacing(4)] @w-sm\/main:[--thread-content-margin:--spacing(6)] @w-lg\/main:[--thread-content-margin:--spacing(16)] px-(--thread-content-margin)\">\n<div class=\"[--thread-content-max-width:40rem] @w-lg\/main:[--thread-content-max-width:48rem] mx-auto max-w-(--thread-content-max-width) flex-1 group\/turn-messages focus-visible:outline-hidden relative flex w-full min-w-0 flex-col agent-turn\" tabindex=\"-1\">\n<div class=\"flex max-w-full flex-col grow\">\n<div class=\"min-h-8 text-message relative flex w-full flex-col items-end gap-2 text-start break-words whitespace-normal [.text-message+&amp;]:mt-1\" dir=\"auto\" data-message-author-role=\"assistant\" data-message-id=\"403e8962-0c57-4332-a03c-9571f7d159a6\" data-message-model-slug=\"gpt-5-mini\">\n<div class=\"flex w-full flex-col gap-1 empty:hidden first:pt-[1px]\">\n<div class=\"markdown prose dark:prose-invert w-full wrap-break-word dark markdown-new-styling\"><\/div>\n<\/div>\n<\/div>\n<\/div>\n<div class=\"z-0 flex min-h-[46px] justify-start\"><span style=\"font-size: 16px;\">Horntools ExRoof Dachtr\u00e4ger f\u00fcr Peugeot Expert L2, Citro\u00ebn Jumpy, Opel Vivaro &amp; Toyota Proace (langer Radstand, zwei Fl\u00fcgelt\u00fcren hinten). Durchdachtes Design f\u00fcr maximale Flexibilit\u00e4t, leicht und robust aus Aluminium, einfache Montage an den originalen Befestigungspunkten. Ideal zum Transport von Dachzelten, Boxen und Zubeh\u00f6r.<\/span><\/div>\n<\/div>\n<\/div>\n<\/article>\n<\/div>\n","protected":false},"featured_media":71409,"template":"","meta":{"site-sidebar-layout":"default","site-content-layout":"","ast-site-content-layout":"default","site-content-style":"default","site-sidebar-style":"default","ast-global-header-display":"","ast-banner-title-visibility":"","ast-main-header-display":"","ast-hfb-above-header-display":"","ast-hfb-below-header-display":"","ast-hfb-mobile-header-display":"","site-post-title":"","ast-breadcrumbs-content":"","ast-featured-img":"","footer-sml-layout":"","ast-disable-related-posts":"","theme-transparent-header-meta":"default","adv-header-id-meta":"","stick-header-meta":"","header-above-stick-meta":"","header-main-stick-meta":"","header-below-stick-meta":"","astra-migrate-meta-layouts":"set","ast-page-background-enabled":"default","ast-page-background-meta":{"desktop":{"background-color":"","background-image":"","background-repeat":"repeat","background-position":"center center","background-size":"auto","background-attachment":"scroll","background-type":"","background-media":"","overlay-type":"","overlay-color":"","overlay-opacity":"","overlay-gradient":""},"tablet":{"background-color":"","background-image":"","background-repeat":"repeat","background-position":"center center","background-size":"auto","background-attachment":"scroll","background-type":"","background-media":"","overlay-type":"","overlay-color":"","overlay-opacity":"","overlay-gradient":""},"mobile":{"background-color":"","background-image":"","background-repeat":"repeat","background-position":"center center","background-size":"auto","background-attachment":"scroll","background-type":"","background-media":"","overlay-type":"","overlay-color":"","overlay-opacity":"","overlay-gradient":""}},"ast-content-background-meta":{"desktop":{"background-color":"var(--ast-global-color-5)","background-image":"","background-repeat":"repeat","background-position":"center center","background-size":"auto","background-attachment":"scroll","background-type":"","background-media":"","overlay-type":"","overlay-color":"","overlay-opacity":"","overlay-gradient":""},"tablet":{"background-color":"var(--ast-global-color-5)","background-image":"","background-repeat":"repeat","background-position":"center center","background-size":"auto","background-attachment":"scroll","background-type":"","background-media":"","overlay-type":"","overlay-color":"","overlay-opacity":"","overlay-gradient":""},"mobile":{"background-color":"var(--ast-global-color-5)","background-image":"","background-repeat":"repeat","background-position":"center center","background-size":"auto","background-attachment":"scroll","background-type":"","background-media":"","overlay-type":"","overlay-color":"","overlay-opacity":"","overlay-gradient":""}},"iawp_total_views":10},"product_brand":[],"product_cat":[449],"product_tag":[],"class_list":{"0":"post-71410","1":"product","2":"type-product","3":"status-publish","4":"has-post-thumbnail","6":"product_cat-dachtraeger","7":"product_shipping_class-grose-xl","8":"desktop-align-left","9":"tablet-align-left","10":"mobile-align-left","11":"ast-product-gallery-layout-horizontal-slider","12":"ast-product-tabs-layout-horizontal","14":"first","15":"instock","16":"taxable","17":"shipping-taxable","18":"purchasable","19":"product-type-simple"},"_links":{"self":[{"href":"https:\/\/campzilla-shop.com\/de\/wp-json\/wp\/v2\/product\/71410","targetHints":{"allow":["GET"]}}],"collection":[{"href":"https:\/\/campzilla-shop.com\/de\/wp-json\/wp\/v2\/product"}],"about":[{"href":"https:\/\/campzilla-shop.com\/de\/wp-json\/wp\/v2\/types\/product"}],"wp:featuredmedia":[{"embeddable":true,"href":"https:\/\/campzilla-shop.com\/de\/wp-json\/wp\/v2\/media\/71409"}],"wp:attachment":[{"href":"https:\/\/campzilla-shop.com\/de\/wp-json\/wp\/v2\/media?parent=71410"}],"wp:term":[{"taxonomy":"product_brand","embeddable":true,"href":"https:\/\/campzilla-shop.com\/de\/wp-json\/wp\/v2\/product_brand?post=71410"},{"taxonomy":"product_cat","embeddable":true,"href":"https:\/\/campzilla-shop.com\/de\/wp-json\/wp\/v2\/product_cat?post=71410"},{"taxonomy":"product_tag","embeddable":true,"href":"https:\/\/campzilla-shop.com\/de\/wp-json\/wp\/v2\/product_tag?post=71410"}],"curies":[{"name":"wp","href":"https:\/\/api.w.org\/{rel}","templated":true}]}}