{"id":71372,"date":"2026-02-10T16:22:15","date_gmt":"2026-02-10T16:22:15","guid":{"rendered":"https:\/\/campzilla-shop.com\/shop\/portapacchi-horntools-exroof-dacia-duster\/"},"modified":"2026-04-20T10:59:02","modified_gmt":"2026-04-20T10:59:02","slug":"dachtraeger-horntools-exroof-dacia","status":"publish","type":"product","link":"https:\/\/campzilla-shop.com\/de\/shop\/dachtraeger-horntools-exroof-dacia\/","title":{"rendered":"Dachtr\u00e4ger- horntools ExRoof \u2013 Dacia Duster (2018-2024)"},"content":{"rendered":"<h2 data-start=\"326\" data-end=\"426\"><strong data-start=\"329\" data-end=\"426\">Montage ohne Bohren<\/strong><\/h2>\n<p data-start=\"141\" data-end=\"483\">Der Dachtr\u00e4ger horntools ExRoof f\u00fcr den Dacia Duster 2 (2018\u20132024) ist leicht, robust und vielseitig einsetzbar. Hergestellt aus hochwertigem, pulverbeschichtetem Aluminium, montiert er sich problemlos auf der Dachreling \u2013 ganz ohne Bohren. Dank des speziellen Winddeflektors bleibt der Luftstrom ruhig, sodass kaum Windger\u00e4usche entstehen.<\/p>\n<p data-start=\"485\" data-end=\"770\">Mit den Ma\u00dfen von 1400 x 1280 mm bietet der Dachtr\u00e4ger ausreichend Platz f\u00fcr Dachzelte, Transportboxen, Werkzeug oder weiteres Zubeh\u00f6r. Die umlaufende Profilschiene erm\u00f6glicht die flexible Befestigung von Zubeh\u00f6r wie Ringschrauben, Dachzeltschnellverschluss oder Markisenhalterungen.<\/p>\n<h3 data-start=\"772\" data-end=\"789\"><strong data-start=\"772\" data-end=\"787\">Highlights:<\/strong><\/h3>\n<ul data-start=\"790\" data-end=\"1108\">\n<li data-start=\"790\" data-end=\"855\">\n<p data-start=\"792\" data-end=\"855\">Kompatibel mit allen Facelifts des Dacia Duster 2 (2018\u20132024)<\/p>\n<\/li>\n<li data-start=\"856\" data-end=\"908\">\n<p data-start=\"858\" data-end=\"908\">Pulverbeschichtetes Aluminium, leicht und stabil<\/p>\n<\/li>\n<li data-start=\"909\" data-end=\"954\">\n<p data-start=\"911\" data-end=\"954\">Montage auf Dachreling, kein Bohren n\u00f6tig<\/p>\n<\/li>\n<li data-start=\"955\" data-end=\"1016\">\n<p data-start=\"957\" data-end=\"1016\">Spezieller Winddeflektor f\u00fcr minimale Ger\u00e4uschentwicklung<\/p>\n<\/li>\n<li data-start=\"1017\" data-end=\"1060\">\n<p data-start=\"1019\" data-end=\"1060\">Leichtbau durch einzelne Dachtr\u00e4gerf\u00fc\u00dfe<\/p>\n<\/li>\n<li data-start=\"1061\" data-end=\"1108\">\n<p data-start=\"1063\" data-end=\"1108\">Flexibles Befestigungssystem f\u00fcr Anbauteile<\/p>\n<\/li>\n<\/ul>\n<h3 data-start=\"1110\" data-end=\"1133\"><strong data-start=\"1110\" data-end=\"1131\">Technische Daten:<\/strong><\/h3>\n<ul data-start=\"1134\" data-end=\"1290\">\n<li data-start=\"1134\" data-end=\"1163\">\n<p data-start=\"1136\" data-end=\"1163\">Ma\u00dfe: 1400 x 1280 x 49 mm<\/p>\n<\/li>\n<li data-start=\"1164\" data-end=\"1201\">\n<p data-start=\"1166\" data-end=\"1201\">Gewicht: 22 kg (Plattform + F\u00fc\u00dfe)<\/p>\n<\/li>\n<li data-start=\"1202\" data-end=\"1244\">\n<p data-start=\"1204\" data-end=\"1244\">Oberfl\u00e4che: RAL 9005 pulverbeschichtet<\/p>\n<\/li>\n<li data-start=\"1245\" data-end=\"1290\">\n<p data-start=\"1247\" data-end=\"1290\">Zus\u00e4tzliche H\u00f6he: 17 cm \u00fcber Fahrzeugdach<\/p>\n<\/li>\n<\/ul>\n<h3 data-start=\"1292\" data-end=\"1311\"><strong data-start=\"1292\" data-end=\"1309\">Lieferumfang:<\/strong><\/h3>\n<ul data-start=\"1312\" data-end=\"1372\">\n<li data-start=\"1312\" data-end=\"1330\">\n<p data-start=\"1314\" data-end=\"1330\">Dachtr\u00e4gerf\u00fc\u00dfe<\/p>\n<\/li>\n<li data-start=\"1331\" data-end=\"1354\">\n<p data-start=\"1333\" data-end=\"1354\">Dachtr\u00e4gerplattform<\/p>\n<\/li>\n<li data-start=\"1355\" data-end=\"1372\">\n<p data-start=\"1357\" data-end=\"1372\">Winddeflektor<\/p>\n<\/li>\n<\/ul>\n","protected":false},"excerpt":{"rendered":"<p>Leichter, robuster Dachtr\u00e4ger f\u00fcr Dacia Duster (2018\u20132024). Montage ohne Bohren, mit Winddeflektor. Ideal f\u00fcr Dachzelt, Boxen &amp; Zubeh\u00f6r.<\/p>\n","protected":false},"featured_media":71368,"template":"","meta":{"site-sidebar-layout":"default","site-content-layout":"","ast-site-content-layout":"default","site-content-style":"default","site-sidebar-style":"default","ast-global-header-display":"","ast-banner-title-visibility":"","ast-main-header-display":"","ast-hfb-above-header-display":"","ast-hfb-below-header-display":"","ast-hfb-mobile-header-display":"","site-post-title":"","ast-breadcrumbs-content":"","ast-featured-img":"","footer-sml-layout":"","ast-disable-related-posts":"","theme-transparent-header-meta":"default","adv-header-id-meta":"","stick-header-meta":"","header-above-stick-meta":"","header-main-stick-meta":"","header-below-stick-meta":"","astra-migrate-meta-layouts":"set","ast-page-background-enabled":"default","ast-page-background-meta":{"desktop":{"background-color":"","background-image":"","background-repeat":"repeat","background-position":"center center","background-size":"auto","background-attachment":"scroll","background-type":"","background-media":"","overlay-type":"","overlay-color":"","overlay-opacity":"","overlay-gradient":""},"tablet":{"background-color":"","background-image":"","background-repeat":"repeat","background-position":"center center","background-size":"auto","background-attachment":"scroll","background-type":"","background-media":"","overlay-type":"","overlay-color":"","overlay-opacity":"","overlay-gradient":""},"mobile":{"background-color":"","background-image":"","background-repeat":"repeat","background-position":"center center","background-size":"auto","background-attachment":"scroll","background-type":"","background-media":"","overlay-type":"","overlay-color":"","overlay-opacity":"","overlay-gradient":""}},"ast-content-background-meta":{"desktop":{"background-color":"var(--ast-global-color-5)","background-image":"","background-repeat":"repeat","background-position":"center center","background-size":"auto","background-attachment":"scroll","background-type":"","background-media":"","overlay-type":"","overlay-color":"","overlay-opacity":"","overlay-gradient":""},"tablet":{"background-color":"var(--ast-global-color-5)","background-image":"","background-repeat":"repeat","background-position":"center center","background-size":"auto","background-attachment":"scroll","background-type":"","background-media":"","overlay-type":"","overlay-color":"","overlay-opacity":"","overlay-gradient":""},"mobile":{"background-color":"var(--ast-global-color-5)","background-image":"","background-repeat":"repeat","background-position":"center center","background-size":"auto","background-attachment":"scroll","background-type":"","background-media":"","overlay-type":"","overlay-color":"","overlay-opacity":"","overlay-gradient":""}},"iawp_total_views":15},"product_brand":[],"product_cat":[449],"product_tag":[],"class_list":{"0":"post-71372","1":"product","2":"type-product","3":"status-publish","4":"has-post-thumbnail","6":"product_cat-dachtraeger","7":"product_shipping_class-grose-xl","8":"desktop-align-left","9":"tablet-align-left","10":"mobile-align-left","11":"ast-product-gallery-layout-horizontal-slider","12":"ast-product-tabs-layout-horizontal","14":"first","15":"instock","16":"taxable","17":"shipping-taxable","18":"purchasable","19":"product-type-simple"},"_links":{"self":[{"href":"https:\/\/campzilla-shop.com\/de\/wp-json\/wp\/v2\/product\/71372","targetHints":{"allow":["GET"]}}],"collection":[{"href":"https:\/\/campzilla-shop.com\/de\/wp-json\/wp\/v2\/product"}],"about":[{"href":"https:\/\/campzilla-shop.com\/de\/wp-json\/wp\/v2\/types\/product"}],"wp:featuredmedia":[{"embeddable":true,"href":"https:\/\/campzilla-shop.com\/de\/wp-json\/wp\/v2\/media\/71368"}],"wp:attachment":[{"href":"https:\/\/campzilla-shop.com\/de\/wp-json\/wp\/v2\/media?parent=71372"}],"wp:term":[{"taxonomy":"product_brand","embeddable":true,"href":"https:\/\/campzilla-shop.com\/de\/wp-json\/wp\/v2\/product_brand?post=71372"},{"taxonomy":"product_cat","embeddable":true,"href":"https:\/\/campzilla-shop.com\/de\/wp-json\/wp\/v2\/product_cat?post=71372"},{"taxonomy":"product_tag","embeddable":true,"href":"https:\/\/campzilla-shop.com\/de\/wp-json\/wp\/v2\/product_tag?post=71372"}],"curies":[{"name":"wp","href":"https:\/\/api.w.org\/{rel}","templated":true}]}}