{"id":70634,"date":"2026-02-03T08:59:17","date_gmt":"2026-02-03T08:59:17","guid":{"rendered":"https:\/\/campzilla-shop.com\/shop\/lenzuolo-ixtend-per-materasso-originale\/"},"modified":"2026-02-03T09:10:14","modified_gmt":"2026-02-03T09:10:14","slug":"ixtend-spannbettlaken-original-matratze","status":"publish","type":"product","link":"https:\/\/campzilla-shop.com\/de\/shop\/ixtend-spannbettlaken-original-matratze\/","title":{"rendered":"iXTEND\u00ae Spannbettlaken f\u00fcr originale Matratze im Aufstelldach \u2013 VW T6.1 California"},"content":{"rendered":"<h3 data-start=\"119\" data-end=\"200\">Perfekte Passform f\u00fcr die Original-Matratze<\/h3>\n<p data-start=\"202\" data-end=\"437\">Das <strong data-start=\"206\" data-end=\"248\">iXTEND\u00ae Spannbettlaken mit Rundumgummi<\/strong> ist speziell f\u00fcr die <strong data-start=\"270\" data-end=\"331\">originale Matratze im Aufstelldach des VW T6.1 California<\/strong> entwickelt. Es passt sich <strong data-start=\"358\" data-end=\"387\">perfekt der Matratzenform<\/strong> an und h\u00e4lt das Bett ordentlich und faltenfrei.<\/p>\n<p data-start=\"439\" data-end=\"721\">Der <strong data-start=\"443\" data-end=\"469\">umlaufende Rundumgummi<\/strong> sorgt f\u00fcr optimale Spannung, w\u00e4hrend die <strong data-start=\"511\" data-end=\"545\">Aussparung f\u00fcr die Leseleuchte<\/strong> serienm\u00e4\u00dfig vorhanden ist \u2013 so bleibt der volle Komfort erhalten. Das einteilige Spannbettlaken l\u00e4sst sich einfach aufziehen und passt sich m\u00fchelos der Matratzenoberfl\u00e4che an.<\/p>\n<h3>Material &amp; Eigenschaften<\/h3>\n<ul>\n<li>Single-Jersey-Qualit\u00e4t<\/li>\n<li>50 % Polyester \/ 50 % Naturbaumwolle (nicht gebleicht, natur gewaschen)<\/li>\n<li>Stoffgewicht ca. 200 g\/m\u00b2<\/li>\n<li>Weich, atmungsaktiv und formstabil<\/li>\n<li>Waschbar bis 40 \u00b0C<\/li>\n<li>Trocknergeeignet (Pflegeleicht-Programm)<\/li>\n<li>Besonders f\u00fcr Sommern\u00e4chte geeignet<\/li>\n<\/ul>\n<h3>Passend f\u00fcr<\/h3>\n<ul>\n<li>VW T6.1 California<\/li>\n<li>Original-Matratze im Aufstelldach<\/li>\n<\/ul>\n<h3>Qualit\u00e4t<\/h3>\n<ul>\n<li>Made in Germany<\/li>\n<li>Langlebig, hochwertig und pflegeleicht<\/li>\n<\/ul>\n","protected":false},"excerpt":{"rendered":"<p>Das <strong data-start=\"1216\" data-end=\"1307\">iXTEND\u00ae Spannbettlaken f\u00fcr die Original-Matratze im Aufstelldach des VW T6.1 California<\/strong> bietet <strong data-start=\"1315\" data-end=\"1358\">perfekte Passform, Komfort und Qualit\u00e4t<\/strong> \u2013 ideal f\u00fcr entspannte N\u00e4chte unterwegs.<\/p>\n","protected":false},"featured_media":70632,"template":"","meta":{"site-sidebar-layout":"default","site-content-layout":"","ast-site-content-layout":"default","site-content-style":"default","site-sidebar-style":"default","ast-global-header-display":"","ast-banner-title-visibility":"","ast-main-header-display":"","ast-hfb-above-header-display":"","ast-hfb-below-header-display":"","ast-hfb-mobile-header-display":"","site-post-title":"","ast-breadcrumbs-content":"","ast-featured-img":"","footer-sml-layout":"","ast-disable-related-posts":"","theme-transparent-header-meta":"default","adv-header-id-meta":"","stick-header-meta":"","header-above-stick-meta":"","header-main-stick-meta":"","header-below-stick-meta":"","astra-migrate-meta-layouts":"set","ast-page-background-enabled":"default","ast-page-background-meta":{"desktop":{"background-color":"","background-image":"","background-repeat":"repeat","background-position":"center center","background-size":"auto","background-attachment":"scroll","background-type":"","background-media":"","overlay-type":"","overlay-color":"","overlay-opacity":"","overlay-gradient":""},"tablet":{"background-color":"","background-image":"","background-repeat":"repeat","background-position":"center center","background-size":"auto","background-attachment":"scroll","background-type":"","background-media":"","overlay-type":"","overlay-color":"","overlay-opacity":"","overlay-gradient":""},"mobile":{"background-color":"","background-image":"","background-repeat":"repeat","background-position":"center center","background-size":"auto","background-attachment":"scroll","background-type":"","background-media":"","overlay-type":"","overlay-color":"","overlay-opacity":"","overlay-gradient":""}},"ast-content-background-meta":{"desktop":{"background-color":"var(--ast-global-color-5)","background-image":"","background-repeat":"repeat","background-position":"center center","background-size":"auto","background-attachment":"scroll","background-type":"","background-media":"","overlay-type":"","overlay-color":"","overlay-opacity":"","overlay-gradient":""},"tablet":{"background-color":"var(--ast-global-color-5)","background-image":"","background-repeat":"repeat","background-position":"center center","background-size":"auto","background-attachment":"scroll","background-type":"","background-media":"","overlay-type":"","overlay-color":"","overlay-opacity":"","overlay-gradient":""},"mobile":{"background-color":"var(--ast-global-color-5)","background-image":"","background-repeat":"repeat","background-position":"center center","background-size":"auto","background-attachment":"scroll","background-type":"","background-media":"","overlay-type":"","overlay-color":"","overlay-opacity":"","overlay-gradient":""}},"iawp_total_views":2},"product_brand":[],"product_cat":[255],"product_tag":[],"class_list":{"0":"post-70634","1":"product","2":"type-product","3":"status-publish","4":"has-post-thumbnail","6":"product_cat-technik-van-camper","7":"product_shipping_class-groesse-s","8":"desktop-align-left","9":"tablet-align-left","10":"mobile-align-left","11":"ast-product-gallery-layout-horizontal-slider","12":"ast-product-tabs-layout-horizontal","14":"first","15":"instock","16":"taxable","17":"shipping-taxable","18":"purchasable","19":"product-type-simple"},"_links":{"self":[{"href":"https:\/\/campzilla-shop.com\/de\/wp-json\/wp\/v2\/product\/70634","targetHints":{"allow":["GET"]}}],"collection":[{"href":"https:\/\/campzilla-shop.com\/de\/wp-json\/wp\/v2\/product"}],"about":[{"href":"https:\/\/campzilla-shop.com\/de\/wp-json\/wp\/v2\/types\/product"}],"wp:featuredmedia":[{"embeddable":true,"href":"https:\/\/campzilla-shop.com\/de\/wp-json\/wp\/v2\/media\/70632"}],"wp:attachment":[{"href":"https:\/\/campzilla-shop.com\/de\/wp-json\/wp\/v2\/media?parent=70634"}],"wp:term":[{"taxonomy":"product_brand","embeddable":true,"href":"https:\/\/campzilla-shop.com\/de\/wp-json\/wp\/v2\/product_brand?post=70634"},{"taxonomy":"product_cat","embeddable":true,"href":"https:\/\/campzilla-shop.com\/de\/wp-json\/wp\/v2\/product_cat?post=70634"},{"taxonomy":"product_tag","embeddable":true,"href":"https:\/\/campzilla-shop.com\/de\/wp-json\/wp\/v2\/product_tag?post=70634"}],"curies":[{"name":"wp","href":"https:\/\/api.w.org\/{rel}","templated":true}]}}