{"id":70523,"date":"2026-01-29T10:13:16","date_gmt":"2026-01-29T10:13:16","guid":{"rendered":"https:\/\/campzilla-shop.com\/shop\/lazer-led-linear-6-kit-di-integrazione\/"},"modified":"2026-01-29T10:26:12","modified_gmt":"2026-01-29T10:26:12","slug":"lazer-led-linear-6-kuehlergrill","status":"publish","type":"product","link":"https:\/\/campzilla-shop.com\/de\/shop\/lazer-led-linear-6-kuehlergrill\/","title":{"rendered":"Lazer LED Linear-6 \u2013 K\u00fchlergrill-Einbausatz f\u00fcr VW ID.Buzz (2023+)"},"content":{"rendered":"<h2 data-start=\"186\" data-end=\"221\"><strong data-start=\"186\" data-end=\"219\">OE-Qualit\u00e4t, schnelle Montage<\/strong><\/h2>\n<p data-start=\"223\" data-end=\"666\">Der Lazer LED Linear-6 \u2013 K\u00fchlergrill-Einbausatz f\u00fcr VW ID.Buzz (2023+) ist eine Zusatzlichtinstallation in Originalqualit\u00e4t mit ma\u00dfgeschneiderten Halterungen, die eine schnelle und einfache Montage der Lazer High Performance LED-Lichter im vorderen K\u00fchlergrill beim VW ID.Buzz erm\u00f6glichen. Das Kit ist so konzipiert, dass es sich nahtlos in das originale Fahrzeugdesign einf\u00fcgen und eine robuste, sichere Installation gew\u00e4hrleisten.<\/p>\n<h3 data-start=\"668\" data-end=\"705\"><strong data-start=\"668\" data-end=\"703\">Speziell f\u00fcr VW ID.Buzz (2023+)<\/strong><\/h3>\n<p data-start=\"707\" data-end=\"1243\">Der Einbausatz f\u00fcr den VW ID.Buzz (2023+) enth\u00e4lt ein Paar High Performance LED-Lichter Linear-6 (Standard oder Elite) mit Kabelsatz sowie 4 pr\u00e4zisionsgefertigte Halterungen, die perfekt in den Standard-K\u00fchlergrill des Fahrzeugs passen. Zus\u00e4tzliche Stabilit\u00e4t und Sicherheit bieten die mitgelieferten selbstschneidenden Diebstahlschutzschrauben. Die Halterungen bestehen aus hochfestem, UV-stabilem Verbundmaterial, das vollst\u00e4ndig witterungs- und chemikalienbest\u00e4ndig ist und eine langlebige und zuverl\u00e4ssige Installation garantiert.<\/p>\n<p data-start=\"1245\" data-end=\"1476\">Die VW ID.Buzz (2023+) Einbaus\u00e4tze sind f\u00fcr den Einsatz mit Lazer Linear-6 High Performance LED-Lichtern optimiert. Die Garantie deckt keine Halterungen ab, die mit Produkten anderer Hersteller als Lazer Lamps installiert werden.<\/p>\n<h3 data-start=\"1478\" data-end=\"1521\"><strong data-start=\"1478\" data-end=\"1519\">Hinweis zur elektrischen Installation<\/strong><\/h3>\n<p data-start=\"1523\" data-end=\"1874\">Bei Fahrzeugen mit serienm\u00e4\u00dfigen Xenon- oder LED-Scheinwerfern kann es sein, dass ein 12V-Abblendsignal nicht erkannt wird. In diesen F\u00e4llen muss die elektrische Installation \u00fcber eine CAN-Schnittstelle abgeschlossen werden. Die empfohlene L\u00f6sung ist die Verwendung einer CANNY Interface, um eine korrekte und zuverl\u00e4ssige Funktion zu gew\u00e4hrleisten.<\/p>\n<h3 data-start=\"1881\" data-end=\"1902\"><strong data-start=\"1881\" data-end=\"1900\">Produktmerkmale<\/strong><\/h3>\n<ul data-start=\"1904\" data-end=\"2202\">\n<li data-start=\"1904\" data-end=\"1962\">\n<p data-start=\"1906\" data-end=\"1962\">Ma\u00dfgeschneidertes Halterungs-Kit f\u00fcr Lazer LED-Lichter<\/p>\n<\/li>\n<li data-start=\"1963\" data-end=\"1998\">\n<p data-start=\"1965\" data-end=\"1998\">Speziell f\u00fcr VW ID.Buzz (2023+)<\/p>\n<\/li>\n<li data-start=\"1999\" data-end=\"2037\">\n<p data-start=\"2001\" data-end=\"2037\">Optimiert f\u00fcr Linear-6 LED-Lichter<\/p>\n<\/li>\n<li data-start=\"2038\" data-end=\"2107\">\n<p data-start=\"2040\" data-end=\"2107\">Enth\u00e4lt: 4 Halterungen, Schneidf\u00fchrungen und Befestigungsmaterial<\/p>\n<\/li>\n<li data-start=\"2108\" data-end=\"2151\">\n<p data-start=\"2110\" data-end=\"2151\">Hochfestes, UV-stabiles Verbundmaterial<\/p>\n<\/li>\n<li data-start=\"2152\" data-end=\"2182\">\n<p data-start=\"2154\" data-end=\"2182\">5 Jahre Herstellergarantie<\/p>\n<\/li>\n<li data-start=\"2183\" data-end=\"2202\">\n<p data-start=\"2185\" data-end=\"2202\">Made in Britain<\/p>\n<\/li>\n<\/ul>\n<h3 data-start=\"2209\" data-end=\"2252\"><strong data-start=\"2209\" data-end=\"2250\">Technische Daten \u2013 Lazer LED Linear-6<\/strong><\/h3>\n<div class=\"TyagGW_tableContainer\">\n<div class=\"group TyagGW_tableWrapper flex flex-col-reverse w-fit\" tabindex=\"-1\">\n<table class=\"w-fit min-w-(--thread-content-width)\" data-start=\"2254\" data-end=\"2726\">\n<thead data-start=\"2254\" data-end=\"2292\">\n<tr data-start=\"2254\" data-end=\"2292\">\n<th data-start=\"2254\" data-end=\"2257\" data-col-size=\"sm\"><\/th>\n<th data-start=\"2257\" data-end=\"2271\" data-col-size=\"sm\">2x LINEAR-6<\/th>\n<th data-start=\"2271\" data-end=\"2292\" data-col-size=\"sm\">2x LINEAR-6 ELITE<\/th>\n<\/tr>\n<\/thead>\n<tbody data-start=\"2307\" data-end=\"2726\">\n<tr data-start=\"2307\" data-end=\"2350\">\n<td data-start=\"2307\" data-end=\"2331\" data-col-size=\"sm\">Betriebsspannung (DC)<\/td>\n<td data-col-size=\"sm\" data-start=\"2331\" data-end=\"2340\">10\u201332V<\/td>\n<td data-col-size=\"sm\" data-start=\"2340\" data-end=\"2350\">10\u201332V<\/td>\n<\/tr>\n<tr data-start=\"2351\" data-end=\"2392\">\n<td data-start=\"2351\" data-end=\"2369\" data-col-size=\"sm\">LED-Lebensdauer<\/td>\n<td data-col-size=\"sm\" data-start=\"2369\" data-end=\"2380\">50.000\u202fh<\/td>\n<td data-col-size=\"sm\" data-start=\"2380\" data-end=\"2392\">50.000\u202fh<\/td>\n<\/tr>\n<tr data-start=\"2393\" data-end=\"2424\">\n<td data-start=\"2393\" data-end=\"2403\" data-col-size=\"sm\">Gewicht<\/td>\n<td data-col-size=\"sm\" data-start=\"2403\" data-end=\"2413\">0,99\u202fkg<\/td>\n<td data-col-size=\"sm\" data-start=\"2413\" data-end=\"2424\">0,99\u202fkg<\/td>\n<\/tr>\n<tr data-start=\"2425\" data-end=\"2467\">\n<td data-start=\"2425\" data-end=\"2444\" data-col-size=\"sm\">Gesamtlichtstrom<\/td>\n<td data-col-size=\"sm\" data-start=\"2444\" data-end=\"2455\">4.500\u202fLm<\/td>\n<td data-col-size=\"sm\" data-start=\"2455\" data-end=\"2467\">8.100\u202fLm<\/td>\n<\/tr>\n<tr data-start=\"2468\" data-end=\"2527\">\n<td data-start=\"2468\" data-end=\"2504\" data-col-size=\"sm\">Nutzbarer Lichtstrom Fahrer (FOV)<\/td>\n<td data-col-size=\"sm\" data-start=\"2504\" data-end=\"2515\">3.204\u202fLm<\/td>\n<td data-col-size=\"sm\" data-start=\"2515\" data-end=\"2527\">5.767\u202fLm<\/td>\n<\/tr>\n<tr data-start=\"2528\" data-end=\"2566\">\n<td data-start=\"2528\" data-end=\"2545\" data-col-size=\"sm\">Farbtemperatur<\/td>\n<td data-col-size=\"sm\" data-start=\"2545\" data-end=\"2555\">5.000\u202fK<\/td>\n<td data-col-size=\"sm\" data-start=\"2555\" data-end=\"2566\">5.000\u202fK<\/td>\n<\/tr>\n<tr data-start=\"2567\" data-end=\"2602\">\n<td data-start=\"2567\" data-end=\"2587\" data-col-size=\"sm\">Leistungsaufnahme<\/td>\n<td data-col-size=\"sm\" data-start=\"2587\" data-end=\"2594\">42\u202fW<\/td>\n<td data-col-size=\"sm\" data-start=\"2594\" data-end=\"2602\">84\u202fW<\/td>\n<\/tr>\n<tr data-start=\"2603\" data-end=\"2646\">\n<td data-start=\"2603\" data-end=\"2628\" data-col-size=\"sm\">Stromaufnahme (14,4\u202fV)<\/td>\n<td data-col-size=\"sm\" data-start=\"2628\" data-end=\"2637\">2,92\u202fA<\/td>\n<td data-col-size=\"sm\" data-start=\"2637\" data-end=\"2646\">5,8\u202fA<\/td>\n<\/tr>\n<tr data-start=\"2647\" data-end=\"2726\">\n<td data-start=\"2647\" data-end=\"2659\" data-col-size=\"sm\">Anschluss<\/td>\n<td data-col-size=\"sm\" data-start=\"2659\" data-end=\"2692\">Superseal 2-Pin (+25\u202fcm Kabel)<\/td>\n<td data-col-size=\"sm\" data-start=\"2692\" data-end=\"2726\">Superseal 2-Pin (+25\u202fcm Kabel)<\/td>\n<\/tr>\n<\/tbody>\n<\/table>\n<\/div>\n<\/div>\n<h3 data-start=\"2733\" data-end=\"2751\"><strong data-start=\"2733\" data-end=\"2749\">Lieferumfang<\/strong><\/h3>\n<ul data-start=\"2753\" data-end=\"2897\">\n<li data-start=\"2753\" data-end=\"2808\">\n<p data-start=\"2755\" data-end=\"2808\">1\u00d7 K\u00fchlergrill-Montagesatz (inkl. Schneidf\u00fchrungen)<\/p>\n<\/li>\n<li data-start=\"2809\" data-end=\"2836\">\n<p data-start=\"2811\" data-end=\"2836\">2\u00d7 Linear-6 LED-Lichter<\/p>\n<\/li>\n<li data-start=\"2837\" data-end=\"2870\">\n<p data-start=\"2839\" data-end=\"2870\">1\u00d7 Kabelsatz f\u00fcr zwei Lichter<\/p>\n<\/li>\n<li data-start=\"2871\" data-end=\"2897\">\n<p data-start=\"2873\" data-end=\"2897\">Installationsanleitung<\/p>\n<\/li>\n<\/ul>\n","protected":false},"excerpt":{"rendered":"<p data-start=\"98\" data-end=\"170\"><strong>Premium-Qualit\u00e4t \u2013 entwickelt und gefertigt im Vereinigten K\u00f6nigreich<\/strong><\/p>\n<p data-start=\"172\" data-end=\"508\">Lazer LED Scheinwerfer werden im\u00a0<strong data-start=\"205\" data-end=\"231\">Vereinigten K\u00f6nigreich<\/strong>\u00a0entwickelt und gefertigt und erf\u00fcllen h\u00f6chste Qualit\u00e4ts- und Fertigungsstandards.<br data-start=\"313\" data-end=\"316\" \/><strong data-start=\"316\" data-end=\"331\">Lazer Lamps<\/strong>\u00a0steht f\u00fcr\u00a0<strong data-start=\"342\" data-end=\"371\">\u00fcberragende Lichtleistung<\/strong>,\u00a0<strong data-start=\"373\" data-end=\"396\">Premium-Materialien<\/strong>\u00a0und\u00a0<strong data-start=\"401\" data-end=\"433\">langfristige Zuverl\u00e4ssigkeit<\/strong>\u00a0\u2013 abgesichert durch eine\u00a0<strong data-start=\"459\" data-end=\"507\">5-j\u00e4hrige Garantie auf alle LED-Scheinwerfer<\/strong>.<\/p>\n","protected":false},"featured_media":70497,"template":"","meta":{"site-sidebar-layout":"default","site-content-layout":"","ast-site-content-layout":"default","site-content-style":"default","site-sidebar-style":"default","ast-global-header-display":"","ast-banner-title-visibility":"","ast-main-header-display":"","ast-hfb-above-header-display":"","ast-hfb-below-header-display":"","ast-hfb-mobile-header-display":"","site-post-title":"","ast-breadcrumbs-content":"","ast-featured-img":"","footer-sml-layout":"","ast-disable-related-posts":"","theme-transparent-header-meta":"default","adv-header-id-meta":"","stick-header-meta":"","header-above-stick-meta":"","header-main-stick-meta":"","header-below-stick-meta":"","astra-migrate-meta-layouts":"set","ast-page-background-enabled":"default","ast-page-background-meta":{"desktop":{"background-color":"","background-image":"","background-repeat":"repeat","background-position":"center center","background-size":"auto","background-attachment":"scroll","background-type":"","background-media":"","overlay-type":"","overlay-color":"","overlay-opacity":"","overlay-gradient":""},"tablet":{"background-color":"","background-image":"","background-repeat":"repeat","background-position":"center center","background-size":"auto","background-attachment":"scroll","background-type":"","background-media":"","overlay-type":"","overlay-color":"","overlay-opacity":"","overlay-gradient":""},"mobile":{"background-color":"","background-image":"","background-repeat":"repeat","background-position":"center center","background-size":"auto","background-attachment":"scroll","background-type":"","background-media":"","overlay-type":"","overlay-color":"","overlay-opacity":"","overlay-gradient":""}},"ast-content-background-meta":{"desktop":{"background-color":"var(--ast-global-color-5)","background-image":"","background-repeat":"repeat","background-position":"center center","background-size":"auto","background-attachment":"scroll","background-type":"","background-media":"","overlay-type":"","overlay-color":"","overlay-opacity":"","overlay-gradient":""},"tablet":{"background-color":"var(--ast-global-color-5)","background-image":"","background-repeat":"repeat","background-position":"center center","background-size":"auto","background-attachment":"scroll","background-type":"","background-media":"","overlay-type":"","overlay-color":"","overlay-opacity":"","overlay-gradient":""},"mobile":{"background-color":"var(--ast-global-color-5)","background-image":"","background-repeat":"repeat","background-position":"center center","background-size":"auto","background-attachment":"scroll","background-type":"","background-media":"","overlay-type":"","overlay-color":"","overlay-opacity":"","overlay-gradient":""}},"iawp_total_views":1},"product_brand":[],"product_cat":[16],"product_tag":[],"class_list":{"0":"post-70523","1":"product","2":"type-product","3":"status-publish","4":"has-post-thumbnail","6":"product_cat-unkategorisiert","7":"desktop-align-left","8":"tablet-align-left","9":"mobile-align-left","10":"ast-product-gallery-layout-horizontal-slider","11":"ast-product-single-variable","12":"ast-product-tabs-layout-horizontal","14":"first","15":"instock","16":"taxable","17":"shipping-taxable","18":"purchasable","19":"product-type-variable"},"_links":{"self":[{"href":"https:\/\/campzilla-shop.com\/de\/wp-json\/wp\/v2\/product\/70523","targetHints":{"allow":["GET"]}}],"collection":[{"href":"https:\/\/campzilla-shop.com\/de\/wp-json\/wp\/v2\/product"}],"about":[{"href":"https:\/\/campzilla-shop.com\/de\/wp-json\/wp\/v2\/types\/product"}],"wp:featuredmedia":[{"embeddable":true,"href":"https:\/\/campzilla-shop.com\/de\/wp-json\/wp\/v2\/media\/70497"}],"wp:attachment":[{"href":"https:\/\/campzilla-shop.com\/de\/wp-json\/wp\/v2\/media?parent=70523"}],"wp:term":[{"taxonomy":"product_brand","embeddable":true,"href":"https:\/\/campzilla-shop.com\/de\/wp-json\/wp\/v2\/product_brand?post=70523"},{"taxonomy":"product_cat","embeddable":true,"href":"https:\/\/campzilla-shop.com\/de\/wp-json\/wp\/v2\/product_cat?post=70523"},{"taxonomy":"product_tag","embeddable":true,"href":"https:\/\/campzilla-shop.com\/de\/wp-json\/wp\/v2\/product_tag?post=70523"}],"curies":[{"name":"wp","href":"https:\/\/api.w.org\/{rel}","templated":true}]}}