{"id":70416,"date":"2026-01-28T14:48:47","date_gmt":"2026-01-28T14:48:47","guid":{"rendered":"https:\/\/campzilla-shop.com\/shop\/kit-griglia-lazer-led-triple-r-750-ducato\/"},"modified":"2026-01-28T15:11:04","modified_gmt":"2026-01-28T15:11:04","slug":"lazer-led-triple-r-750-kuehlergrill","status":"publish","type":"product","link":"https:\/\/campzilla-shop.com\/de\/shop\/lazer-led-triple-r-750-kuehlergrill\/","title":{"rendered":"Lazer LED Triple-R 750 \u2013 K\u00fchlergrill-Einbausatz f\u00fcr Fiat Ducato (2022-2023)"},"content":{"rendered":"<h2 data-start=\"172\" data-end=\"305\">Sichtbarkeit auf h\u00f6chstem Niveau, kompromisslose Qualit\u00e4t<\/h2>\n<p data-start=\"593\" data-end=\"860\">Verbessere <strong data-start=\"604\" data-end=\"630\">Design und Performance<\/strong> deines <strong data-start=\"638\" data-end=\"665\">Fiat Ducato (2022\u20132023)<\/strong> mit dem <strong data-start=\"674\" data-end=\"725\">Lazer LED Triple-R 750 \u2013 K\u00fchlergrill-Einbausatz<\/strong>. Dieser fahrzeugspezifische Einbausatz sorgt f\u00fcr eine <strong data-start=\"780\" data-end=\"801\">saubere OEM-Optik<\/strong> mit leistungsstarker, stra\u00dfenzugelassener LED-Beleuchtung.<\/p>\n<p data-start=\"862\" data-end=\"1193\">Im Lieferumfang sind <strong data-start=\"883\" data-end=\"945\">zwei Lazer LED Triple-R 750 Hochleistungs-LED-Scheinwerfer<\/strong> enthalten \u2013 bekannt f\u00fcr hervorragende Lichtweite, pr\u00e4zise Lichtverteilung und hohe Zuverl\u00e4ssigkeit auch bei schwierigen Bedingungen. Verschiedene Varianten bieten maximale Flexibilit\u00e4t f\u00fcr unterschiedliche Einsatzbereiche und gesetzliche Vorgaben.<\/p>\n<h2 data-start=\"1200\" data-end=\"1256\"><strong data-start=\"1203\" data-end=\"1256\">Fahrzeugspezifische Integration \u2013 Originaler Look<\/strong><\/h2>\n<p data-start=\"1258\" data-end=\"1551\">Die Scheinwerfer werden mit <strong data-start=\"1286\" data-end=\"1328\">vier pr\u00e4zise konstruierten Halterungen<\/strong> montiert, die sich nahtlos in den <strong data-start=\"1363\" data-end=\"1405\">originalen K\u00fchlergrill des Fiat Ducato<\/strong> integrieren. Die Halter bestehen aus <strong data-start=\"1443\" data-end=\"1492\">hochfestem, UV-stabilisiertem Verbundmaterial<\/strong> und sind vollst\u00e4ndig witterungs- und chemikalienbest\u00e4ndig.<\/p>\n<p data-start=\"1553\" data-end=\"1692\">Die <strong data-start=\"1557\" data-end=\"1579\">Schneideschablonen<\/strong> sorgen f\u00fcr eine exakte, saubere Montage, w\u00e4hrend <strong data-start=\"1629\" data-end=\"1657\">Diebstahlschutzschrauben<\/strong> f\u00fcr zus\u00e4tzliche Sicherheit sorgen.<\/p>\n<h2 data-start=\"1699\" data-end=\"1755\"><strong data-start=\"1702\" data-end=\"1755\">Leistungsstarke &amp; ECE-Zugelassene LED-Beleuchtung<\/strong><\/h2>\n<p data-start=\"1757\" data-end=\"1800\">Die <strong data-start=\"1761\" data-end=\"1789\">Lazer Triple-R 750 Serie<\/strong> steht f\u00fcr:<\/p>\n<ul data-start=\"1802\" data-end=\"1963\">\n<li data-start=\"1802\" data-end=\"1835\">\n<p data-start=\"1804\" data-end=\"1835\">Hochleistungs-LED-Beleuchtung<\/p>\n<\/li>\n<li data-start=\"1836\" data-end=\"1883\">\n<p data-start=\"1838\" data-end=\"1883\">Effizient gesteuerte, kraftvolle Lichtkegel<\/p>\n<\/li>\n<li data-start=\"1884\" data-end=\"1936\">\n<p data-start=\"1886\" data-end=\"1936\">Deutlich verbesserte Sicherheit bei Nachtfahrten<\/p>\n<\/li>\n<li data-start=\"1937\" data-end=\"1963\">\n<p data-start=\"1939\" data-end=\"1963\"><strong data-start=\"1939\" data-end=\"1963\">ECE-Stra\u00dfenzulassung<\/strong><\/p>\n<\/li>\n<\/ul>\n<p data-start=\"1965\" data-end=\"1975\"><strong>Ideal f\u00fcr:<\/strong><\/p>\n<ul data-start=\"1976\" data-end=\"2182\">\n<li data-start=\"1976\" data-end=\"2011\">\n<p data-start=\"1978\" data-end=\"2011\">Nachtfahrten und lange Strecken<\/p>\n<\/li>\n<li data-start=\"2012\" data-end=\"2066\">\n<p data-start=\"2014\" data-end=\"2066\">Au\u00dferortsstra\u00dfen und schlecht beleuchtete Bereiche<\/p>\n<\/li>\n<li data-start=\"2067\" data-end=\"2106\">\n<p data-start=\"2069\" data-end=\"2106\">Camper, Vans und Overland-Fahrzeuge<\/p>\n<\/li>\n<li data-start=\"2107\" data-end=\"2182\">\n<p data-start=\"2109\" data-end=\"2182\">Alle, die Licht, Sicherheit und Design auf ein neues Niveau heben m\u00f6chten<\/p>\n<\/li>\n<\/ul>\n<p data-start=\"2184\" data-end=\"2277\">Alle Komponenten sind <strong data-start=\"2206\" data-end=\"2227\">stra\u00dfenzugelassen<\/strong> und durch eine <strong data-start=\"2243\" data-end=\"2264\">5-Jahres-Garantie<\/strong> abgesichert.<\/p>\n<h2 data-start=\"2284\" data-end=\"2328\"><strong data-start=\"2287\" data-end=\"2328\">Hinweis zur Elektrischen Installation<\/strong><\/h2>\n<p data-start=\"2330\" data-end=\"2648\">Bei Fiat Ducato Modellen mit <strong data-start=\"2359\" data-end=\"2398\">Xenon- oder LED-Serienscheinwerfern<\/strong> kann es vorkommen, dass kein 12V-Fernlichtsignal erkannt wird. In diesem Fall ist eine Installation \u00fcber eine <strong data-start=\"2509\" data-end=\"2530\">CAN-Schnittstelle<\/strong> erforderlich. Empfohlen wird die Verwendung einer <strong data-start=\"2581\" data-end=\"2600\">CANNY Interface<\/strong>, um eine zuverl\u00e4ssige Funktion sicherzustellen.<\/p>\n<h3 data-start=\"3154\" data-end=\"3183\">Produkteigenschaften<\/h3>\n<p data-start=\"3154\" data-end=\"3183\">K\u00fchlergrill-Einbausatz speziell f\u00fcr Fiat Ducato (2022\u20132023)<br \/>\nPerfekte OEM-Optik ohne sichtbare Nachr\u00fcstung<br \/>\nEntwickelt f\u00fcr Lazer LED Triple-R 750 Hochleistungs-LED-Scheinwerfer<br \/>\nPr\u00e4zise gefertigte Montagehalter<br \/>\nKabelsatz f\u00fcr zwei Scheinwerfer inklusive<br \/>\nSchneideschablonen f\u00fcr exakte Installation<br \/>\nDiebstahlschutzschrauben im Lieferumfang<br \/>\nHalter aus hochfestem, UV-stabilisiertem Verbundmaterial<br \/>\nECE-Zulassung f\u00fcr den Stra\u00dfenverkehr<br \/>\n5-Jahres-Herstellergarantie<\/p>\n<h2 data-start=\"3190\" data-end=\"3238\"><strong data-start=\"3193\" data-end=\"3238\">Technische Daten \u2013 Lazer LED Triple-R 750<\/strong><\/h2>\n<p><strong>Betriebsspannung:<\/strong> 10\u201332V DC<br \/>\n<strong>LED-Lebensdauer:<\/strong> 50.000 Stunden<br \/>\n<strong>Gewicht (pro Paar):<\/strong> 2,6 kg<br \/>\n<strong>Farbtemperatur:<\/strong> 5000 K<br \/>\n<strong>Zulassung:<\/strong> ECE (stra\u00dfenzugelassen)<\/p>\n<h5>Lichtleistung \u2013 Fernlichtfunktion<\/h5>\n<h5>Triple-R 750 \/ Triple-R 750 Wide<\/h5>\n<p>Gesamtlichtstrom: 9.240 Lumen<br \/>\nEffektiver Lichtstrom (FOV):<br \/>\nStandard: 5.266 lm<br \/>\nWide: 5.572 lm<br \/>\nLeistungsaufnahme: 88 W<br \/>\nStromaufnahme (14,4 V): 6,2 A<br \/>\nAnschluss: Superseal 2-Pin (+25 cm Kabel)<br \/>\nWide: Superseal 3-Pin (+25 cm Kabel)<\/p>\n<h5>Triple-R 750 Beacon (Boost-Mode)<\/h5>\n<p>Gesamtlichtstrom: 10.800 Lumen<br \/>\nEffektiver Lichtstrom (FOV): 2.484 lm<br \/>\nLeistungsaufnahme: 104 W<br \/>\nStromaufnahme (14,4 V): 7,4 A<br \/>\nAnschluss: Superseal 6-Pin (+25 cm Kabel)<br \/>\nZusatzfunktion: Integrierte gelbe Beacon-Warnleuchte<\/p>\n<h5>Triple-R 750 Elite (Boost-Mode)<\/h5>\n<p>Gesamtlichtstrom: 10.136 Lumen<br \/>\nEffektiver Lichtstrom (FOV): 6.680 lm<br \/>\nLeistungsaufnahme: 104 W<br \/>\nStromaufnahme (14,4 V): 7,2 A<br \/>\nAnschluss: Superseal 2-Pin (+25 cm Kabel)<\/p>\n<h3>Lieferumfang<\/h3>\n<p>1\u00d7 K\u00fchlergrill-Montagekit (inkl. Schneideschablonen)<br \/>\n2\u00d7 Lazer LED Triple-R 750 Scheinwerfer<br \/>\n1\u00d7 Kabelsatz f\u00fcr zwei Scheinwerfer<br \/>\nInstallations- und Montageanleitung<\/p>\n","protected":false},"excerpt":{"rendered":"<h2 data-start=\"98\" data-end=\"170\">Premium-Qualit\u00e4t \u2013 entwickelt und gefertigt im Vereinigten K\u00f6nigreich<\/h2>\n<p data-start=\"172\" data-end=\"508\">Lazer LED Scheinwerfer werden im <strong data-start=\"205\" data-end=\"231\">Vereinigten K\u00f6nigreich<\/strong> entwickelt und gefertigt und erf\u00fcllen h\u00f6chste Qualit\u00e4ts- und Fertigungsstandards.<br data-start=\"313\" data-end=\"316\" \/><strong data-start=\"316\" data-end=\"331\">Lazer Lamps<\/strong> steht f\u00fcr <strong data-start=\"342\" data-end=\"371\">\u00fcberragende Lichtleistung<\/strong>, <strong data-start=\"373\" data-end=\"396\">Premium-Materialien<\/strong> und <strong data-start=\"401\" data-end=\"433\">langfristige Zuverl\u00e4ssigkeit<\/strong> \u2013 abgesichert durch eine <strong data-start=\"459\" data-end=\"507\">5-j\u00e4hrige Garantie auf alle LED-Scheinwerfer<\/strong>.<\/p>\n","protected":false},"featured_media":70402,"template":"","meta":{"site-sidebar-layout":"default","site-content-layout":"","ast-site-content-layout":"default","site-content-style":"default","site-sidebar-style":"default","ast-global-header-display":"","ast-banner-title-visibility":"","ast-main-header-display":"","ast-hfb-above-header-display":"","ast-hfb-below-header-display":"","ast-hfb-mobile-header-display":"","site-post-title":"","ast-breadcrumbs-content":"","ast-featured-img":"","footer-sml-layout":"","ast-disable-related-posts":"","theme-transparent-header-meta":"default","adv-header-id-meta":"","stick-header-meta":"","header-above-stick-meta":"","header-main-stick-meta":"","header-below-stick-meta":"","astra-migrate-meta-layouts":"set","ast-page-background-enabled":"default","ast-page-background-meta":{"desktop":{"background-color":"","background-image":"","background-repeat":"repeat","background-position":"center center","background-size":"auto","background-attachment":"scroll","background-type":"","background-media":"","overlay-type":"","overlay-color":"","overlay-opacity":"","overlay-gradient":""},"tablet":{"background-color":"","background-image":"","background-repeat":"repeat","background-position":"center center","background-size":"auto","background-attachment":"scroll","background-type":"","background-media":"","overlay-type":"","overlay-color":"","overlay-opacity":"","overlay-gradient":""},"mobile":{"background-color":"","background-image":"","background-repeat":"repeat","background-position":"center center","background-size":"auto","background-attachment":"scroll","background-type":"","background-media":"","overlay-type":"","overlay-color":"","overlay-opacity":"","overlay-gradient":""}},"ast-content-background-meta":{"desktop":{"background-color":"var(--ast-global-color-5)","background-image":"","background-repeat":"repeat","background-position":"center center","background-size":"auto","background-attachment":"scroll","background-type":"","background-media":"","overlay-type":"","overlay-color":"","overlay-opacity":"","overlay-gradient":""},"tablet":{"background-color":"var(--ast-global-color-5)","background-image":"","background-repeat":"repeat","background-position":"center center","background-size":"auto","background-attachment":"scroll","background-type":"","background-media":"","overlay-type":"","overlay-color":"","overlay-opacity":"","overlay-gradient":""},"mobile":{"background-color":"var(--ast-global-color-5)","background-image":"","background-repeat":"repeat","background-position":"center center","background-size":"auto","background-attachment":"scroll","background-type":"","background-media":"","overlay-type":"","overlay-color":"","overlay-opacity":"","overlay-gradient":""}},"iawp_total_views":19},"product_brand":[],"product_cat":[255],"product_tag":[],"class_list":{"0":"post-70416","1":"product","2":"type-product","3":"status-publish","4":"has-post-thumbnail","6":"product_cat-technik-van-camper","7":"desktop-align-left","8":"tablet-align-left","9":"mobile-align-left","10":"ast-product-gallery-layout-horizontal-slider","11":"ast-product-single-variable","12":"ast-product-tabs-layout-horizontal","14":"first","15":"instock","16":"taxable","17":"shipping-taxable","18":"purchasable","19":"product-type-variable"},"_links":{"self":[{"href":"https:\/\/campzilla-shop.com\/de\/wp-json\/wp\/v2\/product\/70416","targetHints":{"allow":["GET"]}}],"collection":[{"href":"https:\/\/campzilla-shop.com\/de\/wp-json\/wp\/v2\/product"}],"about":[{"href":"https:\/\/campzilla-shop.com\/de\/wp-json\/wp\/v2\/types\/product"}],"wp:featuredmedia":[{"embeddable":true,"href":"https:\/\/campzilla-shop.com\/de\/wp-json\/wp\/v2\/media\/70402"}],"wp:attachment":[{"href":"https:\/\/campzilla-shop.com\/de\/wp-json\/wp\/v2\/media?parent=70416"}],"wp:term":[{"taxonomy":"product_brand","embeddable":true,"href":"https:\/\/campzilla-shop.com\/de\/wp-json\/wp\/v2\/product_brand?post=70416"},{"taxonomy":"product_cat","embeddable":true,"href":"https:\/\/campzilla-shop.com\/de\/wp-json\/wp\/v2\/product_cat?post=70416"},{"taxonomy":"product_tag","embeddable":true,"href":"https:\/\/campzilla-shop.com\/de\/wp-json\/wp\/v2\/product_tag?post=70416"}],"curies":[{"name":"wp","href":"https:\/\/api.w.org\/{rel}","templated":true}]}}