{"id":70172,"date":"2026-01-22T10:02:10","date_gmt":"2026-01-22T10:02:10","guid":{"rendered":"https:\/\/campzilla-shop.com\/shop\/kit-griglia-anteriore-ineos-grenadier\/"},"modified":"2026-01-23T15:08:26","modified_gmt":"2026-01-23T15:08:26","slug":"ineos-grenadier-kuehlergrill-kit-lazer","status":"publish","type":"product","link":"https:\/\/campzilla-shop.com\/de\/shop\/ineos-grenadier-kuehlergrill-kit-lazer\/","title":{"rendered":"INEOS Grenadier \u2013 K\u00fchlergrill-Kit \u2013 Lazer LED Triple-R 750"},"content":{"rendered":"<h2 data-start=\"173\" data-end=\"221\"><strong data-start=\"176\" data-end=\"221\">\u00dcberlegene Sicht, kompromisslose Qualit\u00e4t<\/strong><\/h2>\n<p data-start=\"223\" data-end=\"667\">Das <strong data-start=\"227\" data-end=\"295\">INEOS Grenadier K\u00fchlergrill-Kit mit Lazer LED Triple-R 750<\/strong> wurde f\u00fcr alle entwickelt, die ihren INEOS Grenadier <strong data-start=\"349\" data-end=\"368\">wirklich nutzen<\/strong>: Overland-Reisen, Offroad-Touren, Bergstra\u00dfen und lange Nachtfahrten.<br data-start=\"438\" data-end=\"441\" \/>Die leistungsstarken LED-Zusatzscheinwerfer werden <strong data-start=\"492\" data-end=\"543\">direkt in den originalen K\u00fchlergrill integriert<\/strong> und sorgen f\u00fcr eine <strong data-start=\"564\" data-end=\"585\">dezente OEM-Optik<\/strong> bei gleichzeitig <strong data-start=\"603\" data-end=\"630\">maximaler Lichtleistung<\/strong>, genau dann, wenn es darauf ankommt.<\/p>\n<p data-start=\"669\" data-end=\"842\">Es handelt sich nicht um ein optisches Zubeh\u00f6r, sondern um eine <strong data-start=\"733\" data-end=\"755\">funktionale L\u00f6sung<\/strong>, die Sicherheit, Sicht und Zuverl\u00e4ssigkeit unter allen Bedingungen sp\u00fcrbar verbessert.<\/p>\n<h3 data-start=\"844\" data-end=\"892\">OEM-Integration speziell f\u00fcr INEOS Grenadier<\/h3>\n<p data-start=\"893\" data-end=\"1228\">Das <strong data-start=\"227\" data-end=\"295\">INEOS Grenadier K\u00fchlergrill-Kit mit Lazer LED Triple-R 750<\/strong>\u00a0wurde fahrzeugspezifisch entwickelt. Ma\u00dfgefertigte Halterungen erm\u00f6glichen eine pr\u00e4zise und stabile Montage, ohne das originale Design des Fahrzeugs zu ver\u00e4ndern.<br data-start=\"1128\" data-end=\"1131\" \/>Das Ergebnis ist eine saubere, professionelle Integration mit einem Erscheinungsbild wie ab Werk.<\/p>\n<h3 data-start=\"1230\" data-end=\"1287\">Lazer LED Triple-R 750 \u2013 Licht f\u00fcr den realen Einsatz<\/h3>\n<p data-start=\"1288\" data-end=\"1590\">Das Kit enth\u00e4lt <strong data-start=\"1304\" data-end=\"1354\">zwei Lazer LED Triple-R 750 Zusatzscheinwerfer<\/strong>, erh\u00e4ltlich in den Varianten Standard, Wide, Elite oder Beacon. Sie bieten eine optimale Kombination aus <strong data-start=\"1460\" data-end=\"1514\">Reichweite, Lichtbreite und homogener Ausleuchtung<\/strong> \u2013 ideal f\u00fcr Nachtfahrten im Gel\u00e4nde oder auf schlecht beleuchteten Stra\u00dfen.<\/p>\n<p data-start=\"1592\" data-end=\"1871\">Mit einer Farbtemperatur von ca. <strong data-start=\"1625\" data-end=\"1640\">5000 Kelvin<\/strong> erzeugen die Scheinwerfer ein nat\u00fcrliches, augenschonendes Licht, auch bei langen Fahrten.<br data-start=\"1731\" data-end=\"1734\" \/>Die moderne LED-Technologie garantiert eine Lebensdauer von bis zu <strong data-start=\"1801\" data-end=\"1819\">50.000 Stunden<\/strong> und damit h\u00f6chste Zuverl\u00e4ssigkeit \u00fcber viele Jahre.<\/p>\n<p data-start=\"1873\" data-end=\"1995\">Alle stra\u00dfenzugelassenen Varianten sind <strong data-start=\"1913\" data-end=\"1928\">ECE-konform<\/strong> und d\u00fcrfen legal im \u00f6ffentlichen Stra\u00dfenverkehr eingesetzt werden.<\/p>\n<h3 data-start=\"1997\" data-end=\"2042\">Robuste Materialien und bew\u00e4hrte Qualit\u00e4t<\/h3>\n<p data-start=\"2043\" data-end=\"2399\">Wie alle von Campzilla ausgew\u00e4hlten Produkte ist auch dieses <strong data-start=\"227\" data-end=\"295\">K\u00fchlergrill-Kit mit Lazer LED Triple-R 750 <\/strong>f\u00fcr harte Eins\u00e4tze konzipiert mit deinem Ineos Grenadier.<br data-start=\"2203\" data-end=\"2206\" \/>Die Halterungen bestehen aus hochfestem, UV-stabilem Verbundmaterial. Die LED-Geh\u00e4use sind wasserdicht, vibrationsfest und widerstandsf\u00e4hig gegen Schlamm, Staub, Regen und extreme Temperaturen.<\/p>\n<p data-start=\"2401\" data-end=\"2494\">Entwickelt und gefertigt im Vereinigten K\u00f6nigreich, inklusive <strong data-start=\"2463\" data-end=\"2493\">5 Jahre Herstellergarantie<\/strong>.<\/p>\n<h3 data-start=\"2496\" data-end=\"2528\">Einfache und saubere Montage<\/h3>\n<p data-start=\"2529\" data-end=\"2822\">Das Kit wird als <strong data-start=\"2546\" data-end=\"2571\">komplettes Montageset<\/strong> geliefert und enth\u00e4lt fahrzeugspezifische Halterungen, Schneideschablonen f\u00fcr den K\u00fchlergrill, einen Kabelsatz f\u00fcr zwei Scheinwerfer sowie s\u00e4mtliches Befestigungsmaterial.<br data-start=\"2743\" data-end=\"2746\" \/>Die Installation erfolgt sicher, ordentlich und ohne improvisierte L\u00f6sungen.<\/p>\n<h3>Lieferumfang<\/h3>\n<p>Fahrzeugspezifisches K\u00fchlergrill-Montagekit f\u00fcr INEOS Grenadier<br \/>\n2 \u00d7 Lazer LED Triple-R 750 (je nach gew\u00e4hlter Variante)<br \/>\nKabelsatz f\u00fcr zwei Scheinwerfer<br \/>\nMontageanleitung<br \/>\nSchneideschablonen und Befestigungsmaterial<\/p>\n<h3>Warum Lazer LED w\u00e4hlen<\/h3>\n<p>Dezente OEM-Integration ohne sichtbare Umbauten<br \/>\nLeistungsstarke und zuverl\u00e4ssige Beleuchtung f\u00fcr Offroad und Reisen<br \/>\nHochwertige Komponenten f\u00fcr intensiven Einsatz<br \/>\nLanglebige und robuste LED-Technologie<br \/>\nStra\u00dfenzugelassene Varianten<\/p>\n","protected":false},"excerpt":{"rendered":"<p>Das <strong data-start=\"227\" data-end=\"295\">INEOS Grenadier K\u00fchlergrill-Kit mit Lazer LED Triple-R 750<\/strong>\u00a0ist die ideale L\u00f6sung f\u00fcr alle, die <strong data-start=\"3473\" data-end=\"3548\">\u00fcberlegene Sicht, kompromisslose Qualit\u00e4t und eine perfekte Integration<\/strong> suchen \u2013 auf der Stra\u00dfe wie im Gel\u00e4nde.<\/p>\n<h5>Die Unterschiede:<\/h5>\n<p><strong>Triple-R 750 Standard:<\/strong> klassischer Zusatz-LED-Fernscheinwerfer mit stark geb\u00fcndeltem Licht und guter Reichweite f\u00fcr Stra\u00dfe und Gel\u00e4nde.<br \/>\n<strong>Triple-R 750 Beacon:<\/strong> wie der Standard, aber zus\u00e4tzlich mit integrierter Warn-Blink-Beacon-Funktion, ideal f\u00fcr Einsatz- oder Sicherheitsanwendungen.<br \/>\n<strong>Triple-R 750 Elite:<\/strong> leistungsst\u00e4rkere Premium-Version mit optimierter LED-Technologie und weiterem Lichtkegel f\u00fcr mehr Reichweite und Klarheit.<br \/>\n<strong>Triple-R 750 Wide:<\/strong> Variante mit breiterem Lichtkegel, die neben Reichweite auch die seitliche Sicht verbessert, jedoch nicht so fokussiert weit leuchtet wie die anderen Triple-R-Versionen.<\/p>\n","protected":false},"featured_media":70138,"template":"","meta":{"site-sidebar-layout":"default","site-content-layout":"","ast-site-content-layout":"default","site-content-style":"default","site-sidebar-style":"default","ast-global-header-display":"","ast-banner-title-visibility":"","ast-main-header-display":"","ast-hfb-above-header-display":"","ast-hfb-below-header-display":"","ast-hfb-mobile-header-display":"","site-post-title":"","ast-breadcrumbs-content":"","ast-featured-img":"","footer-sml-layout":"","ast-disable-related-posts":"","theme-transparent-header-meta":"default","adv-header-id-meta":"","stick-header-meta":"","header-above-stick-meta":"","header-main-stick-meta":"","header-below-stick-meta":"","astra-migrate-meta-layouts":"set","ast-page-background-enabled":"default","ast-page-background-meta":{"desktop":{"background-color":"","background-image":"","background-repeat":"repeat","background-position":"center center","background-size":"auto","background-attachment":"scroll","background-type":"","background-media":"","overlay-type":"","overlay-color":"","overlay-opacity":"","overlay-gradient":""},"tablet":{"background-color":"","background-image":"","background-repeat":"repeat","background-position":"center center","background-size":"auto","background-attachment":"scroll","background-type":"","background-media":"","overlay-type":"","overlay-color":"","overlay-opacity":"","overlay-gradient":""},"mobile":{"background-color":"","background-image":"","background-repeat":"repeat","background-position":"center center","background-size":"auto","background-attachment":"scroll","background-type":"","background-media":"","overlay-type":"","overlay-color":"","overlay-opacity":"","overlay-gradient":""}},"ast-content-background-meta":{"desktop":{"background-color":"var(--ast-global-color-5)","background-image":"","background-repeat":"repeat","background-position":"center center","background-size":"auto","background-attachment":"scroll","background-type":"","background-media":"","overlay-type":"","overlay-color":"","overlay-opacity":"","overlay-gradient":""},"tablet":{"background-color":"var(--ast-global-color-5)","background-image":"","background-repeat":"repeat","background-position":"center center","background-size":"auto","background-attachment":"scroll","background-type":"","background-media":"","overlay-type":"","overlay-color":"","overlay-opacity":"","overlay-gradient":""},"mobile":{"background-color":"var(--ast-global-color-5)","background-image":"","background-repeat":"repeat","background-position":"center center","background-size":"auto","background-attachment":"scroll","background-type":"","background-media":"","overlay-type":"","overlay-color":"","overlay-opacity":"","overlay-gradient":""}},"iawp_total_views":9},"product_brand":[],"product_cat":[255],"product_tag":[],"class_list":{"0":"post-70172","1":"product","2":"type-product","3":"status-publish","4":"has-post-thumbnail","6":"product_cat-technik-van-camper","7":"desktop-align-left","8":"tablet-align-left","9":"mobile-align-left","10":"ast-product-gallery-layout-horizontal-slider","11":"ast-product-single-variable","12":"ast-product-tabs-layout-horizontal","14":"first","15":"instock","16":"taxable","17":"shipping-taxable","18":"purchasable","19":"product-type-variable"},"_links":{"self":[{"href":"https:\/\/campzilla-shop.com\/de\/wp-json\/wp\/v2\/product\/70172","targetHints":{"allow":["GET"]}}],"collection":[{"href":"https:\/\/campzilla-shop.com\/de\/wp-json\/wp\/v2\/product"}],"about":[{"href":"https:\/\/campzilla-shop.com\/de\/wp-json\/wp\/v2\/types\/product"}],"wp:featuredmedia":[{"embeddable":true,"href":"https:\/\/campzilla-shop.com\/de\/wp-json\/wp\/v2\/media\/70138"}],"wp:attachment":[{"href":"https:\/\/campzilla-shop.com\/de\/wp-json\/wp\/v2\/media?parent=70172"}],"wp:term":[{"taxonomy":"product_brand","embeddable":true,"href":"https:\/\/campzilla-shop.com\/de\/wp-json\/wp\/v2\/product_brand?post=70172"},{"taxonomy":"product_cat","embeddable":true,"href":"https:\/\/campzilla-shop.com\/de\/wp-json\/wp\/v2\/product_cat?post=70172"},{"taxonomy":"product_tag","embeddable":true,"href":"https:\/\/campzilla-shop.com\/de\/wp-json\/wp\/v2\/product_tag?post=70172"}],"curies":[{"name":"wp","href":"https:\/\/api.w.org\/{rel}","templated":true}]}}