{"id":70037,"date":"2026-01-14T09:06:51","date_gmt":"2026-01-14T09:06:51","guid":{"rendered":"https:\/\/campzilla-shop.com\/shop\/piastre-da-sabbia-fuoristrada\/"},"modified":"2026-02-12T14:54:09","modified_gmt":"2026-02-12T14:54:09","slug":"sandbleche-horntools-recovery-boards","status":"publish","type":"product","link":"https:\/\/campzilla-shop.com\/de\/shop\/sandbleche-horntools-recovery-boards\/","title":{"rendered":"Sandbleche \u2013 horntools Recovery Boards \u2013 4\u00d74 Offroad"},"content":{"rendered":"<h2 data-start=\"59\" data-end=\"101\"><strong data-start=\"62\" data-end=\"101\">Offroad-Abenteuer auf jedem Terrain<\/strong><\/h2>\n<p data-start=\"103\" data-end=\"364\">Die <strong data-start=\"107\" data-end=\"149\">Sandbleche \u2013 horntools Recovery Boards<\/strong> sind unverzichtbar f\u00fcr <strong data-start=\"173\" data-end=\"211\">4&#215;4-Offroad- und Overlandfahrzeuge<\/strong>. Wenn du in Sand, Schlamm, Schnee oder weichem Untergrund feststeckst, helfen sie dir, schnell und sicher wieder <strong data-start=\"325\" data-end=\"351\">Traktion und Mobilit\u00e4t<\/strong> zu erlangen.<\/p>\n<h3 data-start=\"366\" data-end=\"412\"><strong data-start=\"370\" data-end=\"412\">Maximale Traktion auf jedem Untergrund<\/strong><\/h3>\n<p data-start=\"414\" data-end=\"568\">Das aggressive Profil mit verst\u00e4rkten Noppen sorgt f\u00fcr hervorragenden Grip und erm\u00f6glicht es den Reifen, auf folgenden Untergr\u00fcnden wieder Halt zu finden:<\/p>\n<ul data-start=\"570\" data-end=\"655\">\n<li data-start=\"570\" data-end=\"588\">\n<p data-start=\"572\" data-end=\"588\">Sand und D\u00fcnen<\/p>\n<\/li>\n<li data-start=\"589\" data-end=\"614\">\n<p data-start=\"591\" data-end=\"614\">Schlamm und Waldboden<\/p>\n<\/li>\n<li data-start=\"615\" data-end=\"633\">\n<p data-start=\"617\" data-end=\"633\">Schnee und Eis<\/p>\n<\/li>\n<li data-start=\"634\" data-end=\"655\">\n<p data-start=\"636\" data-end=\"655\">Kies und Schotter<\/p>\n<\/li>\n<\/ul>\n<h3 data-start=\"657\" data-end=\"692\"><strong data-start=\"661\" data-end=\"692\">Extrem robust und langlebig<\/strong><\/h3>\n<p data-start=\"694\" data-end=\"898\">Die Sandbleche bestehen aus <strong data-start=\"722\" data-end=\"756\">UV-stabilisiertem Polypropylen<\/strong> und sind f\u00fcr extreme Temperaturen und hohe Belastungen ausgelegt. Sie bleiben auch unter h\u00e4rtesten Bedingungen flexibel und widerstandsf\u00e4hig.<\/p>\n<h3 data-start=\"900\" data-end=\"948\"><strong data-start=\"904\" data-end=\"948\">Kompakt, leicht und sofort einsatzbereit<\/strong><\/h3>\n<p data-start=\"950\" data-end=\"1131\">Dank ihres geringen Gewichts und der optimalen Abmessungen lassen sich die Recovery Boards bequem im Fahrzeug transportieren oder mit passenden Halterungen am Dachtr\u00e4ger befestigen.<\/p>\n<h3 data-start=\"1138\" data-end=\"1158\"><strong data-start=\"1142\" data-end=\"1158\">Lieferumfang<\/strong><\/h3>\n<ul data-start=\"1160\" data-end=\"1208\">\n<li data-start=\"1160\" data-end=\"1208\">\n<p data-start=\"1162\" data-end=\"1208\"><strong data-start=\"1162\" data-end=\"1208\">1 Paar horntools Recovery Boards (2 St\u00fcck)<\/strong><\/p>\n<\/li>\n<\/ul>\n<h3>Technische Daten<\/h3>\n<p>Farbe: Schwarz mit gelben Noppen<br \/>\nMaterial: UV-stabilisiertes Polypropylen<br \/>\nArbeitstemperatur: \u221230 \u00b0C bis +55 \u00b0C<br \/>\nTragf\u00e4higkeit: bis zu 10 Tonnen auf ebenem Untergrund<br \/>\nGesamtgewicht: 6,8 kg pro Paar (2 St\u00fcck)<br \/>\nAbmessungen: 115 \u00d7 33 \u00d7 6,6 cm<br \/>\nLochabstand f\u00fcr Halterung (Breite B): 24 cm<br \/>\nLochabstand f\u00fcr Halterung (L\u00e4nge L): 95 cm<\/p>\n<p data-start=\"1162\" data-end=\"1208\"><span style=\"font-size: 16px;\">Mit den <\/span><strong style=\"font-size: 16px;\" data-start=\"1638\" data-end=\"1681\">Sandblechen \u2013 horntools Recovery Boards<\/strong><span style=\"font-size: 16px;\"> gehst du auf jede Offroad-Tour mit der Sicherheit, jederzeit maximale Traktion zur Verf\u00fcgung zu haben.<\/span><\/p>\n<h3 data-start=\"1162\" data-end=\"1208\"><span style=\"color: #3366ff;\"><em><strong><a style=\"color: #3366ff;\" href=\"https:\/\/campzilla-shop.com\/de\/shop\/universal-halterung-fuer-sandbretter\/\">Klick hier f\u00fcr die passenden Halterung!<\/a><\/strong><\/em><\/span><\/h3>\n","protected":false},"excerpt":{"rendered":"<h3 data-start=\"39\" data-end=\"105\"><strong data-start=\"43\" data-end=\"105\">Kompakt, leicht und sofort einsatzbereit \u2013 Made in Austria<\/strong><\/h3>\n<p data-start=\"107\" data-end=\"287\" data-is-last-node=\"\" data-is-only-node=\"\">Dank ihres geringen Gewichts und der optimalen Abmessungen lassen sich die Sandbleche problemlos im Fahrzeug transportieren oder mit passenden Halterungen am Dachtr\u00e4ger befestigen.<\/p>\n","protected":false},"featured_media":70023,"template":"","meta":{"site-sidebar-layout":"default","site-content-layout":"","ast-site-content-layout":"default","site-content-style":"default","site-sidebar-style":"default","ast-global-header-display":"","ast-banner-title-visibility":"","ast-main-header-display":"","ast-hfb-above-header-display":"","ast-hfb-below-header-display":"","ast-hfb-mobile-header-display":"","site-post-title":"","ast-breadcrumbs-content":"","ast-featured-img":"","footer-sml-layout":"","ast-disable-related-posts":"","theme-transparent-header-meta":"default","adv-header-id-meta":"","stick-header-meta":"","header-above-stick-meta":"","header-main-stick-meta":"","header-below-stick-meta":"","astra-migrate-meta-layouts":"set","ast-page-background-enabled":"default","ast-page-background-meta":{"desktop":{"background-color":"","background-image":"","background-repeat":"repeat","background-position":"center center","background-size":"auto","background-attachment":"scroll","background-type":"","background-media":"","overlay-type":"","overlay-color":"","overlay-opacity":"","overlay-gradient":""},"tablet":{"background-color":"","background-image":"","background-repeat":"repeat","background-position":"center center","background-size":"auto","background-attachment":"scroll","background-type":"","background-media":"","overlay-type":"","overlay-color":"","overlay-opacity":"","overlay-gradient":""},"mobile":{"background-color":"","background-image":"","background-repeat":"repeat","background-position":"center center","background-size":"auto","background-attachment":"scroll","background-type":"","background-media":"","overlay-type":"","overlay-color":"","overlay-opacity":"","overlay-gradient":""}},"ast-content-background-meta":{"desktop":{"background-color":"var(--ast-global-color-5)","background-image":"","background-repeat":"repeat","background-position":"center center","background-size":"auto","background-attachment":"scroll","background-type":"","background-media":"","overlay-type":"","overlay-color":"","overlay-opacity":"","overlay-gradient":""},"tablet":{"background-color":"var(--ast-global-color-5)","background-image":"","background-repeat":"repeat","background-position":"center center","background-size":"auto","background-attachment":"scroll","background-type":"","background-media":"","overlay-type":"","overlay-color":"","overlay-opacity":"","overlay-gradient":""},"mobile":{"background-color":"var(--ast-global-color-5)","background-image":"","background-repeat":"repeat","background-position":"center center","background-size":"auto","background-attachment":"scroll","background-type":"","background-media":"","overlay-type":"","overlay-color":"","overlay-opacity":"","overlay-gradient":""}},"iawp_total_views":41},"product_brand":[],"product_cat":[157,255,451],"product_tag":[],"class_list":{"0":"post-70037","1":"product","2":"type-product","3":"status-publish","4":"has-post-thumbnail","6":"product_cat-offroader","7":"product_cat-technik-van-camper","8":"product_cat-zubehoer","9":"product_shipping_class-groesse-m","10":"desktop-align-left","11":"tablet-align-left","12":"mobile-align-left","13":"ast-product-gallery-layout-horizontal-slider","14":"ast-product-tabs-layout-horizontal","16":"first","17":"instock","18":"taxable","19":"shipping-taxable","20":"purchasable","21":"product-type-simple"},"_links":{"self":[{"href":"https:\/\/campzilla-shop.com\/de\/wp-json\/wp\/v2\/product\/70037","targetHints":{"allow":["GET"]}}],"collection":[{"href":"https:\/\/campzilla-shop.com\/de\/wp-json\/wp\/v2\/product"}],"about":[{"href":"https:\/\/campzilla-shop.com\/de\/wp-json\/wp\/v2\/types\/product"}],"wp:featuredmedia":[{"embeddable":true,"href":"https:\/\/campzilla-shop.com\/de\/wp-json\/wp\/v2\/media\/70023"}],"wp:attachment":[{"href":"https:\/\/campzilla-shop.com\/de\/wp-json\/wp\/v2\/media?parent=70037"}],"wp:term":[{"taxonomy":"product_brand","embeddable":true,"href":"https:\/\/campzilla-shop.com\/de\/wp-json\/wp\/v2\/product_brand?post=70037"},{"taxonomy":"product_cat","embeddable":true,"href":"https:\/\/campzilla-shop.com\/de\/wp-json\/wp\/v2\/product_cat?post=70037"},{"taxonomy":"product_tag","embeddable":true,"href":"https:\/\/campzilla-shop.com\/de\/wp-json\/wp\/v2\/product_tag?post=70037"}],"curies":[{"name":"wp","href":"https:\/\/api.w.org\/{rel}","templated":true}]}}