{"id":70003,"date":"2026-01-13T15:40:49","date_gmt":"2026-01-13T15:40:49","guid":{"rendered":"https:\/\/campzilla-shop.com\/shop\/set-di-borse-per-finestrini-citroen\/"},"modified":"2026-01-13T15:51:43","modified_gmt":"2026-01-13T15:51:43","slug":"fenstertaschen-set-citroen-spacetourer","status":"publish","type":"product","link":"https:\/\/campzilla-shop.com\/de\/shop\/fenstertaschen-set-citroen-spacetourer\/","title":{"rendered":"Fenstertaschen-Set \u2013 Citro\u00ebn Spacetourer, Peugeot Traveller, Opel Zafira Life, Toyota ProAce Verso L3 (5,30m)"},"content":{"rendered":"<h3 data-start=\"0\" data-end=\"48\">Die perfekten Fenstertaschen f\u00fcr deine Reise<\/h3>\n<p data-start=\"50\" data-end=\"245\">Mit diesem <strong data-start=\"61\" data-end=\"83\">Fenstertaschen-Set<\/strong> nutzt du den Platz in deinem Van optimal \u2013 ganz ohne Bohren oder Ver\u00e4nderungen an der Karosserie. Es wurde speziell f\u00fcr die <strong data-start=\"208\" data-end=\"233\">L3-Versionen (5,30 m)<\/strong> entwickelt.<\/p>\n<p data-start=\"247\" data-end=\"266\"><strong data-start=\"247\" data-end=\"266\">Kompatibel mit:<\/strong><\/p>\n<ul data-start=\"268\" data-end=\"370\">\n<li data-start=\"268\" data-end=\"294\">\n<p data-start=\"270\" data-end=\"294\">Citro\u00ebn Spacetourer L3<\/p>\n<\/li>\n<li data-start=\"295\" data-end=\"319\">\n<p data-start=\"297\" data-end=\"319\">Peugeot Traveller L3<\/p>\n<\/li>\n<li data-start=\"320\" data-end=\"343\">\n<p data-start=\"322\" data-end=\"343\">Opel Zafira Life L3<\/p>\n<\/li>\n<li data-start=\"344\" data-end=\"370\">\n<p data-start=\"346\" data-end=\"370\">Toyota ProAce Verso L3<\/p>\n<\/li>\n<\/ul>\n<h3 data-start=\"377\" data-end=\"418\">Cleverer Stauraum \u2013 immer griffbereit<\/h3>\n<p data-start=\"420\" data-end=\"637\">Das Set besteht aus <strong data-start=\"440\" data-end=\"466\">zwei Taschen pro Seite<\/strong>, einem <strong data-start=\"474\" data-end=\"520\">pulverbeschichteten Aluminium-Tr\u00e4gersystem<\/strong> und <strong data-start=\"525\" data-end=\"555\">zwei Thermo-Verdunkelungen<\/strong>. Die Fenstertaschen verwandeln deine Seitenscheiben in praktische Stauf\u00e4cher f\u00fcr:<\/p>\n<ul data-start=\"639\" data-end=\"721\">\n<li data-start=\"639\" data-end=\"651\">\n<p data-start=\"641\" data-end=\"651\">Kleidung<\/p>\n<\/li>\n<li data-start=\"652\" data-end=\"662\">\n<p data-start=\"654\" data-end=\"662\">Schuhe<\/p>\n<\/li>\n<li data-start=\"663\" data-end=\"682\">\n<p data-start=\"665\" data-end=\"682\">Camping-Zubeh\u00f6r<\/p>\n<\/li>\n<li data-start=\"683\" data-end=\"721\">\n<p data-start=\"685\" data-end=\"721\">Karten, Kabel und kleine Werkzeuge<\/p>\n<\/li>\n<\/ul>\n<p data-start=\"723\" data-end=\"874\">Das System ist <strong data-start=\"738\" data-end=\"758\">leise und stabil<\/strong>, Gummidistanzst\u00fccke sch\u00fctzen die Innenfl\u00e4chen zuverl\u00e4ssig.<br data-start=\"817\" data-end=\"820\" \/><strong data-start=\"820\" data-end=\"874\">Zwei Thermo-Verdunkelungen sind bereits inklusive!<\/strong><\/p>\n<h3 data-start=\"881\" data-end=\"926\">Robuste Materialien &amp; Montage ohne Bohren<\/h3>\n<p data-start=\"928\" data-end=\"1215\">Die Taschen bestehen aus <strong data-start=\"953\" data-end=\"1008\">strapazierf\u00e4higem, schmutzabweisendem Oxford-Gewebe<\/strong> mit verst\u00e4rkten N\u00e4hten und hochwertigen Rei\u00dfverschl\u00fcssen.<br data-start=\"1066\" data-end=\"1069\" \/>Die Montage erfolgt \u00fcber das Tr\u00e4gersystem \u2013 <strong data-start=\"1113\" data-end=\"1151\">ohne Bohren, Kleben oder Schrauben<\/strong>: schnell, sauber und jederzeit r\u00fcckstandslos wieder entfernbar.<\/p>\n<h3 data-start=\"1222\" data-end=\"1240\">Deine Vorteile<\/h3>\n<ul data-start=\"1242\" data-end=\"1596\">\n<li data-start=\"1242\" data-end=\"1320\">\n<p data-start=\"1244\" data-end=\"1320\">Passend f\u00fcr Spacetourer L3, Traveller L3, Zafira Life L3 &amp; ProAce Verso L3<\/p>\n<\/li>\n<li data-start=\"1321\" data-end=\"1370\">\n<p data-start=\"1323\" data-end=\"1370\"><strong data-start=\"1323\" data-end=\"1346\">2 Taschen pro Seite<\/strong> (insgesamt 4 Taschen)<\/p>\n<\/li>\n<li data-start=\"1371\" data-end=\"1411\">\n<p data-start=\"1373\" data-end=\"1411\"><strong data-start=\"1373\" data-end=\"1399\">Aluminium-Tr\u00e4gersystem<\/strong> inklusive<\/p>\n<\/li>\n<li data-start=\"1412\" data-end=\"1458\">\n<p data-start=\"1414\" data-end=\"1458\">Robustes Oxford-Material, verst\u00e4rkte N\u00e4hte<\/p>\n<\/li>\n<li data-start=\"1459\" data-end=\"1494\">\n<p data-start=\"1461\" data-end=\"1494\">Montage ohne Bohren oder Kleben<\/p>\n<\/li>\n<li data-start=\"1495\" data-end=\"1548\">\n<p data-start=\"1497\" data-end=\"1548\"><strong data-start=\"1497\" data-end=\"1524\">2 Thermo-Verdunkelungen<\/strong> f\u00fcr bessere Isolation<\/p>\n<\/li>\n<li data-start=\"1549\" data-end=\"1596\">\n<p data-start=\"1551\" data-end=\"1596\">Mehr Ordnung &amp; zus\u00e4tzlicher Stauraum im Van<\/p>\n<\/li>\n<\/ul>\n<p data-start=\"1598\" data-end=\"1712\" data-is-last-node=\"\" data-is-only-node=\"\">Mit diesem Fenstertaschen-Set wird dein Van noch praktischer, aufger\u00e4umter und perfekt vorbereitet f\u00fcr jede Reise.<\/p>\n","protected":false},"excerpt":{"rendered":"<p data-start=\"0\" data-end=\"33\"><strong data-start=\"0\" data-end=\"33\">Made in EU \u2013 H\u00f6chste Qualit\u00e4t<\/strong><\/p>\n<p data-start=\"35\" data-end=\"318\" data-is-last-node=\"\" data-is-only-node=\"\">Das Fenstertaschen-System wird in der EU gefertigt und erf\u00fcllt h\u00f6chste Qualit\u00e4tsstandards. Verlass dich auf Funktionalit\u00e4t und Langlebigkeit, die dir entscheidenden Komfort f\u00fcr dein Vanlife bieten. Ideal, um den Innenraum optimal zu nutzen \u2013 ohne Einbu\u00dfen bei Sicht oder Wohnkomfort.<\/p>\n","protected":false},"featured_media":69989,"template":"","meta":{"site-sidebar-layout":"default","site-content-layout":"","ast-site-content-layout":"default","site-content-style":"default","site-sidebar-style":"default","ast-global-header-display":"","ast-banner-title-visibility":"","ast-main-header-display":"","ast-hfb-above-header-display":"","ast-hfb-below-header-display":"","ast-hfb-mobile-header-display":"","site-post-title":"","ast-breadcrumbs-content":"","ast-featured-img":"","footer-sml-layout":"","ast-disable-related-posts":"","theme-transparent-header-meta":"default","adv-header-id-meta":"","stick-header-meta":"","header-above-stick-meta":"","header-main-stick-meta":"","header-below-stick-meta":"","astra-migrate-meta-layouts":"set","ast-page-background-enabled":"default","ast-page-background-meta":{"desktop":{"background-color":"","background-image":"","background-repeat":"repeat","background-position":"center center","background-size":"auto","background-attachment":"scroll","background-type":"","background-media":"","overlay-type":"","overlay-color":"","overlay-opacity":"","overlay-gradient":""},"tablet":{"background-color":"","background-image":"","background-repeat":"repeat","background-position":"center center","background-size":"auto","background-attachment":"scroll","background-type":"","background-media":"","overlay-type":"","overlay-color":"","overlay-opacity":"","overlay-gradient":""},"mobile":{"background-color":"","background-image":"","background-repeat":"repeat","background-position":"center center","background-size":"auto","background-attachment":"scroll","background-type":"","background-media":"","overlay-type":"","overlay-color":"","overlay-opacity":"","overlay-gradient":""}},"ast-content-background-meta":{"desktop":{"background-color":"var(--ast-global-color-5)","background-image":"","background-repeat":"repeat","background-position":"center center","background-size":"auto","background-attachment":"scroll","background-type":"","background-media":"","overlay-type":"","overlay-color":"","overlay-opacity":"","overlay-gradient":""},"tablet":{"background-color":"var(--ast-global-color-5)","background-image":"","background-repeat":"repeat","background-position":"center center","background-size":"auto","background-attachment":"scroll","background-type":"","background-media":"","overlay-type":"","overlay-color":"","overlay-opacity":"","overlay-gradient":""},"mobile":{"background-color":"var(--ast-global-color-5)","background-image":"","background-repeat":"repeat","background-position":"center center","background-size":"auto","background-attachment":"scroll","background-type":"","background-media":"","overlay-type":"","overlay-color":"","overlay-opacity":"","overlay-gradient":""}},"iawp_total_views":129},"product_brand":[],"product_cat":[155],"product_tag":[],"class_list":{"0":"post-70003","1":"product","2":"type-product","3":"status-publish","4":"has-post-thumbnail","6":"product_cat-fenstertaschen-staumoeglichkeiten","7":"product_shipping_class-groesse-m","8":"desktop-align-left","9":"tablet-align-left","10":"mobile-align-left","11":"ast-product-gallery-layout-horizontal-slider","12":"ast-product-tabs-layout-horizontal","14":"first","15":"instock","16":"taxable","17":"shipping-taxable","18":"purchasable","19":"product-type-simple"},"_links":{"self":[{"href":"https:\/\/campzilla-shop.com\/de\/wp-json\/wp\/v2\/product\/70003","targetHints":{"allow":["GET"]}}],"collection":[{"href":"https:\/\/campzilla-shop.com\/de\/wp-json\/wp\/v2\/product"}],"about":[{"href":"https:\/\/campzilla-shop.com\/de\/wp-json\/wp\/v2\/types\/product"}],"wp:featuredmedia":[{"embeddable":true,"href":"https:\/\/campzilla-shop.com\/de\/wp-json\/wp\/v2\/media\/69989"}],"wp:attachment":[{"href":"https:\/\/campzilla-shop.com\/de\/wp-json\/wp\/v2\/media?parent=70003"}],"wp:term":[{"taxonomy":"product_brand","embeddable":true,"href":"https:\/\/campzilla-shop.com\/de\/wp-json\/wp\/v2\/product_brand?post=70003"},{"taxonomy":"product_cat","embeddable":true,"href":"https:\/\/campzilla-shop.com\/de\/wp-json\/wp\/v2\/product_cat?post=70003"},{"taxonomy":"product_tag","embeddable":true,"href":"https:\/\/campzilla-shop.com\/de\/wp-json\/wp\/v2\/product_tag?post=70003"}],"curies":[{"name":"wp","href":"https:\/\/api.w.org\/{rel}","templated":true}]}}