{"id":69654,"date":"2025-10-24T08:28:00","date_gmt":"2025-10-24T08:28:00","guid":{"rendered":"https:\/\/campzilla-shop.com\/shop\/oscuranti-termici-land-rover-defender-3\/"},"modified":"2026-04-28T07:35:44","modified_gmt":"2026-04-28T07:35:44","slug":"thermomatten-land-rover-defender-110-2","status":"publish","type":"product","link":"https:\/\/campzilla-shop.com\/de\/shop\/thermomatten-land-rover-defender-110-2\/","title":{"rendered":"Thermomatten \u2013 Land Rover Defender 110 \u2013 pa\u00dfgenau, hochwertige Qualit\u00e4t"},"content":{"rendered":"<h2 data-start=\"75\" data-end=\"128\"><strong data-start=\"75\" data-end=\"126\">Mach deinen Defender bereit f\u00fcr jedes Abenteuer<\/strong><\/h2>\n<p data-start=\"130\" data-end=\"483\">Genie\u00dfe maximalen Komfort zu jeder Jahreszeit mit unseren hochwertigen Thermomatten f\u00fcr den Land Rover Defender 110. Ma\u00dfgefertigt bieten sie eine perfekte Passform sowie hervorragenden Schutz vor extremer Hitze und K\u00e4lte.<br data-start=\"353\" data-end=\"356\" \/>Einfach zu montieren und zu entfernen, halten sie das Fahrzeuginnere im Winter warm und im Sommer k\u00fchl \u2013 in wenigen Sekunden.<\/p>\n<p data-start=\"485\" data-end=\"658\">Hergestellt aus robustem Stoff in Grau\/Schwarz, bieten die Thermomatten Komfort, Privatsph\u00e4re und einen eleganten Look \u2013 ideal f\u00fcr alle, die das Reisen in Freiheit lieben.<\/p>\n<p data-start=\"660\" data-end=\"744\"><strong data-start=\"660\" data-end=\"672\">Hinweis:<\/strong> Die Version f\u00fcr die Heckt\u00fcr hat keinen Ausschnitt f\u00fcr das Bremslicht.<\/p>\n<h5 data-start=\"746\" data-end=\"761\"><strong data-start=\"746\" data-end=\"759\">Vorteile:<\/strong><\/h5>\n<ul data-start=\"762\" data-end=\"1095\">\n<li data-start=\"762\" data-end=\"862\">\n<p data-start=\"764\" data-end=\"862\">Komplettes Set aus 10 Teilen (ohne die Alpini) \u2013 ma\u00dfgeschneidert f\u00fcr den Land Rover Defender 110<\/p>\n<\/li>\n<li data-start=\"863\" data-end=\"898\">\n<p data-start=\"865\" data-end=\"898\">Einfache Montage mit Saugn\u00e4pfen<\/p>\n<\/li>\n<li data-start=\"899\" data-end=\"949\">\n<p data-start=\"901\" data-end=\"949\">Thermomatten f\u00fcr Windschutzscheibe und Fenster<\/p>\n<\/li>\n<li data-start=\"950\" data-end=\"988\">\n<p data-start=\"952\" data-end=\"988\">Hochwertiger Stoff in Grau\/Schwarz<\/p>\n<\/li>\n<li data-start=\"989\" data-end=\"1051\">\n<p data-start=\"991\" data-end=\"1051\">Effektiver Schutz vor Hitze, K\u00e4lte und neugierigen Blicken<\/p>\n<\/li>\n<li data-start=\"1052\" data-end=\"1095\">\n<p data-start=\"1054\" data-end=\"1095\">Perfekt f\u00fcr Reisen, Camping und Vanlife<\/p>\n<\/li>\n<\/ul>\n","protected":false},"excerpt":{"rendered":"<p>Unsere Thermomatten bestehen aus robustem Stoff in Grau\/Schwarz und bieten Komfort, Privatsph\u00e4re sowie einen eleganten Look \u2013 ideal f\u00fcr alle, die das Reisen in Freiheit lieben.<\/p>\n","protected":false},"featured_media":71558,"template":"","meta":{"site-sidebar-layout":"default","site-content-layout":"","ast-site-content-layout":"default","site-content-style":"default","site-sidebar-style":"default","ast-global-header-display":"","ast-banner-title-visibility":"","ast-main-header-display":"","ast-hfb-above-header-display":"","ast-hfb-below-header-display":"","ast-hfb-mobile-header-display":"","site-post-title":"","ast-breadcrumbs-content":"","ast-featured-img":"","footer-sml-layout":"","ast-disable-related-posts":"","theme-transparent-header-meta":"default","adv-header-id-meta":"","stick-header-meta":"","header-above-stick-meta":"","header-main-stick-meta":"","header-below-stick-meta":"","astra-migrate-meta-layouts":"set","ast-page-background-enabled":"default","ast-page-background-meta":{"desktop":{"background-color":"","background-image":"","background-repeat":"repeat","background-position":"center center","background-size":"auto","background-attachment":"scroll","background-type":"","background-media":"","overlay-type":"","overlay-color":"","overlay-opacity":"","overlay-gradient":""},"tablet":{"background-color":"","background-image":"","background-repeat":"repeat","background-position":"center center","background-size":"auto","background-attachment":"scroll","background-type":"","background-media":"","overlay-type":"","overlay-color":"","overlay-opacity":"","overlay-gradient":""},"mobile":{"background-color":"","background-image":"","background-repeat":"repeat","background-position":"center center","background-size":"auto","background-attachment":"scroll","background-type":"","background-media":"","overlay-type":"","overlay-color":"","overlay-opacity":"","overlay-gradient":""}},"ast-content-background-meta":{"desktop":{"background-color":"var(--ast-global-color-5)","background-image":"","background-repeat":"repeat","background-position":"center center","background-size":"auto","background-attachment":"scroll","background-type":"","background-media":"","overlay-type":"","overlay-color":"","overlay-opacity":"","overlay-gradient":""},"tablet":{"background-color":"var(--ast-global-color-5)","background-image":"","background-repeat":"repeat","background-position":"center center","background-size":"auto","background-attachment":"scroll","background-type":"","background-media":"","overlay-type":"","overlay-color":"","overlay-opacity":"","overlay-gradient":""},"mobile":{"background-color":"var(--ast-global-color-5)","background-image":"","background-repeat":"repeat","background-position":"center center","background-size":"auto","background-attachment":"scroll","background-type":"","background-media":"","overlay-type":"","overlay-color":"","overlay-opacity":"","overlay-gradient":""}},"iawp_total_views":468},"product_brand":[],"product_cat":[160],"product_tag":[],"class_list":{"0":"post-69654","1":"product","2":"type-product","3":"status-publish","4":"has-post-thumbnail","6":"product_cat-offroader-isolierung","7":"product_shipping_class-groesse-m","8":"desktop-align-left","9":"tablet-align-left","10":"mobile-align-left","11":"ast-product-gallery-layout-horizontal-slider","12":"ast-product-tabs-layout-horizontal","14":"first","15":"instock","16":"sale","17":"taxable","18":"shipping-taxable","19":"purchasable","20":"product-type-simple"},"_links":{"self":[{"href":"https:\/\/campzilla-shop.com\/de\/wp-json\/wp\/v2\/product\/69654","targetHints":{"allow":["GET"]}}],"collection":[{"href":"https:\/\/campzilla-shop.com\/de\/wp-json\/wp\/v2\/product"}],"about":[{"href":"https:\/\/campzilla-shop.com\/de\/wp-json\/wp\/v2\/types\/product"}],"wp:featuredmedia":[{"embeddable":true,"href":"https:\/\/campzilla-shop.com\/de\/wp-json\/wp\/v2\/media\/71558"}],"wp:attachment":[{"href":"https:\/\/campzilla-shop.com\/de\/wp-json\/wp\/v2\/media?parent=69654"}],"wp:term":[{"taxonomy":"product_brand","embeddable":true,"href":"https:\/\/campzilla-shop.com\/de\/wp-json\/wp\/v2\/product_brand?post=69654"},{"taxonomy":"product_cat","embeddable":true,"href":"https:\/\/campzilla-shop.com\/de\/wp-json\/wp\/v2\/product_cat?post=69654"},{"taxonomy":"product_tag","embeddable":true,"href":"https:\/\/campzilla-shop.com\/de\/wp-json\/wp\/v2\/product_tag?post=69654"}],"curies":[{"name":"wp","href":"https:\/\/api.w.org\/{rel}","templated":true}]}}