{"id":69566,"date":"2025-11-14T14:38:27","date_gmt":"2025-11-14T14:38:27","guid":{"rendered":"https:\/\/campzilla-shop.com\/shop\/power-station-vw-t6-box-batteria-lifepo\/"},"modified":"2025-11-14T15:08:34","modified_gmt":"2025-11-14T15:08:34","slug":"power-station-vw-t6-box-all-in-one-solution-mit-lifepo%e2%82%84-100ah-batterie-mppt-solarregler-dc-dc-booster","status":"publish","type":"product","link":"https:\/\/campzilla-shop.com\/de\/shop\/power-station-vw-t6-box-all-in-one-solution-mit-lifepo%e2%82%84-100ah-batterie-mppt-solarregler-dc-dc-booster\/","title":{"rendered":"Power Station, VW T6-BOX, All In One Solution mit LiFePO\u2084 100Ah Batterie, MPPT Solarregler & DC-DC Booster"},"content":{"rendered":"<h1 data-start=\"417\" data-end=\"473\"><strong data-start=\"419\" data-end=\"473\">Power Station VW T6-BOX mit 100Ah LiFePO\u2084 Batterie<\/strong><\/h1>\n<p data-start=\"475\" data-end=\"809\">Die <strong data-start=\"479\" data-end=\"506\">Power Station VW T6-Box<\/strong> ist die ideale L\u00f6sung f\u00fcr alle, die im Camper oder Van maximale Energie, Sicherheit und Flexibilit\u00e4t w\u00fcnschen \u2013 und das auf minimalem Raum. Entwickelt zur platzsparenden Montage <strong data-start=\"685\" data-end=\"725\">unter dem Fahrer- oder Beifahrersitz<\/strong>, bietet sie eine leistungsstarke, autarke Stromversorgung f\u00fcr alle deine Abenteuer.<\/p>\n<h3 data-start=\"811\" data-end=\"856\"><strong data-start=\"815\" data-end=\"856\">Kompakt, leistungsstark und langlebig<\/strong><\/h3>\n<p data-start=\"857\" data-end=\"1123\">Im Inneren arbeitet eine <strong data-start=\"882\" data-end=\"912\">LiFePO\u2084-Batterie mit 100Ah<\/strong>, bekannt f\u00fcr ihre hohe Stabilit\u00e4t, schnelle Ladef\u00e4higkeit und beeindruckende Lebensdauer von <strong data-start=\"1006\" data-end=\"1028\">bis zu 4000 Zyklen<\/strong>. Damit ist sie perfekt f\u00fcr anspruchsvolle Camper, die auf Qualit\u00e4t und Zuverl\u00e4ssigkeit setzen.<\/p>\n<h3 data-start=\"1125\" data-end=\"1173\"><strong data-start=\"1129\" data-end=\"1173\">Multisource-Ladung: Fahrzeug, Solar &amp; AC<\/strong><\/h3>\n<p data-start=\"1174\" data-end=\"1260\">Die VW T6-Box integriert alles, was du f\u00fcr eine flexible Energieversorgung brauchst:<\/p>\n<ul data-start=\"1261\" data-end=\"1432\">\n<li data-start=\"1261\" data-end=\"1315\">\n<p data-start=\"1263\" data-end=\"1315\"><strong data-start=\"1263\" data-end=\"1284\">DC-DC Booster 25A<\/strong> \u2013 ideal f\u00fcr Euro-6-Fahrzeuge<\/p>\n<\/li>\n<li data-start=\"1316\" data-end=\"1395\">\n<p data-start=\"1318\" data-end=\"1395\"><strong data-start=\"1318\" data-end=\"1354\">MPPT-Solarregler 25A (32V, 290W)<\/strong> \u2013 f\u00fcr effizientes Laden per Solarpanel<\/p>\n<\/li>\n<li data-start=\"1396\" data-end=\"1432\">\n<p data-start=\"1398\" data-end=\"1432\">Ladeoption \u00fcber <strong data-start=\"1414\" data-end=\"1430\">AC-Steckdose<\/strong><\/p>\n<\/li>\n<\/ul>\n<p data-start=\"1434\" data-end=\"1521\">So bleibst du immer unabh\u00e4ngig \u2013 egal ob auf Reisen, im Offgrid-Camping oder im Alltag.<\/p>\n<h3 data-start=\"1523\" data-end=\"1558\"><strong data-start=\"1527\" data-end=\"1558\">Smart Control per Bluetooth<\/strong><\/h3>\n<p data-start=\"1559\" data-end=\"1748\">Dank <strong data-start=\"1564\" data-end=\"1590\">integriertem Bluetooth<\/strong> und einer App f\u00fcr Android und iOS hast du alle Energieparameter jederzeit im Blick: Ladezustand, Verbrauch, Spannungen und mehr. Alles bequem vom Smartphone.<\/p>\n<h3 data-start=\"1750\" data-end=\"1779\"><strong data-start=\"1754\" data-end=\"1779\">Platzsparend &amp; robust<\/strong><\/h3>\n<p data-start=\"1780\" data-end=\"2016\">Mit nur <strong data-start=\"1788\" data-end=\"1797\">12 kg<\/strong> und kompakten <strong data-start=\"1812\" data-end=\"1834\">270 x 190 x 180 mm<\/strong> passt die T6-Box diskret unter den Sitz, ohne wertvollen Stauraum zu blockieren. Gleichzeitig liefert sie genug Power f\u00fcr K\u00fchlschrank, Lichter, Ladeger\u00e4te und weitere Ger\u00e4te im Van.<\/p>\n<h5>Technische Daten<\/h5>\n<p><strong>Batterie:<\/strong> LiFePO\u2084 12,8 V, 100 Ah<br \/>\n<strong>DC-DC Converter:<\/strong> 25 A, kompatibel mit Euro 6<br \/>\n<strong>MPPT-Solarregler:<\/strong> 25 A, 32 V, 290 W<br \/>\n<strong>Lebensdauer:<\/strong> ca. 4000 Ladezyklen (1C)<br \/>\n<strong>Bluetooth:<\/strong> integriert, App f\u00fcr Android &amp; iOS<br \/>\n<strong>Ma\u00dfe:<\/strong> 270 x 190 x 180 mm<br \/>\n<strong>Gewicht:<\/strong> 12 kg<\/p>\n<h5>Lieferumfang<\/h5>\n<p>Power Station T6-Box mit 100Ah LiFePO\u2084-Batterie<br \/>\nAnschlusskabel f\u00fcr DC-DC Laden \u00fcber Lichtmaschine<br \/>\nMPPT-Laderegler f\u00fcr Solarpanels<br \/>\nAlle ben\u00f6tigten Kabel &amp; Anschl\u00fcsse<br \/>\nBluetooth-App (iOS &amp; Android)<br \/>\nBenutzerhandbuch<\/p>\n","protected":false},"excerpt":{"rendered":"<p><strong>Kompakte Plug-and-Play-Energiel\u00f6sung speziell f\u00fcr den VW T6<\/strong><br \/>\n\u2013 passt diskret unter Fahrer- oder Beifahrersitz.<br \/>\n<strong>100Ah LiFePO\u2084-Batterie f\u00fcr maximale Sicherheit &amp; Lebensdauer<\/strong><br \/>\n\u2013 \u00fcber 4000 Ladezyklen, hohe Stabilit\u00e4t, schnelle Ladezeiten.<br \/>\n<strong>Komplett integrierte Ladetechnik<\/strong><br \/>\n\u2013 DC-DC Booster 25A + MPPT 25A f\u00fcr Solar (290W) + AC-Ladeoption.<br \/>\n<strong>Euro-6-kompatibel<\/strong><br \/>\n\u2013 zuverl\u00e4ssige Nachladung im modernen Fahrzeugbetrieb.<br \/>\n<strong>Bluetooth-App-\u00dcberwachung<\/strong><br \/>\n\u2013 Echtzeit-Monitoring von Batterie, Ladung &amp; Verbrauch direkt am Smartphone.<br \/>\n<strong>Autark unterwegs<\/strong><br \/>\n\u2013 ideal f\u00fcr Offgrid-Camping, Wochenendtrips und Abenteuerfahrten.<br \/>\n<strong>Sehr leicht &amp; robust<\/strong><br \/>\n\u2013 nur 12 kg bei voller 100Ah-Kapazit\u00e4t.<br \/>\n<strong>Plug &amp; Play<\/strong><br \/>\n\u2013 alle Kabel, Anschl\u00fcsse &amp; Regler bereits integriert.<\/p>\n","protected":false},"featured_media":69558,"template":"","meta":{"site-sidebar-layout":"default","site-content-layout":"","ast-site-content-layout":"default","site-content-style":"default","site-sidebar-style":"default","ast-global-header-display":"","ast-banner-title-visibility":"","ast-main-header-display":"","ast-hfb-above-header-display":"","ast-hfb-below-header-display":"","ast-hfb-mobile-header-display":"","site-post-title":"","ast-breadcrumbs-content":"","ast-featured-img":"","footer-sml-layout":"","ast-disable-related-posts":"","theme-transparent-header-meta":"default","adv-header-id-meta":"","stick-header-meta":"","header-above-stick-meta":"","header-main-stick-meta":"","header-below-stick-meta":"","astra-migrate-meta-layouts":"set","ast-page-background-enabled":"default","ast-page-background-meta":{"desktop":{"background-color":"","background-image":"","background-repeat":"repeat","background-position":"center center","background-size":"auto","background-attachment":"scroll","background-type":"","background-media":"","overlay-type":"","overlay-color":"","overlay-opacity":"","overlay-gradient":""},"tablet":{"background-color":"","background-image":"","background-repeat":"repeat","background-position":"center center","background-size":"auto","background-attachment":"scroll","background-type":"","background-media":"","overlay-type":"","overlay-color":"","overlay-opacity":"","overlay-gradient":""},"mobile":{"background-color":"","background-image":"","background-repeat":"repeat","background-position":"center center","background-size":"auto","background-attachment":"scroll","background-type":"","background-media":"","overlay-type":"","overlay-color":"","overlay-opacity":"","overlay-gradient":""}},"ast-content-background-meta":{"desktop":{"background-color":"var(--ast-global-color-5)","background-image":"","background-repeat":"repeat","background-position":"center center","background-size":"auto","background-attachment":"scroll","background-type":"","background-media":"","overlay-type":"","overlay-color":"","overlay-opacity":"","overlay-gradient":""},"tablet":{"background-color":"var(--ast-global-color-5)","background-image":"","background-repeat":"repeat","background-position":"center center","background-size":"auto","background-attachment":"scroll","background-type":"","background-media":"","overlay-type":"","overlay-color":"","overlay-opacity":"","overlay-gradient":""},"mobile":{"background-color":"var(--ast-global-color-5)","background-image":"","background-repeat":"repeat","background-position":"center center","background-size":"auto","background-attachment":"scroll","background-type":"","background-media":"","overlay-type":"","overlay-color":"","overlay-opacity":"","overlay-gradient":""}},"iawp_total_views":36},"product_brand":[],"product_cat":[383],"product_tag":[],"class_list":{"0":"post-69566","1":"product","2":"type-product","3":"status-publish","4":"has-post-thumbnail","6":"product_cat-energie-elektronik","7":"product_shipping_class-groesse-m","8":"desktop-align-left","9":"tablet-align-left","10":"mobile-align-left","11":"ast-product-gallery-layout-horizontal-slider","12":"ast-product-tabs-layout-horizontal","14":"first","15":"instock","16":"taxable","17":"shipping-taxable","18":"purchasable","19":"product-type-simple"},"_links":{"self":[{"href":"https:\/\/campzilla-shop.com\/de\/wp-json\/wp\/v2\/product\/69566","targetHints":{"allow":["GET"]}}],"collection":[{"href":"https:\/\/campzilla-shop.com\/de\/wp-json\/wp\/v2\/product"}],"about":[{"href":"https:\/\/campzilla-shop.com\/de\/wp-json\/wp\/v2\/types\/product"}],"wp:featuredmedia":[{"embeddable":true,"href":"https:\/\/campzilla-shop.com\/de\/wp-json\/wp\/v2\/media\/69558"}],"wp:attachment":[{"href":"https:\/\/campzilla-shop.com\/de\/wp-json\/wp\/v2\/media?parent=69566"}],"wp:term":[{"taxonomy":"product_brand","embeddable":true,"href":"https:\/\/campzilla-shop.com\/de\/wp-json\/wp\/v2\/product_brand?post=69566"},{"taxonomy":"product_cat","embeddable":true,"href":"https:\/\/campzilla-shop.com\/de\/wp-json\/wp\/v2\/product_cat?post=69566"},{"taxonomy":"product_tag","embeddable":true,"href":"https:\/\/campzilla-shop.com\/de\/wp-json\/wp\/v2\/product_tag?post=69566"}],"curies":[{"name":"wp","href":"https:\/\/api.w.org\/{rel}","templated":true}]}}