{"id":69453,"date":"2025-11-07T15:59:03","date_gmt":"2025-11-07T15:59:03","guid":{"rendered":"https:\/\/campzilla-shop.com\/shop\/borsa-porta-utensili-griglia-bbq\/"},"modified":"2025-11-07T16:09:33","modified_gmt":"2025-11-07T16:09:33","slug":"bbq-roll-bag-robuste-rolltasche","status":"publish","type":"product","link":"https:\/\/campzilla-shop.com\/de\/shop\/bbq-roll-bag-robuste-rolltasche\/","title":{"rendered":"BBQ Roll Bag \u2013 Rolltasche f\u00fcr Outdoor- & Campingk\u00fcche"},"content":{"rendered":"<h2 data-start=\"0\" data-end=\"59\">Rolltasche f\u00fcr das Equipment f\u00fcr die Outdoor- und Camping-K\u00fcche.<\/h2>\n<p data-start=\"61\" data-end=\"522\">Die <strong data-start=\"65\" data-end=\"81\">BBQ Roll Bag<\/strong> ist ein unverzichtbares Accessoire f\u00fcr alle Outdoor- und Campingfreunde, die ihre <strong data-start=\"164\" data-end=\"225\">K\u00fcchenausr\u00fcstung ordentlich, platzsparend und griffbereit<\/strong> aufbewahren m\u00f6chten. Diese robuste <strong data-start=\"261\" data-end=\"302\">Rolltasche f\u00fcr Grill- und Kochzubeh\u00f6r<\/strong> bietet viel Stauraum f\u00fcr alles, was beim Kochen unter freiem Himmel nicht fehlen darf \u2013 von langen Grillzangen und Pfannenwendern bis hin zu Messern, Kochl\u00f6ffeln und Reinigungsutensilien f\u00fcr Grillrost oder Dutch Oven.<\/p>\n<p data-start=\"524\" data-end=\"896\">Im unteren Bereich verf\u00fcgt die Tasche \u00fcber <strong data-start=\"567\" data-end=\"614\">zwei Lagen mit insgesamt 14 Einschubtaschen<\/strong> in verschiedenen Breiten und H\u00f6hen, ideal zum Sortieren von K\u00fcchenwerkzeugen und Zubeh\u00f6r. Dar\u00fcber befinden sich <strong data-start=\"727\" data-end=\"748\">zwei Klettfl\u00e4chen<\/strong>, an denen sich die mitgelieferten <strong data-start=\"783\" data-end=\"823\">Gummikordel- und Gummiband-Schlaufen<\/strong> befestigen lassen \u2013 perfekt, um weiteres Equipment sicher zu fixieren.<\/p>\n<p data-start=\"898\" data-end=\"1221\">Eine <strong data-start=\"903\" data-end=\"937\">seitliche Rei\u00dfverschlusstasche<\/strong> bietet zus\u00e4tzlichen Platz f\u00fcr Geschirr-, Sp\u00fcl- oder K\u00fcchent\u00fccher.<br data-start=\"1003\" data-end=\"1006\" \/>Besonders clever: Die mitgelieferte <strong data-start=\"1042\" data-end=\"1062\">Buchenholzleiste<\/strong> stabilisiert die Tasche beim Aufh\u00e4ngen und verhindert ein st\u00f6rendes Einklappen \u2013 ideal, wenn die Tasche an einem Ast, Haken oder Fahrzeugdach montiert wird.<\/p>\n<h5 data-start=\"1223\" data-end=\"1242\"><strong data-start=\"1223\" data-end=\"1240\">Lieferumfang:<\/strong><\/h5>\n<ul data-start=\"1243\" data-end=\"1418\">\n<li data-start=\"1243\" data-end=\"1262\">\n<p data-start=\"1245\" data-end=\"1262\">1x BBQ Roll Bag<\/p>\n<\/li>\n<li data-start=\"1263\" data-end=\"1286\">\n<p data-start=\"1265\" data-end=\"1286\">1x Buchenholzleiste<\/p>\n<\/li>\n<li data-start=\"1287\" data-end=\"1328\">\n<p data-start=\"1289\" data-end=\"1328\">1x Velcro-Gummikordel mit 4 Schlaufen<\/p>\n<\/li>\n<li data-start=\"1329\" data-end=\"1369\">\n<p data-start=\"1331\" data-end=\"1369\">1x Velcro-Gummiband mit 13 Schlaufen<\/p>\n<\/li>\n<li data-start=\"1370\" data-end=\"1418\">\n<p data-start=\"1372\" data-end=\"1418\">Erweiterbare Klettleisten separat erh\u00e4ltlich<\/p>\n<\/li>\n<\/ul>\n<h5 data-start=\"1420\" data-end=\"1443\"><strong data-start=\"1420\" data-end=\"1441\">Technische Daten:<\/strong><\/h5>\n<ul data-start=\"1444\" data-end=\"1546\">\n<li data-start=\"1444\" data-end=\"1484\">\n<p data-start=\"1446\" data-end=\"1484\"><strong data-start=\"1446\" data-end=\"1459\">Material:<\/strong> Polyamid 6 \/ Polyester<\/p>\n<\/li>\n<li data-start=\"1485\" data-end=\"1523\">\n<p data-start=\"1487\" data-end=\"1523\"><strong data-start=\"1487\" data-end=\"1496\">Ma\u00dfe:<\/strong> 840 x 630 x 5 mm (HxBxT)<\/p>\n<\/li>\n<li data-start=\"1524\" data-end=\"1546\">\n<p data-start=\"1526\" data-end=\"1546\"><strong data-start=\"1526\" data-end=\"1538\">Gewicht:<\/strong> 820g<\/p>\n<\/li>\n<\/ul>\n","protected":false},"excerpt":{"rendered":"<p><strong>Made in EU! <\/strong><\/p>\n<p>Ob am Lagerfeuer, im Camper oder auf Expedition \u2013 die <strong data-start=\"1602\" data-end=\"1618\">BBQ Roll Bag<\/strong> darf in keiner Outdoor-K\u00fcche fehlen.<\/p>\n","protected":false},"featured_media":69451,"template":"","meta":{"site-sidebar-layout":"default","site-content-layout":"","ast-site-content-layout":"default","site-content-style":"default","site-sidebar-style":"default","ast-global-header-display":"","ast-banner-title-visibility":"","ast-main-header-display":"","ast-hfb-above-header-display":"","ast-hfb-below-header-display":"","ast-hfb-mobile-header-display":"","site-post-title":"","ast-breadcrumbs-content":"","ast-featured-img":"","footer-sml-layout":"","ast-disable-related-posts":"","theme-transparent-header-meta":"default","adv-header-id-meta":"","stick-header-meta":"","header-above-stick-meta":"","header-main-stick-meta":"","header-below-stick-meta":"","astra-migrate-meta-layouts":"set","ast-page-background-enabled":"default","ast-page-background-meta":{"desktop":{"background-color":"","background-image":"","background-repeat":"repeat","background-position":"center center","background-size":"auto","background-attachment":"scroll","background-type":"","background-media":"","overlay-type":"","overlay-color":"","overlay-opacity":"","overlay-gradient":""},"tablet":{"background-color":"","background-image":"","background-repeat":"repeat","background-position":"center center","background-size":"auto","background-attachment":"scroll","background-type":"","background-media":"","overlay-type":"","overlay-color":"","overlay-opacity":"","overlay-gradient":""},"mobile":{"background-color":"","background-image":"","background-repeat":"repeat","background-position":"center center","background-size":"auto","background-attachment":"scroll","background-type":"","background-media":"","overlay-type":"","overlay-color":"","overlay-opacity":"","overlay-gradient":""}},"ast-content-background-meta":{"desktop":{"background-color":"var(--ast-global-color-5)","background-image":"","background-repeat":"repeat","background-position":"center center","background-size":"auto","background-attachment":"scroll","background-type":"","background-media":"","overlay-type":"","overlay-color":"","overlay-opacity":"","overlay-gradient":""},"tablet":{"background-color":"var(--ast-global-color-5)","background-image":"","background-repeat":"repeat","background-position":"center center","background-size":"auto","background-attachment":"scroll","background-type":"","background-media":"","overlay-type":"","overlay-color":"","overlay-opacity":"","overlay-gradient":""},"mobile":{"background-color":"var(--ast-global-color-5)","background-image":"","background-repeat":"repeat","background-position":"center center","background-size":"auto","background-attachment":"scroll","background-type":"","background-media":"","overlay-type":"","overlay-color":"","overlay-opacity":"","overlay-gradient":""}},"iawp_total_views":10},"product_brand":[],"product_cat":[39,155,157],"product_tag":[],"class_list":{"0":"post-69453","1":"product","2":"type-product","3":"status-publish","4":"has-post-thumbnail","6":"product_cat-essen-trinken","7":"product_cat-fenstertaschen-staumoeglichkeiten","8":"product_cat-offroader","9":"product_shipping_class-groesse-s","10":"desktop-align-left","11":"tablet-align-left","12":"mobile-align-left","13":"ast-product-gallery-layout-horizontal-slider","14":"ast-product-tabs-layout-horizontal","16":"first","17":"instock","18":"taxable","19":"shipping-taxable","20":"purchasable","21":"product-type-simple"},"_links":{"self":[{"href":"https:\/\/campzilla-shop.com\/de\/wp-json\/wp\/v2\/product\/69453","targetHints":{"allow":["GET"]}}],"collection":[{"href":"https:\/\/campzilla-shop.com\/de\/wp-json\/wp\/v2\/product"}],"about":[{"href":"https:\/\/campzilla-shop.com\/de\/wp-json\/wp\/v2\/types\/product"}],"wp:featuredmedia":[{"embeddable":true,"href":"https:\/\/campzilla-shop.com\/de\/wp-json\/wp\/v2\/media\/69451"}],"wp:attachment":[{"href":"https:\/\/campzilla-shop.com\/de\/wp-json\/wp\/v2\/media?parent=69453"}],"wp:term":[{"taxonomy":"product_brand","embeddable":true,"href":"https:\/\/campzilla-shop.com\/de\/wp-json\/wp\/v2\/product_brand?post=69453"},{"taxonomy":"product_cat","embeddable":true,"href":"https:\/\/campzilla-shop.com\/de\/wp-json\/wp\/v2\/product_cat?post=69453"},{"taxonomy":"product_tag","embeddable":true,"href":"https:\/\/campzilla-shop.com\/de\/wp-json\/wp\/v2\/product_tag?post=69453"}],"curies":[{"name":"wp","href":"https:\/\/api.w.org\/{rel}","templated":true}]}}