{"id":69324,"date":"2025-11-06T09:29:12","date_gmt":"2025-11-06T09:29:12","guid":{"rendered":"https:\/\/campzilla-shop.com\/shop\/kit-di-aggiornamento-riscaldatore\/"},"modified":"2026-03-10T14:13:12","modified_gmt":"2026-03-10T14:13:12","slug":"nachruestbare-standheizung-vw-t7","status":"publish","type":"product","link":"https:\/\/campzilla-shop.com\/de\/shop\/nachruestbare-standheizung-vw-t7\/","title":{"rendered":"Nachr\u00fcstbare Standheizung f\u00fcr VW T7 Multivan & California"},"content":{"rendered":"<h2 data-start=\"278\" data-end=\"342\"><\/h2>\n<p data-start=\"344\" data-end=\"636\">Mit dieser <strong data-start=\"355\" data-end=\"378\">Zuheizer-Aufr\u00fcstung<\/strong> wird der bereits vorhandene, kraftstoffbetriebene Zuheizer deines <strong data-start=\"445\" data-end=\"482\">VW T7 Multivan oder T7 California<\/strong> zu einer <strong data-start=\"492\" data-end=\"521\">vollwertigen Standheizung<\/strong>.<br data-start=\"522\" data-end=\"525\" \/>So genie\u00dft du schon vor Fahrtbeginn einen warmen Innenraum und eisfreie Scheiben \u2013 ganz ohne laufenden Motor.<\/p>\n<p data-start=\"638\" data-end=\"793\">Der Einbau erfolgt <strong data-start=\"657\" data-end=\"722\">ohne Software\u00e4nderungen oder Eingriffe in die Fahrzeugtechnik<\/strong> und ist vollst\u00e4ndig <strong data-start=\"743\" data-end=\"758\">r\u00fcckr\u00fcstbar<\/strong> \u2013 ideal auch f\u00fcr Leasingfahrzeuge.<\/p>\n<h5>Kompatible Fahrzeuge<\/h5>\n<ul>\n<li><strong>VW T7 Multivan \u2013 Climatic<\/strong> (bis Modelljahr 2025)<\/li>\n<li><strong>VW T7 Multivan \u2013 Climatronic<\/strong> (bis Modelljahr 2025)<\/li>\n<li><strong>VW T7 California \u2013 Climatic &amp; Climatronic<\/strong> (bis Modelljahr 2025)<\/li>\n<\/ul>\n<p data-start=\"1005\" data-end=\"1155\">Voraussetzung: Fahrzeug mit <strong data-start=\"1033\" data-end=\"1067\">kraftstoffbetriebenem Zuheizer<\/strong> (z. B. mit Webasto- oder Ebersp\u00e4cher-Aufkleber an der T\u00fcr oder im Motorraum erkennbar).<\/p>\n<h5 data-start=\"1162\" data-end=\"1183\"><strong data-start=\"1166\" data-end=\"1183\">Hauptvorteile<\/strong><\/h5>\n<ul data-start=\"1184\" data-end=\"1664\">\n<li data-start=\"1184\" data-end=\"1256\">\n<p data-start=\"1186\" data-end=\"1256\"><strong data-start=\"1186\" data-end=\"1214\">Vollwertige Standheizung<\/strong> durch Nutzung des vorhandenen Zuheizers<\/p>\n<\/li>\n<li data-start=\"1257\" data-end=\"1331\">\n<p data-start=\"1259\" data-end=\"1331\"><strong data-start=\"1259\" data-end=\"1302\">Vorw\u00e4rmung von Innenraum und K\u00fchlwasser<\/strong> \u2013 kein Kaltstart im Winter<\/p>\n<\/li>\n<li data-start=\"1332\" data-end=\"1395\">\n<p data-start=\"1334\" data-end=\"1395\"><strong data-start=\"1334\" data-end=\"1373\">Warmer Innenraum und freie Scheiben<\/strong> schon vor der Fahrt<\/p>\n<\/li>\n<li data-start=\"1396\" data-end=\"1464\">\n<p data-start=\"1398\" data-end=\"1464\"><strong data-start=\"1398\" data-end=\"1462\">Kein Eingriff in die Fahrzeugsoftware oder Verkabelung n\u00f6tig<\/strong><\/p>\n<\/li>\n<li data-start=\"1465\" data-end=\"1526\">\n<p data-start=\"1467\" data-end=\"1526\"><strong data-start=\"1467\" data-end=\"1495\">R\u00fcckstandslos entfernbar<\/strong>, ideal bei Leasingfahrzeugen<\/p>\n<\/li>\n<li data-start=\"1527\" data-end=\"1599\">\n<p data-start=\"1529\" data-end=\"1599\"><strong data-start=\"1529\" data-end=\"1556\">Geringer Stromverbrauch<\/strong>, keine Belastung der Batterie im Standby<\/p>\n<\/li>\n<li data-start=\"1600\" data-end=\"1664\">\n<p data-start=\"1602\" data-end=\"1664\"><strong data-start=\"1602\" data-end=\"1627\">Schonender Motorstart<\/strong> und l\u00e4ngere Lebensdauer des Motors<\/p>\n<\/li>\n<\/ul>\n<h5 data-start=\"1671\" data-end=\"1700\"><strong data-start=\"1675\" data-end=\"1700\">Bedienung &amp; Steuerung<\/strong><\/h5>\n<p data-start=\"1701\" data-end=\"1771\">Nach der Aufr\u00fcstung kann die Standheizung flexibel gesteuert werden:<\/p>\n<ul data-start=\"1772\" data-end=\"1954\">\n<li data-start=\"1772\" data-end=\"1810\">\n<p data-start=\"1774\" data-end=\"1810\">\u00fcber ein analoges <strong data-start=\"1792\" data-end=\"1808\">+12 V-Signal<\/strong><\/p>\n<\/li>\n<li data-start=\"1811\" data-end=\"1890\">\n<p data-start=\"1813\" data-end=\"1890\">per <strong data-start=\"1817\" data-end=\"1834\">App-Steuerung<\/strong> (LTE, GSM, UMTS, 4G) \u2013 bequem via Smartphone oder SMS<\/p>\n<\/li>\n<li data-start=\"1891\" data-end=\"1954\">\n<p data-start=\"1893\" data-end=\"1954\">mit <strong data-start=\"1897\" data-end=\"1921\">Webasto MultiControl<\/strong> oder <strong data-start=\"1927\" data-end=\"1952\">Webasto Telestart T99<\/strong><\/p>\n<\/li>\n<\/ul>\n<p data-start=\"1956\" data-end=\"2029\">So entscheidest du selbst, ob du per Knopfdruck, Timer oder App startest.<\/p>\n<h5>Technische Daten<\/h5>\n<ul>\n<li>Betriebsspannung: 10 \u2013 15 V DC<\/li>\n<li>Stromaufnahme im Standby: &lt; 1 mA<\/li>\n<li>Abmessungen: 63 \u00d7 60 \u00d7 22 mm (L \u00d7 B \u00d7 H)<\/li>\n<\/ul>\n<h5>Lieferumfang<\/h5>\n<ul>\n<li>Kompletter Aufr\u00fcstsatz VW T7<\/li>\n<li>Fahrzeugspezifischer Anschlusskabelsatz<\/li>\n<li>Einbau- und Bedienungsanleitung (Download)<\/li>\n<li>Bedienelement (je nach Auswahl)<\/li>\n<\/ul>\n<h5 data-start=\"2371\" data-end=\"2397\"><strong data-start=\"2375\" data-end=\"2397\">Hinweis zum Einbau<\/strong><\/h5>\n<p data-start=\"2398\" data-end=\"2636\">Der Einbau kann mit gro\u00dfem handwerklichem Geschick selbst vorgenommen werden. Es wird jedoch empfohlen, den Einbau von einer Fachwerkstatt durchf\u00fchren zu lassen.<br data-start=\"2538\" data-end=\"2541\" \/>Das System ist vollst\u00e4ndig <strong data-start=\"2568\" data-end=\"2583\">r\u00fcckr\u00fcstbar<\/strong> \u2013 der Originalzustand des Fahrzeugs bleibt erhalten.<\/p>\n","protected":false},"excerpt":{"rendered":"<p><strong data-start=\"343\" data-end=\"452\">Mit dem Aufr\u00fcstkit wird der vorhandene Zuheizer deines VW T7 Multivan zu einer vollwertigen Standheizung.<\/strong><br data-start=\"452\" data-end=\"455\" \/>Die Montage kommt ohne Eingriffe in die Fahrzeugtechnik oder Softwareanpassungen aus.<\/p>\n","protected":false},"featured_media":69314,"template":"","meta":{"site-sidebar-layout":"default","site-content-layout":"","ast-site-content-layout":"default","site-content-style":"default","site-sidebar-style":"default","ast-global-header-display":"","ast-banner-title-visibility":"","ast-main-header-display":"","ast-hfb-above-header-display":"","ast-hfb-below-header-display":"","ast-hfb-mobile-header-display":"","site-post-title":"","ast-breadcrumbs-content":"","ast-featured-img":"","footer-sml-layout":"","ast-disable-related-posts":"","theme-transparent-header-meta":"default","adv-header-id-meta":"","stick-header-meta":"","header-above-stick-meta":"","header-main-stick-meta":"","header-below-stick-meta":"","astra-migrate-meta-layouts":"set","ast-page-background-enabled":"default","ast-page-background-meta":{"desktop":{"background-color":"","background-image":"","background-repeat":"repeat","background-position":"center center","background-size":"auto","background-attachment":"scroll","background-type":"","background-media":"","overlay-type":"","overlay-color":"","overlay-opacity":"","overlay-gradient":""},"tablet":{"background-color":"","background-image":"","background-repeat":"repeat","background-position":"center center","background-size":"auto","background-attachment":"scroll","background-type":"","background-media":"","overlay-type":"","overlay-color":"","overlay-opacity":"","overlay-gradient":""},"mobile":{"background-color":"","background-image":"","background-repeat":"repeat","background-position":"center center","background-size":"auto","background-attachment":"scroll","background-type":"","background-media":"","overlay-type":"","overlay-color":"","overlay-opacity":"","overlay-gradient":""}},"ast-content-background-meta":{"desktop":{"background-color":"var(--ast-global-color-5)","background-image":"","background-repeat":"repeat","background-position":"center center","background-size":"auto","background-attachment":"scroll","background-type":"","background-media":"","overlay-type":"","overlay-color":"","overlay-opacity":"","overlay-gradient":""},"tablet":{"background-color":"var(--ast-global-color-5)","background-image":"","background-repeat":"repeat","background-position":"center center","background-size":"auto","background-attachment":"scroll","background-type":"","background-media":"","overlay-type":"","overlay-color":"","overlay-opacity":"","overlay-gradient":""},"mobile":{"background-color":"var(--ast-global-color-5)","background-image":"","background-repeat":"repeat","background-position":"center center","background-size":"auto","background-attachment":"scroll","background-type":"","background-media":"","overlay-type":"","overlay-color":"","overlay-opacity":"","overlay-gradient":""}},"iawp_total_views":954},"product_brand":[],"product_cat":[16],"product_tag":[],"class_list":{"0":"post-69324","1":"product","2":"type-product","3":"status-publish","4":"has-post-thumbnail","6":"product_cat-unkategorisiert","7":"desktop-align-left","8":"tablet-align-left","9":"mobile-align-left","10":"ast-product-gallery-layout-horizontal-slider","11":"ast-product-single-variable","12":"ast-product-tabs-layout-horizontal","14":"first","15":"instock","16":"taxable","17":"shipping-taxable","18":"purchasable","19":"product-type-variable"},"_links":{"self":[{"href":"https:\/\/campzilla-shop.com\/de\/wp-json\/wp\/v2\/product\/69324","targetHints":{"allow":["GET"]}}],"collection":[{"href":"https:\/\/campzilla-shop.com\/de\/wp-json\/wp\/v2\/product"}],"about":[{"href":"https:\/\/campzilla-shop.com\/de\/wp-json\/wp\/v2\/types\/product"}],"wp:featuredmedia":[{"embeddable":true,"href":"https:\/\/campzilla-shop.com\/de\/wp-json\/wp\/v2\/media\/69314"}],"wp:attachment":[{"href":"https:\/\/campzilla-shop.com\/de\/wp-json\/wp\/v2\/media?parent=69324"}],"wp:term":[{"taxonomy":"product_brand","embeddable":true,"href":"https:\/\/campzilla-shop.com\/de\/wp-json\/wp\/v2\/product_brand?post=69324"},{"taxonomy":"product_cat","embeddable":true,"href":"https:\/\/campzilla-shop.com\/de\/wp-json\/wp\/v2\/product_cat?post=69324"},{"taxonomy":"product_tag","embeddable":true,"href":"https:\/\/campzilla-shop.com\/de\/wp-json\/wp\/v2\/product_tag?post=69324"}],"curies":[{"name":"wp","href":"https:\/\/api.w.org\/{rel}","templated":true}]}}