{"id":69119,"date":"2025-10-23T15:07:38","date_gmt":"2025-10-23T15:07:38","guid":{"rendered":"https:\/\/campzilla-shop.com\/produkt\/oscuranti-termici-magnetici-vw-t5-t6\/"},"modified":"2026-04-07T07:21:57","modified_gmt":"2026-04-07T07:21:57","slug":"magnetische-thermomatten-vw-t5-t6","status":"publish","type":"product","link":"https:\/\/campzilla-shop.com\/de\/shop\/magnetische-thermomatten-vw-t5-t6\/","title":{"rendered":"Magnetische Thermomatten \u2013 VW T5, T6, T6.1, Komplettset 8-teilig"},"content":{"rendered":"<h2><b>Mach deinen Van gem\u00fctlicher!<\/b><\/h2>\n<p>Du wolltest schon immer <strong>magnetische Thermomatten<\/strong> f\u00fcr deinen\u00a0 VW T5, T6 oder T6.1? Unsere Matten halten im Sommer k\u00fchl und im Winter warm \u2013 perfekt zum Schlafen, Campen oder Entspannen unterwegs.<\/p>\n<p>Das 8-teilige Komplettset deckt alle Fenster deines Vans perfekt ab und sorgt in jeder Situation f\u00fcr eine h<strong>ervorragende W\u00e4rme- und Sichtisolierung.<\/strong><\/p>\n<p>In unserem Set sind alle Thermomatten (au\u00dfer die f\u00fcr die Windschutzscheibe) mit Magneten ausgestattet.<\/p>\n<p><strong>Wir verwenden keinen einzigen Saugnapf, im Gegensatz zu vielen g\u00fcnstigen Sets, die anderswo angeboten werden und sich &#8222;magnetisch&#8220; nennen, aber tats\u00e4chlich Saugn\u00e4pfe verwenden.<\/strong><\/p>\n<p>Die <strong>Installation ist kinderleicht:<\/strong> Dank der Magnete mit den selbstklebenden Gegenmagneten, die an den Innenverkleidungen angebracht werden, kannst du die Thermomatten im Handumdrehen befestigen und wieder abnehmen \u2013 <strong>ohne Bohren!<\/strong><\/p>\n<p>Die Thermomatte f\u00fcr die Windschutzscheibe ist mit Stabilisierungsstangen verst\u00e4rkt und bleibt dank der heruntergeklappten Sonnenblenden perfekt in Position.<\/p>\n<p>Hergestellt aus strapazierf\u00e4higem Stoff in Grau\/Schwarz bieten die<strong> Verdunklungen Komfort, Privatsph\u00e4re<\/strong> und einen eleganten Look \u2013 ideal f\u00fcr alle, die gerne in Freiheit reisen.<\/p>\n<h5>Vorteile:<\/h5>\n<ul>\n<li>8-teiliges Komplettset f\u00fcr VW T5, T6 &amp; T6.1 Caravelle und Transporter<\/li>\n<li>Einfache Montage mit Magneten und selbstklebenden Gegenmagneten<\/li>\n<li>Verdunklung Windschutzscheibe mit Verst\u00e4rkungsstangen<\/li>\n<li>Hochwertiger Stoff in Grau\/Schwarz<\/li>\n<li>Schutz vor Hitze, K\u00e4lte und neugierigen Blicken<\/li>\n<li>Perfekt f\u00fcr Reisen, Camping und Vanlife<\/li>\n<li>Keine Saugn\u00e4pfe wie bei Billig-Sets<\/li>\n<\/ul>\n<p><strong>Passend f\u00fcr VW T5, T6, T6.1 Caravelle, Transporter mit kurzem Radstand und Heckklappe!<\/strong><\/p>\n","protected":false},"excerpt":{"rendered":"<p><strong>Wir verwenden keinen einzigen Saugnapf, im Gegensatz zu vielen g\u00fcnstigen Sets, die anderswo angeboten werden und sich &#8222;magnetisch&#8220; nennen, aber tats\u00e4chlich Saugn\u00e4pfe verwenden.<\/strong><\/p>\n<p>Die <strong>Installation ist kinderleicht:<\/strong> Dank der Magnete kannst du die Thermomatten im Handumdrehen befestigen und wieder abnehmen \u2013 <strong>ohne Bohren!<\/strong><\/p>\n","protected":false},"featured_media":63496,"template":"","meta":{"site-sidebar-layout":"default","site-content-layout":"","ast-site-content-layout":"default","site-content-style":"default","site-sidebar-style":"default","ast-global-header-display":"","ast-banner-title-visibility":"","ast-main-header-display":"","ast-hfb-above-header-display":"","ast-hfb-below-header-display":"","ast-hfb-mobile-header-display":"","site-post-title":"","ast-breadcrumbs-content":"","ast-featured-img":"","footer-sml-layout":"","ast-disable-related-posts":"","theme-transparent-header-meta":"default","adv-header-id-meta":"","stick-header-meta":"","header-above-stick-meta":"","header-main-stick-meta":"","header-below-stick-meta":"","astra-migrate-meta-layouts":"set","ast-page-background-enabled":"default","ast-page-background-meta":{"desktop":{"background-color":"","background-image":"","background-repeat":"repeat","background-position":"center center","background-size":"auto","background-attachment":"scroll","background-type":"","background-media":"","overlay-type":"","overlay-color":"","overlay-opacity":"","overlay-gradient":""},"tablet":{"background-color":"","background-image":"","background-repeat":"repeat","background-position":"center center","background-size":"auto","background-attachment":"scroll","background-type":"","background-media":"","overlay-type":"","overlay-color":"","overlay-opacity":"","overlay-gradient":""},"mobile":{"background-color":"","background-image":"","background-repeat":"repeat","background-position":"center center","background-size":"auto","background-attachment":"scroll","background-type":"","background-media":"","overlay-type":"","overlay-color":"","overlay-opacity":"","overlay-gradient":""}},"ast-content-background-meta":{"desktop":{"background-color":"var(--ast-global-color-5)","background-image":"","background-repeat":"repeat","background-position":"center center","background-size":"auto","background-attachment":"scroll","background-type":"","background-media":"","overlay-type":"","overlay-color":"","overlay-opacity":"","overlay-gradient":""},"tablet":{"background-color":"var(--ast-global-color-5)","background-image":"","background-repeat":"repeat","background-position":"center center","background-size":"auto","background-attachment":"scroll","background-type":"","background-media":"","overlay-type":"","overlay-color":"","overlay-opacity":"","overlay-gradient":""},"mobile":{"background-color":"var(--ast-global-color-5)","background-image":"","background-repeat":"repeat","background-position":"center center","background-size":"auto","background-attachment":"scroll","background-type":"","background-media":"","overlay-type":"","overlay-color":"","overlay-opacity":"","overlay-gradient":""}},"iawp_total_views":290},"product_brand":[],"product_cat":[422],"product_tag":[],"class_list":{"0":"post-69119","1":"product","2":"type-product","3":"status-publish","4":"has-post-thumbnail","6":"product_cat-volkswagen-vw-t5-t6-t7-de","7":"product_shipping_class-groesse-s","8":"desktop-align-left","9":"tablet-align-left","10":"mobile-align-left","11":"ast-product-gallery-layout-horizontal-slider","12":"ast-product-tabs-layout-horizontal","14":"first","15":"instock","16":"sale","17":"taxable","18":"shipping-taxable","19":"purchasable","20":"product-type-simple"},"_links":{"self":[{"href":"https:\/\/campzilla-shop.com\/de\/wp-json\/wp\/v2\/product\/69119","targetHints":{"allow":["GET"]}}],"collection":[{"href":"https:\/\/campzilla-shop.com\/de\/wp-json\/wp\/v2\/product"}],"about":[{"href":"https:\/\/campzilla-shop.com\/de\/wp-json\/wp\/v2\/types\/product"}],"wp:featuredmedia":[{"embeddable":true,"href":"https:\/\/campzilla-shop.com\/de\/wp-json\/wp\/v2\/media\/63496"}],"wp:attachment":[{"href":"https:\/\/campzilla-shop.com\/de\/wp-json\/wp\/v2\/media?parent=69119"}],"wp:term":[{"taxonomy":"product_brand","embeddable":true,"href":"https:\/\/campzilla-shop.com\/de\/wp-json\/wp\/v2\/product_brand?post=69119"},{"taxonomy":"product_cat","embeddable":true,"href":"https:\/\/campzilla-shop.com\/de\/wp-json\/wp\/v2\/product_cat?post=69119"},{"taxonomy":"product_tag","embeddable":true,"href":"https:\/\/campzilla-shop.com\/de\/wp-json\/wp\/v2\/product_tag?post=69119"}],"curies":[{"name":"wp","href":"https:\/\/api.w.org\/{rel}","templated":true}]}}