{"id":69107,"date":"2025-10-23T13:52:00","date_gmt":"2025-10-23T13:52:00","guid":{"rendered":"https:\/\/campzilla-shop.com\/produkt\/oscuranti-termici-magnetici-vw-id-buzz\/"},"modified":"2026-02-13T15:02:55","modified_gmt":"2026-02-13T15:02:55","slug":"magnetische-thermomatten-vw-id-buzz","status":"publish","type":"product","link":"https:\/\/campzilla-shop.com\/de\/shop\/magnetische-thermomatten-vw-id-buzz\/","title":{"rendered":"Magnetische Thermomatten \u2013 VW ID.Buzz, Komplettset f\u00fcr alle Fenster"},"content":{"rendered":"<h2 data-start=\"469\" data-end=\"617\">Mach\u2019s dir gem\u00fctlich im VW ID. Buzz!<\/h2>\n<p data-start=\"469\" data-end=\"617\"><strong data-start=\"519\" data-end=\"548\">Magnetische Thermomatten<\/strong> im VW ID.Buzz wolltest du schon immer? Dank unserer Thermomatten bleibt dein Bus im Sommer angenehm k\u00fchl und im Winter wohlig warm.<\/p>\n<p data-start=\"619\" data-end=\"847\">Die Matten werden ganz einfach mit <strong data-start=\"654\" data-end=\"666\">Magneten<\/strong> befestigt. Daf\u00fcr klebst du kleine <strong data-start=\"701\" data-end=\"741\">Gegenmagnete an die Innenverkleidung<\/strong>, an denen die Matten dann m\u00fchelos haften. Kein Hantieren, kein Verrutschen \u2013 einfach anbringen, fertig!<\/p>\n<p data-start=\"849\" data-end=\"1048\">Die <strong data-start=\"853\" data-end=\"875\">Frontscheibenmatte<\/strong> ist zus\u00e4tzlich mit <strong data-start=\"895\" data-end=\"920\">Stabilisierungsst\u00e4ben<\/strong> ausgestattet und wird mit den <strong data-start=\"951\" data-end=\"987\">heruntergeklappten Sonnenblenden<\/strong> fixiert. So sitzt sie perfekt, auch wenn\u2019s mal windig ist.<\/p>\n<p data-start=\"1050\" data-end=\"1291\">Hergestellt aus robustem <strong data-start=\"1075\" data-end=\"1100\">Stoff in Grau\/Schwarz<\/strong>, sehen die Matten nicht nur gut aus, sondern bieten auch hervorragende Isolierung und Sichtschutz \u2013 ideal f\u00fcr alle, die unterwegs schlafen oder einfach Privatsph\u00e4re im Bus genie\u00dfen wollen.<\/p>\n<p><strong>Deine Vorteile auf einen Blick:<\/strong><\/p>\n<ul>\n<li>Passgenau f\u00fcr den VW ID. Buzz kurzer Radstand<\/li>\n<li>Einfaches Magnetsystem mit Gegenmagneten<\/li>\n<li>Stabile Frontscheibenmatte mit St\u00e4ben<\/li>\n<li>Edles Design in Grau\/Schwarz<\/li>\n<li>Schutz vor Hitze, K\u00e4lte &amp; neugierigen Blicken<\/li>\n<li>Perfekt f\u00fcr Camping, Reisen &amp; Vanlife<\/li>\n<\/ul>\n","protected":false},"excerpt":{"rendered":"<p data-start=\"891\" data-end=\"1049\">Dank der <strong data-start=\"39\" data-end=\"84\">Magnete mit selbstklebenden Gegenmagneten<\/strong>, die an der Innenverkleidung angebracht werden, kannst du die Matten im Handumdrehen anbringen und wieder entfernen \u2013 <strong data-start=\"203\" data-end=\"238\">ohne Bohren und ohne R\u00fcckst\u00e4nde<\/strong>.<\/p>\n","protected":false},"featured_media":71993,"template":"","meta":{"site-sidebar-layout":"default","site-content-layout":"","ast-site-content-layout":"default","site-content-style":"default","site-sidebar-style":"default","ast-global-header-display":"","ast-banner-title-visibility":"","ast-main-header-display":"","ast-hfb-above-header-display":"","ast-hfb-below-header-display":"","ast-hfb-mobile-header-display":"","site-post-title":"","ast-breadcrumbs-content":"","ast-featured-img":"","footer-sml-layout":"","ast-disable-related-posts":"","theme-transparent-header-meta":"default","adv-header-id-meta":"","stick-header-meta":"","header-above-stick-meta":"","header-main-stick-meta":"","header-below-stick-meta":"","astra-migrate-meta-layouts":"set","ast-page-background-enabled":"default","ast-page-background-meta":{"desktop":{"background-color":"","background-image":"","background-repeat":"repeat","background-position":"center center","background-size":"auto","background-attachment":"scroll","background-type":"","background-media":"","overlay-type":"","overlay-color":"","overlay-opacity":"","overlay-gradient":""},"tablet":{"background-color":"","background-image":"","background-repeat":"repeat","background-position":"center center","background-size":"auto","background-attachment":"scroll","background-type":"","background-media":"","overlay-type":"","overlay-color":"","overlay-opacity":"","overlay-gradient":""},"mobile":{"background-color":"","background-image":"","background-repeat":"repeat","background-position":"center center","background-size":"auto","background-attachment":"scroll","background-type":"","background-media":"","overlay-type":"","overlay-color":"","overlay-opacity":"","overlay-gradient":""}},"ast-content-background-meta":{"desktop":{"background-color":"var(--ast-global-color-5)","background-image":"","background-repeat":"repeat","background-position":"center center","background-size":"auto","background-attachment":"scroll","background-type":"","background-media":"","overlay-type":"","overlay-color":"","overlay-opacity":"","overlay-gradient":""},"tablet":{"background-color":"var(--ast-global-color-5)","background-image":"","background-repeat":"repeat","background-position":"center center","background-size":"auto","background-attachment":"scroll","background-type":"","background-media":"","overlay-type":"","overlay-color":"","overlay-opacity":"","overlay-gradient":""},"mobile":{"background-color":"var(--ast-global-color-5)","background-image":"","background-repeat":"repeat","background-position":"center center","background-size":"auto","background-attachment":"scroll","background-type":"","background-media":"","overlay-type":"","overlay-color":"","overlay-opacity":"","overlay-gradient":""}},"iawp_total_views":130},"product_brand":[],"product_cat":[418],"product_tag":[],"class_list":{"0":"post-69107","1":"product","2":"type-product","3":"status-publish","4":"has-post-thumbnail","6":"product_cat-volkswagen-vw-id-buzz","7":"product_shipping_class-groesse-s","8":"desktop-align-left","9":"tablet-align-left","10":"mobile-align-left","11":"ast-product-gallery-layout-horizontal-slider","12":"ast-product-tabs-layout-horizontal","14":"first","15":"instock","16":"sale","17":"taxable","18":"shipping-taxable","19":"purchasable","20":"product-type-simple"},"_links":{"self":[{"href":"https:\/\/campzilla-shop.com\/de\/wp-json\/wp\/v2\/product\/69107","targetHints":{"allow":["GET"]}}],"collection":[{"href":"https:\/\/campzilla-shop.com\/de\/wp-json\/wp\/v2\/product"}],"about":[{"href":"https:\/\/campzilla-shop.com\/de\/wp-json\/wp\/v2\/types\/product"}],"wp:featuredmedia":[{"embeddable":true,"href":"https:\/\/campzilla-shop.com\/de\/wp-json\/wp\/v2\/media\/71993"}],"wp:attachment":[{"href":"https:\/\/campzilla-shop.com\/de\/wp-json\/wp\/v2\/media?parent=69107"}],"wp:term":[{"taxonomy":"product_brand","embeddable":true,"href":"https:\/\/campzilla-shop.com\/de\/wp-json\/wp\/v2\/product_brand?post=69107"},{"taxonomy":"product_cat","embeddable":true,"href":"https:\/\/campzilla-shop.com\/de\/wp-json\/wp\/v2\/product_cat?post=69107"},{"taxonomy":"product_tag","embeddable":true,"href":"https:\/\/campzilla-shop.com\/de\/wp-json\/wp\/v2\/product_tag?post=69107"}],"curies":[{"name":"wp","href":"https:\/\/api.w.org\/{rel}","templated":true}]}}