{"id":69049,"date":"2025-10-22T08:11:54","date_gmt":"2025-10-22T08:11:54","guid":{"rendered":"https:\/\/campzilla-shop.com\/produkt\/oscurante-esterno-per-il-parabrezza-vw\/"},"modified":"2025-10-22T15:04:12","modified_gmt":"2025-10-22T15:04:12","slug":"abdeckung-fuer-die-windschutzscheibe","status":"publish","type":"product","link":"https:\/\/campzilla-shop.com\/de\/shop\/abdeckung-fuer-die-windschutzscheibe\/","title":{"rendered":"Abdeckung f\u00fcr die Windschutzscheibe \u2013 VW T5, VW T6, VW T6.1"},"content":{"rendered":"<h2 data-start=\"319\" data-end=\"521\">Ideal f\u00fcr alle Jahreszeiten<\/h2>\n<p data-start=\"319\" data-end=\"521\"><strong>Der<\/strong> ideale <strong>Sonnenschutz f\u00fcr die Windschutzscheibe<\/strong> deines <b>Volkswagen VW T5, VW T6 oder T6.1 <\/b>&#8211; perfekt f\u00fcr Sommer und Winter.<\/p>\n<p data-start=\"523\" data-end=\"775\">Im <strong data-start=\"526\" data-end=\"536\">Sommer<\/strong> sch\u00fctzt es vor der Sonne und h\u00e4lt den Innenraum k\u00fchl, w\u00e4hrend es gleichzeitig f\u00fcr maximale Privatsph\u00e4re sorgt. Im <strong data-start=\"626\" data-end=\"637\">Winter<\/strong> verhindert es das <strong data-start=\"651\" data-end=\"705\">Einfrieren der Windschutzscheibe von innen und au\u00dfen<\/strong>, so dass du sofort starten kannst, ohne das Eis abkratzen zu m\u00fcssen.<\/p>\n<p data-start=\"777\" data-end=\"1057\"><strong data-start=\"784\" data-end=\"806\">Mit einem Gewicht von nur 500 g<\/strong> und einer <strong data-start=\"812\" data-end=\"852\">kleinen Stellfl\u00e4che von ca. 30 \u00d7 18 cm<\/strong> ist das Outdoor-Ballastger\u00e4t kompakt, leicht und ideal f\u00fcr das Camping. Die Befestigung ist <strong data-start=\"935\" data-end=\"967\">sicher und winddicht<\/strong>, dank des <strong data-start=\"981\" data-end=\"1054\">Klettverschlusses unter beiden Au\u00dfenspiegeln<\/strong>.<\/p>\n<p data-start=\"1059\" data-end=\"1168\">Der <strong data-start=\"1062\" data-end=\"1096\">Stoff trocknet<\/strong> nach einem Regen <strong data-start=\"1062\" data-end=\"1096\">schnell<\/strong>, so dass er praktisch und innerhalb von Minuten einsatzbereit ist.<\/p>\n<p data-start=\"1170\" data-end=\"1333\"><strong data-start=\"1170\" data-end=\"1179\">Hinweis:<\/strong><br data-start=\"1179\" data-end=\"1182\" \/>Mit montiertem Abdeckung lassen sich die Fahrzeugt\u00fcren nur teilweise \u00f6ffnen &#8211; genug, um etwas mitzunehmen, aber nicht vollst\u00e4ndig.<\/p>\n<p data-start=\"1335\" data-end=\"1405\" data-is-last-node=\"\" data-is-only-node=\"\"><strong data-start=\"1335\" data-end=\"1354\">Nicht kompatibel<\/strong> mit dem neuen VW T7! <a href=\"https:\/\/campzilla-shop.com\/de\/produkt\/abdeckung-windschutzscheibe-vw-t7\/\">Klick hier f\u00fcr VW T7<\/a><\/p>\n","protected":false},"excerpt":{"rendered":"<p>Unser Abdeckung f\u00fcr die Windschutzscheibe ist kompakt, leicht und ideal f\u00fcr das Camping. Sichere und windbest\u00e4ndige Befestigung. Hergestellt in der EU!<\/p>\n<p>Erh\u00e4ltlich mit oder ohne Augen.<\/p>\n","protected":false},"featured_media":69034,"template":"","meta":{"site-sidebar-layout":"default","site-content-layout":"","ast-site-content-layout":"default","site-content-style":"default","site-sidebar-style":"default","ast-global-header-display":"","ast-banner-title-visibility":"","ast-main-header-display":"","ast-hfb-above-header-display":"","ast-hfb-below-header-display":"","ast-hfb-mobile-header-display":"","site-post-title":"","ast-breadcrumbs-content":"","ast-featured-img":"","footer-sml-layout":"","ast-disable-related-posts":"","theme-transparent-header-meta":"default","adv-header-id-meta":"","stick-header-meta":"","header-above-stick-meta":"","header-main-stick-meta":"","header-below-stick-meta":"","astra-migrate-meta-layouts":"set","ast-page-background-enabled":"default","ast-page-background-meta":{"desktop":{"background-color":"","background-image":"","background-repeat":"repeat","background-position":"center center","background-size":"auto","background-attachment":"scroll","background-type":"","background-media":"","overlay-type":"","overlay-color":"","overlay-opacity":"","overlay-gradient":""},"tablet":{"background-color":"","background-image":"","background-repeat":"repeat","background-position":"center center","background-size":"auto","background-attachment":"scroll","background-type":"","background-media":"","overlay-type":"","overlay-color":"","overlay-opacity":"","overlay-gradient":""},"mobile":{"background-color":"","background-image":"","background-repeat":"repeat","background-position":"center center","background-size":"auto","background-attachment":"scroll","background-type":"","background-media":"","overlay-type":"","overlay-color":"","overlay-opacity":"","overlay-gradient":""}},"ast-content-background-meta":{"desktop":{"background-color":"var(--ast-global-color-5)","background-image":"","background-repeat":"repeat","background-position":"center center","background-size":"auto","background-attachment":"scroll","background-type":"","background-media":"","overlay-type":"","overlay-color":"","overlay-opacity":"","overlay-gradient":""},"tablet":{"background-color":"var(--ast-global-color-5)","background-image":"","background-repeat":"repeat","background-position":"center center","background-size":"auto","background-attachment":"scroll","background-type":"","background-media":"","overlay-type":"","overlay-color":"","overlay-opacity":"","overlay-gradient":""},"mobile":{"background-color":"var(--ast-global-color-5)","background-image":"","background-repeat":"repeat","background-position":"center center","background-size":"auto","background-attachment":"scroll","background-type":"","background-media":"","overlay-type":"","overlay-color":"","overlay-opacity":"","overlay-gradient":""}},"iawp_total_views":181},"product_brand":[],"product_cat":[422],"product_tag":[],"class_list":{"0":"post-69049","1":"product","2":"type-product","3":"status-publish","4":"has-post-thumbnail","6":"product_cat-volkswagen-vw-t5-t6-t7-de","7":"product_shipping_class-groesse-s","8":"desktop-align-left","9":"tablet-align-left","10":"mobile-align-left","11":"ast-product-gallery-layout-horizontal-slider","12":"ast-product-single-variable","13":"ast-product-tabs-layout-horizontal","15":"first","16":"instock","17":"taxable","18":"shipping-taxable","19":"purchasable","20":"product-type-variable"},"_links":{"self":[{"href":"https:\/\/campzilla-shop.com\/de\/wp-json\/wp\/v2\/product\/69049","targetHints":{"allow":["GET"]}}],"collection":[{"href":"https:\/\/campzilla-shop.com\/de\/wp-json\/wp\/v2\/product"}],"about":[{"href":"https:\/\/campzilla-shop.com\/de\/wp-json\/wp\/v2\/types\/product"}],"wp:featuredmedia":[{"embeddable":true,"href":"https:\/\/campzilla-shop.com\/de\/wp-json\/wp\/v2\/media\/69034"}],"wp:attachment":[{"href":"https:\/\/campzilla-shop.com\/de\/wp-json\/wp\/v2\/media?parent=69049"}],"wp:term":[{"taxonomy":"product_brand","embeddable":true,"href":"https:\/\/campzilla-shop.com\/de\/wp-json\/wp\/v2\/product_brand?post=69049"},{"taxonomy":"product_cat","embeddable":true,"href":"https:\/\/campzilla-shop.com\/de\/wp-json\/wp\/v2\/product_cat?post=69049"},{"taxonomy":"product_tag","embeddable":true,"href":"https:\/\/campzilla-shop.com\/de\/wp-json\/wp\/v2\/product_tag?post=69049"}],"curies":[{"name":"wp","href":"https:\/\/api.w.org\/{rel}","templated":true}]}}