{"id":68894,"date":"2025-10-16T16:06:00","date_gmt":"2025-10-16T16:06:00","guid":{"rendered":"https:\/\/campzilla-shop.com\/produkt\/isolamento-termico-vw-t7\/"},"modified":"2025-10-16T16:27:05","modified_gmt":"2025-10-16T16:27:05","slug":"thermoschutz-vw-t7","status":"publish","type":"product","link":"https:\/\/campzilla-shop.com\/de\/shop\/thermoschutz-vw-t7\/","title":{"rendered":"Thermoschutz Fahrerhaus \u2013 VW T7 Multivan, New California"},"content":{"rendered":"<h2 data-start=\"122\" data-end=\"209\"><strong data-start=\"126\" data-end=\"207\">Pefekter Schutz im Sommer wie im Winter! 8mm dickes Material, frei von PVC!<\/strong><\/h2>\n<p data-start=\"211\" data-end=\"278\">Effektiver Schutz gegen Wind und Wetter \u2013 <strong data-start=\"253\" data-end=\"276\">100% Made in Italy!<\/strong><\/p>\n<p data-start=\"280\" data-end=\"498\">Die <strong data-start=\"284\" data-end=\"316\">8 mm starke Thermoisolierung<\/strong> reduziert die Bildung von Kondenswasser an der Innenseite der Windschutzscheibe auf ein Minimum und sorgt so f\u00fcr ein <strong data-start=\"434\" data-end=\"475\">trockenes und komfortables Fahrerhaus<\/strong> zu jeder Jahreszeit.<\/p>\n<h3 data-start=\"505\" data-end=\"536\"><strong data-start=\"509\" data-end=\"534\">Einfach und praktisch<\/strong><\/h3>\n<p data-start=\"537\" data-end=\"691\">Die Frontpartie kann tags\u00fcber leicht heruntergeklappt werden, sodass Licht ins Fahrerhaus gelangt \u2013 maximale Flexibilit\u00e4t und <strong data-start=\"663\" data-end=\"688\">optimale Privatsph\u00e4re<\/strong>.<\/p>\n<h3 data-start=\"698\" data-end=\"746\"><strong data-start=\"702\" data-end=\"744\">Ganzj\u00e4hriger Komfort \u2013 Sommer &amp; Winter<\/strong><\/h3>\n<p data-start=\"747\" data-end=\"1066\"><strong data-start=\"747\" data-end=\"758\">Sommer:<\/strong> Blockiert direkte Sonneneinstrahlung, reduziert \u00dcberhitzung und h\u00e4lt das Fahrerhaus angenehm k\u00fchl.<br data-start=\"857\" data-end=\"860\" \/><strong data-start=\"860\" data-end=\"871\">Winter:<\/strong> Isoliert zuverl\u00e4ssig, verhindert W\u00e4rmeverlust und sch\u00fctzt die Windschutzscheibe vor Frost.<br data-start=\"962\" data-end=\"965\" \/><strong data-start=\"965\" data-end=\"980\">Ganzj\u00e4hrig:<\/strong> Mehr Komfort, geringerer Energieverbrauch und maximaler Schutz f\u00fcr dein Fahrerhaus.<\/p>\n<h3 data-start=\"1073\" data-end=\"1123\"><strong data-start=\"1077\" data-end=\"1121\">Robustes Material \u2013 ohne Multilayer-Film<\/strong><\/h3>\n<p data-start=\"1124\" data-end=\"1433\">Der Thermoschutz besteht aus <strong data-start=\"1153\" data-end=\"1191\">8 mm starkem technischem Polyester<\/strong>, das <strong data-start=\"1197\" data-end=\"1243\">rei\u00dffest, UV-best\u00e4ndig und wetterresistent<\/strong> ist. Im Gegensatz zu Multilayer-Film-Materialien <strong data-start=\"1293\" data-end=\"1366\">zieht es sich bei Hitze nicht zusammen und platzt bei K\u00e4lte nicht auf<\/strong>.<\/p>\n<h3 data-start=\"1440\" data-end=\"1489\"><strong data-start=\"1444\" data-end=\"1487\">Praktisches Design mit \u00d6ffnungsfunktion<\/strong><\/h3>\n<p data-start=\"1490\" data-end=\"1720\">Das integrierte Sichtfenster kann per Klett ge\u00f6ffnet werden, sodass Tageslicht ins Fahrerhaus gelangt, ohne den gesamten Thermoschutz entfernen zu m\u00fcssen. Ideal f\u00fcr <strong data-start=\"1655\" data-end=\"1717\">mehr Helligkeit bei gleichzeitigem Schutz der Privatsph\u00e4re<\/strong>.<\/p>\n<h3 data-start=\"1727\" data-end=\"1777\"><strong data-start=\"1731\" data-end=\"1775\">Schnelle Montage \u2013 perfekt zugeschnitten<\/strong><\/h3>\n<p data-start=\"1778\" data-end=\"1996\">Der Thermoschutz ist <strong data-start=\"1799\" data-end=\"1852\">passgenau f\u00fcr den VW T7 Multivan &amp; New California<\/strong> gefertigt. Dank T\u00fcrlaschen und Klettverschl\u00fcssen l\u00e4sst er sich <strong data-start=\"1916\" data-end=\"1942\">kinderleicht montieren<\/strong> und bietet auch bei starkem Wind <strong data-start=\"1976\" data-end=\"1993\">sicheren Halt<\/strong>.<\/p>\n<h3 data-start=\"2003\" data-end=\"2037\"><strong data-start=\"2007\" data-end=\"2035\">Vorteile auf einen Blick<\/strong><\/h3>\n<ul data-start=\"2038\" data-end=\"2399\">\n<li data-start=\"2038\" data-end=\"2078\">\n<p data-start=\"2040\" data-end=\"2078\">Thermoschutz von <strong data-start=\"2057\" data-end=\"2076\">-25\u00b0C bis +65\u00b0C<\/strong><\/p>\n<\/li>\n<li data-start=\"2079\" data-end=\"2132\">\n<p data-start=\"2081\" data-end=\"2132\">Passgenau f\u00fcr <strong data-start=\"2095\" data-end=\"2130\">VW T7 Multivan &amp; New California<\/strong><\/p>\n<\/li>\n<li data-start=\"2133\" data-end=\"2197\">\n<p data-start=\"2135\" data-end=\"2197\">Robustes, langlebiges <strong data-start=\"2157\" data-end=\"2195\">Polyester \u2013 wasser- &amp; UV-best\u00e4ndig<\/strong><\/p>\n<\/li>\n<li data-start=\"2198\" data-end=\"2247\">\n<p data-start=\"2200\" data-end=\"2247\"><strong data-start=\"2200\" data-end=\"2220\">\u00d6ffnungsfunktion<\/strong> f\u00fcr Licht &amp; Privatsph\u00e4re<\/p>\n<\/li>\n<li data-start=\"2248\" data-end=\"2286\">\n<p data-start=\"2250\" data-end=\"2286\">Einfache Montage <strong data-start=\"2267\" data-end=\"2284\">ohne Werkzeug<\/strong><\/p>\n<\/li>\n<li data-start=\"2287\" data-end=\"2308\">\n<p data-start=\"2289\" data-end=\"2308\"><strong data-start=\"2289\" data-end=\"2306\">Made in Italy<\/strong><\/p>\n<\/li>\n<li data-start=\"2309\" data-end=\"2399\">\n<p data-start=\"2311\" data-end=\"2399\"><strong data-start=\"2311\" data-end=\"2335\">Ohne Multilayer-Film<\/strong> \u2013 zieht sich bei Hitze nicht zusammen, platzt bei K\u00e4lte nicht<\/p>\n<\/li>\n<\/ul>\n","protected":false},"excerpt":{"rendered":"<p><strong data-start=\"92\" data-end=\"158\">Halte das Fahrerhaus deines VW T7 stets auf idealer Temperatur<\/strong> mit unserer <strong data-start=\"171\" data-end=\"204\">8 mm starken Thermoisolierung<\/strong> \u2013 <strong data-start=\"207\" data-end=\"246\">robust, wasserfest und anti-Kondensfunktion!<\/strong><br data-start=\"247\" data-end=\"250\" \/>Passgenau, einfach zu montieren und mit <strong data-start=\"290\" data-end=\"318\">praktischem Sichtfenster<\/strong> f\u00fcr Licht und Privatsph\u00e4re. Perfekt f\u00fcr <strong data-start=\"359\" data-end=\"380\">Sommer und Winter<\/strong>, Qualit\u00e4t <strong data-start=\"391\" data-end=\"408\">Made in Italy<\/strong> garantiert!<\/p>\n","protected":false},"featured_media":69267,"template":"","meta":{"site-sidebar-layout":"default","site-content-layout":"","ast-site-content-layout":"default","site-content-style":"default","site-sidebar-style":"default","ast-global-header-display":"","ast-banner-title-visibility":"","ast-main-header-display":"","ast-hfb-above-header-display":"","ast-hfb-below-header-display":"","ast-hfb-mobile-header-display":"","site-post-title":"","ast-breadcrumbs-content":"","ast-featured-img":"","footer-sml-layout":"","ast-disable-related-posts":"","theme-transparent-header-meta":"default","adv-header-id-meta":"","stick-header-meta":"","header-above-stick-meta":"","header-main-stick-meta":"","header-below-stick-meta":"","astra-migrate-meta-layouts":"set","ast-page-background-enabled":"default","ast-page-background-meta":{"desktop":{"background-color":"","background-image":"","background-repeat":"repeat","background-position":"center center","background-size":"auto","background-attachment":"scroll","background-type":"","background-media":"","overlay-type":"","overlay-color":"","overlay-opacity":"","overlay-gradient":""},"tablet":{"background-color":"","background-image":"","background-repeat":"repeat","background-position":"center center","background-size":"auto","background-attachment":"scroll","background-type":"","background-media":"","overlay-type":"","overlay-color":"","overlay-opacity":"","overlay-gradient":""},"mobile":{"background-color":"","background-image":"","background-repeat":"repeat","background-position":"center center","background-size":"auto","background-attachment":"scroll","background-type":"","background-media":"","overlay-type":"","overlay-color":"","overlay-opacity":"","overlay-gradient":""}},"ast-content-background-meta":{"desktop":{"background-color":"var(--ast-global-color-5)","background-image":"","background-repeat":"repeat","background-position":"center center","background-size":"auto","background-attachment":"scroll","background-type":"","background-media":"","overlay-type":"","overlay-color":"","overlay-opacity":"","overlay-gradient":""},"tablet":{"background-color":"var(--ast-global-color-5)","background-image":"","background-repeat":"repeat","background-position":"center center","background-size":"auto","background-attachment":"scroll","background-type":"","background-media":"","overlay-type":"","overlay-color":"","overlay-opacity":"","overlay-gradient":""},"mobile":{"background-color":"var(--ast-global-color-5)","background-image":"","background-repeat":"repeat","background-position":"center center","background-size":"auto","background-attachment":"scroll","background-type":"","background-media":"","overlay-type":"","overlay-color":"","overlay-opacity":"","overlay-gradient":""}},"iawp_total_views":130},"product_brand":[],"product_cat":[422],"product_tag":[],"class_list":{"0":"post-68894","1":"product","2":"type-product","3":"status-publish","4":"has-post-thumbnail","6":"product_cat-volkswagen-vw-t5-t6-t7-de","7":"product_shipping_class-groesse-m","8":"desktop-align-left","9":"tablet-align-left","10":"mobile-align-left","11":"ast-product-gallery-layout-horizontal-slider","12":"ast-product-tabs-layout-horizontal","14":"first","15":"onbackorder","16":"taxable","17":"shipping-taxable","18":"purchasable","19":"product-type-simple"},"_links":{"self":[{"href":"https:\/\/campzilla-shop.com\/de\/wp-json\/wp\/v2\/product\/68894","targetHints":{"allow":["GET"]}}],"collection":[{"href":"https:\/\/campzilla-shop.com\/de\/wp-json\/wp\/v2\/product"}],"about":[{"href":"https:\/\/campzilla-shop.com\/de\/wp-json\/wp\/v2\/types\/product"}],"wp:featuredmedia":[{"embeddable":true,"href":"https:\/\/campzilla-shop.com\/de\/wp-json\/wp\/v2\/media\/69267"}],"wp:attachment":[{"href":"https:\/\/campzilla-shop.com\/de\/wp-json\/wp\/v2\/media?parent=68894"}],"wp:term":[{"taxonomy":"product_brand","embeddable":true,"href":"https:\/\/campzilla-shop.com\/de\/wp-json\/wp\/v2\/product_brand?post=68894"},{"taxonomy":"product_cat","embeddable":true,"href":"https:\/\/campzilla-shop.com\/de\/wp-json\/wp\/v2\/product_cat?post=68894"},{"taxonomy":"product_tag","embeddable":true,"href":"https:\/\/campzilla-shop.com\/de\/wp-json\/wp\/v2\/product_tag?post=68894"}],"curies":[{"name":"wp","href":"https:\/\/api.w.org\/{rel}","templated":true}]}}