{"id":68829,"date":"2025-10-14T09:15:26","date_gmt":"2025-10-14T09:15:26","guid":{"rendered":"https:\/\/campzilla-shop.com\/produkt\/bonnet-bag-mercedes-classe-g\/"},"modified":"2025-10-14T09:43:32","modified_gmt":"2025-10-14T09:43:32","slug":"bonnet-bag-mercedes-classe-g","status":"publish","type":"product","link":"https:\/\/campzilla-shop.com\/de\/shop\/bonnet-bag-mercedes-classe-g\/","title":{"rendered":"Bonnet Bag Mercedes G-Klasse \u2013 Transporttasche Motorhaube"},"content":{"rendered":"<h2 data-start=\"192\" data-end=\"288\"><strong data-start=\"199\" data-end=\"288\">Robuste Transporttasche f\u00fcr die Motorhaube | Made in EU<\/strong><\/h2>\n<p data-start=\"217\" data-end=\"458\">Mit der <strong data-start=\"252\" data-end=\"288\">Bonnet Bag f\u00fcr deinen Mercedes G<\/strong> hast du eine praktische und stabile Tasche direkt f\u00fcr die Motorhaube. Perfekt f\u00fcr Offroad-Abenteuer, Camping oder einfach, um deine Ausr\u00fcstung ordentlich zu verstauen.<\/p>\n<p data-start=\"460\" data-end=\"754\">Die Tasche hat ein <strong data-start=\"479\" data-end=\"499\">gro\u00dfes Hauptfach<\/strong> und eine <strong data-start=\"509\" data-end=\"531\">kleine Fronttasche<\/strong>, so bleibt alles sch\u00f6n organisiert. <strong data-start=\"568\" data-end=\"613\">Doppelte Rei\u00dfverschl\u00fcsse mit Spritzschutz<\/strong>, <strong data-start=\"615\" data-end=\"654\">stabile 40 mm Gurte mit Metallhaken<\/strong> und <strong data-start=\"659\" data-end=\"682\">2 Kompressionsgurte<\/strong> sorgen daf\u00fcr, dass alles sicher sitzt \u2013 auch wenn\u2019s mal holprig wird.<\/p>\n<p data-start=\"756\" data-end=\"1018\">Zwei <strong data-start=\"761\" data-end=\"787\">antirutsch-Oberfl\u00e4chen<\/strong> sorgen f\u00fcr extra Grip auf der Haube. Die <strong data-start=\"829\" data-end=\"846\">Velcro-Fl\u00e4che<\/strong> l\u00e4sst sich individuell beschriften oder mit Patches verzieren. Ideal f\u00fcr Zelte, Camping-Zubeh\u00f6r, Seile oder sogar feuchte Sachen. Kleiner Hinweis: <strong data-start=\"994\" data-end=\"1015\">nicht wasserdicht<\/strong>!<\/p>\n<h5 data-start=\"1020\" data-end=\"1043\"><strong data-start=\"1020\" data-end=\"1041\">Technische Daten:<\/strong><\/h5>\n<ul data-start=\"1044\" data-end=\"1228\">\n<li data-start=\"1044\" data-end=\"1081\"><strong>Material:<\/strong> Poliammid 6 \/ Polyester<\/li>\n<li data-start=\"1044\" data-end=\"1081\"><strong>Ma\u00dfe:<\/strong> 107 x 120 x 10 cm<\/li>\n<li data-start=\"1044\" data-end=\"1081\"><strong>Gewicht:<\/strong> 3,22 kg<\/li>\n<li data-start=\"1044\" data-end=\"1081\"><strong>Max. Traglast:<\/strong> 20 kg<\/li>\n<li data-start=\"1044\" data-end=\"1081\"><strong>Verschluss:<\/strong> doppelte Rei\u00dfverschl\u00fcsse, spritzgesch\u00fctzt<\/li>\n<\/ul>\n<h5 data-start=\"1230\" data-end=\"1251\"><strong data-start=\"1230\" data-end=\"1249\">Deine Vorteile:<\/strong><\/h5>\n<ul data-start=\"1252\" data-end=\"1544\">\n<li data-start=\"1252\" data-end=\"1291\">Speziell f\u00fcr Mercedes G Motorhauben<\/li>\n<li data-start=\"1252\" data-end=\"1291\">Robuste, hochwertige Verarbeitung aus Europa<\/li>\n<li data-start=\"1252\" data-end=\"1291\">Stabiles Befestigen dank verst\u00e4rkter Gurte<\/li>\n<li data-start=\"1252\" data-end=\"1291\">Alles ordentlich verstaut im Haupt- und Frontfach<\/li>\n<li data-start=\"1252\" data-end=\"1291\">Antirutsch-Oberfl\u00e4chen f\u00fcr mehr Sicherheit<\/li>\n<li data-start=\"1252\" data-end=\"1291\">Perfekt f\u00fcr Offroad, Abenteuerreisen oder Transport<\/li>\n<\/ul>\n","protected":false},"excerpt":{"rendered":"<p>La <strong data-start=\"172\" data-end=\"201\">Bonnet Bag per Mercedes G<\/strong> \u00e8 una resistente borsa da trasporto da fissare sul cofano motore.<br data-start=\"267\" data-end=\"270\" \/>Realizzata in <strong data-start=\"284\" data-end=\"307\">Europa (Made in EU)<\/strong> con materiali di alta qualit\u00e0, dispone di <strong data-start=\"350\" data-end=\"458\">ampio scomparto principale, piccola tasca frontale, cinghie di fissaggio robuste e superfici antiscivolo<\/strong>.<br data-start=\"459\" data-end=\"462\" data-is-only-node=\"\" \/>Ideale per trasportare in sicurezza <strong data-start=\"498\" data-end=\"538\">teli, accessori da campeggio e corde<\/strong>, perfetta per <strong data-start=\"553\" data-end=\"592\">offroad, vanlife e viaggi avventura<\/strong>.<\/p>\n","protected":false},"featured_media":68821,"template":"","meta":{"site-sidebar-layout":"default","site-content-layout":"","ast-site-content-layout":"default","site-content-style":"default","site-sidebar-style":"default","ast-global-header-display":"","ast-banner-title-visibility":"","ast-main-header-display":"","ast-hfb-above-header-display":"","ast-hfb-below-header-display":"","ast-hfb-mobile-header-display":"","site-post-title":"","ast-breadcrumbs-content":"","ast-featured-img":"","footer-sml-layout":"","ast-disable-related-posts":"","theme-transparent-header-meta":"default","adv-header-id-meta":"","stick-header-meta":"","header-above-stick-meta":"","header-main-stick-meta":"","header-below-stick-meta":"","astra-migrate-meta-layouts":"set","ast-page-background-enabled":"default","ast-page-background-meta":{"desktop":{"background-color":"","background-image":"","background-repeat":"repeat","background-position":"center center","background-size":"auto","background-attachment":"scroll","background-type":"","background-media":"","overlay-type":"","overlay-color":"","overlay-opacity":"","overlay-gradient":""},"tablet":{"background-color":"","background-image":"","background-repeat":"repeat","background-position":"center center","background-size":"auto","background-attachment":"scroll","background-type":"","background-media":"","overlay-type":"","overlay-color":"","overlay-opacity":"","overlay-gradient":""},"mobile":{"background-color":"","background-image":"","background-repeat":"repeat","background-position":"center center","background-size":"auto","background-attachment":"scroll","background-type":"","background-media":"","overlay-type":"","overlay-color":"","overlay-opacity":"","overlay-gradient":""}},"ast-content-background-meta":{"desktop":{"background-color":"var(--ast-global-color-5)","background-image":"","background-repeat":"repeat","background-position":"center center","background-size":"auto","background-attachment":"scroll","background-type":"","background-media":"","overlay-type":"","overlay-color":"","overlay-opacity":"","overlay-gradient":""},"tablet":{"background-color":"var(--ast-global-color-5)","background-image":"","background-repeat":"repeat","background-position":"center center","background-size":"auto","background-attachment":"scroll","background-type":"","background-media":"","overlay-type":"","overlay-color":"","overlay-opacity":"","overlay-gradient":""},"mobile":{"background-color":"var(--ast-global-color-5)","background-image":"","background-repeat":"repeat","background-position":"center center","background-size":"auto","background-attachment":"scroll","background-type":"","background-media":"","overlay-type":"","overlay-color":"","overlay-opacity":"","overlay-gradient":""}},"iawp_total_views":29},"product_brand":[],"product_cat":[157],"product_tag":[],"class_list":{"0":"post-68829","1":"product","2":"type-product","3":"status-publish","4":"has-post-thumbnail","6":"product_cat-offroader","7":"product_shipping_class-groesse-m","8":"desktop-align-left","9":"tablet-align-left","10":"mobile-align-left","11":"ast-product-gallery-layout-horizontal-slider","12":"ast-product-single-variable","13":"ast-product-tabs-layout-horizontal","15":"first","16":"instock","17":"sale","18":"taxable","19":"shipping-taxable","20":"purchasable","21":"product-type-variable"},"_links":{"self":[{"href":"https:\/\/campzilla-shop.com\/de\/wp-json\/wp\/v2\/product\/68829","targetHints":{"allow":["GET"]}}],"collection":[{"href":"https:\/\/campzilla-shop.com\/de\/wp-json\/wp\/v2\/product"}],"about":[{"href":"https:\/\/campzilla-shop.com\/de\/wp-json\/wp\/v2\/types\/product"}],"wp:featuredmedia":[{"embeddable":true,"href":"https:\/\/campzilla-shop.com\/de\/wp-json\/wp\/v2\/media\/68821"}],"wp:attachment":[{"href":"https:\/\/campzilla-shop.com\/de\/wp-json\/wp\/v2\/media?parent=68829"}],"wp:term":[{"taxonomy":"product_brand","embeddable":true,"href":"https:\/\/campzilla-shop.com\/de\/wp-json\/wp\/v2\/product_brand?post=68829"},{"taxonomy":"product_cat","embeddable":true,"href":"https:\/\/campzilla-shop.com\/de\/wp-json\/wp\/v2\/product_cat?post=68829"},{"taxonomy":"product_tag","embeddable":true,"href":"https:\/\/campzilla-shop.com\/de\/wp-json\/wp\/v2\/product_tag?post=68829"}],"curies":[{"name":"wp","href":"https:\/\/api.w.org\/{rel}","templated":true}]}}