{"id":68736,"date":"2025-10-10T14:33:20","date_gmt":"2025-10-10T14:33:20","guid":{"rendered":"https:\/\/campzilla-shop.com\/produkt\/nomadnest-outwell-sedia-pieghevole\/"},"modified":"2025-10-10T14:42:11","modified_gmt":"2025-10-10T14:42:11","slug":"nomadnest-outwell-faltstuhl-vw","status":"publish","type":"product","link":"https:\/\/campzilla-shop.com\/de\/shop\/nomadnest-outwell-faltstuhl-vw\/","title":{"rendered":"Nomadnest Outwell \u2013 kompakter Stuhl f\u00fcr die Hecktasche VW California VW T5, T6, T7"},"content":{"rendered":"<h2 data-start=\"670\" data-end=\"753\"><strong data-start=\"673\" data-end=\"753\">Der faltbare Komfortstuhl f\u00fcr jedes Abenteuer<\/strong><\/h2>\n<p data-start=\"755\" data-end=\"1004\">Der <strong data-start=\"759\" data-end=\"791\">NomadNest Outwell<\/strong>\u00a0ist der ideale Campingstuhl f\u00fcr alle, die <strong data-start=\"834\" data-end=\"872\">Komfort, Design und Funktionalit\u00e4t<\/strong> in einem Produkt suchen. Ob im Camper, am Strand oder beim Festival \u2013 dieser Stuhl sorgt \u00fcberall f\u00fcr entspanntes Sitzen mit Stil.<\/p>\n<p data-start=\"1006\" data-end=\"1213\">Dank seiner kompakten Bauweise <strong data-start=\"1037\" data-end=\"1128\">passt der NomadNest perfekt in die Tasche der Heckklappe des VW California (T5, T6, T7)<\/strong>. Damit ist er die perfekte Erg\u00e4nzung f\u00fcr Vanlife, Roadtrips und Familienabenteuer.<\/p>\n<h3 data-start=\"1220\" data-end=\"1275\"><strong data-start=\"1224\" data-end=\"1275\">Funktionales Design trifft auf h\u00f6chsten Komfort<\/strong><\/h3>\n<ul data-start=\"1277\" data-end=\"1932\">\n<li data-start=\"1277\" data-end=\"1375\">\n<p data-start=\"1279\" data-end=\"1375\"><strong data-start=\"1279\" data-end=\"1296\">Flach faltbar<\/strong> \u2013 l\u00e4sst sich in wenigen Sekunden zusammenklappen und platzsparend verstauen.<\/p>\n<\/li>\n<li data-start=\"1376\" data-end=\"1481\">\n<p data-start=\"1378\" data-end=\"1481\"><strong data-start=\"1378\" data-end=\"1418\">Perfekt f\u00fcr VW California (T5\u2013T6\u2013T7)<\/strong> \u2013 entwickelt, um optimal in die Heckklappentasche zu passen.<\/p>\n<\/li>\n<li data-start=\"1482\" data-end=\"1596\">\n<p data-start=\"1484\" data-end=\"1596\"><strong data-start=\"1484\" data-end=\"1504\">Dicke Polsterung<\/strong> \u2013 sorgt f\u00fcr hervorragende Isolierung und h\u00f6chsten Sitzkomfort, auch bei l\u00e4ngerer Nutzung.<\/p>\n<\/li>\n<li data-start=\"1597\" data-end=\"1682\">\n<p data-start=\"1599\" data-end=\"1682\"><strong data-start=\"1599\" data-end=\"1629\">Stabile Rahmenverriegelung<\/strong> \u2013 fixiert den Stuhl sicher in ge\u00f6ffneter Position.<\/p>\n<\/li>\n<li data-start=\"1683\" data-end=\"1771\">\n<p data-start=\"1685\" data-end=\"1771\"><strong data-start=\"1685\" data-end=\"1714\">Elegante Bambus-Armlehnen<\/strong> \u2013 verleihen dem Stuhl eine nat\u00fcrliche, stilvolle Note.<\/p>\n<\/li>\n<li data-start=\"1772\" data-end=\"1861\">\n<p data-start=\"1774\" data-end=\"1861\"><strong data-start=\"1774\" data-end=\"1796\">Leicht und tragbar<\/strong> \u2013 einfach mitzunehmen, ideal f\u00fcr Reisen und Wochenendausfl\u00fcge.<\/p>\n<\/li>\n<li data-start=\"1862\" data-end=\"1932\">\n<p data-start=\"1864\" data-end=\"1932\"><strong data-start=\"1864\" data-end=\"1885\">Kein Aufbau n\u00f6tig<\/strong> \u2013 einfach aufklappen, hinsetzen, entspannen.<\/p>\n<\/li>\n<\/ul>\n<h3 data-start=\"1939\" data-end=\"1963\"><strong data-start=\"1943\" data-end=\"1963\">Technische Daten<\/strong><\/h3>\n<div class=\"_tableContainer_1rjym_1\">\n<div class=\"group _tableWrapper_1rjym_13 flex w-fit flex-col-reverse\" tabindex=\"-1\">\n<table class=\"w-fit min-w-(--thread-content-width)\" data-start=\"1965\" data-end=\"2331\">\n<thead data-start=\"1965\" data-end=\"1991\">\n<tr data-start=\"1965\" data-end=\"1991\">\n<th data-start=\"1965\" data-end=\"1975\" data-col-size=\"sm\">Merkmal<\/th>\n<th data-start=\"1975\" data-end=\"1991\" data-col-size=\"sm\">Beschreibung<\/th>\n<\/tr>\n<\/thead>\n<tbody data-start=\"2021\" data-end=\"2331\">\n<tr data-start=\"2021\" data-end=\"2043\">\n<td data-start=\"2021\" data-end=\"2029\" data-col-size=\"sm\">Farbe<\/td>\n<td data-col-size=\"sm\" data-start=\"2029\" data-end=\"2043\">Misty Grey<\/td>\n<\/tr>\n<tr data-start=\"2044\" data-end=\"2091\">\n<td data-start=\"2044\" data-end=\"2061\" data-col-size=\"sm\">Kompatibilit\u00e4t<\/td>\n<td data-col-size=\"sm\" data-start=\"2061\" data-end=\"2091\">VW California T5 \/ T6 \/ T7<\/td>\n<\/tr>\n<tr data-start=\"2092\" data-end=\"2146\">\n<td data-start=\"2092\" data-end=\"2107\" data-col-size=\"sm\">Konstruktion<\/td>\n<td data-col-size=\"sm\" data-start=\"2107\" data-end=\"2146\">Faltstuhl mit Verriegelungsfunktion<\/td>\n<\/tr>\n<tr data-start=\"2147\" data-end=\"2169\">\n<td data-start=\"2147\" data-end=\"2159\" data-col-size=\"sm\">Armlehnen<\/td>\n<td data-col-size=\"sm\" data-start=\"2159\" data-end=\"2169\">Bambus<\/td>\n<\/tr>\n<tr data-start=\"2170\" data-end=\"2206\">\n<td data-start=\"2170\" data-end=\"2183\" data-col-size=\"sm\">Polsterung<\/td>\n<td data-col-size=\"sm\" data-start=\"2183\" data-end=\"2206\">Dick und isolierend<\/td>\n<\/tr>\n<tr data-start=\"2207\" data-end=\"2249\">\n<td data-start=\"2207\" data-end=\"2217\" data-col-size=\"sm\">Gewicht<\/td>\n<td data-start=\"2217\" data-end=\"2249\" data-col-size=\"sm\">Leicht und einfach zu tragen<\/td>\n<\/tr>\n<tr data-start=\"2250\" data-end=\"2298\">\n<td data-start=\"2250\" data-end=\"2260\" data-col-size=\"sm\">Faltma\u00df<\/td>\n<td data-col-size=\"sm\" data-start=\"2260\" data-end=\"2298\">Sehr flach f\u00fcr kompaktes Verstauen<\/td>\n<\/tr>\n<tr data-start=\"2299\" data-end=\"2331\">\n<td data-start=\"2299\" data-end=\"2309\" data-col-size=\"sm\">Montage<\/td>\n<td data-col-size=\"sm\" data-start=\"2309\" data-end=\"2331\">Nicht erforderlich<\/td>\n<\/tr>\n<\/tbody>\n<\/table>\n<\/div>\n<\/div>\n<h3 data-start=\"2338\" data-end=\"2370\"><strong data-start=\"2342\" data-end=\"2370\">Vorteile auf einen Blick<\/strong><\/h3>\n<ul data-start=\"2372\" data-end=\"2596\">\n<li data-start=\"2372\" data-end=\"2407\">Kompakt, stabil und komfortabel<\/li>\n<li data-start=\"2372\" data-end=\"2407\">Passt in die Heckklappentasche des VW California<\/li>\n<li data-start=\"2372\" data-end=\"2407\">Hochwertige Materialien &amp; edles Design<\/li>\n<li data-start=\"2372\" data-end=\"2407\">Ideal f\u00fcr Camping, Roadtrips und Vanlife<\/li>\n<li data-start=\"2372\" data-end=\"2407\">Langlebig, leicht und schnell einsatzbereit<\/li>\n<\/ul>\n","protected":false},"excerpt":{"rendered":"<p>Der <strong data-start=\"2622\" data-end=\"2654\">NomadNest Outwell Faltstuhl<\/strong> ist der perfekte <strong data-start=\"2672\" data-end=\"2702\">Campingstuhl f\u00fcr unterwegs<\/strong> \u2013 funktional, leicht und elegant zugleich.<br data-start=\"2745\" data-end=\"2748\" \/>Dank der durchdachten Konstruktion, der komfortablen Polsterung und der stilvollen Bambusdetails ist sie ein echtes Highlight f\u00fcr alle, die Komfort und Design auch auf Reisen sch\u00e4tzen.<\/p>\n<p>Und das beste: er passt <strong data-start=\"1037\" data-end=\"1128\">perfekt in die Tasche der Heckklappe des VW California (T5, T6, T7)!<\/strong><\/p>\n","protected":false},"featured_media":68713,"template":"","meta":{"site-sidebar-layout":"default","site-content-layout":"","ast-site-content-layout":"default","site-content-style":"default","site-sidebar-style":"default","ast-global-header-display":"","ast-banner-title-visibility":"","ast-main-header-display":"","ast-hfb-above-header-display":"","ast-hfb-below-header-display":"","ast-hfb-mobile-header-display":"","site-post-title":"","ast-breadcrumbs-content":"","ast-featured-img":"","footer-sml-layout":"","ast-disable-related-posts":"","theme-transparent-header-meta":"default","adv-header-id-meta":"","stick-header-meta":"","header-above-stick-meta":"","header-main-stick-meta":"","header-below-stick-meta":"","astra-migrate-meta-layouts":"set","ast-page-background-enabled":"default","ast-page-background-meta":{"desktop":{"background-color":"","background-image":"","background-repeat":"repeat","background-position":"center center","background-size":"auto","background-attachment":"scroll","background-type":"","background-media":"","overlay-type":"","overlay-color":"","overlay-opacity":"","overlay-gradient":""},"tablet":{"background-color":"","background-image":"","background-repeat":"repeat","background-position":"center center","background-size":"auto","background-attachment":"scroll","background-type":"","background-media":"","overlay-type":"","overlay-color":"","overlay-opacity":"","overlay-gradient":""},"mobile":{"background-color":"","background-image":"","background-repeat":"repeat","background-position":"center center","background-size":"auto","background-attachment":"scroll","background-type":"","background-media":"","overlay-type":"","overlay-color":"","overlay-opacity":"","overlay-gradient":""}},"ast-content-background-meta":{"desktop":{"background-color":"var(--ast-global-color-5)","background-image":"","background-repeat":"repeat","background-position":"center center","background-size":"auto","background-attachment":"scroll","background-type":"","background-media":"","overlay-type":"","overlay-color":"","overlay-opacity":"","overlay-gradient":""},"tablet":{"background-color":"var(--ast-global-color-5)","background-image":"","background-repeat":"repeat","background-position":"center center","background-size":"auto","background-attachment":"scroll","background-type":"","background-media":"","overlay-type":"","overlay-color":"","overlay-opacity":"","overlay-gradient":""},"mobile":{"background-color":"var(--ast-global-color-5)","background-image":"","background-repeat":"repeat","background-position":"center center","background-size":"auto","background-attachment":"scroll","background-type":"","background-media":"","overlay-type":"","overlay-color":"","overlay-opacity":"","overlay-gradient":""}},"iawp_total_views":249},"product_brand":[],"product_cat":[47],"product_tag":[],"class_list":{"0":"post-68736","1":"product","2":"type-product","3":"status-publish","4":"has-post-thumbnail","6":"product_cat-campingmoebel","7":"product_shipping_class-groesse-m","8":"desktop-align-left","9":"tablet-align-left","10":"mobile-align-left","11":"ast-product-gallery-layout-horizontal-slider","12":"ast-product-single-variable","13":"ast-product-tabs-layout-horizontal","15":"first","16":"instock","17":"sale","18":"taxable","19":"shipping-taxable","20":"purchasable","21":"product-type-variable"},"_links":{"self":[{"href":"https:\/\/campzilla-shop.com\/de\/wp-json\/wp\/v2\/product\/68736","targetHints":{"allow":["GET"]}}],"collection":[{"href":"https:\/\/campzilla-shop.com\/de\/wp-json\/wp\/v2\/product"}],"about":[{"href":"https:\/\/campzilla-shop.com\/de\/wp-json\/wp\/v2\/types\/product"}],"wp:featuredmedia":[{"embeddable":true,"href":"https:\/\/campzilla-shop.com\/de\/wp-json\/wp\/v2\/media\/68713"}],"wp:attachment":[{"href":"https:\/\/campzilla-shop.com\/de\/wp-json\/wp\/v2\/media?parent=68736"}],"wp:term":[{"taxonomy":"product_brand","embeddable":true,"href":"https:\/\/campzilla-shop.com\/de\/wp-json\/wp\/v2\/product_brand?post=68736"},{"taxonomy":"product_cat","embeddable":true,"href":"https:\/\/campzilla-shop.com\/de\/wp-json\/wp\/v2\/product_cat?post=68736"},{"taxonomy":"product_tag","embeddable":true,"href":"https:\/\/campzilla-shop.com\/de\/wp-json\/wp\/v2\/product_tag?post=68736"}],"curies":[{"name":"wp","href":"https:\/\/api.w.org\/{rel}","templated":true}]}}