{"id":68434,"date":"2025-09-23T08:17:07","date_gmt":"2025-09-23T08:17:07","guid":{"rendered":"https:\/\/campzilla-shop.com\/produkt\/zanzariera-per-finestrino-scorrevole\/"},"modified":"2025-10-10T09:16:36","modified_gmt":"2025-10-10T09:16:36","slug":"mosktionetz-vw-t7-new-california","status":"publish","type":"product","link":"https:\/\/campzilla-shop.com\/de\/shop\/mosktionetz-vw-t7-new-california\/","title":{"rendered":"Moskitonetz VW T7 New California \u2013 Schiebefenster Fahrer- oder Beifahrerseite"},"content":{"rendered":"<h2 data-start=\"282\" data-end=\"622\"><strong data-start=\"282\" data-end=\"329\">Genie\u00dfe frische Luft ohne l\u00e4stige Insekten!<\/strong><\/h2>\n<p data-start=\"282\" data-end=\"622\">Das Moskitonetz f\u00fcr das Schiebefenster des <strong data-start=\"375\" data-end=\"399\">VW T7 New California<\/strong> ist das ideale Zubeh\u00f6r f\u00fcr ungest\u00f6rte N\u00e4chte und entspannte Campingmomente. Du kannst es wahlweise auf der Fahrer- oder Beifahrerseite montieren \u2013 es f\u00fcgt sich perfekt ins Seitenfenster ein und ist jederzeit einsatzbereit.<\/p>\n<h4 data-start=\"624\" data-end=\"670\">Effektiver Schutz bei maximaler Bel\u00fcftung<\/h4>\n<p data-start=\"671\" data-end=\"991\">Das strapazierf\u00e4hige Netz aus <strong data-start=\"701\" data-end=\"732\">PVC-beschichtetem Fiberglas<\/strong> mit einer feinen <strong data-start=\"750\" data-end=\"785\">Maschenweite von 0,94 \u00d7 0,94 mm<\/strong> h\u00e4lt M\u00fccken, Fliegen und andere Insekten zuverl\u00e4ssig drau\u00dfen \u2013 w\u00e4hrend frische Luft ungehindert zirkuliert. So bleibt der Innenraum Deines Campers auch an warmen Sommertagen angenehm k\u00fchl und gut bel\u00fcftet.<\/p>\n<h4 data-start=\"993\" data-end=\"1039\">Einfache Handhabung \u2013 kein Umr\u00fcsten n\u00f6tig<\/h4>\n<p data-start=\"1040\" data-end=\"1339\">Das Insektenschutzgitter l\u00e4sst sich <strong data-start=\"1076\" data-end=\"1119\">in Sekundenschnelle nach vorne schieben<\/strong> und bietet sofortigen Schutz. Wenn Du das Fenster schlie\u00dfen willst, schiebst Du es einfach zur\u00fcck. Das Netz kann dauerhaft montiert bleiben, ohne zus\u00e4tzlichen Platz zu ben\u00f6tigen oder den Fenstermechanismus zu behindern.<\/p>\n<h4 data-start=\"1341\" data-end=\"1369\">Komfort rund um die Uhr<\/h4>\n<p data-start=\"1370\" data-end=\"1614\">Egal, ob Du beim Essen im Van die Fenster ge\u00f6ffnet hast oder nachts unter den Sternen schl\u00e4fst \u2013 mit dem <strong data-start=\"1475\" data-end=\"1519\">Moskitonetz f\u00fcr den VW T7 New California<\/strong> bleibst Du ungest\u00f6rt. Keine Stiche, kein Summen \u2013 nur reine Frischluft und erholsame N\u00e4chte.<\/p>\n<h4 data-start=\"1616\" data-end=\"1638\"><strong data-start=\"1621\" data-end=\"1638\">Hauptmerkmale<\/strong><\/h4>\n<ul data-start=\"1639\" data-end=\"1975\">\n<li data-start=\"1639\" data-end=\"1681\">\n<p data-start=\"1641\" data-end=\"1681\">Passgenau f\u00fcr <strong data-start=\"1655\" data-end=\"1679\">VW T7 New California<\/strong><\/p>\n<\/li>\n<li data-start=\"1682\" data-end=\"1732\">\n<p data-start=\"1684\" data-end=\"1732\">F\u00fcr <strong data-start=\"1688\" data-end=\"1719\">Fahrer- oder Beifahrerseite<\/strong> erh\u00e4ltlich<\/p>\n<\/li>\n<li data-start=\"1733\" data-end=\"1803\">\n<p data-start=\"1735\" data-end=\"1803\"><strong data-start=\"1735\" data-end=\"1772\">PVC-beschichtetes Fiberglasgewebe<\/strong>, Maschenweite 0,94 \u00d7 0,94 mm<\/p>\n<\/li>\n<li data-start=\"1804\" data-end=\"1855\">\n<p data-start=\"1806\" data-end=\"1855\">Bleibt montiert, auch bei geschlossenem Fenster<\/p>\n<\/li>\n<li data-start=\"1856\" data-end=\"1906\">\n<p data-start=\"1858\" data-end=\"1906\"><strong data-start=\"1858\" data-end=\"1878\">Einfache Montage<\/strong> durch Schiebe-Mechanismus<\/p>\n<\/li>\n<li data-start=\"1907\" data-end=\"1975\">\n<p data-start=\"1909\" data-end=\"1975\"><strong data-start=\"1909\" data-end=\"1920\">Kompakt<\/strong> und platzsparend \u2013 kein zus\u00e4tzliches Verstauen n\u00f6tig<\/p>\n<\/li>\n<\/ul>\n<p data-start=\"1977\" data-end=\"2156\">Mit diesem Moskitonetz wird Dein Campingabenteuer noch komfortabler: frische Luft genie\u00dfen, zuverl\u00e4ssig gesch\u00fctzt \u2013 immer bereit f\u00fcr den n\u00e4chsten Halt mit Deinem VW California T7.<\/p>\n","protected":false},"excerpt":{"rendered":"<p>Ma\u00dfgeschneidertes Insektenschutzgitter f\u00fcr VW T7 New California . Insektenschutz, einfach zu verwenden, f\u00fcr Fahrer- oder Beifahrerseite. Frische Luft ohne Stechm\u00fccken.<\/p>\n","protected":false},"featured_media":68428,"template":"","meta":{"site-sidebar-layout":"default","site-content-layout":"","ast-site-content-layout":"default","site-content-style":"default","site-sidebar-style":"default","ast-global-header-display":"","ast-banner-title-visibility":"","ast-main-header-display":"","ast-hfb-above-header-display":"","ast-hfb-below-header-display":"","ast-hfb-mobile-header-display":"","site-post-title":"","ast-breadcrumbs-content":"","ast-featured-img":"","footer-sml-layout":"","ast-disable-related-posts":"","theme-transparent-header-meta":"default","adv-header-id-meta":"","stick-header-meta":"","header-above-stick-meta":"","header-main-stick-meta":"","header-below-stick-meta":"","astra-migrate-meta-layouts":"set","ast-page-background-enabled":"default","ast-page-background-meta":{"desktop":{"background-color":"","background-image":"","background-repeat":"repeat","background-position":"center center","background-size":"auto","background-attachment":"scroll","background-type":"","background-media":"","overlay-type":"","overlay-color":"","overlay-opacity":"","overlay-gradient":""},"tablet":{"background-color":"","background-image":"","background-repeat":"repeat","background-position":"center center","background-size":"auto","background-attachment":"scroll","background-type":"","background-media":"","overlay-type":"","overlay-color":"","overlay-opacity":"","overlay-gradient":""},"mobile":{"background-color":"","background-image":"","background-repeat":"repeat","background-position":"center center","background-size":"auto","background-attachment":"scroll","background-type":"","background-media":"","overlay-type":"","overlay-color":"","overlay-opacity":"","overlay-gradient":""}},"ast-content-background-meta":{"desktop":{"background-color":"var(--ast-global-color-5)","background-image":"","background-repeat":"repeat","background-position":"center center","background-size":"auto","background-attachment":"scroll","background-type":"","background-media":"","overlay-type":"","overlay-color":"","overlay-opacity":"","overlay-gradient":""},"tablet":{"background-color":"var(--ast-global-color-5)","background-image":"","background-repeat":"repeat","background-position":"center center","background-size":"auto","background-attachment":"scroll","background-type":"","background-media":"","overlay-type":"","overlay-color":"","overlay-opacity":"","overlay-gradient":""},"mobile":{"background-color":"var(--ast-global-color-5)","background-image":"","background-repeat":"repeat","background-position":"center center","background-size":"auto","background-attachment":"scroll","background-type":"","background-media":"","overlay-type":"","overlay-color":"","overlay-opacity":"","overlay-gradient":""}},"iawp_total_views":70},"product_brand":[],"product_cat":[386],"product_tag":[],"class_list":{"0":"post-68434","1":"product","2":"type-product","3":"status-publish","4":"has-post-thumbnail","6":"product_cat-moskitonetze-lueftungsgitter","7":"product_shipping_class-groesse-s","8":"desktop-align-left","9":"tablet-align-left","10":"mobile-align-left","11":"ast-product-gallery-layout-horizontal-slider","12":"ast-product-single-variable","13":"ast-product-tabs-layout-horizontal","15":"first","16":"instock","17":"taxable","18":"shipping-taxable","19":"purchasable","20":"product-type-variable"},"_links":{"self":[{"href":"https:\/\/campzilla-shop.com\/de\/wp-json\/wp\/v2\/product\/68434","targetHints":{"allow":["GET"]}}],"collection":[{"href":"https:\/\/campzilla-shop.com\/de\/wp-json\/wp\/v2\/product"}],"about":[{"href":"https:\/\/campzilla-shop.com\/de\/wp-json\/wp\/v2\/types\/product"}],"wp:featuredmedia":[{"embeddable":true,"href":"https:\/\/campzilla-shop.com\/de\/wp-json\/wp\/v2\/media\/68428"}],"wp:attachment":[{"href":"https:\/\/campzilla-shop.com\/de\/wp-json\/wp\/v2\/media?parent=68434"}],"wp:term":[{"taxonomy":"product_brand","embeddable":true,"href":"https:\/\/campzilla-shop.com\/de\/wp-json\/wp\/v2\/product_brand?post=68434"},{"taxonomy":"product_cat","embeddable":true,"href":"https:\/\/campzilla-shop.com\/de\/wp-json\/wp\/v2\/product_cat?post=68434"},{"taxonomy":"product_tag","embeddable":true,"href":"https:\/\/campzilla-shop.com\/de\/wp-json\/wp\/v2\/product_tag?post=68434"}],"curies":[{"name":"wp","href":"https:\/\/api.w.org\/{rel}","templated":true}]}}