{"id":68337,"date":"2025-09-10T13:10:29","date_gmt":"2025-09-10T13:10:29","guid":{"rendered":"https:\/\/campzilla-shop.com\/produkt\/isolante-termico-per-tetto-a-soffietto\/"},"modified":"2026-03-06T16:50:16","modified_gmt":"2026-03-06T16:50:16","slug":"thermoisolierung-aufstelldach-t7","status":"publish","type":"product","link":"https:\/\/campzilla-shop.com\/de\/shop\/thermoisolierung-aufstelldach-t7\/","title":{"rendered":"Thermoisolierung Aufstelldach \u2013 VW T7 New California Beach, Ocean & Coast"},"content":{"rendered":"<h3 data-start=\"167\" data-end=\"258\">Mehr Komfort zu jeder Jahreszeit, Sommer wie Winter<\/h3>\n<p data-start=\"260\" data-end=\"547\">Mit der <strong data-start=\"268\" data-end=\"326\">Thermoisolierung Aufstelldach f\u00fcr den neuen VW T7 New California<\/strong> <strong>Beach, Ocean &amp; Coast <\/strong>verbesserst du Komfort und Schlafqualit\u00e4t bei jeder Reise. Diese hochwertige Dach-Isolierung sch\u00fctzt effektiv vor K\u00e4lte, Hitze und Feuchtigkeit und erm\u00f6glicht erholsame N\u00e4chte im Camper \u2013 egal ob im Sommer oder Winter.<\/p>\n<h4 data-start=\"549\" data-end=\"596\">Zuverl\u00e4ssige Isolierung bei jedem Wetter<\/h4>\n<p data-start=\"597\" data-end=\"904\">Dank der <strong data-start=\"606\" data-end=\"636\">8 mm starken Thermoschicht<\/strong> bleibt die Temperatur im Schlafbereich angenehm stabil. Im Sommer verhindert das Material ein \u00dcberhitzen, w\u00e4hrend es im Winter die W\u00e4rme speichert und den Energieverbrauch reduziert. Ideal f\u00fcr alle, die das ganze Jahr unterwegs sind \u2013 auch bei extremen Bedingungen.<\/p>\n<h4 data-start=\"906\" data-end=\"950\">Einfache Installation &amp; sicherer Halt<\/h4>\n<p data-start=\"951\" data-end=\"1180\">Die Thermoisolierung ist passgenau f\u00fcr den VW T7 California gefertigt. Sie wird m\u00fchelos unter den Federn des Aufstelldachs befestigt und mit <strong data-start=\"1092\" data-end=\"1122\">stabilen Klettverschl\u00fcssen<\/strong> fixiert. So sitzt sie sicher \u2013 selbst bei starkem Wind.<\/p>\n<h4 data-start=\"1182\" data-end=\"1219\">Deine Vorteile auf einen Blick<\/h4>\n<ul data-start=\"1220\" data-end=\"1655\">\n<li data-start=\"1220\" data-end=\"1297\">\n<p data-start=\"1222\" data-end=\"1297\"><strong data-start=\"1222\" data-end=\"1248\">Besserer Schlafkomfort<\/strong> \u2013 gleichm\u00e4\u00dfiges Raumklima f\u00fcr erholsame N\u00e4chte<\/p>\n<\/li>\n<li data-start=\"1298\" data-end=\"1375\">\n<p data-start=\"1300\" data-end=\"1375\"><strong data-start=\"1300\" data-end=\"1330\">Effektive Thermoisolierung<\/strong> \u2013 Schutz vor Hitze, K\u00e4lte und Feuchtigkeit<\/p>\n<\/li>\n<li data-start=\"1376\" data-end=\"1443\">\n<p data-start=\"1378\" data-end=\"1443\"><strong data-start=\"1378\" data-end=\"1396\">Energie sparen<\/strong> \u2013 weniger Bedarf an Heizung oder Klimaanlage<\/p>\n<\/li>\n<li data-start=\"1444\" data-end=\"1527\">\n<p data-start=\"1446\" data-end=\"1527\"><strong data-start=\"1446\" data-end=\"1469\">Nachhaltig &amp; robust<\/strong> \u2013 langlebige Materialien, PVC-frei und umweltfreundlich<\/p>\n<\/li>\n<li data-start=\"1528\" data-end=\"1593\">\n<p data-start=\"1530\" data-end=\"1593\"><strong data-start=\"1530\" data-end=\"1547\">Made in Italy<\/strong> \u2013 gepr\u00fcfte Qualit\u00e4t und funktionales Design<\/p>\n<\/li>\n<li data-start=\"1594\" data-end=\"1655\">\n<p data-start=\"1596\" data-end=\"1655\"><strong data-start=\"1596\" data-end=\"1616\">Einfache Montage<\/strong> \u2013 schnell angebracht, sicher fixiert<\/p>\n<\/li>\n<\/ul>\n<h4 data-start=\"1657\" data-end=\"1669\">Fazit<\/h4>\n<p data-start=\"1670\" data-end=\"1919\">Mit der <strong data-start=\"1678\" data-end=\"1737\">Thermoisolierung Aufstelldach f\u00fcr deinen neuen VW T7 California <\/strong>reist du komfortabler, gesch\u00fctzt und unabh\u00e4ngig von der Jahreszeit. Perfekt f\u00fcr alle, die Abenteuer und Natur lieben, ohne dabei auf Wohlbefinden und Schlafqualit\u00e4t zu verzichten.<\/p>\n","protected":false},"excerpt":{"rendered":"<p data-start=\"96\" data-end=\"138\"><strong data-start=\"101\" data-end=\"119\">Made in Italy!<\/strong>\u00a0<strong data-start=\"123\" data-end=\"136\">PVC-frei!<\/strong><\/p>\n<p data-start=\"140\" data-end=\"214\">Perfekte Isolierung im Sommer wie im Winter \u2013 von <strong data-start=\"190\" data-end=\"211\">+60 \u00b0C bis -25 \u00b0C<\/strong>.<\/p>\n<p data-start=\"216\" data-end=\"611\">Das hochwertige Isoliermaterial mit einer St\u00e4rke von 8 mm passt sich exakt dem Spalt zwischen Dachabdeckung und Originaldach an, sobald das Aufstelldach ge\u00f6ffnet ist. Gefertigt aus thermoverklebtem Polyester mit einer inneren Schicht aus offenzelliger Polyurethanschaum, sorgt es f\u00fcr hervorragende Isolationswerte. Die geschlossene Zellstruktur garantiert dabei eine <strong data-start=\"583\" data-end=\"608\">maximale W\u00e4rmed\u00e4mmung<\/strong>.<\/p>\n<p data-start=\"613\" data-end=\"733\">Passgenau f\u00fcr das Aufstelldach des neuen <strong data-start=\"654\" data-end=\"674\">VW T7 New California<\/strong> \u2013 der ideale Schutz gegen K\u00e4lte, Hitze und Feuchtigkeit.<\/p>\n","protected":false},"featured_media":69249,"template":"","meta":{"site-sidebar-layout":"default","site-content-layout":"","ast-site-content-layout":"default","site-content-style":"default","site-sidebar-style":"default","ast-global-header-display":"","ast-banner-title-visibility":"","ast-main-header-display":"","ast-hfb-above-header-display":"","ast-hfb-below-header-display":"","ast-hfb-mobile-header-display":"","site-post-title":"","ast-breadcrumbs-content":"","ast-featured-img":"","footer-sml-layout":"","ast-disable-related-posts":"","theme-transparent-header-meta":"default","adv-header-id-meta":"","stick-header-meta":"","header-above-stick-meta":"","header-main-stick-meta":"","header-below-stick-meta":"","astra-migrate-meta-layouts":"set","ast-page-background-enabled":"default","ast-page-background-meta":{"desktop":{"background-color":"","background-image":"","background-repeat":"repeat","background-position":"center center","background-size":"auto","background-attachment":"scroll","background-type":"","background-media":"","overlay-type":"","overlay-color":"","overlay-opacity":"","overlay-gradient":""},"tablet":{"background-color":"","background-image":"","background-repeat":"repeat","background-position":"center center","background-size":"auto","background-attachment":"scroll","background-type":"","background-media":"","overlay-type":"","overlay-color":"","overlay-opacity":"","overlay-gradient":""},"mobile":{"background-color":"","background-image":"","background-repeat":"repeat","background-position":"center center","background-size":"auto","background-attachment":"scroll","background-type":"","background-media":"","overlay-type":"","overlay-color":"","overlay-opacity":"","overlay-gradient":""}},"ast-content-background-meta":{"desktop":{"background-color":"var(--ast-global-color-5)","background-image":"","background-repeat":"repeat","background-position":"center center","background-size":"auto","background-attachment":"scroll","background-type":"","background-media":"","overlay-type":"","overlay-color":"","overlay-opacity":"","overlay-gradient":""},"tablet":{"background-color":"var(--ast-global-color-5)","background-image":"","background-repeat":"repeat","background-position":"center center","background-size":"auto","background-attachment":"scroll","background-type":"","background-media":"","overlay-type":"","overlay-color":"","overlay-opacity":"","overlay-gradient":""},"mobile":{"background-color":"var(--ast-global-color-5)","background-image":"","background-repeat":"repeat","background-position":"center center","background-size":"auto","background-attachment":"scroll","background-type":"","background-media":"","overlay-type":"","overlay-color":"","overlay-opacity":"","overlay-gradient":""}},"iawp_total_views":1705},"product_brand":[],"product_cat":[422],"product_tag":[],"class_list":{"0":"post-68337","1":"product","2":"type-product","3":"status-publish","4":"has-post-thumbnail","6":"product_cat-volkswagen-vw-t5-t6-t7-de","7":"product_shipping_class-groesse-m","8":"desktop-align-left","9":"tablet-align-left","10":"mobile-align-left","11":"ast-product-gallery-layout-horizontal-slider","12":"ast-product-tabs-layout-horizontal","14":"first","15":"onbackorder","16":"taxable","17":"shipping-taxable","18":"purchasable","19":"product-type-simple"},"_links":{"self":[{"href":"https:\/\/campzilla-shop.com\/de\/wp-json\/wp\/v2\/product\/68337","targetHints":{"allow":["GET"]}}],"collection":[{"href":"https:\/\/campzilla-shop.com\/de\/wp-json\/wp\/v2\/product"}],"about":[{"href":"https:\/\/campzilla-shop.com\/de\/wp-json\/wp\/v2\/types\/product"}],"wp:featuredmedia":[{"embeddable":true,"href":"https:\/\/campzilla-shop.com\/de\/wp-json\/wp\/v2\/media\/69249"}],"wp:attachment":[{"href":"https:\/\/campzilla-shop.com\/de\/wp-json\/wp\/v2\/media?parent=68337"}],"wp:term":[{"taxonomy":"product_brand","embeddable":true,"href":"https:\/\/campzilla-shop.com\/de\/wp-json\/wp\/v2\/product_brand?post=68337"},{"taxonomy":"product_cat","embeddable":true,"href":"https:\/\/campzilla-shop.com\/de\/wp-json\/wp\/v2\/product_cat?post=68337"},{"taxonomy":"product_tag","embeddable":true,"href":"https:\/\/campzilla-shop.com\/de\/wp-json\/wp\/v2\/product_tag?post=68337"}],"curies":[{"name":"wp","href":"https:\/\/api.w.org\/{rel}","templated":true}]}}