{"id":68040,"date":"2025-08-04T13:41:51","date_gmt":"2025-08-04T13:41:51","guid":{"rendered":"https:\/\/campzilla-shop.com\/?post_type=product&#038;p=68040"},"modified":"2026-04-21T15:31:33","modified_gmt":"2026-04-21T15:31:33","slug":"outwell-sideroads-awning-room","status":"publish","type":"product","link":"https:\/\/campzilla-shop.com\/de\/shop\/outwell-sideroads-awning-room\/","title":{"rendered":"Outwell Sideroads Awning Room, Seitenteile f\u00fcr Markise, Kastenwagen"},"content":{"rendered":"<article class=\"text-token-text-primary w-full focus:outline-none scroll-mt-[calc(var(--header-height)+min(200px,max(70px,20svh)))]\" dir=\"auto\" tabindex=\"-1\" data-testid=\"conversation-turn-2\" data-scroll-anchor=\"false\" data-turn=\"assistant\">\n<div class=\"text-base my-auto mx-auto [--thread-content-margin:--spacing(4)] @[37rem]:[--thread-content-margin:--spacing(6)] @[72rem]:[--thread-content-margin:--spacing(16)] px-(--thread-content-margin)\">\n<div class=\"[--thread-content-max-width:32rem] @[34rem]:[--thread-content-max-width:40rem] @[64rem]:[--thread-content-max-width:48rem] mx-auto max-w-(--thread-content-max-width) flex-1 group\/turn-messages focus-visible:outline-hidden relative flex w-full min-w-0 flex-col agent-turn\" tabindex=\"-1\">\n<div class=\"flex max-w-full flex-col grow\">\n<div class=\"min-h-8 text-message relative flex w-full flex-col items-end gap-2 text-start break-words whitespace-normal [.text-message+&amp;]:mt-5\" dir=\"auto\" data-message-author-role=\"assistant\" data-message-id=\"9312061b-21c2-44d7-a17d-256c1721da2e\" data-message-model-slug=\"gpt-4o\">\n<div class=\"flex w-full flex-col gap-1 empty:hidden first:pt-[3px]\">\n<div class=\"markdown prose dark:prose-invert w-full break-words dark markdown-new-styling\">\n<h2 data-start=\"0\" data-end=\"86\"><strong data-start=\"0\" data-end=\"86\">Zus\u00e4tzlicher Raumkomfort f\u00fcr dein Campingabenteuer<\/strong><\/h2>\n<p data-start=\"88\" data-end=\"431\">Der <em data-start=\"92\" data-end=\"123\">Outwell Sideroads Awning Room<\/em> ist die perfekte Erg\u00e4nzung f\u00fcr alle, die beim Camping nicht auf zus\u00e4tzlichen Raum und Komfort verzichten m\u00f6chten. Entwickelt f\u00fcr die einfache Befestigung an ausrollbaren Markisen, eignet sich dieses Vorzelt ideal f\u00fcr h\u00f6here Fahrzeuge wie den Fiat Ducato, Mercedes Sprinter, VW Crafter oder \u00e4hnliche Modelle.<\/p>\n<p data-start=\"433\" data-end=\"723\">Dank der robusten Konstruktion aus Outtex\u00ae 4000 Select Polyester mit einer Wassers\u00e4ule von 4000 mm bietet das Awning Room zuverl\u00e4ssigen Schutz vor Wind und Wetter. Gleichzeitig sch\u00fctzt das Material mit <strong data-start=\"635\" data-end=\"658\">UV-Schutzfaktor 30+<\/strong> vor sch\u00e4dlicher Sonneneinstrahlung \u2013 ideal f\u00fcr warme Sommertage.<\/p>\n<p data-start=\"725\" data-end=\"1095\">Mit einem kompakten Packma\u00df von nur 72 x 26 x 26 cm l\u00e4sst sich das Vorzelt m\u00fchelos transportieren und verstauen. Die <strong data-start=\"842\" data-end=\"876\">gro\u00dfen, get\u00f6nten Seitenfenster<\/strong> sorgen f\u00fcr angenehmes Tageslicht und wahren dennoch deine Privatsph\u00e4re. Dank der <strong data-start=\"958\" data-end=\"1001\">vorgeseilten, leuchtenden Abspannleinen<\/strong> und der mitgelieferten <strong data-start=\"1025\" data-end=\"1040\">Dachstangen<\/strong> gelingt der Aufbau im Handumdrehen \u2013 ganz ohne Stress.<\/p>\n<h3 data-start=\"1097\" data-end=\"1112\">Highlights:<\/h3>\n<ul data-start=\"1113\" data-end=\"1679\">\n<li data-start=\"1113\" data-end=\"1191\">\n<p data-start=\"1115\" data-end=\"1191\"><strong data-start=\"1115\" data-end=\"1155\">Kompatibel mit ausrollbaren Markisen<\/strong> \u2013 ideal f\u00fcr Campingbusse und Vans<\/p>\n<\/li>\n<li data-start=\"1192\" data-end=\"1257\">\n<p data-start=\"1194\" data-end=\"1257\"><strong data-start=\"1194\" data-end=\"1255\">Geeignet f\u00fcr Fahrzeuge mit einer Anbauh\u00f6he von 240\u2013260 cm<\/strong><\/p>\n<\/li>\n<li data-start=\"1258\" data-end=\"1334\">\n<p data-start=\"1260\" data-end=\"1334\"><strong data-start=\"1260\" data-end=\"1306\">Passend f\u00fcr Markisen mit 380\u2013400 cm Breite<\/strong> (inkl. Erweiterungspanel)<\/p>\n<\/li>\n<li data-start=\"1335\" data-end=\"1403\">\n<p data-start=\"1337\" data-end=\"1403\"><strong data-start=\"1337\" data-end=\"1358\">Kompaktes Packma\u00df<\/strong> \u2013 ideal f\u00fcr Reisen mit begrenztem Stauraum<\/p>\n<\/li>\n<li data-start=\"1404\" data-end=\"1465\">\n<p data-start=\"1406\" data-end=\"1465\"><strong data-start=\"1406\" data-end=\"1432\">Gro\u00dfe, get\u00f6nte Fenster<\/strong> \u2013 mehr Licht, weniger Einblick<\/p>\n<\/li>\n<li data-start=\"1466\" data-end=\"1523\">\n<p data-start=\"1468\" data-end=\"1523\"><strong data-start=\"1468\" data-end=\"1496\">Schneller Auf- und Abbau<\/strong> dank durchdachtem Design<\/p>\n<\/li>\n<li data-start=\"1524\" data-end=\"1574\">\n<p data-start=\"1526\" data-end=\"1574\"><strong data-start=\"1526\" data-end=\"1546\">Umweltfreundlich<\/strong>: PFAS-freie Impr\u00e4gnierung<\/p>\n<\/li>\n<li data-start=\"1575\" data-end=\"1633\">\n<p data-start=\"1577\" data-end=\"1633\"><strong data-start=\"1577\" data-end=\"1607\">Zuverl\u00e4ssiger Wetterschutz<\/strong> mit 4000 mm Wassers\u00e4ule<\/p>\n<\/li>\n<li data-start=\"1634\" data-end=\"1679\">\n<p data-start=\"1636\" data-end=\"1679\"><strong data-start=\"1636\" data-end=\"1679\">Inklusive Dachstangen und Abspannleinen<\/strong><\/p>\n<\/li>\n<\/ul>\n<h3 data-start=\"1681\" data-end=\"1702\">Technische Daten:<\/h3>\n<ul data-start=\"1703\" data-end=\"2026\">\n<li data-start=\"1703\" data-end=\"1726\">\n<p data-start=\"1705\" data-end=\"1726\"><strong data-start=\"1705\" data-end=\"1716\">Zelttyp<\/strong>: Annexe<\/p>\n<\/li>\n<li data-start=\"1727\" data-end=\"1761\">\n<p data-start=\"1729\" data-end=\"1761\"><strong data-start=\"1729\" data-end=\"1751\">Dachanschlussl\u00e4nge<\/strong>: 375 cm<\/p>\n<\/li>\n<li data-start=\"1762\" data-end=\"1793\">\n<p data-start=\"1764\" data-end=\"1793\"><strong data-start=\"1764\" data-end=\"1777\">Anbauh\u00f6he<\/strong>: 240 \u2013 260 cm<\/p>\n<\/li>\n<li data-start=\"1794\" data-end=\"1826\">\n<p data-start=\"1796\" data-end=\"1826\"><strong data-start=\"1796\" data-end=\"1811\">Kederst\u00e4rke<\/strong>: 5 mm \/ 7 mm<\/p>\n<\/li>\n<li data-start=\"1827\" data-end=\"1882\">\n<p data-start=\"1829\" data-end=\"1882\"><strong data-start=\"1829\" data-end=\"1841\">Material<\/strong>: 100 % Polyester (Outtex\u00ae 4000 Select)<\/p>\n<\/li>\n<li data-start=\"1883\" data-end=\"1909\">\n<p data-start=\"1885\" data-end=\"1909\"><strong data-start=\"1885\" data-end=\"1898\">UV-Schutz<\/strong>: UPF 30+<\/p>\n<\/li>\n<li data-start=\"1910\" data-end=\"1933\">\n<p data-start=\"1912\" data-end=\"1933\"><strong data-start=\"1912\" data-end=\"1923\">Gewicht<\/strong>: 7,7 kg<\/p>\n<\/li>\n<li data-start=\"1934\" data-end=\"1957\">\n<p data-start=\"1936\" data-end=\"1957\"><strong data-start=\"1936\" data-end=\"1948\">Gest\u00e4nge<\/strong>: Stahl<\/p>\n<\/li>\n<li data-start=\"1958\" data-end=\"1990\">\n<p data-start=\"1960\" data-end=\"1990\"><strong data-start=\"1960\" data-end=\"1971\">Packma\u00df<\/strong>: 72 x 26 x 26 cm<\/p>\n<\/li>\n<li data-start=\"1991\" data-end=\"2026\">\n<p data-start=\"1993\" data-end=\"2026\"><strong data-start=\"1993\" data-end=\"2008\">Aufbauweise<\/strong>: in einem Schritt<\/p>\n<\/li>\n<\/ul>\n<\/div>\n<\/div>\n<\/div>\n<\/div>\n<\/div>\n<\/div>\n<\/article>\n","protected":false},"excerpt":{"rendered":"<p><strong data-start=\"2028\" data-end=\"2072\">Mehr Platz. Mehr Komfort. Mehr Freiheit.<\/strong> \u2013 Mit dem <em data-start=\"2083\" data-end=\"2114\">Outwell Sideroads Awning Room<\/em> gestaltest du deinen Campingurlaub noch flexibler und wohnlicher. Perfekt f\u00fcr Familien, Outdoor-Enthusiasten und Vanlife-Liebhaber.<\/p>\n","protected":false},"featured_media":68041,"template":"","meta":{"site-sidebar-layout":"default","site-content-layout":"","ast-site-content-layout":"default","site-content-style":"default","site-sidebar-style":"default","ast-global-header-display":"","ast-banner-title-visibility":"","ast-main-header-display":"","ast-hfb-above-header-display":"","ast-hfb-below-header-display":"","ast-hfb-mobile-header-display":"","site-post-title":"","ast-breadcrumbs-content":"","ast-featured-img":"","footer-sml-layout":"","ast-disable-related-posts":"","theme-transparent-header-meta":"default","adv-header-id-meta":"","stick-header-meta":"","header-above-stick-meta":"","header-main-stick-meta":"","header-below-stick-meta":"","astra-migrate-meta-layouts":"set","ast-page-background-enabled":"default","ast-page-background-meta":{"desktop":{"background-color":"","background-image":"","background-repeat":"repeat","background-position":"center center","background-size":"auto","background-attachment":"scroll","background-type":"","background-media":"","overlay-type":"","overlay-color":"","overlay-opacity":"","overlay-gradient":""},"tablet":{"background-color":"","background-image":"","background-repeat":"repeat","background-position":"center center","background-size":"auto","background-attachment":"scroll","background-type":"","background-media":"","overlay-type":"","overlay-color":"","overlay-opacity":"","overlay-gradient":""},"mobile":{"background-color":"","background-image":"","background-repeat":"repeat","background-position":"center center","background-size":"auto","background-attachment":"scroll","background-type":"","background-media":"","overlay-type":"","overlay-color":"","overlay-opacity":"","overlay-gradient":""}},"ast-content-background-meta":{"desktop":{"background-color":"var(--ast-global-color-5)","background-image":"","background-repeat":"repeat","background-position":"center center","background-size":"auto","background-attachment":"scroll","background-type":"","background-media":"","overlay-type":"","overlay-color":"","overlay-opacity":"","overlay-gradient":""},"tablet":{"background-color":"var(--ast-global-color-5)","background-image":"","background-repeat":"repeat","background-position":"center center","background-size":"auto","background-attachment":"scroll","background-type":"","background-media":"","overlay-type":"","overlay-color":"","overlay-opacity":"","overlay-gradient":""},"mobile":{"background-color":"var(--ast-global-color-5)","background-image":"","background-repeat":"repeat","background-position":"center center","background-size":"auto","background-attachment":"scroll","background-type":"","background-media":"","overlay-type":"","overlay-color":"","overlay-opacity":"","overlay-gradient":""}},"iawp_total_views":360},"product_brand":[],"product_cat":[425],"product_tag":[],"class_list":{"0":"post-68040","1":"product","2":"type-product","3":"status-publish","4":"has-post-thumbnail","6":"product_cat-vorzelte","7":"product_shipping_class-groesse-m","8":"desktop-align-left","9":"tablet-align-left","10":"mobile-align-left","11":"ast-product-gallery-layout-horizontal-slider","12":"ast-product-tabs-layout-horizontal","14":"first","15":"instock","16":"sale","17":"taxable","18":"shipping-taxable","19":"purchasable","20":"product-type-simple"},"_links":{"self":[{"href":"https:\/\/campzilla-shop.com\/de\/wp-json\/wp\/v2\/product\/68040","targetHints":{"allow":["GET"]}}],"collection":[{"href":"https:\/\/campzilla-shop.com\/de\/wp-json\/wp\/v2\/product"}],"about":[{"href":"https:\/\/campzilla-shop.com\/de\/wp-json\/wp\/v2\/types\/product"}],"wp:featuredmedia":[{"embeddable":true,"href":"https:\/\/campzilla-shop.com\/de\/wp-json\/wp\/v2\/media\/68041"}],"wp:attachment":[{"href":"https:\/\/campzilla-shop.com\/de\/wp-json\/wp\/v2\/media?parent=68040"}],"wp:term":[{"taxonomy":"product_brand","embeddable":true,"href":"https:\/\/campzilla-shop.com\/de\/wp-json\/wp\/v2\/product_brand?post=68040"},{"taxonomy":"product_cat","embeddable":true,"href":"https:\/\/campzilla-shop.com\/de\/wp-json\/wp\/v2\/product_cat?post=68040"},{"taxonomy":"product_tag","embeddable":true,"href":"https:\/\/campzilla-shop.com\/de\/wp-json\/wp\/v2\/product_tag?post=68040"}],"curies":[{"name":"wp","href":"https:\/\/api.w.org\/{rel}","templated":true}]}}