{"id":67618,"date":"2025-07-09T14:43:31","date_gmt":"2025-07-09T14:43:31","guid":{"rendered":"https:\/\/campzilla-shop.com\/produkt\/oscuranti-termici-citroen-berlingo-2\/"},"modified":"2025-08-27T17:42:52","modified_gmt":"2025-08-27T17:42:52","slug":"thermomatten-citroen-berlingo-peugeot-rifter-toyota-proace-city-opel-combo-fiat-doblo","status":"publish","type":"product","link":"https:\/\/campzilla-shop.com\/de\/shop\/thermomatten-citroen-berlingo-peugeot-rifter-toyota-proace-city-opel-combo-fiat-doblo\/","title":{"rendered":"Thermomatten, Citroen Berlingo, Peugeot Rifter, Toyota Proace City, Opel Combo, Fiat Doblo"},"content":{"rendered":"<h2 data-start=\"106\" data-end=\"150\"><strong data-start=\"106\" data-end=\"150\">Optimaler Schutz und Komfort auf Reisen<\/strong><\/h2>\n<p data-start=\"152\" data-end=\"437\">Sch\u00fctzen Sie Ihr Fahrzeug und verbessern Sie Ihr Fahrerlebnis mit <strong data-start=\"224\" data-end=\"265\">Thermomatten f\u00fcr Citroen Berlingo, Peugeot Rifter, Toyota Proace City, Opel Combo, Fiat Doblo.<\/strong> Diese ma\u00dfgeschneiderten Fensterabdeckungen bieten eine hervorragende W\u00e4rmeregulierung und sch\u00fctzen effektiv vor unerw\u00fcnschten Au\u00dfentemperaturen, sowohl im Sommer als auch im Winter.<\/p>\n<h5 data-start=\"439\" data-end=\"483\"><strong data-start=\"439\" data-end=\"483\">Hervorragende Isolierung f\u00fcr Ihr Fahrzeug<\/strong><\/h5>\n<p data-start=\"485\" data-end=\"924\">Unsere <strong data-start=\"494\" data-end=\"535\">Thermomatten f\u00fcr Citro\u00ebn Berlingo, Peugeot Rifter, Toyota Proace City, Opel Combo, Fiat Doblo<\/strong> sind aus einem speziellen Isoliermaterial gefertigt, das daf\u00fcr sorgt, dass der Innenraum Ihres Fahrzeugs immer die ideale Temperatur hat. Im Sommer reflektieren sie die Hitze und verhindern, dass sich der Innenraum Ihres Fahrzeugs unangenehm aufheizt. Im Winter bieten die Fensterl\u00e4den eine hervorragende W\u00e4rmed\u00e4mmung, die dazu beitr\u00e4gt, den Innenraum warm zu halten und die Heizkosten zu senken.  <\/p>\n<h5 data-start=\"926\" data-end=\"967\"><strong data-start=\"926\" data-end=\"967\">Perfekte Passform und Benutzerfreundlichkeit<\/strong><\/h5>\n<p data-start=\"969\" data-end=\"1306\">Jede tThermomatte wird nach Ma\u00df angefertigt und passt perfekt auf die Fahrzeugfenster. Sie sind einfach zu verwenden und k\u00f6nnen schnell angebracht und abgenommen werden &#8211; ideal f\u00fcr Campingausfl\u00fcge, Road-Trips oder einfach als Schutz vor neugierigen Blicken und ung\u00fcnstigen Wetterbedingungen. <\/p>\n<h5 data-start=\"1308\" data-end=\"1332\"><strong data-start=\"1308\" data-end=\"1332\">Schutz und Privatsph\u00e4re<\/strong><\/h5>\n<p data-start=\"1334\" data-end=\"1690\">Die <strong data-start=\"1338\" data-end=\"1379\">Thermomatten f\u00fcr Citro\u00ebn Berlingo, Peugeot Rifter, Toyota Proace City, Opel Combo, Fiat Doblo <\/strong>bieten nicht nur Schutz vor dem Wetter, sondern auch mehr Privatsph\u00e4re. Sie blockieren Sonnenlicht und UV-Strahlen und sch\u00fctzen so den Innenraum Ihres Fahrzeugs vor dem Ausbleichen. Auf diese Weise bleibt der Innenraum Ihres Fahrzeugs l\u00e4nger wie neu und der Komfort bleibt auch w\u00e4hrend der Fahrt hoch.  <\/p>\n<h5 data-start=\"1692\" data-end=\"1715\"><strong data-start=\"1692\" data-end=\"1715\">Vielseitig und praktisch<\/strong><\/h5>\n<p data-start=\"1717\" data-end=\"1940\">Ideal f\u00fcr die Verwendung auf Reisen &#8211; ob beim Camping, auf langen Reisen oder bei \u00dcbernachtungen im Fahrzeug. Die Thermomatten sind leicht zu verstauen und bieten bei jeder Gelegenheit sowohl Funktionalit\u00e4t als auch Praktikabilit\u00e4t. <\/p>\n","protected":false},"excerpt":{"rendered":"<p data-start=\"49\" data-end=\"85\"><strong data-start=\"49\" data-end=\"85\">Thermomatten hergestellt in Italien!<\/strong><\/p>\n<p data-start=\"87\" data-end=\"352\">Im Gegensatz zu herk\u00f6mmlichen thermischen Verdunkelungen verhindert dieses Set die Bildung von Kondenswasser an den Innenscheiben. Dadurch bleibt der Innenraum Ihres Fahrzeugs trocken, ohne l\u00e4stige Feuchtigkeit oder Schimmelbildung, selbst bei starken Temperaturschwankungen. <\/p>\n<p data-start=\"354\" data-end=\"444\">Das Set besteht aus 8 Thermomatten und wird in einer Tasche geliefert.<\/p>\n<p data-start=\"446\" data-end=\"590\">Die Thermomatten k\u00f6nnen leicht entfernt werden, w\u00e4hrend die Saugn\u00e4pfe (dank des Gewindes) einfach am Glas befestigt bleiben.<\/p>\n","protected":false},"featured_media":61112,"template":"","meta":{"site-sidebar-layout":"default","site-content-layout":"","ast-site-content-layout":"default","site-content-style":"default","site-sidebar-style":"default","ast-global-header-display":"","ast-banner-title-visibility":"","ast-main-header-display":"","ast-hfb-above-header-display":"","ast-hfb-below-header-display":"","ast-hfb-mobile-header-display":"","site-post-title":"","ast-breadcrumbs-content":"","ast-featured-img":"","footer-sml-layout":"","ast-disable-related-posts":"","theme-transparent-header-meta":"default","adv-header-id-meta":"","stick-header-meta":"","header-above-stick-meta":"","header-main-stick-meta":"","header-below-stick-meta":"","astra-migrate-meta-layouts":"set","ast-page-background-enabled":"default","ast-page-background-meta":{"desktop":{"background-color":"","background-image":"","background-repeat":"repeat","background-position":"center center","background-size":"auto","background-attachment":"scroll","background-type":"","background-media":"","overlay-type":"","overlay-color":"","overlay-opacity":"","overlay-gradient":""},"tablet":{"background-color":"","background-image":"","background-repeat":"repeat","background-position":"center center","background-size":"auto","background-attachment":"scroll","background-type":"","background-media":"","overlay-type":"","overlay-color":"","overlay-opacity":"","overlay-gradient":""},"mobile":{"background-color":"","background-image":"","background-repeat":"repeat","background-position":"center center","background-size":"auto","background-attachment":"scroll","background-type":"","background-media":"","overlay-type":"","overlay-color":"","overlay-opacity":"","overlay-gradient":""}},"ast-content-background-meta":{"desktop":{"background-color":"var(--ast-global-color-5)","background-image":"","background-repeat":"repeat","background-position":"center center","background-size":"auto","background-attachment":"scroll","background-type":"","background-media":"","overlay-type":"","overlay-color":"","overlay-opacity":"","overlay-gradient":""},"tablet":{"background-color":"var(--ast-global-color-5)","background-image":"","background-repeat":"repeat","background-position":"center center","background-size":"auto","background-attachment":"scroll","background-type":"","background-media":"","overlay-type":"","overlay-color":"","overlay-opacity":"","overlay-gradient":""},"mobile":{"background-color":"var(--ast-global-color-5)","background-image":"","background-repeat":"repeat","background-position":"center center","background-size":"auto","background-attachment":"scroll","background-type":"","background-media":"","overlay-type":"","overlay-color":"","overlay-opacity":"","overlay-gradient":""}},"iawp_total_views":191},"product_brand":[],"product_cat":[158],"product_tag":[],"class_list":{"0":"post-67618","1":"product","2":"type-product","3":"status-publish","4":"has-post-thumbnail","6":"product_cat-thermoisolierungen","7":"product_shipping_class-groesse-s","8":"desktop-align-left","9":"tablet-align-left","10":"mobile-align-left","11":"ast-product-gallery-layout-horizontal-slider","12":"ast-product-single-variable","13":"ast-product-tabs-layout-horizontal","15":"first","16":"onbackorder","17":"sale","18":"taxable","19":"shipping-taxable","20":"purchasable","21":"product-type-variable"},"_links":{"self":[{"href":"https:\/\/campzilla-shop.com\/de\/wp-json\/wp\/v2\/product\/67618","targetHints":{"allow":["GET"]}}],"collection":[{"href":"https:\/\/campzilla-shop.com\/de\/wp-json\/wp\/v2\/product"}],"about":[{"href":"https:\/\/campzilla-shop.com\/de\/wp-json\/wp\/v2\/types\/product"}],"wp:featuredmedia":[{"embeddable":true,"href":"https:\/\/campzilla-shop.com\/de\/wp-json\/wp\/v2\/media\/61112"}],"wp:attachment":[{"href":"https:\/\/campzilla-shop.com\/de\/wp-json\/wp\/v2\/media?parent=67618"}],"wp:term":[{"taxonomy":"product_brand","embeddable":true,"href":"https:\/\/campzilla-shop.com\/de\/wp-json\/wp\/v2\/product_brand?post=67618"},{"taxonomy":"product_cat","embeddable":true,"href":"https:\/\/campzilla-shop.com\/de\/wp-json\/wp\/v2\/product_cat?post=67618"},{"taxonomy":"product_tag","embeddable":true,"href":"https:\/\/campzilla-shop.com\/de\/wp-json\/wp\/v2\/product_tag?post=67618"}],"curies":[{"name":"wp","href":"https:\/\/api.w.org\/{rel}","templated":true}]}}