{"id":67564,"date":"2025-07-11T09:11:48","date_gmt":"2025-07-11T09:11:48","guid":{"rendered":"https:\/\/campzilla-shop.com\/produkt\/tenda-posteriore-sandcrest-s-minivan\/"},"modified":"2025-08-29T09:22:04","modified_gmt":"2025-08-29T09:22:04","slug":"heckzelt-sandcrest-s-minivan","status":"publish","type":"product","link":"https:\/\/campzilla-shop.com\/de\/shop\/heckzelt-sandcrest-s-minivan\/","title":{"rendered":"Heckzelt, Sandcrest S, per Berlingo, Rifter, Courier, Caddy, \u2026 Anbauh\u00f6he: 155 \u2013 185cm"},"content":{"rendered":"<h3 data-start=\"66\" data-end=\"104\"><strong data-start=\"70\" data-end=\"104\">Kompakt, leicht und vielseitig<\/strong><\/h3>\n<p data-start=\"106\" data-end=\"311\">Das <strong data-start=\"110\" data-end=\"125\">Sandcrest S<\/strong> ist ein <strong data-start=\"134\" data-end=\"146\">Heckzelt<\/strong> mit einer Anbauh\u00f6he von <strong data-start=\"171\" data-end=\"189\">155 bis 185 cm<\/strong>, das speziell f\u00fcr Fahrzeuge wie den <strong data-start=\"226\" data-end=\"272\">VW Caddy, Peugeot Rifter, Citro\u00ebn Berlingo<\/strong> und \u00e4hnliche Modelle entwickelt wurde.<\/p>\n<p data-start=\"313\" data-end=\"445\">Es ist das <strong data-start=\"324\" data-end=\"356\">ideale Zubeh\u00f6r f\u00fcr Kurztrips<\/strong> und bietet zus\u00e4tzlichen Raum zum <strong data-start=\"390\" data-end=\"426\">Kochen, Umziehen oder Entspannen<\/strong> w\u00e4hrend des Tages.<\/p>\n<p data-start=\"447\" data-end=\"599\">Gefertigt aus <strong data-start=\"461\" data-end=\"489\">Outtex\u00ae 3000 Select CARE<\/strong>, einem zu <strong data-start=\"500\" data-end=\"536\">100 % recycelten Polyestergewebe<\/strong>, vereint das Sandcrest S <strong data-start=\"562\" data-end=\"598\">Nachhaltigkeit und Langlebigkeit<\/strong>.<\/p>\n<p data-start=\"601\" data-end=\"724\">Mit einer <strong data-start=\"611\" data-end=\"638\">Wassers\u00e4ule von 3000 mm<\/strong> und einem <strong data-start=\"649\" data-end=\"680\">UV-Schutzfaktor von UPF 30+<\/strong> sch\u00fctzt das Heckzelt zuverl\u00e4ssig vor Regen und Sonne.<\/p>\n<p data-start=\"726\" data-end=\"1015\">Das <strong data-start=\"730\" data-end=\"764\">durchdachte Befestigungssystem<\/strong> erm\u00f6glicht es, die Heckklappe sicher zu schlie\u00dfen und zu verriegeln, wenn man eine Wanderung unternimmt oder essen geht. Nachts kann die Klappe ge\u00f6ffnet bleiben, w\u00e4hrend das <strong data-start=\"939\" data-end=\"966\">integrierte Moskitonetz<\/strong> f\u00fcr eine optimale Bel\u00fcftung ohne Insekten sorgt.<\/p>\n<p data-start=\"1017\" data-end=\"1307\">Mit nur einem <strong data-start=\"1031\" data-end=\"1081\">Bogen aus eloxiertem Aluminium 6061-T8 (13 mm)<\/strong> l\u00e4sst sich das Heckzelt in wenigen Minuten aufbauen. Die Eingangst\u00fcr verf\u00fcgt \u00fcber ein <strong data-start=\"1164\" data-end=\"1215\">gro\u00dfes Moskitofenster mit wasserdichtem Vorhang<\/strong>, und mit optionalen Stangen kann sie zu einem praktischen <strong data-start=\"1274\" data-end=\"1289\">Sonnensegel<\/strong> erweitert werden.<\/p>\n<h5 class=\"western\"><span style=\"font-size: large;\">Weitere Merkmale<\/span><\/h5>\n<p><span style=\"font-size: large;\"><strong>\u00dcberzelt:<\/strong> Outtex\u00ae 3000 Select CARE Polyester<br \/>\n<strong>UV-Schutz:<\/strong> UPF 30+<br \/>\n<strong>Wassers\u00e4ule:<\/strong> 3000 mm<br \/>\n<strong>Anbauh\u00f6he:<\/strong> 155 &#8211; 185 cm<br \/>\n<strong>Gest\u00e4nge:<\/strong> Aluminium 6061-T8, 13 mm, eloxiert<br \/>\n<strong>Farbe:<\/strong> Green<br \/>\n<strong>\u00dcberzelt:<\/strong> 100% Polyester Mesh-Gewebe: 100% Polyester<br \/>\n<strong>Caring choice:<\/strong> Recyceltes Polyester, 100 % recycelt (gr\u00fcne und graue Teile des \u00dcberzeltes).<br \/>\n<strong>Packma\u00df:<\/strong> 70 x 23 x 20 cm<br \/>\n<strong>Gewicht:<\/strong> 4.8 kg<\/span><\/p>\n","protected":false},"excerpt":{"rendered":"<p data-start=\"52\" data-end=\"206\">Die Sandcrest S ist ein ideales Heckzelt f\u00fcr Fahrzeuge und Minicamper wie den VW Caddy, Peugeot Rifter, Citro\u00ebn Berlingo und \u00e4hnliche Modelle.<\/p>\n<p data-start=\"208\" data-end=\"316\" data-is-last-node=\"\" data-is-only-node=\"\">Perfekt f\u00fcr Kurztrips, bietet es praktischen zus\u00e4tzlichen Raum zum Kochen, Umziehen oder Entspannen.<\/p>\n","protected":false},"featured_media":67529,"template":"","meta":{"site-sidebar-layout":"default","site-content-layout":"","ast-site-content-layout":"default","site-content-style":"default","site-sidebar-style":"default","ast-global-header-display":"","ast-banner-title-visibility":"","ast-main-header-display":"","ast-hfb-above-header-display":"","ast-hfb-below-header-display":"","ast-hfb-mobile-header-display":"","site-post-title":"","ast-breadcrumbs-content":"","ast-featured-img":"","footer-sml-layout":"","ast-disable-related-posts":"","theme-transparent-header-meta":"default","adv-header-id-meta":"","stick-header-meta":"","header-above-stick-meta":"","header-main-stick-meta":"","header-below-stick-meta":"","astra-migrate-meta-layouts":"set","ast-page-background-enabled":"default","ast-page-background-meta":{"desktop":{"background-color":"","background-image":"","background-repeat":"repeat","background-position":"center center","background-size":"auto","background-attachment":"scroll","background-type":"","background-media":"","overlay-type":"","overlay-color":"","overlay-opacity":"","overlay-gradient":""},"tablet":{"background-color":"","background-image":"","background-repeat":"repeat","background-position":"center center","background-size":"auto","background-attachment":"scroll","background-type":"","background-media":"","overlay-type":"","overlay-color":"","overlay-opacity":"","overlay-gradient":""},"mobile":{"background-color":"","background-image":"","background-repeat":"repeat","background-position":"center center","background-size":"auto","background-attachment":"scroll","background-type":"","background-media":"","overlay-type":"","overlay-color":"","overlay-opacity":"","overlay-gradient":""}},"ast-content-background-meta":{"desktop":{"background-color":"var(--ast-global-color-5)","background-image":"","background-repeat":"repeat","background-position":"center center","background-size":"auto","background-attachment":"scroll","background-type":"","background-media":"","overlay-type":"","overlay-color":"","overlay-opacity":"","overlay-gradient":""},"tablet":{"background-color":"var(--ast-global-color-5)","background-image":"","background-repeat":"repeat","background-position":"center center","background-size":"auto","background-attachment":"scroll","background-type":"","background-media":"","overlay-type":"","overlay-color":"","overlay-opacity":"","overlay-gradient":""},"mobile":{"background-color":"var(--ast-global-color-5)","background-image":"","background-repeat":"repeat","background-position":"center center","background-size":"auto","background-attachment":"scroll","background-type":"","background-media":"","overlay-type":"","overlay-color":"","overlay-opacity":"","overlay-gradient":""}},"iawp_total_views":39},"product_brand":[],"product_cat":[429],"product_tag":[],"class_list":{"0":"post-67564","1":"product","2":"type-product","3":"status-publish","4":"has-post-thumbnail","6":"product_cat-heckzelte","7":"product_shipping_class-groesse-s","8":"desktop-align-left","9":"tablet-align-left","10":"mobile-align-left","11":"ast-product-gallery-layout-horizontal-slider","12":"ast-product-tabs-layout-horizontal","14":"first","15":"outofstock","16":"sale","17":"taxable","18":"shipping-taxable","19":"purchasable","20":"product-type-simple"},"_links":{"self":[{"href":"https:\/\/campzilla-shop.com\/de\/wp-json\/wp\/v2\/product\/67564","targetHints":{"allow":["GET"]}}],"collection":[{"href":"https:\/\/campzilla-shop.com\/de\/wp-json\/wp\/v2\/product"}],"about":[{"href":"https:\/\/campzilla-shop.com\/de\/wp-json\/wp\/v2\/types\/product"}],"wp:featuredmedia":[{"embeddable":true,"href":"https:\/\/campzilla-shop.com\/de\/wp-json\/wp\/v2\/media\/67529"}],"wp:attachment":[{"href":"https:\/\/campzilla-shop.com\/de\/wp-json\/wp\/v2\/media?parent=67564"}],"wp:term":[{"taxonomy":"product_brand","embeddable":true,"href":"https:\/\/campzilla-shop.com\/de\/wp-json\/wp\/v2\/product_brand?post=67564"},{"taxonomy":"product_cat","embeddable":true,"href":"https:\/\/campzilla-shop.com\/de\/wp-json\/wp\/v2\/product_cat?post=67564"},{"taxonomy":"product_tag","embeddable":true,"href":"https:\/\/campzilla-shop.com\/de\/wp-json\/wp\/v2\/product_tag?post=67564"}],"curies":[{"name":"wp","href":"https:\/\/api.w.org\/{rel}","templated":true}]}}