{"id":67507,"date":"2025-07-10T14:56:10","date_gmt":"2025-07-10T14:56:10","guid":{"rendered":"https:\/\/campzilla-shop.com\/produkt\/oscuranti-termici-ford-tourneo-courier\/"},"modified":"2026-02-03T20:37:21","modified_gmt":"2026-02-03T20:37:21","slug":"thermomatten-ford-tourneo-courier","status":"publish","type":"product","link":"https:\/\/campzilla-shop.com\/de\/shop\/thermomatten-ford-tourneo-courier\/","title":{"rendered":"Thermomatten, Ford Tourneo Courier, Antikondens Funktion!"},"content":{"rendered":"<h3 data-start=\"110\" data-end=\"149\">Komfort und Schutz bei jedem Wetter<\/h3>\n<p data-start=\"319\" data-end=\"571\">Sch\u00fctze deinen <strong data-start=\"334\" data-end=\"358\">Ford Tourneo Courier<\/strong> vor Hitze, K\u00e4lte und neugierigen Blicken \u2013 mit unseren <strong data-start=\"414\" data-end=\"445\">ma\u00dfgefertigten Thermomatten<\/strong>. Perfekt f\u00fcr Reisen, Camping oder den Alltag sorgen sie ganzj\u00e4hrig f\u00fcr ein angenehmes Innenraumklima und mehr Privatsph\u00e4re.<\/p>\n<h5 data-start=\"573\" data-end=\"601\"><strong data-start=\"573\" data-end=\"599\">Ganzj\u00e4hrige Isolierung<\/strong><\/h5>\n<ul data-start=\"602\" data-end=\"773\">\n<li data-start=\"602\" data-end=\"661\">\n<p data-start=\"604\" data-end=\"661\">Reflektiert sommerliche Hitze und blockt Sonnenstrahlen<\/p>\n<\/li>\n<li data-start=\"662\" data-end=\"708\">\n<p data-start=\"664\" data-end=\"708\">H\u00e4lt winterliche K\u00e4lte zuverl\u00e4ssig drau\u00dfen<\/p>\n<\/li>\n<li data-start=\"709\" data-end=\"773\">\n<p data-start=\"711\" data-end=\"773\">Verhindert Kondenswasserbildung und sch\u00fctzt vor Feuchtigkeit<\/p>\n<\/li>\n<\/ul>\n<p data-start=\"775\" data-end=\"1041\"><strong data-start=\"775\" data-end=\"814\">Passgenauer Sitz &amp; schnelle Montage<\/strong><br data-start=\"814\" data-end=\"817\" \/>Jede Thermomatte ist exakt f\u00fcr die Fenster des Ford Tourneo Courier zugeschnitten \u2013 f\u00fcr eine l\u00fcckenlose Abdeckung ohne K\u00e4ltebr\u00fccken. Dank werkzeugfreier Montage sind die Matten in Sekunden angebracht \u2013 ideal f\u00fcr unterwegs.<\/p>\n<h5 data-start=\"1043\" data-end=\"1070\"><strong data-start=\"1043\" data-end=\"1068\">Schutz &amp; Privatsph\u00e4re<\/strong><\/h5>\n<ul data-start=\"1071\" data-end=\"1262\">\n<li data-start=\"1071\" data-end=\"1125\">\n<p data-start=\"1073\" data-end=\"1125\">Effektiver Sonnen- und UV-Schutz gegen Ausbleichen<\/p>\n<\/li>\n<li data-start=\"1126\" data-end=\"1200\">\n<p data-start=\"1128\" data-end=\"1200\">Sch\u00fctzt vor neugierigen Blicken \u2013 perfekt zum Schlafen oder Entspannen<\/p>\n<\/li>\n<li data-start=\"1201\" data-end=\"1262\">\n<p data-start=\"1203\" data-end=\"1262\">Zus\u00e4tzlicher Schutz gegen Regen, Kondenswasser und Schnee<\/p>\n<\/li>\n<\/ul>\n<p data-start=\"1264\" data-end=\"1466\"><strong data-start=\"1264\" data-end=\"1300\">Leicht &amp; praktisch f\u00fcr unterwegs<\/strong><br data-start=\"1300\" data-end=\"1303\" \/>Die Thermomatten sind faltbar, leicht und platzsparend zu verstauen. So hast du sie immer griffbereit \u2013 egal ob f\u00fcr Camping, Roadtrip oder den t\u00e4glichen Einsatz.<\/p>\n<h5 data-start=\"1468\" data-end=\"1502\"><strong data-start=\"1468\" data-end=\"1500\">Deine Vorteile im \u00dcberblick:<\/strong><\/h5>\n<ul data-start=\"1503\" data-end=\"1789\">\n<li data-start=\"1503\" data-end=\"1558\">\n<p data-start=\"1505\" data-end=\"1558\">Ma\u00dfgefertigte Thermomatten f\u00fcr Ford Tourneo Courier<\/p>\n<\/li>\n<li data-start=\"1559\" data-end=\"1615\">\n<p data-start=\"1561\" data-end=\"1615\">Ganzj\u00e4hriger Schutz vor Hitze, K\u00e4lte &amp; Kondenswasser<\/p>\n<\/li>\n<li data-start=\"1616\" data-end=\"1677\">\n<p data-start=\"1618\" data-end=\"1677\">Zuverl\u00e4ssiger Sonnen- &amp; Sichtschutz f\u00fcr mehr Privatsph\u00e4re<\/p>\n<\/li>\n<li data-start=\"1678\" data-end=\"1712\">\n<p data-start=\"1680\" data-end=\"1712\">Schnelle Montage ohne Werkzeug<\/p>\n<\/li>\n<li data-start=\"1713\" data-end=\"1749\">\n<p data-start=\"1715\" data-end=\"1749\">Robuste &amp; langlebige Materialien<\/p>\n<\/li>\n<li data-start=\"1750\" data-end=\"1789\">\n<p data-start=\"1752\" data-end=\"1789\">Ideal f\u00fcr Vanlife, Camping &amp; Alltag<\/p>\n<\/li>\n<\/ul>\n<p data-start=\"1791\" data-end=\"1923\">Mit den <strong data-start=\"1799\" data-end=\"1836\">Thermomatten Ford Tourneo Courier<\/strong> genie\u00dft du jederzeit Komfort, Schutz und Privatsph\u00e4re \u2013 egal wohin deine Reise geht.<\/p>\n","protected":false},"excerpt":{"rendered":"<h3 data-start=\"150\" data-end=\"193\">Thermomatten \u2013 Made in Italy, PVC-frei!<\/h3>\n<p data-start=\"195\" data-end=\"450\">Im Gegensatz zu herk\u00f6mmlichen Thermomatten verhindert dieses Set effektiv die Bildung von Kondenswasser an den Innenscheiben. So bleibt das Fahrzeuginnere trocken \u2013 ohne l\u00e4stige Feuchtigkeit oder Schimmelbildung, selbst bei starken Temperaturschwankungen.<\/p>\n<p data-start=\"452\" data-end=\"696\">Das Set besteht aus <strong data-start=\"472\" data-end=\"502\">8 passgenauen Thermomatten<\/strong> und wird in einer <strong data-start=\"521\" data-end=\"552\">praktischen Transporttasche<\/strong> geliefert. Die Matten lassen sich bei Bedarf ganz einfach entfernen \u2013 die Saugn\u00e4pfe mit Gewinde bleiben dabei bequem an den Scheiben befestigt.<\/p>\n<p data-start=\"698\" data-end=\"853\">Die <strong data-start=\"702\" data-end=\"716\">Innenseite<\/strong> der Matten ist wahlweise in <strong>schwarz oder grau<\/strong> erh\u00e4ltlich, w\u00e4hrend die <strong data-start=\"791\" data-end=\"805\">Au\u00dfenseite<\/strong> stets in einem <strong data-start=\"821\" data-end=\"839\">hellen Grauton<\/strong> gehalten ist.<\/p>\n<p data-start=\"698\" data-end=\"853\"><strong><span style=\"color: #339966;\">Schreib in die Kommentaren, wenn du die Matten in schwarz m\u00f6chtest! Das Standardset wird in grau hergestellt!<\/span><\/strong><\/p>\n","protected":false},"featured_media":68907,"template":"","meta":{"site-sidebar-layout":"default","site-content-layout":"","ast-site-content-layout":"default","site-content-style":"default","site-sidebar-style":"default","ast-global-header-display":"","ast-banner-title-visibility":"","ast-main-header-display":"","ast-hfb-above-header-display":"","ast-hfb-below-header-display":"","ast-hfb-mobile-header-display":"","site-post-title":"","ast-breadcrumbs-content":"","ast-featured-img":"","footer-sml-layout":"","ast-disable-related-posts":"","theme-transparent-header-meta":"default","adv-header-id-meta":"","stick-header-meta":"","header-above-stick-meta":"","header-main-stick-meta":"","header-below-stick-meta":"","astra-migrate-meta-layouts":"set","ast-page-background-enabled":"default","ast-page-background-meta":{"desktop":{"background-color":"","background-image":"","background-repeat":"repeat","background-position":"center center","background-size":"auto","background-attachment":"scroll","background-type":"","background-media":"","overlay-type":"","overlay-color":"","overlay-opacity":"","overlay-gradient":""},"tablet":{"background-color":"","background-image":"","background-repeat":"repeat","background-position":"center center","background-size":"auto","background-attachment":"scroll","background-type":"","background-media":"","overlay-type":"","overlay-color":"","overlay-opacity":"","overlay-gradient":""},"mobile":{"background-color":"","background-image":"","background-repeat":"repeat","background-position":"center center","background-size":"auto","background-attachment":"scroll","background-type":"","background-media":"","overlay-type":"","overlay-color":"","overlay-opacity":"","overlay-gradient":""}},"ast-content-background-meta":{"desktop":{"background-color":"var(--ast-global-color-5)","background-image":"","background-repeat":"repeat","background-position":"center center","background-size":"auto","background-attachment":"scroll","background-type":"","background-media":"","overlay-type":"","overlay-color":"","overlay-opacity":"","overlay-gradient":""},"tablet":{"background-color":"var(--ast-global-color-5)","background-image":"","background-repeat":"repeat","background-position":"center center","background-size":"auto","background-attachment":"scroll","background-type":"","background-media":"","overlay-type":"","overlay-color":"","overlay-opacity":"","overlay-gradient":""},"mobile":{"background-color":"var(--ast-global-color-5)","background-image":"","background-repeat":"repeat","background-position":"center center","background-size":"auto","background-attachment":"scroll","background-type":"","background-media":"","overlay-type":"","overlay-color":"","overlay-opacity":"","overlay-gradient":""}},"iawp_total_views":139},"product_brand":[],"product_cat":[163,158],"product_tag":[],"class_list":{"0":"post-67507","1":"product","2":"type-product","3":"status-publish","4":"has-post-thumbnail","6":"product_cat-ford-transit-tourneo-custom","7":"product_cat-thermoisolierungen","8":"product_shipping_class-groesse-s","9":"desktop-align-left","10":"tablet-align-left","11":"mobile-align-left","12":"ast-product-gallery-layout-horizontal-slider","13":"ast-product-single-variable","14":"ast-product-tabs-layout-horizontal","16":"first","17":"onbackorder","18":"taxable","19":"shipping-taxable","20":"purchasable","21":"product-type-variable"},"_links":{"self":[{"href":"https:\/\/campzilla-shop.com\/de\/wp-json\/wp\/v2\/product\/67507","targetHints":{"allow":["GET"]}}],"collection":[{"href":"https:\/\/campzilla-shop.com\/de\/wp-json\/wp\/v2\/product"}],"about":[{"href":"https:\/\/campzilla-shop.com\/de\/wp-json\/wp\/v2\/types\/product"}],"wp:featuredmedia":[{"embeddable":true,"href":"https:\/\/campzilla-shop.com\/de\/wp-json\/wp\/v2\/media\/68907"}],"wp:attachment":[{"href":"https:\/\/campzilla-shop.com\/de\/wp-json\/wp\/v2\/media?parent=67507"}],"wp:term":[{"taxonomy":"product_brand","embeddable":true,"href":"https:\/\/campzilla-shop.com\/de\/wp-json\/wp\/v2\/product_brand?post=67507"},{"taxonomy":"product_cat","embeddable":true,"href":"https:\/\/campzilla-shop.com\/de\/wp-json\/wp\/v2\/product_cat?post=67507"},{"taxonomy":"product_tag","embeddable":true,"href":"https:\/\/campzilla-shop.com\/de\/wp-json\/wp\/v2\/product_tag?post=67507"}],"curies":[{"name":"wp","href":"https:\/\/api.w.org\/{rel}","templated":true}]}}