{"id":67196,"date":"2025-06-25T12:36:59","date_gmt":"2025-06-25T12:36:59","guid":{"rendered":"https:\/\/campzilla-shop.com\/produkt\/borsa-da-finestrini-vw-caddy-5-2\/"},"modified":"2026-01-15T16:50:27","modified_gmt":"2026-01-15T16:50:27","slug":"fenstertaschen-vw-caddy-5-2","status":"publish","type":"product","link":"https:\/\/campzilla-shop.com\/de\/shop\/fenstertaschen-vw-caddy-5-2\/","title":{"rendered":"Fenstertaschen \u2013 VW Caddy 5, Ford Connect III, langer Radstand"},"content":{"rendered":"<h2>27 Liter mehr Stauram \u2013 Made in EU!<\/h2>\n<p>Du m\u00f6chtest deinen VW Caddy 5 Maxi oder Ford Connect III optimal nutzen und mehr Stauraum schaffen? Dann sind die\u00a0<strong>Fenstertaschen<\/strong>\u00a0die perfekte L\u00f6sung f\u00fcr dich! Diese praktische Tasche wurde speziell f\u00fcr die Fenster dieser beiden Fahrzeugmodelle entwickelt und bietet dir eine clevere M\u00f6glichkeit, ungenutzten Platz im Fahrzeug zu nutzen. Sie sorgt nicht nur f\u00fcr mehr Ordnung, sondern auch f\u00fcr mehr Komfort auf langen Fahrten, beim Camping oder im t\u00e4glichen Gebrauch.<\/p>\n<h5 data-start=\"593\" data-end=\"644\"><strong data-start=\"597\" data-end=\"644\">Maximale Raumausnutzung<\/strong><\/h5>\n<p data-start=\"645\" data-end=\"1025\">Die Fenstertaschen schaffen zus\u00e4tzlichen Stauraum in deinem VW Caddy 5 \/ Ford Connect III mit\u00a0<strong>langem Radstand<\/strong>, ohne den wertvollen Innenraum zu beeintr\u00e4chtigen. Mit ihrem durchdachten Design nutzt sie den Bereich um das Fenster perfekt aus und bietet dir Platz f\u00fcr Gegenst\u00e4nde, die du unterwegs immer griffbereit haben m\u00f6chtest. Ob Wasserflaschen, Snacks, Karten oder pers\u00f6nliche Dinge \u2013 alles findet seinen sicheren Platz.<\/p>\n<h5 data-start=\"1027\" data-end=\"1082\"><strong data-start=\"1031\" data-end=\"1082\">Einfache Installation \u2013 Kein Umbau erforderlich<\/strong><\/h5>\n<p data-start=\"1083\" data-end=\"1454\">Die Fenstertasche l\u00e4sst sich schnell und unkompliziert anbringen, ohne dass \u00c4nderungen am Fahrzeug n\u00f6tig sind.\u00a0<strong data-start=\"1460\" data-end=\"1504\">Hochwertige Verarbeitung \u2013 Made in EU!<\/strong><\/p>\n<p data-start=\"1505\" data-end=\"1806\">Die Fenstertaschen werden mit h\u00f6chster Pr\u00e4zision und Qualit\u00e4t hergestellt. Sie besteht aus strapazierf\u00e4higem und schmutzabweisendem Oxfordgewebe, das nicht nur besonders robust, sondern auch wasserabweisend ist. Deine Utensilien bleiben auch bei schlechtem Wetter sicher und trocken.<\/p>\n<h5 data-start=\"1808\" data-end=\"1851\"><strong data-start=\"1812\" data-end=\"1851\">Praktisches und funktionales Design<\/strong><\/h5>\n<p data-start=\"1852\" data-end=\"2136\">Mit einem\u00a0<strong>Taschenvolumen von 27 Litern<\/strong>\u00a0bietet die Fenstertasche ausreichend Platz f\u00fcr deine Utensilien, ohne die Sicht oder den Komfort zu beeintr\u00e4chtigen. Sie f\u00fcgt sich nahtlos in das Interieur deines Van\u00b4s ein und sorgt gleichzeitig f\u00fcr eine ordentliche, stilvolle Atmosph\u00e4re im Fahrzeug.<\/p>\n<h5 data-start=\"2138\" data-end=\"2201\"><strong data-start=\"2142\" data-end=\"2201\">Warum du die Fenstertasche brauchst<\/strong><\/h5>\n<p data-start=\"2202\" data-end=\"2449\">Egal, ob f\u00fcr lange Reisen, Campingausfl\u00fcge oder den t\u00e4glichen Gebrauch \u2013 diese Fenstertaschen helfen dir, deinen VW Caddy 5 oder Ford Connect III optimal zu nutzen. Sie sorgen f\u00fcr mehr Stauraum und Ordnung, damit du alles, was du unterwegs ben\u00f6tigst, immer griffbereit hast.<\/p>\n<h5 data-start=\"2451\" data-end=\"2484\"><strong data-start=\"2455\" data-end=\"2484\">Vorteile auf einen Blick:<\/strong><\/h5>\n<ul data-start=\"2485\" data-end=\"2982\">\n<li data-start=\"2485\" data-end=\"2570\"><strong data-start=\"2487\" data-end=\"2517\">Mehr Stauraum und Ordnung:<\/strong>\u00a0Nutze den ungenutzten Platz um die Fenster effektiv.<\/li>\n<li data-start=\"2571\" data-end=\"2671\"><strong data-start=\"2573\" data-end=\"2594\">Einfache Montage:<\/strong>\u00a0Keine \u00c4nderungen am Fahrzeug erforderlich, schnelle und einfache Befestigung.<\/li>\n<li data-start=\"2672\" data-end=\"2785\"><strong data-start=\"2674\" data-end=\"2703\">Langlebig und wetterfest:<\/strong>\u00a0Robustes, wasserabweisendes Material sch\u00fctzt deine Sachen vor \u00e4u\u00dferen Einfl\u00fcssen.<\/li>\n<li data-start=\"2786\" data-end=\"2858\"><strong data-start=\"2788\" data-end=\"2808\">Modernes Design:<\/strong>\u00a0Passt perfekt zum Interieur<\/li>\n<li data-start=\"2859\" data-end=\"2982\"><strong data-start=\"2861\" data-end=\"2906\">Ideal f\u00fcr Reisen, Camping und den Alltag:<\/strong>\u00a0Halte deine wichtigen Utensilien immer griffbereit und ordentlich verstaut.<\/li>\n<\/ul>\n<p>Das Taschensystem ist in der EU gefertigt und erf\u00fcllt h\u00f6chste Qualit\u00e4tsstandards. Vertraue auf Funktionalit\u00e4t und Langlebigkeit, die deinem Vanlife den entscheidenden Komfort verleihen!<\/p>\n<p>\u2022 Schmutzabweisendes, rei\u00dffestes Oxfordgewebe<br \/>\n\u2022 Extrem hohe Belastbarkeit durch aufgen\u00e4hte Verst\u00e4rkungsb\u00e4nder<br \/>\n\u2022 Patentiertes Tr\u00e4gersystem aus pulverbeschichtetem Aluminium<br \/>\n\u2022 Kein Bohren oder Kleben n\u00f6tig<br \/>\n\u2022 Gummipuffer sch\u00fctzen deinen Van vor l\u00e4stigen Kratzern und Schrammen<br \/>\n\u2022 Super einfache Montage<br \/>\n\u2022 Ger\u00e4uschged\u00e4mpft (kein Klappern)<\/p>\n<p><strong>Die Fenstertaschen gibt es aktuell nur als Paar f\u00fcr rechts und links. Thermomatten inklusive! <\/strong>Einzelne Taschen bitte extra anfragen! Bitte schreibe uns eine Mail an: info@campzilla-shop.com<\/p>\n","protected":false},"excerpt":{"rendered":"<p>Passend f\u00fcr VW Caddy 5 und Ford Connect III mit langem Radstand.<\/p>\n<p><strong>Made in EU \u2013 Hochwertige Qualit\u00e4t<\/strong><\/p>\n","protected":false},"featured_media":67191,"template":"","meta":{"site-sidebar-layout":"default","site-content-layout":"","ast-site-content-layout":"default","site-content-style":"default","site-sidebar-style":"default","ast-global-header-display":"","ast-banner-title-visibility":"","ast-main-header-display":"","ast-hfb-above-header-display":"","ast-hfb-below-header-display":"","ast-hfb-mobile-header-display":"","site-post-title":"","ast-breadcrumbs-content":"","ast-featured-img":"","footer-sml-layout":"","ast-disable-related-posts":"","theme-transparent-header-meta":"default","adv-header-id-meta":"","stick-header-meta":"","header-above-stick-meta":"","header-main-stick-meta":"","header-below-stick-meta":"","astra-migrate-meta-layouts":"set","ast-page-background-enabled":"default","ast-page-background-meta":{"desktop":{"background-color":"","background-image":"","background-repeat":"repeat","background-position":"center center","background-size":"auto","background-attachment":"scroll","background-type":"","background-media":"","overlay-type":"","overlay-color":"","overlay-opacity":"","overlay-gradient":""},"tablet":{"background-color":"","background-image":"","background-repeat":"repeat","background-position":"center center","background-size":"auto","background-attachment":"scroll","background-type":"","background-media":"","overlay-type":"","overlay-color":"","overlay-opacity":"","overlay-gradient":""},"mobile":{"background-color":"","background-image":"","background-repeat":"repeat","background-position":"center center","background-size":"auto","background-attachment":"scroll","background-type":"","background-media":"","overlay-type":"","overlay-color":"","overlay-opacity":"","overlay-gradient":""}},"ast-content-background-meta":{"desktop":{"background-color":"var(--ast-global-color-5)","background-image":"","background-repeat":"repeat","background-position":"center center","background-size":"auto","background-attachment":"scroll","background-type":"","background-media":"","overlay-type":"","overlay-color":"","overlay-opacity":"","overlay-gradient":""},"tablet":{"background-color":"var(--ast-global-color-5)","background-image":"","background-repeat":"repeat","background-position":"center center","background-size":"auto","background-attachment":"scroll","background-type":"","background-media":"","overlay-type":"","overlay-color":"","overlay-opacity":"","overlay-gradient":""},"mobile":{"background-color":"var(--ast-global-color-5)","background-image":"","background-repeat":"repeat","background-position":"center center","background-size":"auto","background-attachment":"scroll","background-type":"","background-media":"","overlay-type":"","overlay-color":"","overlay-opacity":"","overlay-gradient":""}},"iawp_total_views":117},"product_brand":[],"product_cat":[389,156],"product_tag":[],"class_list":{"0":"post-67196","1":"product","2":"type-product","3":"status-publish","4":"has-post-thumbnail","6":"product_cat-ford-de","7":"product_cat-volkswagen","8":"product_shipping_class-groesse-s","9":"desktop-align-left","10":"tablet-align-left","11":"mobile-align-left","12":"ast-product-gallery-layout-horizontal-slider","13":"ast-product-tabs-layout-horizontal","15":"first","16":"onbackorder","17":"taxable","18":"shipping-taxable","19":"purchasable","20":"product-type-simple"},"_links":{"self":[{"href":"https:\/\/campzilla-shop.com\/de\/wp-json\/wp\/v2\/product\/67196","targetHints":{"allow":["GET"]}}],"collection":[{"href":"https:\/\/campzilla-shop.com\/de\/wp-json\/wp\/v2\/product"}],"about":[{"href":"https:\/\/campzilla-shop.com\/de\/wp-json\/wp\/v2\/types\/product"}],"wp:featuredmedia":[{"embeddable":true,"href":"https:\/\/campzilla-shop.com\/de\/wp-json\/wp\/v2\/media\/67191"}],"wp:attachment":[{"href":"https:\/\/campzilla-shop.com\/de\/wp-json\/wp\/v2\/media?parent=67196"}],"wp:term":[{"taxonomy":"product_brand","embeddable":true,"href":"https:\/\/campzilla-shop.com\/de\/wp-json\/wp\/v2\/product_brand?post=67196"},{"taxonomy":"product_cat","embeddable":true,"href":"https:\/\/campzilla-shop.com\/de\/wp-json\/wp\/v2\/product_cat?post=67196"},{"taxonomy":"product_tag","embeddable":true,"href":"https:\/\/campzilla-shop.com\/de\/wp-json\/wp\/v2\/product_tag?post=67196"}],"curies":[{"name":"wp","href":"https:\/\/api.w.org\/{rel}","templated":true}]}}