{"id":67180,"date":"2025-06-24T08:04:34","date_gmt":"2025-06-24T08:04:34","guid":{"rendered":"https:\/\/campzilla-shop.com\/produkt\/zanzariera-porta-posteriore-vw-t5-vw-t6\/"},"modified":"2025-08-27T17:42:54","modified_gmt":"2025-08-27T17:42:54","slug":"moskitonetz-heckklappe-vw-t5-vwt6","status":"publish","type":"product","link":"https:\/\/campzilla-shop.com\/de\/shop\/moskitonetz-heckklappe-vw-t5-vwt6\/","title":{"rendered":"Moskitonetz, Heckklappe, VW T5, VW T6, VW T6.1 California, Multivan"},"content":{"rendered":"<h2 data-start=\"160\" data-end=\"222\">Moskitonetz f\u00fcr deinen Van \u2013 robust, handgefertigt, perfekt<\/h2>\n<p data-start=\"224\" data-end=\"499\">Die ideale L\u00f6sung, um deinen VW T5, VW T6 oder VW T6.1 California bzw. Multivan vor Insekten zu sch\u00fctzen: Dieses Moskitonetz f\u00fcr die Heckklappe vereint Funktionalit\u00e4t, handwerkliche Qualit\u00e4t und maximale Robustheit \u2013 und wird so zum unverzichtbaren Begleiter auf jeder Reise.<\/p>\n<p data-start=\"501\" data-end=\"904\"><strong data-start=\"504\" data-end=\"535\">Stabile und saubere Montage<\/strong>: Das Netz wird mit einem Klettband befestigt, das mithilfe von <strong data-start=\"599\" data-end=\"618\">3M-Klebefl\u00e4chen<\/strong> unter der originalen Dichtung des Fahrzeugs angebracht wird. Die Dichtung wird anschlie\u00dfend einfach wieder dar\u00fcber gelegt \u2013 f\u00fcr eine dezente, stabile und r\u00fcckstandslos entfernbare L\u00f6sung. Und nicht vergessen: Dieses Moskitonetz bietet dir zuverl\u00e4ssigen Schutz zus\u00e4tzlich zur Bel\u00fcftung.<\/p>\n<p data-start=\"906\" data-end=\"1039\"><strong data-start=\"909\" data-end=\"930\">Schnell abnehmbar<\/strong>: Dank des Klettsystems l\u00e4sst sich das Netz in wenigen Sekunden anbringen oder abnehmen \u2013 ganz ohne Werkzeug.<\/p>\n<p data-start=\"1041\" data-end=\"1195\"><strong data-start=\"1044\" data-end=\"1067\">Beidseitiger Zugang<\/strong>: Zwei robuste Rei\u00dfverschl\u00fcsse an den Seiten erm\u00f6glichen einen schnellen Zugang zum Heckbereich \u2013 von unten nach oben zu \u00f6ffnen.<\/p>\n<p data-start=\"1197\" data-end=\"1393\"><strong data-start=\"1200\" data-end=\"1224\">Praktisch aufrollbar<\/strong>: Wenn das Netz nicht gebraucht wird, l\u00e4sst es sich bequem nach oben aufrollen und mit <strong data-start=\"1311\" data-end=\"1329\">zwei Schnallen<\/strong> fixieren \u2013 ordentlich verstaut und sofort wieder einsatzbereit.<\/p>\n<p data-start=\"1395\" data-end=\"1589\"><strong data-start=\"1398\" data-end=\"1423\">Hochwertiges Material<\/strong>: Gefertigt aus strapazierf\u00e4higem <strong data-start=\"1457\" data-end=\"1474\">Oxford-Gewebe<\/strong> mit hoher Dichte \u2013 rei\u00dffest, langlebig, wetterbest\u00e4ndig und ideal f\u00fcr alle Jahreszeiten sowie den Outdoor-Einsatz.<\/p>\n<p data-start=\"1591\" data-end=\"1834\"><strong data-start=\"1594\" data-end=\"1625\">Handgefertigt in der T\u00fcrkei<\/strong>: Jedes Netz entsteht in einer <strong data-start=\"1656\" data-end=\"1695\">kleinen, spezialisierten Manufaktur<\/strong>, in der Qualit\u00e4t mehr z\u00e4hlt als Masse. Sorgfalt in der Verarbeitung und ausgew\u00e4hlte Materialien machen dieses Produkt zu etwas Besonderem.<\/p>\n<h5 data-start=\"1841\" data-end=\"1874\">Die Vorteile auf einen Blick:<\/h5>\n<ul data-start=\"1875\" data-end=\"2211\">\n<li data-start=\"1875\" data-end=\"1938\">\n<p data-start=\"1877\" data-end=\"1938\">Ma\u00dfgeschneidert f\u00fcr VW T5, T6, T6.1 (California, Multivan)<\/p>\n<\/li>\n<li data-start=\"1939\" data-end=\"1998\">\n<p data-start=\"1941\" data-end=\"1998\">Sichere Befestigung mit 3M-Klettband unter der Dichtung<\/p>\n<\/li>\n<li data-start=\"1999\" data-end=\"2049\">\n<p data-start=\"2001\" data-end=\"2049\">Seitliche Rei\u00dfverschl\u00fcsse f\u00fcr einfachen Zugang<\/p>\n<\/li>\n<li data-start=\"2050\" data-end=\"2095\">\n<p data-start=\"2052\" data-end=\"2095\">Aufrollbar &amp; fixierbar mit zwei Schnallen<\/p>\n<\/li>\n<li data-start=\"2096\" data-end=\"2155\">\n<p data-start=\"2098\" data-end=\"2155\">Oxford-Stoff: robust, atmungsaktiv, witterungsbest\u00e4ndig<\/p>\n<\/li>\n<li data-start=\"2156\" data-end=\"2211\">\n<p data-start=\"2158\" data-end=\"2211\">Handarbeit mit Fokus auf Qualit\u00e4t und Langlebigkeit<\/p>\n<\/li>\n<\/ul>\n<p data-start=\"2213\" data-end=\"2349\"><strong data-start=\"2216\" data-end=\"2264\">Ideal f\u00fcr Camper, Abenteurer und Busreisende<\/strong>, die Komfort, Schutz und Stil miteinander verbinden m\u00f6chten \u2013 unterwegs und \u00fcberall.<\/p>\n","protected":false},"excerpt":{"rendered":"<p>Ma\u00dfgeschneidertes Design f\u00fcr VW T5, T6, T6.1 (California &amp; Multivan) \u2013 passend f\u00fcr die Heckklappe<br \/>\nSichere Befestigung mit 3M-Klettband unter der originalen Dichtung<br \/>\nEinfacher Zugang dank seitlicher Rei\u00dfverschl\u00fcsse<br \/>\nAufrollbar und mit Schnallen fixierbar<br \/>\nOxford-Gewebe: rei\u00dffest, atmungsaktiv und wetterfest \u2013 ideal f\u00fcr jedes Klima<br \/>\n<strong>Handgefertigt mit Liebe zum Detail \u2013 garantierte Qualit\u00e4t aus traditioneller Fertigung<\/strong><\/p>\n<p><a href=\"https:\/\/www.youtube.com\/watch?v=Ja1bQGP91nc\">Klick hier um zu sehen, wie es befestigt wird!<\/a><\/p>\n","protected":false},"featured_media":67154,"template":"","meta":{"site-sidebar-layout":"default","site-content-layout":"","ast-site-content-layout":"default","site-content-style":"default","site-sidebar-style":"default","ast-global-header-display":"","ast-banner-title-visibility":"","ast-main-header-display":"","ast-hfb-above-header-display":"","ast-hfb-below-header-display":"","ast-hfb-mobile-header-display":"","site-post-title":"","ast-breadcrumbs-content":"","ast-featured-img":"","footer-sml-layout":"","ast-disable-related-posts":"","theme-transparent-header-meta":"default","adv-header-id-meta":"","stick-header-meta":"","header-above-stick-meta":"","header-main-stick-meta":"","header-below-stick-meta":"","astra-migrate-meta-layouts":"set","ast-page-background-enabled":"default","ast-page-background-meta":{"desktop":{"background-color":"","background-image":"","background-repeat":"repeat","background-position":"center center","background-size":"auto","background-attachment":"scroll","background-type":"","background-media":"","overlay-type":"","overlay-color":"","overlay-opacity":"","overlay-gradient":""},"tablet":{"background-color":"","background-image":"","background-repeat":"repeat","background-position":"center center","background-size":"auto","background-attachment":"scroll","background-type":"","background-media":"","overlay-type":"","overlay-color":"","overlay-opacity":"","overlay-gradient":""},"mobile":{"background-color":"","background-image":"","background-repeat":"repeat","background-position":"center center","background-size":"auto","background-attachment":"scroll","background-type":"","background-media":"","overlay-type":"","overlay-color":"","overlay-opacity":"","overlay-gradient":""}},"ast-content-background-meta":{"desktop":{"background-color":"var(--ast-global-color-5)","background-image":"","background-repeat":"repeat","background-position":"center center","background-size":"auto","background-attachment":"scroll","background-type":"","background-media":"","overlay-type":"","overlay-color":"","overlay-opacity":"","overlay-gradient":""},"tablet":{"background-color":"var(--ast-global-color-5)","background-image":"","background-repeat":"repeat","background-position":"center center","background-size":"auto","background-attachment":"scroll","background-type":"","background-media":"","overlay-type":"","overlay-color":"","overlay-opacity":"","overlay-gradient":""},"mobile":{"background-color":"var(--ast-global-color-5)","background-image":"","background-repeat":"repeat","background-position":"center center","background-size":"auto","background-attachment":"scroll","background-type":"","background-media":"","overlay-type":"","overlay-color":"","overlay-opacity":"","overlay-gradient":""}},"iawp_total_views":34},"product_brand":[],"product_cat":[386],"product_tag":[],"class_list":{"0":"post-67180","1":"product","2":"type-product","3":"status-publish","4":"has-post-thumbnail","6":"product_cat-moskitonetze-lueftungsgitter","7":"product_shipping_class-groesse-m","8":"desktop-align-left","9":"tablet-align-left","10":"mobile-align-left","11":"ast-product-gallery-layout-horizontal-slider","12":"ast-product-tabs-layout-horizontal","14":"first","15":"onbackorder","16":"taxable","17":"shipping-taxable","18":"purchasable","19":"product-type-simple"},"_links":{"self":[{"href":"https:\/\/campzilla-shop.com\/de\/wp-json\/wp\/v2\/product\/67180","targetHints":{"allow":["GET"]}}],"collection":[{"href":"https:\/\/campzilla-shop.com\/de\/wp-json\/wp\/v2\/product"}],"about":[{"href":"https:\/\/campzilla-shop.com\/de\/wp-json\/wp\/v2\/types\/product"}],"wp:featuredmedia":[{"embeddable":true,"href":"https:\/\/campzilla-shop.com\/de\/wp-json\/wp\/v2\/media\/67154"}],"wp:attachment":[{"href":"https:\/\/campzilla-shop.com\/de\/wp-json\/wp\/v2\/media?parent=67180"}],"wp:term":[{"taxonomy":"product_brand","embeddable":true,"href":"https:\/\/campzilla-shop.com\/de\/wp-json\/wp\/v2\/product_brand?post=67180"},{"taxonomy":"product_cat","embeddable":true,"href":"https:\/\/campzilla-shop.com\/de\/wp-json\/wp\/v2\/product_cat?post=67180"},{"taxonomy":"product_tag","embeddable":true,"href":"https:\/\/campzilla-shop.com\/de\/wp-json\/wp\/v2\/product_tag?post=67180"}],"curies":[{"name":"wp","href":"https:\/\/api.w.org\/{rel}","templated":true}]}}