{"id":66683,"date":"2025-05-13T13:04:48","date_gmt":"2025-05-13T13:04:48","guid":{"rendered":"https:\/\/campzilla-shop.com\/produkt\/coprisedili-su-misura-gran-california\/"},"modified":"2026-03-09T16:21:31","modified_gmt":"2026-03-09T16:21:31","slug":"massgeschneiderte-sitzbezuege-vw-2","status":"publish","type":"product","link":"https:\/\/campzilla-shop.com\/de\/shop\/massgeschneiderte-sitzbezuege-vw-2\/","title":{"rendered":"Ma\u00dfgeschneiderte Sitzbez\u00fcge \u2013 VW Grand California \u2013 Made in Italy!"},"content":{"rendered":"<h2 data-start=\"159\" data-end=\"237\"><strong data-start=\"163\" data-end=\"237\">Komfort, Schutz und Stil \u2013 ma\u00dfgeschneidert f\u00fcr deinen Grand California<\/strong><\/h2>\n<p class=\"\" data-start=\"239\" data-end=\"381\">Unsere ma\u00dfgeschneiderten Sitzbez\u00fcge\u00a0 verwandeln das Interieur deines VW Grand California in einen noch gem\u00fctlicheren und strapazierf\u00e4higeren Raum.<\/p>\n<h3 data-start=\"383\" data-end=\"590\"><strong data-start=\"383\" data-end=\"406\">Passgenauer Schutz<\/strong><\/h3>\n<p class=\"\" data-start=\"383\" data-end=\"590\">Speziell f\u00fcr den Grand California entwickelt, passen sich die Bez\u00fcge perfekt den Sitzen an \u2013 alle Funktionen wie Airbags, Armlehnen und Kopfst\u00fctzen bleiben uneingeschr\u00e4nkt erhalten.<\/p>\n<h3 data-start=\"592\" data-end=\"771\"><strong data-start=\"592\" data-end=\"628\">Robuste und bequeme Materialien<\/strong><\/h3>\n<p class=\"\" data-start=\"592\" data-end=\"771\">Strapazierf\u00e4hige, pflegeleichte Stoffe \u2013 ideal f\u00fcr Reisen mit Kindern, Haustieren oder Outdoor-Abenteuern. Weich im Griff, stark im Einsatz.<\/p>\n<h3 data-start=\"773\" data-end=\"936\"><strong data-start=\"773\" data-end=\"798\">Individuelles Design<\/strong><\/h3>\n<p class=\"\" data-start=\"773\" data-end=\"936\">W\u00e4hle aus verschiedenen Farben und Stoffen, um deinem Van einen ganz pers\u00f6nlichen Look zu verleihen \u2013 klassisch, modern oder sportlich.<\/p>\n<h3 data-start=\"938\" data-end=\"1055\"><strong data-start=\"938\" data-end=\"959\">Einfache Montage<\/strong><\/h3>\n<p class=\"\" data-start=\"938\" data-end=\"1055\">Kein Werkzeug n\u00f6tig \u2013 die Bez\u00fcge lassen sich in wenigen Minuten anbringen und sitzen perfekt.<\/p>\n<h3 data-start=\"1057\" data-end=\"1189\"><strong data-start=\"1057\" data-end=\"1085\">Ideal f\u00fcr jedes Vanlife<\/strong><\/h3>\n<p class=\"\" data-start=\"1057\" data-end=\"1189\">Egal ob Camper, Familie oder Tierliebhaber \u2013 unsere Sitzbez\u00fcge halten deinen Van sauber und gepflegt.<\/p>\n<p class=\"\" data-start=\"1191\" data-end=\"1282\">Fordere jetzt kostenlos unsere Stoff\u00fcbersicht per E-Mail an: <strong data-start=\"1255\" data-end=\"1282\"><a class=\"cursor-pointer\" rel=\"noopener\" data-start=\"1257\" data-end=\"1280\">info@campzilla-shop.com<\/a><\/strong><\/p>\n<h3 data-start=\"1191\" data-end=\"1282\">Lieferumfang:<\/h3>\n<p data-start=\"1191\" data-end=\"1282\">Bez\u00fcge f\u00fcr Fahrer- &amp; Beifahrersitz inkl. Armlehnen und Kopfst\u00fctzen.<\/p>\n","protected":false},"excerpt":{"rendered":"<h5 data-start=\"145\" data-end=\"206\"><strong data-start=\"149\" data-end=\"206\">Ma\u00dfgeschneiderte Sitzbez\u00fcge mit Stil \u2013 MADE IN ITALY!<\/strong><\/h5>\n<p class=\"\" data-start=\"208\" data-end=\"383\">G\u00f6nn deinem VW Grand California ein Upgrade, das sch\u00fctzt und versch\u00f6nert. Mit unseren ma\u00dfgeschneiderten Sitzbez\u00fcgen bist du f\u00fcr jedes Abenteuer ger\u00fcstet \u2013 mit Stil und Komfort!<\/p>\n<p class=\"\" data-start=\"593\" data-end=\"638\"><strong style=\"font-size: 16px;\" data-start=\"648\" data-end=\"710\">Fordere jetzt kostenlos unsere Stoffauswahl per E-Mail an:<\/strong><\/p>\n<p class=\"\" data-start=\"645\" data-end=\"740\"><strong data-start=\"713\" data-end=\"740\"><a class=\"cursor-pointer\" rel=\"noopener\" data-start=\"715\" data-end=\"738\">info@campzilla-shop.com<\/a><\/strong><\/p>\n<p class=\"\" data-start=\"742\" data-end=\"890\">Du m\u00f6chtest nicht alle Sitze beziehen oder hast eine individuelle Konfiguration?<br data-start=\"822\" data-end=\"825\" \/>Dann schreib uns einfach eine E-Mail: <strong data-start=\"863\" data-end=\"890\"><a class=\"cursor-pointer\" rel=\"noopener\" data-start=\"865\" data-end=\"888\">info@campzilla-shop.com<\/a><\/strong><\/p>\n","protected":false},"featured_media":66664,"template":"","meta":{"site-sidebar-layout":"default","site-content-layout":"","ast-site-content-layout":"default","site-content-style":"default","site-sidebar-style":"default","ast-global-header-display":"","ast-banner-title-visibility":"","ast-main-header-display":"","ast-hfb-above-header-display":"","ast-hfb-below-header-display":"","ast-hfb-mobile-header-display":"","site-post-title":"","ast-breadcrumbs-content":"","ast-featured-img":"","footer-sml-layout":"","ast-disable-related-posts":"","theme-transparent-header-meta":"default","adv-header-id-meta":"","stick-header-meta":"","header-above-stick-meta":"","header-main-stick-meta":"","header-below-stick-meta":"","astra-migrate-meta-layouts":"set","ast-page-background-enabled":"default","ast-page-background-meta":{"desktop":{"background-color":"","background-image":"","background-repeat":"repeat","background-position":"center center","background-size":"auto","background-attachment":"scroll","background-type":"","background-media":"","overlay-type":"","overlay-color":"","overlay-opacity":"","overlay-gradient":""},"tablet":{"background-color":"","background-image":"","background-repeat":"repeat","background-position":"center center","background-size":"auto","background-attachment":"scroll","background-type":"","background-media":"","overlay-type":"","overlay-color":"","overlay-opacity":"","overlay-gradient":""},"mobile":{"background-color":"","background-image":"","background-repeat":"repeat","background-position":"center center","background-size":"auto","background-attachment":"scroll","background-type":"","background-media":"","overlay-type":"","overlay-color":"","overlay-opacity":"","overlay-gradient":""}},"ast-content-background-meta":{"desktop":{"background-color":"var(--ast-global-color-5)","background-image":"","background-repeat":"repeat","background-position":"center center","background-size":"auto","background-attachment":"scroll","background-type":"","background-media":"","overlay-type":"","overlay-color":"","overlay-opacity":"","overlay-gradient":""},"tablet":{"background-color":"var(--ast-global-color-5)","background-image":"","background-repeat":"repeat","background-position":"center center","background-size":"auto","background-attachment":"scroll","background-type":"","background-media":"","overlay-type":"","overlay-color":"","overlay-opacity":"","overlay-gradient":""},"mobile":{"background-color":"var(--ast-global-color-5)","background-image":"","background-repeat":"repeat","background-position":"center center","background-size":"auto","background-attachment":"scroll","background-type":"","background-media":"","overlay-type":"","overlay-color":"","overlay-opacity":"","overlay-gradient":""}},"iawp_total_views":192},"product_brand":[],"product_cat":[432],"product_tag":[],"class_list":{"0":"post-66683","1":"product","2":"type-product","3":"status-publish","4":"has-post-thumbnail","6":"product_cat-volkswagen-massgeschneiderte-sitzbezuege","7":"product_shipping_class-groesse-s","8":"desktop-align-left","9":"tablet-align-left","10":"mobile-align-left","11":"ast-product-gallery-layout-horizontal-slider","12":"ast-product-tabs-layout-horizontal","14":"first","15":"onbackorder","16":"taxable","17":"shipping-taxable","18":"purchasable","19":"product-type-simple"},"_links":{"self":[{"href":"https:\/\/campzilla-shop.com\/de\/wp-json\/wp\/v2\/product\/66683","targetHints":{"allow":["GET"]}}],"collection":[{"href":"https:\/\/campzilla-shop.com\/de\/wp-json\/wp\/v2\/product"}],"about":[{"href":"https:\/\/campzilla-shop.com\/de\/wp-json\/wp\/v2\/types\/product"}],"wp:featuredmedia":[{"embeddable":true,"href":"https:\/\/campzilla-shop.com\/de\/wp-json\/wp\/v2\/media\/66664"}],"wp:attachment":[{"href":"https:\/\/campzilla-shop.com\/de\/wp-json\/wp\/v2\/media?parent=66683"}],"wp:term":[{"taxonomy":"product_brand","embeddable":true,"href":"https:\/\/campzilla-shop.com\/de\/wp-json\/wp\/v2\/product_brand?post=66683"},{"taxonomy":"product_cat","embeddable":true,"href":"https:\/\/campzilla-shop.com\/de\/wp-json\/wp\/v2\/product_cat?post=66683"},{"taxonomy":"product_tag","embeddable":true,"href":"https:\/\/campzilla-shop.com\/de\/wp-json\/wp\/v2\/product_tag?post=66683"}],"curies":[{"name":"wp","href":"https:\/\/api.w.org\/{rel}","templated":true}]}}