{"id":66636,"date":"2025-05-12T16:10:07","date_gmt":"2025-05-12T16:10:07","guid":{"rendered":"https:\/\/campzilla-shop.com\/produkt\/xtorm-panello-solare-pieghevole-200w-xtreme-power-2\/"},"modified":"2026-03-24T15:14:37","modified_gmt":"2026-03-24T15:14:37","slug":"faltbares-solarpanel-200w","status":"publish","type":"product","link":"https:\/\/campzilla-shop.com\/de\/shop\/faltbares-solarpanel-200w\/","title":{"rendered":"Faltbares Solarpanel \u2013 200w, Xtreme Power 2"},"content":{"rendered":"<h3 class=\"western\"><strong>Dein faltbares Solarmodul f\u00fcr unterwegs<\/strong><\/h3>\n<p>Hol dir mehr Energie aus der Sonne \u2013 mit dem neuen <strong>Xtorm 200W Gen &#8217;24 Solarmodul<\/strong> f\u00fcr Powerstations. Das faltbare Solarpanel mit <strong>24\u202f% Wirkungsgrad<\/strong> versorgt dich unterwegs zuverl\u00e4ssig mit Solarstrom \u2013 ideal f\u00fcrs Camping, Vanlife oder netzunabh\u00e4ngiges Arbeiten.<\/p>\n<h5 class=\"western\"><strong>Deine Vorteile:<\/strong><\/h5>\n<ul>\n<li><strong>Monokristalline Solarzellen (24\u202f% Effizienz)<\/strong> \u2013 mehr Leistung bei gleichem Sonnenlicht<\/li>\n<li><strong>Faltbares &amp; tragbares Design<\/strong> \u2013 mit Griff und Standf\u00fc\u00dfen f\u00fcr flexible Platzierung<\/li>\n<li><strong>Schnelles Laden<\/strong> \u2013 300\u202fW-Powerstation in ca. 2 Std., 600\u202fW in ca. 3 Std. (optimaler Sonnenschein)<\/li>\n<li><strong>Robust &amp; wetterfest (IP67)<\/strong> \u2013 staub- und wasserdicht, ideal f\u00fcr jedes Outdoor-Abenteuer<\/li>\n<li><strong>Fester DC7909-Anschluss<\/strong> \u2013 kompatibel mit Xtorm XP2 und anderen passenden Powerstations<\/li>\n<\/ul>\n<p>Mit nur rund <strong>8\u202fkg<\/strong> Gewicht l\u00e4sst sich das Panel leicht transportieren \u2013 ob im Wohnmobil, Boot oder beim Zelten. Dank des integrierten Anschlusskabels ist es sofort einsatzbereit. Solange die Sonne scheint, bekommst du saubere Energie \u2013 ganz ohne Steckdose.<\/p>\n<h5 class=\"western\"><strong>Xtorm \u2013 Qualit\u00e4t seit 2008<\/strong><\/h5>\n<p>Xtorm steht f\u00fcr gepr\u00fcfte Sicherheit, langlebige Technik und nachhaltige Materialien. Jedes Produkt wird 6-fach getestet \u2013 damit du dich immer auf deine Energiequelle verlassen kannst.<\/p>\n","protected":false},"excerpt":{"rendered":"<p>Tragbar. Wetterfest. Effizient. Mit dem Xtorm 200W Solarpanel hast du deine eigene Stromquelle immer dabei.<\/p>\n","protected":false},"featured_media":66604,"template":"","meta":{"site-sidebar-layout":"default","site-content-layout":"","ast-site-content-layout":"default","site-content-style":"default","site-sidebar-style":"default","ast-global-header-display":"","ast-banner-title-visibility":"","ast-main-header-display":"","ast-hfb-above-header-display":"","ast-hfb-below-header-display":"","ast-hfb-mobile-header-display":"","site-post-title":"","ast-breadcrumbs-content":"","ast-featured-img":"","footer-sml-layout":"","ast-disable-related-posts":"","theme-transparent-header-meta":"default","adv-header-id-meta":"","stick-header-meta":"","header-above-stick-meta":"","header-main-stick-meta":"","header-below-stick-meta":"","astra-migrate-meta-layouts":"set","ast-page-background-enabled":"default","ast-page-background-meta":{"desktop":{"background-color":"","background-image":"","background-repeat":"repeat","background-position":"center center","background-size":"auto","background-attachment":"scroll","background-type":"","background-media":"","overlay-type":"","overlay-color":"","overlay-opacity":"","overlay-gradient":""},"tablet":{"background-color":"","background-image":"","background-repeat":"repeat","background-position":"center center","background-size":"auto","background-attachment":"scroll","background-type":"","background-media":"","overlay-type":"","overlay-color":"","overlay-opacity":"","overlay-gradient":""},"mobile":{"background-color":"","background-image":"","background-repeat":"repeat","background-position":"center center","background-size":"auto","background-attachment":"scroll","background-type":"","background-media":"","overlay-type":"","overlay-color":"","overlay-opacity":"","overlay-gradient":""}},"ast-content-background-meta":{"desktop":{"background-color":"var(--ast-global-color-5)","background-image":"","background-repeat":"repeat","background-position":"center center","background-size":"auto","background-attachment":"scroll","background-type":"","background-media":"","overlay-type":"","overlay-color":"","overlay-opacity":"","overlay-gradient":""},"tablet":{"background-color":"var(--ast-global-color-5)","background-image":"","background-repeat":"repeat","background-position":"center center","background-size":"auto","background-attachment":"scroll","background-type":"","background-media":"","overlay-type":"","overlay-color":"","overlay-opacity":"","overlay-gradient":""},"mobile":{"background-color":"var(--ast-global-color-5)","background-image":"","background-repeat":"repeat","background-position":"center center","background-size":"auto","background-attachment":"scroll","background-type":"","background-media":"","overlay-type":"","overlay-color":"","overlay-opacity":"","overlay-gradient":""}},"iawp_total_views":28},"product_brand":[],"product_cat":[383],"product_tag":[],"class_list":{"0":"post-66636","1":"product","2":"type-product","3":"status-publish","4":"has-post-thumbnail","6":"product_cat-energie-elektronik","7":"product_shipping_class-groesse-m","8":"desktop-align-left","9":"tablet-align-left","10":"mobile-align-left","11":"ast-product-gallery-layout-horizontal-slider","12":"ast-product-tabs-layout-horizontal","14":"first","15":"instock","16":"sale","17":"taxable","18":"shipping-taxable","19":"purchasable","20":"product-type-simple"},"_links":{"self":[{"href":"https:\/\/campzilla-shop.com\/de\/wp-json\/wp\/v2\/product\/66636","targetHints":{"allow":["GET"]}}],"collection":[{"href":"https:\/\/campzilla-shop.com\/de\/wp-json\/wp\/v2\/product"}],"about":[{"href":"https:\/\/campzilla-shop.com\/de\/wp-json\/wp\/v2\/types\/product"}],"wp:featuredmedia":[{"embeddable":true,"href":"https:\/\/campzilla-shop.com\/de\/wp-json\/wp\/v2\/media\/66604"}],"wp:attachment":[{"href":"https:\/\/campzilla-shop.com\/de\/wp-json\/wp\/v2\/media?parent=66636"}],"wp:term":[{"taxonomy":"product_brand","embeddable":true,"href":"https:\/\/campzilla-shop.com\/de\/wp-json\/wp\/v2\/product_brand?post=66636"},{"taxonomy":"product_cat","embeddable":true,"href":"https:\/\/campzilla-shop.com\/de\/wp-json\/wp\/v2\/product_cat?post=66636"},{"taxonomy":"product_tag","embeddable":true,"href":"https:\/\/campzilla-shop.com\/de\/wp-json\/wp\/v2\/product_tag?post=66636"}],"curies":[{"name":"wp","href":"https:\/\/api.w.org\/{rel}","templated":true}]}}