{"id":66041,"date":"2025-04-23T13:38:49","date_gmt":"2025-04-23T13:38:49","guid":{"rendered":"https:\/\/campzilla-shop.com\/?post_type=product&#038;p=66041"},"modified":"2026-03-24T15:47:31","modified_gmt":"2026-03-24T15:47:31","slug":"fire-midge-stove-titanium-gaskocher","status":"publish","type":"product","link":"https:\/\/campzilla-shop.com\/de\/shop\/fire-midge-stove-titanium-gaskocher\/","title":{"rendered":"Fire Midge Stove Titanium \u2013 ultraleichter Gaskocher f\u00fcr Trekking & Outdoor"},"content":{"rendered":"<h2 data-start=\"368\" data-end=\"738\">Gaskocheraufsatz f\u00fcr Trekking oder Camping<\/h2>\n<p data-start=\"368\" data-end=\"738\">Der <strong data-start=\"372\" data-end=\"408\">Robens Fire Midge Stove Titanium<\/strong> ist ein echter Gamechanger f\u00fcr alle, die unterwegs auf <strong data-start=\"464\" data-end=\"508\">maximale Leichtigkeit und minimale Gr\u00f6\u00dfe<\/strong> setzen. Mit nur <strong data-start=\"525\" data-end=\"541\">45 g Gewicht<\/strong> und einem <strong data-start=\"552\" data-end=\"580\">Packma\u00df von 3,7 \u00d7 5,2 cm<\/strong> verschwindet er fast unbemerkt im Rucksack \u2013 und ist doch jederzeit einsatzbereit, wenn du unterwegs eine warme Mahlzeit oder einen hei\u00dfen Kaffee brauchst.<\/p>\n<h3 data-start=\"740\" data-end=\"778\">Kompakt, leicht &amp; leistungsstark<\/h3>\n<p data-start=\"779\" data-end=\"971\">Trotz seines geringen Gewichts liefert der Kocher beeindruckende <strong data-start=\"844\" data-end=\"864\">2.600 W Leistung<\/strong>. Damit bringst du einen Liter Wasser in unter 9 Minuten zum Kochen \u2013 zuverl\u00e4ssig, schnell und effizient.<\/p>\n<h3 data-start=\"973\" data-end=\"997\">Robust &amp; langlebig<\/h3>\n<p data-start=\"998\" data-end=\"1192\">Gefertigt aus <strong data-start=\"1012\" data-end=\"1044\">Titan, Messing und Aluminium<\/strong> bietet der Fire Midge Stove hohe Stabilit\u00e4t, Korrosionsbest\u00e4ndigkeit und eine lange Lebensdauer \u2013 perfekt auch f\u00fcr anspruchsvolle Outdoor-Touren.<\/p>\n<h3 data-start=\"1194\" data-end=\"1218\">Einfache Bedienung<\/h3>\n<p data-start=\"1219\" data-end=\"1454\">Der Kocher wird direkt an <strong data-start=\"1245\" data-end=\"1269\">EN 417-Gaskartuschen<\/strong> angeschlossen. Dank des zuverl\u00e4ssigen Systems ist die Handhabung unkompliziert und sicher. Nach der Nutzung l\u00e4sst er sich kompakt in der mitgelieferten <strong data-start=\"1422\" data-end=\"1441\">Transporttasche<\/strong> verstauen.<\/p>\n<h3 data-start=\"1456\" data-end=\"1490\">Maximale Effizienz unterwegs<\/h3>\n<p data-start=\"1491\" data-end=\"1620\">Eine <strong data-start=\"1496\" data-end=\"1518\">100 g-Gaskartusche<\/strong> reicht f\u00fcr ca. <strong data-start=\"1534\" data-end=\"1559\">61 Minuten Brenndauer<\/strong> \u2013 ideal f\u00fcr mehrere Mahlzeiten oder Hei\u00dfgetr\u00e4nke auf Tour.<\/p>\n<h3 data-start=\"1627\" data-end=\"1657\">Vorteile auf einen Blick<\/h3>\n<ul data-start=\"1658\" data-end=\"2010\">\n<li data-start=\"1658\" data-end=\"1695\">\n<p data-start=\"1660\" data-end=\"1695\"><strong data-start=\"1660\" data-end=\"1676\">Ultraleicht:<\/strong> nur 45 g Gewicht<\/p>\n<\/li>\n<li data-start=\"1696\" data-end=\"1756\">\n<p data-start=\"1698\" data-end=\"1756\"><strong data-start=\"1698\" data-end=\"1710\">Kompakt:<\/strong> Packma\u00df 3,7 \u00d7 5,2 cm \u2013 passt in jede Tasche<\/p>\n<\/li>\n<li data-start=\"1757\" data-end=\"1809\">\n<p data-start=\"1759\" data-end=\"1809\"><strong data-start=\"1759\" data-end=\"1778\">Leistungsstark:<\/strong> 2.600 W f\u00fcr schnelles Kochen<\/p>\n<\/li>\n<li data-start=\"1810\" data-end=\"1876\">\n<p data-start=\"1812\" data-end=\"1876\"><strong data-start=\"1812\" data-end=\"1826\">Effizient:<\/strong> 61 Minuten Brenndauer mit einer 100 g-Kartusche<\/p>\n<\/li>\n<li data-start=\"1877\" data-end=\"1940\">\n<p data-start=\"1879\" data-end=\"1940\"><strong data-start=\"1879\" data-end=\"1890\">Robust:<\/strong> Titan, Messing &amp; Aluminium \u2013 langlebig &amp; stabil<\/p>\n<\/li>\n<li data-start=\"1941\" data-end=\"2010\">\n<p data-start=\"1943\" data-end=\"2010\"><strong data-start=\"1943\" data-end=\"1957\">Praktisch:<\/strong> inklusive Tragetasche f\u00fcr Transport &amp; Aufbewahrung<\/p>\n<\/li>\n<\/ul>\n<p data-start=\"2017\" data-end=\"2290\">Der <strong data-start=\"2021\" data-end=\"2050\">Fire Midge Stove Titanium<\/strong> ist die perfekte Wahl f\u00fcr <strong data-start=\"2077\" data-end=\"2128\">Trekking, Bikepacking, Camping und Minimalisten<\/strong>, die auch unterwegs nicht auf eine warme Mahlzeit verzichten wollen. <strong data-start=\"2198\" data-end=\"2288\">Klein, leicht, leistungsstark \u2013 dein zuverl\u00e4ssiger Outdoor-Kocher f\u00fcr jedes Abenteuer.<\/strong><\/p>\n<div class=\"product__details-item\">\n<div class=\"product__details-specifications\"><\/div>\n<\/div>\n","protected":false},"excerpt":{"rendered":"<p>Der Fire Midge Stove Titanium ist die perfekte Wahl f\u00fcr alle, die beim Kochen unterwegs auf Gewicht und Packma\u00df achten, ohne auf Leistung und Zuverl\u00e4ssigkeit zu verzichten.<\/p>\n<ul>\n<li>besonders leicht und kompakt<\/li>\n<li>titanmaterial f\u00fcr optimale St\u00e4rke und Korrosionsbest\u00e4ndigkeit<\/li>\n<li>l\u00e4sst sich direkt an der Gaskartusche anbringen<\/li>\n<li>ausklappbarer Topfhalter<\/li>\n<li>inklusive kompakter Transporttasche<\/li>\n<\/ul>\n","protected":false},"featured_media":66042,"template":"","meta":{"site-sidebar-layout":"default","site-content-layout":"","ast-site-content-layout":"default","site-content-style":"default","site-sidebar-style":"default","ast-global-header-display":"","ast-banner-title-visibility":"","ast-main-header-display":"","ast-hfb-above-header-display":"","ast-hfb-below-header-display":"","ast-hfb-mobile-header-display":"","site-post-title":"","ast-breadcrumbs-content":"","ast-featured-img":"","footer-sml-layout":"","ast-disable-related-posts":"","theme-transparent-header-meta":"default","adv-header-id-meta":"","stick-header-meta":"","header-above-stick-meta":"","header-main-stick-meta":"","header-below-stick-meta":"","astra-migrate-meta-layouts":"set","ast-page-background-enabled":"default","ast-page-background-meta":{"desktop":{"background-color":"","background-image":"","background-repeat":"repeat","background-position":"center center","background-size":"auto","background-attachment":"scroll","background-type":"","background-media":"","overlay-type":"","overlay-color":"","overlay-opacity":"","overlay-gradient":""},"tablet":{"background-color":"","background-image":"","background-repeat":"repeat","background-position":"center center","background-size":"auto","background-attachment":"scroll","background-type":"","background-media":"","overlay-type":"","overlay-color":"","overlay-opacity":"","overlay-gradient":""},"mobile":{"background-color":"","background-image":"","background-repeat":"repeat","background-position":"center center","background-size":"auto","background-attachment":"scroll","background-type":"","background-media":"","overlay-type":"","overlay-color":"","overlay-opacity":"","overlay-gradient":""}},"ast-content-background-meta":{"desktop":{"background-color":"var(--ast-global-color-5)","background-image":"","background-repeat":"repeat","background-position":"center center","background-size":"auto","background-attachment":"scroll","background-type":"","background-media":"","overlay-type":"","overlay-color":"","overlay-opacity":"","overlay-gradient":""},"tablet":{"background-color":"var(--ast-global-color-5)","background-image":"","background-repeat":"repeat","background-position":"center center","background-size":"auto","background-attachment":"scroll","background-type":"","background-media":"","overlay-type":"","overlay-color":"","overlay-opacity":"","overlay-gradient":""},"mobile":{"background-color":"var(--ast-global-color-5)","background-image":"","background-repeat":"repeat","background-position":"center center","background-size":"auto","background-attachment":"scroll","background-type":"","background-media":"","overlay-type":"","overlay-color":"","overlay-opacity":"","overlay-gradient":""}},"iawp_total_views":13},"product_brand":[],"product_cat":[39],"product_tag":[],"class_list":{"0":"post-66041","1":"product","2":"type-product","3":"status-publish","4":"has-post-thumbnail","6":"product_cat-essen-trinken","7":"product_shipping_class-groesse-s","8":"desktop-align-left","9":"tablet-align-left","10":"mobile-align-left","11":"ast-product-gallery-layout-horizontal-slider","12":"ast-product-tabs-layout-horizontal","14":"first","15":"instock","16":"sale","17":"taxable","18":"shipping-taxable","19":"purchasable","20":"product-type-simple"},"_links":{"self":[{"href":"https:\/\/campzilla-shop.com\/de\/wp-json\/wp\/v2\/product\/66041","targetHints":{"allow":["GET"]}}],"collection":[{"href":"https:\/\/campzilla-shop.com\/de\/wp-json\/wp\/v2\/product"}],"about":[{"href":"https:\/\/campzilla-shop.com\/de\/wp-json\/wp\/v2\/types\/product"}],"wp:featuredmedia":[{"embeddable":true,"href":"https:\/\/campzilla-shop.com\/de\/wp-json\/wp\/v2\/media\/66042"}],"wp:attachment":[{"href":"https:\/\/campzilla-shop.com\/de\/wp-json\/wp\/v2\/media?parent=66041"}],"wp:term":[{"taxonomy":"product_brand","embeddable":true,"href":"https:\/\/campzilla-shop.com\/de\/wp-json\/wp\/v2\/product_brand?post=66041"},{"taxonomy":"product_cat","embeddable":true,"href":"https:\/\/campzilla-shop.com\/de\/wp-json\/wp\/v2\/product_cat?post=66041"},{"taxonomy":"product_tag","embeddable":true,"href":"https:\/\/campzilla-shop.com\/de\/wp-json\/wp\/v2\/product_tag?post=66041"}],"curies":[{"name":"wp","href":"https:\/\/api.w.org\/{rel}","templated":true}]}}