{"id":65769,"date":"2025-03-27T09:27:31","date_gmt":"2025-03-27T09:27:31","guid":{"rendered":"https:\/\/campzilla-shop.com\/?post_type=product&#038;p=65769"},"modified":"2025-08-29T14:46:14","modified_gmt":"2025-08-29T14:46:14","slug":"fenstertaschen-ford-tourneo-custom","status":"publish","type":"product","link":"https:\/\/campzilla-shop.com\/de\/shop\/fenstertaschen-ford-tourneo-custom\/","title":{"rendered":"Fenstertaschen, Ford Tourneo Custom V710, kurzer Radstand"},"content":{"rendered":"<h2><strong>Taschensystem f\u00fcr den Ford Tourneo Custom V710 \u2013 Perfekt f\u00fcr dein Vanlife<\/strong><\/h2>\n<p>Dieses Set Fenstertaschen wurde speziell f\u00fcr den Ford Tourneo Custom V710 ohne Gurthaltern im Fenster entwickelt. Anstelle der Gurthaltern kannst du nun diese praktischen Fenstertaschen an dieser Position anbringen. Beachte, dass je nach Sitzbankhersteller die R\u00fcckenlehne beim Verschieben der Sitze m\u00f6glicherweise Kontakt mit den Taschen haben k\u00f6nnte.<\/p>\n<p>Nicht kompatibel mit Ford B\u00fcrstner Copa, Ford Nugget, Ford Panama auf Basis Ford V710!<\/p>\n<p><strong>Dein perfektes Taschensystem f\u00fcr Vanlife mit echten Outdoorqualit\u00e4ten:<\/strong><\/p>\n<ul>\n<li><strong>Schmutzabweisendes, rei\u00dffestes Oxfordgewebe<\/strong>: Widerstandsf\u00e4hig gegen die Belastungen des Outdoor-Einsatzes.<\/li>\n<li><strong>Extrem hohe Belastbarkeit durch aufgen\u00e4hte Verst\u00e4rkungsb\u00e4nder<\/strong>: Sorgt f\u00fcr eine besonders lange Lebensdauer und Stabilit\u00e4t.<\/li>\n<li><strong>Nur das Beste: YKK Rei\u00dfverschl\u00fcsse<\/strong>: F\u00fcr h\u00f6chste Qualit\u00e4t und Langlebigkeit.<\/li>\n<li><strong>Rucksackfunktion bei den gro\u00dfen Taschen<\/strong>: Die gro\u00dfen Taschen lassen sich schnell und einfach abnehmen und als Rucksack verwenden, ideal f\u00fcr unterwegs.<\/li>\n<li><strong>Taschenvolumen ca. 26L<\/strong>: Viel Platz f\u00fcr deine Ausr\u00fcstung<\/li>\n<li><strong>Passend f\u00fcr den kurzen Radstand<\/strong><\/li>\n<\/ul>\n<p><strong style=\"font-size: 16px;\">Patentiertes, extrem stabiles Tr\u00e4gersystem<\/strong><span style=\"font-size: 16px;\">: Dank des innovativen Systems ist eine zuverl\u00e4ssige und sichere Befestigung garantiert \u2013 ganz ohne Kleben, Bohren, unsichere Saugkn\u00f6pfe oder Klettverschl\u00fcsse.<\/span><\/p>\n<p><strong>Made in EU<\/strong>: Qualit\u00e4t, auf die du dich verlassen kannst.<\/p>\n","protected":false},"excerpt":{"rendered":"<h5><strong>Made in EU \u2013 Hochwertige Qualit\u00e4t<\/strong><\/h5>\n<p>Das Felleisen Taschensystem ist in der EU gefertigt und erf\u00fcllt h\u00f6chste Qualit\u00e4tsstandards. Vertraue auf Funktionalit\u00e4t und Langlebigkeit, die deinem Vanlife den entscheidenden Komfort verleihen!<\/p>\n<p>\u2022 Schmutzabweisendes, rei\u00dffestes Oxfordgewebe<br \/>\n\u2022 Extrem hohe Belastbarkeit durch aufgen\u00e4hte Verst\u00e4rkungsb\u00e4nder<br \/>\n\u2022 Patentiertes Tr\u00e4gersystem aus pulverbeschichtetem Aluminium<br \/>\n\u2022 Kein Bohren oder Kleben n\u00f6tig<br \/>\n\u2022 Gummipuffer sch\u00fctzen deinen Van vor l\u00e4stigen Kratzern und Schrammen<br \/>\n\u2022 Super einfache Montage<br \/>\n\u2022 Ger\u00e4uschged\u00e4mpft (kein Klappern)<\/p>\n","protected":false},"featured_media":65770,"template":"","meta":{"site-sidebar-layout":"default","site-content-layout":"","ast-site-content-layout":"default","site-content-style":"default","site-sidebar-style":"default","ast-global-header-display":"","ast-banner-title-visibility":"","ast-main-header-display":"","ast-hfb-above-header-display":"","ast-hfb-below-header-display":"","ast-hfb-mobile-header-display":"","site-post-title":"","ast-breadcrumbs-content":"","ast-featured-img":"","footer-sml-layout":"","ast-disable-related-posts":"","theme-transparent-header-meta":"default","adv-header-id-meta":"","stick-header-meta":"","header-above-stick-meta":"","header-main-stick-meta":"","header-below-stick-meta":"","astra-migrate-meta-layouts":"set","ast-page-background-enabled":"default","ast-page-background-meta":{"desktop":{"background-color":"","background-image":"","background-repeat":"repeat","background-position":"center center","background-size":"auto","background-attachment":"scroll","background-type":"","background-media":"","overlay-type":"","overlay-color":"","overlay-opacity":"","overlay-gradient":""},"tablet":{"background-color":"","background-image":"","background-repeat":"repeat","background-position":"center center","background-size":"auto","background-attachment":"scroll","background-type":"","background-media":"","overlay-type":"","overlay-color":"","overlay-opacity":"","overlay-gradient":""},"mobile":{"background-color":"","background-image":"","background-repeat":"repeat","background-position":"center center","background-size":"auto","background-attachment":"scroll","background-type":"","background-media":"","overlay-type":"","overlay-color":"","overlay-opacity":"","overlay-gradient":""}},"ast-content-background-meta":{"desktop":{"background-color":"var(--ast-global-color-5)","background-image":"","background-repeat":"repeat","background-position":"center center","background-size":"auto","background-attachment":"scroll","background-type":"","background-media":"","overlay-type":"","overlay-color":"","overlay-opacity":"","overlay-gradient":""},"tablet":{"background-color":"var(--ast-global-color-5)","background-image":"","background-repeat":"repeat","background-position":"center center","background-size":"auto","background-attachment":"scroll","background-type":"","background-media":"","overlay-type":"","overlay-color":"","overlay-opacity":"","overlay-gradient":""},"mobile":{"background-color":"var(--ast-global-color-5)","background-image":"","background-repeat":"repeat","background-position":"center center","background-size":"auto","background-attachment":"scroll","background-type":"","background-media":"","overlay-type":"","overlay-color":"","overlay-opacity":"","overlay-gradient":""}},"iawp_total_views":149},"product_brand":[],"product_cat":[389],"product_tag":[],"class_list":{"0":"post-65769","1":"product","2":"type-product","3":"status-publish","4":"has-post-thumbnail","6":"product_cat-ford-de","7":"product_shipping_class-groesse-m","8":"desktop-align-left","9":"tablet-align-left","10":"mobile-align-left","11":"ast-product-gallery-layout-horizontal-slider","12":"ast-product-tabs-layout-horizontal","14":"first","15":"onbackorder","16":"taxable","17":"shipping-taxable","18":"purchasable","19":"product-type-simple"},"_links":{"self":[{"href":"https:\/\/campzilla-shop.com\/de\/wp-json\/wp\/v2\/product\/65769","targetHints":{"allow":["GET"]}}],"collection":[{"href":"https:\/\/campzilla-shop.com\/de\/wp-json\/wp\/v2\/product"}],"about":[{"href":"https:\/\/campzilla-shop.com\/de\/wp-json\/wp\/v2\/types\/product"}],"wp:featuredmedia":[{"embeddable":true,"href":"https:\/\/campzilla-shop.com\/de\/wp-json\/wp\/v2\/media\/65770"}],"wp:attachment":[{"href":"https:\/\/campzilla-shop.com\/de\/wp-json\/wp\/v2\/media?parent=65769"}],"wp:term":[{"taxonomy":"product_brand","embeddable":true,"href":"https:\/\/campzilla-shop.com\/de\/wp-json\/wp\/v2\/product_brand?post=65769"},{"taxonomy":"product_cat","embeddable":true,"href":"https:\/\/campzilla-shop.com\/de\/wp-json\/wp\/v2\/product_cat?post=65769"},{"taxonomy":"product_tag","embeddable":true,"href":"https:\/\/campzilla-shop.com\/de\/wp-json\/wp\/v2\/product_tag?post=65769"}],"curies":[{"name":"wp","href":"https:\/\/api.w.org\/{rel}","templated":true}]}}