{"id":65715,"date":"2025-03-26T13:32:50","date_gmt":"2025-03-26T13:32:50","guid":{"rendered":"https:\/\/campzilla-shop.com\/?post_type=product&#038;p=65715"},"modified":"2025-08-27T17:43:07","modified_gmt":"2025-08-27T17:43:07","slug":"gepaecknetz-aufstelldach","status":"publish","type":"product","link":"https:\/\/campzilla-shop.com\/de\/shop\/gepaecknetz-aufstelldach\/","title":{"rendered":"Gep\u00e4cknetz, Aufstelldach \u2013 VW California, B\u00fcrstner Copa, Ford Nugget, \u2026"},"content":{"rendered":"<h2 class=\"western\">Zus\u00e4tzlicher Stauraum in deinem Van<\/h2>\n<p>Das Gep\u00e4cknetz f\u00fcr Dein Klappbett ist die ideale L\u00f6sung, um zus\u00e4tzlichen Stauraum in Deinem Fahrzeug zu schaffen. Es l\u00e4sst sich ganz einfach unterhalb des Klappbetts installieren und bleibt auch w\u00e4hrend der Fahrt sicher an seinem Platz. Dank der vier praktischen Einzelf\u00e4cher, die mit robusten YKK-Rei\u00dfverschl\u00fcssen verschlie\u00dfbar sind, kannst Du sicher sein, dass Deine Gegenst\u00e4nde beim Hochklappen des Betts nicht herausfallen.<\/p>\n<p>Das Netz bietet Dir ordentlich Platz f\u00fcr alle Deine Sachen \u2013 ganz gleich, ob das Schlafdach hochgeklappt ist oder sich in Schlafposition befindet. So hast Du immer schnellen Zugriff auf Deine wichtigen Utensilien.<\/p>\n<p><strong>Es passt perfekt in viele Klappbetten, wie zum Beispiel:<\/strong><\/p>\n<p>California T5-T6.1<br \/>\nB\u00fcrstner Copa (Achtung: Bitte die Verschl\u00fcsse unterhalb der montierten LED-Leiste durchf\u00e4deln)<br \/>\nCampster\/Crosscamp<br \/>\nDethleffs Globvan<br \/>\nSCA und Reimo-D\u00e4cher<\/p>\n<p>Mit einer praktischen Gr\u00f6\u00dfe von 107 cm x 50 cm bietet es viel Stauraum, ohne dabei viel Platz zu beanspruchen. Mache Deine Reisen komfortabler und besser organisiert \u2013 mit diesem praktischen Gep\u00e4cknetz f\u00fcr Dein Klappbett.<\/p>\n","protected":false},"excerpt":{"rendered":"<p>Das Gep\u00e4cknetz ist auch f\u00fcr alle anderen originalen oder nachger\u00fcsteten Aufstelld\u00e4cher geeignet, wie zum Beispiel den Volkswagen New California (T7), Mercedes Marco Polo, Ford Transit Custom Nugget (V362 und V710), Renault Trafic, Opel Crosscamp und viele mehr.<\/p>\n","protected":false},"featured_media":65716,"template":"","meta":{"site-sidebar-layout":"default","site-content-layout":"","ast-site-content-layout":"default","site-content-style":"default","site-sidebar-style":"default","ast-global-header-display":"","ast-banner-title-visibility":"","ast-main-header-display":"","ast-hfb-above-header-display":"","ast-hfb-below-header-display":"","ast-hfb-mobile-header-display":"","site-post-title":"","ast-breadcrumbs-content":"","ast-featured-img":"","footer-sml-layout":"","ast-disable-related-posts":"","theme-transparent-header-meta":"default","adv-header-id-meta":"","stick-header-meta":"","header-above-stick-meta":"","header-main-stick-meta":"","header-below-stick-meta":"","astra-migrate-meta-layouts":"set","ast-page-background-enabled":"default","ast-page-background-meta":{"desktop":{"background-color":"","background-image":"","background-repeat":"repeat","background-position":"center center","background-size":"auto","background-attachment":"scroll","background-type":"","background-media":"","overlay-type":"","overlay-color":"","overlay-opacity":"","overlay-gradient":""},"tablet":{"background-color":"","background-image":"","background-repeat":"repeat","background-position":"center center","background-size":"auto","background-attachment":"scroll","background-type":"","background-media":"","overlay-type":"","overlay-color":"","overlay-opacity":"","overlay-gradient":""},"mobile":{"background-color":"","background-image":"","background-repeat":"repeat","background-position":"center center","background-size":"auto","background-attachment":"scroll","background-type":"","background-media":"","overlay-type":"","overlay-color":"","overlay-opacity":"","overlay-gradient":""}},"ast-content-background-meta":{"desktop":{"background-color":"var(--ast-global-color-5)","background-image":"","background-repeat":"repeat","background-position":"center center","background-size":"auto","background-attachment":"scroll","background-type":"","background-media":"","overlay-type":"","overlay-color":"","overlay-opacity":"","overlay-gradient":""},"tablet":{"background-color":"var(--ast-global-color-5)","background-image":"","background-repeat":"repeat","background-position":"center center","background-size":"auto","background-attachment":"scroll","background-type":"","background-media":"","overlay-type":"","overlay-color":"","overlay-opacity":"","overlay-gradient":""},"mobile":{"background-color":"var(--ast-global-color-5)","background-image":"","background-repeat":"repeat","background-position":"center center","background-size":"auto","background-attachment":"scroll","background-type":"","background-media":"","overlay-type":"","overlay-color":"","overlay-opacity":"","overlay-gradient":""}},"iawp_total_views":348},"product_brand":[],"product_cat":[155,156],"product_tag":[],"class_list":{"0":"post-65715","1":"product","2":"type-product","3":"status-publish","4":"has-post-thumbnail","6":"product_cat-fenstertaschen-staumoeglichkeiten","7":"product_cat-volkswagen","8":"product_shipping_class-groesse-s","9":"desktop-align-left","10":"tablet-align-left","11":"mobile-align-left","12":"ast-product-gallery-layout-horizontal-slider","13":"ast-product-tabs-layout-horizontal","15":"first","16":"onbackorder","17":"taxable","18":"shipping-taxable","19":"purchasable","20":"product-type-simple"},"_links":{"self":[{"href":"https:\/\/campzilla-shop.com\/de\/wp-json\/wp\/v2\/product\/65715","targetHints":{"allow":["GET"]}}],"collection":[{"href":"https:\/\/campzilla-shop.com\/de\/wp-json\/wp\/v2\/product"}],"about":[{"href":"https:\/\/campzilla-shop.com\/de\/wp-json\/wp\/v2\/types\/product"}],"wp:featuredmedia":[{"embeddable":true,"href":"https:\/\/campzilla-shop.com\/de\/wp-json\/wp\/v2\/media\/65716"}],"wp:attachment":[{"href":"https:\/\/campzilla-shop.com\/de\/wp-json\/wp\/v2\/media?parent=65715"}],"wp:term":[{"taxonomy":"product_brand","embeddable":true,"href":"https:\/\/campzilla-shop.com\/de\/wp-json\/wp\/v2\/product_brand?post=65715"},{"taxonomy":"product_cat","embeddable":true,"href":"https:\/\/campzilla-shop.com\/de\/wp-json\/wp\/v2\/product_cat?post=65715"},{"taxonomy":"product_tag","embeddable":true,"href":"https:\/\/campzilla-shop.com\/de\/wp-json\/wp\/v2\/product_tag?post=65715"}],"curies":[{"name":"wp","href":"https:\/\/api.w.org\/{rel}","templated":true}]}}