{"id":65693,"date":"2025-03-26T10:16:20","date_gmt":"2025-03-26T10:16:20","guid":{"rendered":"https:\/\/campzilla-shop.com\/?post_type=product&#038;p=65693"},"modified":"2026-04-27T14:02:22","modified_gmt":"2026-04-27T14:02:22","slug":"sol-organizer-sonnenblende","status":"publish","type":"product","link":"https:\/\/campzilla-shop.com\/de\/shop\/sol-organizer-sonnenblende\/","title":{"rendered":"Sol \u2013 Organizer Sonnenblende, VW Crafter, Fiat Ducato, Mercedes Sprinter, ExMo, Unimog, \u2026"},"content":{"rendered":"<h2><strong>Der praktische Organizer f\u00fcr deine Sonnenblende<\/strong><\/h2>\n<p>Nutze jeden Zentimeter deines Fahrzeugs optimal mit Sol, dem Organizer f\u00fcr die Sonnenblende. Entwickelt f\u00fcr breite Sonnenblenden ab 21 cm, wie sie in Fahrzeugen wie dem Sprinter, Crafter und Grand California zu finden sind, bietet Sol eine durchdachte L\u00f6sung zur Aufbewahrung von Kleinigkeiten, die du immer griffbereit haben m\u00f6chtest.<\/p>\n<h5><strong>Produktmerkmale:<\/strong><\/h5>\n<ul>\n<li><strong>Viel Stauraum<\/strong>: Sol bietet auf beiden Seiten deiner Sonnenblende praktischen Stauraum. Auf der unteren Seite findest du ein Rei\u00dfverschlussfach, ideal f\u00fcr Brillen, Kosmetikartikel oder andere kleine Gegenst\u00e4nde.<\/li>\n<li><strong>Zwei verschlie\u00dfbare Taschen<\/strong>: Auf der gegen\u00fcberliegenden Seite sind zwei sichere Taschen, die Platz f\u00fcr Schl\u00fcssel, Stifte, Ladeger\u00e4te und mehr bieten.<\/li>\n<li><strong>Platzsparend und funktional<\/strong>: Der Organizer hilft dir, den ansonsten ungenutzten Raum auf deiner Sonnenblende sinnvoll zu nutzen \u2013 kein Platz geht verloren!<\/li>\n<li><strong>Perfekte Passform<\/strong>: Sol passt f\u00fcr alle Sonnenblenden ab einer Breite von 21 cm, perfekt geeignet f\u00fcr Fahrzeuge wie Crafter, Sprinter und viele mehr.<\/li>\n<\/ul>\n<p><strong>Ma\u00dfe:<\/strong> 36 cm x 21 cm (die Sonnenblende darf auch breiter sein).<\/p>\n<p><strong>Fazit:<\/strong> Der Sol Sonnenblenden-Organizer ist die ideale L\u00f6sung, um dein Fahrzeug ordentlich und gut organisiert zu halten. Hol dir mehr Stauraum und behalte alles Wichtige in Reichweite \u2013 perfekt f\u00fcr lange Fahrten und den t\u00e4glichen Gebrauch!<\/p>\n<p><strong>Aktuell verf\u00fcgbar in der Farbe schwarz!<\/strong><\/p>\n","protected":false},"excerpt":{"rendered":"<p>Der Sol Organizer f\u00fcr die Sonneblende ist die ideale L\u00f6sung, um dein Fahrzeug ordentlich und gut organisiert zu halten.<\/p>\n<p>Hol dir mehr Stauraum und behalte alles Wichtige in Reichweite \u2013 perfekt f\u00fcr lange Fahrten und den t\u00e4glichen Gebrauch!<\/p>\n<p>Passend f\u00fcr gro\u00dfen Sonneblenden wie zB bei Mercedes Sprinter, Vario, Fiat Ducato, VW Crafter, Gran California, Unimog, ExMo, &#8230;<\/p>\n","protected":false},"featured_media":65700,"template":"","meta":{"site-sidebar-layout":"default","site-content-layout":"","ast-site-content-layout":"default","site-content-style":"default","site-sidebar-style":"default","ast-global-header-display":"","ast-banner-title-visibility":"","ast-main-header-display":"","ast-hfb-above-header-display":"","ast-hfb-below-header-display":"","ast-hfb-mobile-header-display":"","site-post-title":"","ast-breadcrumbs-content":"","ast-featured-img":"","footer-sml-layout":"","ast-disable-related-posts":"","theme-transparent-header-meta":"default","adv-header-id-meta":"","stick-header-meta":"","header-above-stick-meta":"","header-main-stick-meta":"","header-below-stick-meta":"","astra-migrate-meta-layouts":"set","ast-page-background-enabled":"default","ast-page-background-meta":{"desktop":{"background-color":"","background-image":"","background-repeat":"repeat","background-position":"center center","background-size":"auto","background-attachment":"scroll","background-type":"","background-media":"","overlay-type":"","overlay-color":"","overlay-opacity":"","overlay-gradient":""},"tablet":{"background-color":"","background-image":"","background-repeat":"repeat","background-position":"center center","background-size":"auto","background-attachment":"scroll","background-type":"","background-media":"","overlay-type":"","overlay-color":"","overlay-opacity":"","overlay-gradient":""},"mobile":{"background-color":"","background-image":"","background-repeat":"repeat","background-position":"center center","background-size":"auto","background-attachment":"scroll","background-type":"","background-media":"","overlay-type":"","overlay-color":"","overlay-opacity":"","overlay-gradient":""}},"ast-content-background-meta":{"desktop":{"background-color":"var(--ast-global-color-5)","background-image":"","background-repeat":"repeat","background-position":"center center","background-size":"auto","background-attachment":"scroll","background-type":"","background-media":"","overlay-type":"","overlay-color":"","overlay-opacity":"","overlay-gradient":""},"tablet":{"background-color":"var(--ast-global-color-5)","background-image":"","background-repeat":"repeat","background-position":"center center","background-size":"auto","background-attachment":"scroll","background-type":"","background-media":"","overlay-type":"","overlay-color":"","overlay-opacity":"","overlay-gradient":""},"mobile":{"background-color":"var(--ast-global-color-5)","background-image":"","background-repeat":"repeat","background-position":"center center","background-size":"auto","background-attachment":"scroll","background-type":"","background-media":"","overlay-type":"","overlay-color":"","overlay-opacity":"","overlay-gradient":""}},"iawp_total_views":96},"product_brand":[],"product_cat":[155,156],"product_tag":[],"class_list":{"0":"post-65693","1":"product","2":"type-product","3":"status-publish","4":"has-post-thumbnail","6":"product_cat-fenstertaschen-staumoeglichkeiten","7":"product_cat-volkswagen","8":"product_shipping_class-groesse-s","9":"desktop-align-left","10":"tablet-align-left","11":"mobile-align-left","12":"ast-product-gallery-layout-horizontal-slider","13":"ast-product-tabs-layout-horizontal","15":"first","16":"instock","17":"taxable","18":"shipping-taxable","19":"purchasable","20":"product-type-simple"},"_links":{"self":[{"href":"https:\/\/campzilla-shop.com\/de\/wp-json\/wp\/v2\/product\/65693","targetHints":{"allow":["GET"]}}],"collection":[{"href":"https:\/\/campzilla-shop.com\/de\/wp-json\/wp\/v2\/product"}],"about":[{"href":"https:\/\/campzilla-shop.com\/de\/wp-json\/wp\/v2\/types\/product"}],"wp:featuredmedia":[{"embeddable":true,"href":"https:\/\/campzilla-shop.com\/de\/wp-json\/wp\/v2\/media\/65700"}],"wp:attachment":[{"href":"https:\/\/campzilla-shop.com\/de\/wp-json\/wp\/v2\/media?parent=65693"}],"wp:term":[{"taxonomy":"product_brand","embeddable":true,"href":"https:\/\/campzilla-shop.com\/de\/wp-json\/wp\/v2\/product_brand?post=65693"},{"taxonomy":"product_cat","embeddable":true,"href":"https:\/\/campzilla-shop.com\/de\/wp-json\/wp\/v2\/product_cat?post=65693"},{"taxonomy":"product_tag","embeddable":true,"href":"https:\/\/campzilla-shop.com\/de\/wp-json\/wp\/v2\/product_tag?post=65693"}],"curies":[{"name":"wp","href":"https:\/\/api.w.org\/{rel}","templated":true}]}}