{"id":65679,"date":"2025-03-26T09:49:03","date_gmt":"2025-03-26T09:49:03","guid":{"rendered":"https:\/\/campzilla-shop.com\/?post_type=product&#038;p=65679"},"modified":"2025-08-27T17:43:08","modified_gmt":"2025-08-27T17:43:08","slug":"toolbox-werkzeugtasche-universal","status":"publish","type":"product","link":"https:\/\/campzilla-shop.com\/de\/shop\/toolbox-werkzeugtasche-universal\/","title":{"rendered":"Toolbox \u2013 Werkzeugtasche universal"},"content":{"rendered":"<p><strong>Verstaue dein Notfallreparatureset sicher und kompakt in dieser praktischen Werkzeugtasche.<\/strong><\/p>\n<p>&#8211; Trennf\u00e4cher und Innentaschen sorgen f\u00fcr Ordnung in deinem Werkzeug<br \/>\n&#8211; Praktischer Tragegriff, wenn die Tasche ge\u00f6ffnet ist<br \/>\n&#8211; Robustes, hochwertiges Textilmaterial f\u00fcr lange Haltbarkeit<br \/>\n&#8211; YKK-Rei\u00dfverschluss, selbstreparierend, f\u00fcr eine sichere Verschlie\u00dfung<br \/>\n&#8211; Stabile Ausf\u00fchrung f\u00fcr maximale Strapazierf\u00e4higkeit<br \/>\n&#8211; Innovativer \u00d6ffnungsmechanismus f\u00fcr einfachen Zugang<\/p>\n<p>Ideal, um deine Reparaturwerkzeuge immer griffbereit und gut organisiert zu haben!<\/p>\n","protected":false},"excerpt":{"rendered":"<p>Dank der Toolbox hast du dein Werkzeug gut verstaut und somit schnell zur Hand.<\/p>\n<p><strong>Leergewicht:<\/strong> 300 g<br \/>\n<strong>Abmessungen:<\/strong> B = 13 cm, H = 13 cm, L = 38 cm<\/p>\n","protected":false},"featured_media":65680,"template":"","meta":{"site-sidebar-layout":"default","site-content-layout":"","ast-site-content-layout":"default","site-content-style":"default","site-sidebar-style":"default","ast-global-header-display":"","ast-banner-title-visibility":"","ast-main-header-display":"","ast-hfb-above-header-display":"","ast-hfb-below-header-display":"","ast-hfb-mobile-header-display":"","site-post-title":"","ast-breadcrumbs-content":"","ast-featured-img":"","footer-sml-layout":"","ast-disable-related-posts":"","theme-transparent-header-meta":"default","adv-header-id-meta":"","stick-header-meta":"","header-above-stick-meta":"","header-main-stick-meta":"","header-below-stick-meta":"","astra-migrate-meta-layouts":"set","ast-page-background-enabled":"default","ast-page-background-meta":{"desktop":{"background-color":"","background-image":"","background-repeat":"repeat","background-position":"center center","background-size":"auto","background-attachment":"scroll","background-type":"","background-media":"","overlay-type":"","overlay-color":"","overlay-opacity":"","overlay-gradient":""},"tablet":{"background-color":"","background-image":"","background-repeat":"repeat","background-position":"center center","background-size":"auto","background-attachment":"scroll","background-type":"","background-media":"","overlay-type":"","overlay-color":"","overlay-opacity":"","overlay-gradient":""},"mobile":{"background-color":"","background-image":"","background-repeat":"repeat","background-position":"center center","background-size":"auto","background-attachment":"scroll","background-type":"","background-media":"","overlay-type":"","overlay-color":"","overlay-opacity":"","overlay-gradient":""}},"ast-content-background-meta":{"desktop":{"background-color":"var(--ast-global-color-5)","background-image":"","background-repeat":"repeat","background-position":"center center","background-size":"auto","background-attachment":"scroll","background-type":"","background-media":"","overlay-type":"","overlay-color":"","overlay-opacity":"","overlay-gradient":""},"tablet":{"background-color":"var(--ast-global-color-5)","background-image":"","background-repeat":"repeat","background-position":"center center","background-size":"auto","background-attachment":"scroll","background-type":"","background-media":"","overlay-type":"","overlay-color":"","overlay-opacity":"","overlay-gradient":""},"mobile":{"background-color":"var(--ast-global-color-5)","background-image":"","background-repeat":"repeat","background-position":"center center","background-size":"auto","background-attachment":"scroll","background-type":"","background-media":"","overlay-type":"","overlay-color":"","overlay-opacity":"","overlay-gradient":""}},"iawp_total_views":28},"product_brand":[],"product_cat":[155,255],"product_tag":[],"class_list":{"0":"post-65679","1":"product","2":"type-product","3":"status-publish","4":"has-post-thumbnail","6":"product_cat-fenstertaschen-staumoeglichkeiten","7":"product_cat-technik-van-camper","8":"product_shipping_class-groesse-s","9":"desktop-align-left","10":"tablet-align-left","11":"mobile-align-left","12":"ast-product-gallery-layout-horizontal-slider","13":"ast-product-tabs-layout-horizontal","15":"first","16":"onbackorder","17":"taxable","18":"shipping-taxable","19":"purchasable","20":"product-type-simple"},"_links":{"self":[{"href":"https:\/\/campzilla-shop.com\/de\/wp-json\/wp\/v2\/product\/65679","targetHints":{"allow":["GET"]}}],"collection":[{"href":"https:\/\/campzilla-shop.com\/de\/wp-json\/wp\/v2\/product"}],"about":[{"href":"https:\/\/campzilla-shop.com\/de\/wp-json\/wp\/v2\/types\/product"}],"wp:featuredmedia":[{"embeddable":true,"href":"https:\/\/campzilla-shop.com\/de\/wp-json\/wp\/v2\/media\/65680"}],"wp:attachment":[{"href":"https:\/\/campzilla-shop.com\/de\/wp-json\/wp\/v2\/media?parent=65679"}],"wp:term":[{"taxonomy":"product_brand","embeddable":true,"href":"https:\/\/campzilla-shop.com\/de\/wp-json\/wp\/v2\/product_brand?post=65679"},{"taxonomy":"product_cat","embeddable":true,"href":"https:\/\/campzilla-shop.com\/de\/wp-json\/wp\/v2\/product_cat?post=65679"},{"taxonomy":"product_tag","embeddable":true,"href":"https:\/\/campzilla-shop.com\/de\/wp-json\/wp\/v2\/product_tag?post=65679"}],"curies":[{"name":"wp","href":"https:\/\/api.w.org\/{rel}","templated":true}]}}