{"id":65620,"date":"2025-03-25T10:17:35","date_gmt":"2025-03-25T10:17:35","guid":{"rendered":"https:\/\/campzilla-shop.com\/?post_type=product&#038;p=65620"},"modified":"2025-10-09T07:48:14","modified_gmt":"2025-10-09T07:48:14","slug":"lufta-heckscheibenaufsteller-psa","status":"publish","type":"product","link":"https:\/\/campzilla-shop.com\/de\/shop\/lufta-heckscheibenaufsteller-psa\/","title":{"rendered":"Lufta \u2013 Heckscheibenaufsteller, passend f\u00fcr Vans von PSA, Toyota und Stellantis"},"content":{"rendered":"<h2><strong>Optimale Bel\u00fcftung f\u00fcr deinen Van<\/strong><\/h2>\n<p>Sorge f\u00fcr eine kontinuierliche und effektive Bel\u00fcftung in deinem Fahrzeug mit dem <strong data-start=\"142\" data-end=\"151\">Lufta<\/strong> &#8211; Heckscheibenaufsteller f\u00fcr PSA-Vans. Der <strong data-start=\"170\" data-end=\"179\">Lufta<\/strong> erm\u00f6glicht es dir, die Heckscheibe deines Vans dauerhaft um etwa 7 cm zu \u00f6ffnen \u2013 ideal f\u00fcr eine frische Luftzirkulation, vor allem, wenn du im unteren Bereich des Fahrzeugs schl\u00e4fst.<\/p>\n<p><strong>Und das Beste:<\/strong> Dein Fahrzeug bleibt sicher verschlossen und ein \u00d6ffnen von Au\u00dfen ist nicht m\u00f6glich!<\/p>\n<p>Die Installation des <strong>Lufta<\/strong> &#8211; Heckscheibenaufstellers ist kinderleicht: Du befestigst ihn einfach am Verschlussmechanismus und h\u00e4ltst ihn dank zwei Magneten und der cleveren Form in Position. So bleibt er stabil, w\u00e4hrend du unterwegs bist. Beachte jedoch, dass der Heckscheibenaufsteller w\u00e4hrend der Fahrt entfernt werden muss und die Heckklappe nur langsam geschlossen werden sollte, wenn der Lufta angebracht ist.<\/p>\n<p>Der <strong>Lufta<\/strong> ist aus hochwertigem, pulverbeschichtetem Aluminium gefertigt und in auff\u00e4lligem Orange gehalten. Er passt perfekt f\u00fcr viele Modelle von PSA, Toyota und Stellantis, darunter <strong>Spacetourer<\/strong>, <strong>Traveller<\/strong>, <strong>ProAceCity<\/strong> und viele mehr.<\/p>\n<p><strong>Details<\/strong>:<\/p>\n<ul>\n<li>Material: Pulverbeschichtetes Aluminium<\/li>\n<li>Farbe: Orange<\/li>\n<li>F\u00fcr zahlreiche Vans und Hochdachkombis geeignet<\/li>\n<li>Einfache Montage mit Magneten<\/li>\n<li>Achtung: W\u00e4hrend der Fahrt muss der Lufta entfernt werden<\/li>\n<\/ul>\n<p>Hole dir den <strong>Lufta<\/strong> und verbessere die Bel\u00fcftung in deinem Van \u2013 f\u00fcr mehr Komfort auf Reisen und beim Schlafen!<\/p>\n","protected":false},"excerpt":{"rendered":"<p><strong>Passend f\u00fcr Vans von PSA, Toyota und Stellantis:<\/strong> Spacetourer, Traveller, ProAceCity, Zafira Life, Campster, Vanster, Dethleffs Crosscamp, Fiat Ulysee (ab 2022), &#8230;<\/p>\n<p><strong>Hochdachkombis:<\/strong>\u00a0Citroen Berlingo (ab 2008), Opel Combo Life (ab 2018), Peugeot Partner \/ Partner Tepee (ab 2008), Peugeot Rifter (ab 2018), Toyota Proace City Verso (ab 2020), Fiat Doblo (ab 2022)<\/p>\n","protected":false},"featured_media":65621,"template":"","meta":{"site-sidebar-layout":"default","site-content-layout":"","ast-site-content-layout":"default","site-content-style":"default","site-sidebar-style":"default","ast-global-header-display":"","ast-banner-title-visibility":"","ast-main-header-display":"","ast-hfb-above-header-display":"","ast-hfb-below-header-display":"","ast-hfb-mobile-header-display":"","site-post-title":"","ast-breadcrumbs-content":"","ast-featured-img":"","footer-sml-layout":"","ast-disable-related-posts":"","theme-transparent-header-meta":"default","adv-header-id-meta":"","stick-header-meta":"","header-above-stick-meta":"","header-main-stick-meta":"","header-below-stick-meta":"","astra-migrate-meta-layouts":"set","ast-page-background-enabled":"default","ast-page-background-meta":{"desktop":{"background-color":"","background-image":"","background-repeat":"repeat","background-position":"center center","background-size":"auto","background-attachment":"scroll","background-type":"","background-media":"","overlay-type":"","overlay-color":"","overlay-opacity":"","overlay-gradient":""},"tablet":{"background-color":"","background-image":"","background-repeat":"repeat","background-position":"center center","background-size":"auto","background-attachment":"scroll","background-type":"","background-media":"","overlay-type":"","overlay-color":"","overlay-opacity":"","overlay-gradient":""},"mobile":{"background-color":"","background-image":"","background-repeat":"repeat","background-position":"center center","background-size":"auto","background-attachment":"scroll","background-type":"","background-media":"","overlay-type":"","overlay-color":"","overlay-opacity":"","overlay-gradient":""}},"ast-content-background-meta":{"desktop":{"background-color":"var(--ast-global-color-5)","background-image":"","background-repeat":"repeat","background-position":"center center","background-size":"auto","background-attachment":"scroll","background-type":"","background-media":"","overlay-type":"","overlay-color":"","overlay-opacity":"","overlay-gradient":""},"tablet":{"background-color":"var(--ast-global-color-5)","background-image":"","background-repeat":"repeat","background-position":"center center","background-size":"auto","background-attachment":"scroll","background-type":"","background-media":"","overlay-type":"","overlay-color":"","overlay-opacity":"","overlay-gradient":""},"mobile":{"background-color":"var(--ast-global-color-5)","background-image":"","background-repeat":"repeat","background-position":"center center","background-size":"auto","background-attachment":"scroll","background-type":"","background-media":"","overlay-type":"","overlay-color":"","overlay-opacity":"","overlay-gradient":""}},"iawp_total_views":167},"product_brand":[],"product_cat":[255],"product_tag":[],"class_list":{"0":"post-65620","1":"product","2":"type-product","3":"status-publish","4":"has-post-thumbnail","6":"product_cat-technik-van-camper","7":"product_shipping_class-groesse-s","8":"desktop-align-left","9":"tablet-align-left","10":"mobile-align-left","11":"ast-product-gallery-layout-horizontal-slider","12":"ast-product-gallery-with-no-image","13":"ast-product-tabs-layout-horizontal","15":"first","16":"instock","17":"taxable","18":"shipping-taxable","19":"purchasable","20":"product-type-simple"},"_links":{"self":[{"href":"https:\/\/campzilla-shop.com\/de\/wp-json\/wp\/v2\/product\/65620","targetHints":{"allow":["GET"]}}],"collection":[{"href":"https:\/\/campzilla-shop.com\/de\/wp-json\/wp\/v2\/product"}],"about":[{"href":"https:\/\/campzilla-shop.com\/de\/wp-json\/wp\/v2\/types\/product"}],"wp:featuredmedia":[{"embeddable":true,"href":"https:\/\/campzilla-shop.com\/de\/wp-json\/wp\/v2\/media\/65621"}],"wp:attachment":[{"href":"https:\/\/campzilla-shop.com\/de\/wp-json\/wp\/v2\/media?parent=65620"}],"wp:term":[{"taxonomy":"product_brand","embeddable":true,"href":"https:\/\/campzilla-shop.com\/de\/wp-json\/wp\/v2\/product_brand?post=65620"},{"taxonomy":"product_cat","embeddable":true,"href":"https:\/\/campzilla-shop.com\/de\/wp-json\/wp\/v2\/product_cat?post=65620"},{"taxonomy":"product_tag","embeddable":true,"href":"https:\/\/campzilla-shop.com\/de\/wp-json\/wp\/v2\/product_tag?post=65620"}],"curies":[{"name":"wp","href":"https:\/\/api.w.org\/{rel}","templated":true}]}}