{"id":65137,"date":"2025-03-19T09:50:14","date_gmt":"2025-03-19T09:50:14","guid":{"rendered":"https:\/\/campzilla-shop.com\/?post_type=product&#038;p=65137"},"modified":"2025-08-27T17:43:10","modified_gmt":"2025-08-27T17:43:10","slug":"trobolo-bilabox-trockentrenntoilette","status":"publish","type":"product","link":"https:\/\/campzilla-shop.com\/de\/shop\/trobolo-bilabox-trockentrenntoilette\/","title":{"rendered":"TROBOLO BILABOX \u2013 Trockentrenntoilette ohne Chemie"},"content":{"rendered":"<h2 data-start=\"0\" data-end=\"66\"><strong data-start=\"0\" data-end=\"66\">Die perfekte L\u00f6sung in jedem Van<\/strong><\/h2>\n<p data-start=\"0\" data-end=\"66\">Mit der <strong data-start=\"76\" data-end=\"95\">TROBOLO BILABOX<\/strong> erh\u00e4ltst Du ein praktisches und effizientes Produkt, das Deine mobile Toilette auf ein neues Niveau der Hygiene und Frische hebt. Egal, ob Du mit dem Camper unterwegs bist oder Deine Campingausfl\u00fcge genie\u00dft, die <strong data-start=\"308\" data-end=\"327\">TROBOLO BILABOX<\/strong> ist der ideale Begleiter f\u00fcr Deine Reisen.<\/p>\n<p data-start=\"372\" data-end=\"695\">Die <strong data-start=\"376\" data-end=\"395\">TROBOLO BILABOX<\/strong> ist eine umweltfreundliche, praktische Box, die Dir hilft, unangenehme Ger\u00fcche zu neutralisieren und Deine Toilette stets sauber und frisch zu halten. Sie enth\u00e4lt speziell entwickelte <strong data-start=\"580\" data-end=\"599\">TROBOLO Tablets<\/strong>, die in der Box aufbewahrt werden und bei der Anwendung f\u00fcr eine langanhaltende Frische sorgen.<\/p>\n<h5 data-start=\"697\" data-end=\"734\">Vorteile der <strong data-start=\"714\" data-end=\"733\">TROBOLO BILABOX<\/strong>:<\/h5>\n<ul data-start=\"735\" data-end=\"1203\">\n<li data-start=\"735\" data-end=\"858\"><strong data-start=\"737\" data-end=\"763\">Frische und Sauberkeit<\/strong>: Mit der <strong data-start=\"773\" data-end=\"792\">TROBOLO BILABOX<\/strong> h\u00e4ltst Du Deine mobile Toilette immer geruchsfrei und hygienisch.<\/li>\n<li data-start=\"859\" data-end=\"973\"><strong data-start=\"861\" data-end=\"883\">Einfache Anwendung<\/strong>: Einfach das <strong data-start=\"897\" data-end=\"915\">TROBOLO Tablet<\/strong> in das WC-Fach legen und die nat\u00fcrliche Frische genie\u00dfen.<\/li>\n<li data-start=\"974\" data-end=\"1089\"><strong data-start=\"976\" data-end=\"994\">Kompatibilit\u00e4t<\/strong>: Ideal f\u00fcr Campingtoiletten, Camper und Wohnmobile. Perfekt f\u00fcr unterwegs, aber auch zu Hause.<\/li>\n<li data-start=\"1090\" data-end=\"1203\"><strong data-start=\"1092\" data-end=\"1112\">Umweltfreundlich<\/strong>: Die <strong data-start=\"1118\" data-end=\"1137\">TROBOLO BILABOX<\/strong> und ihre Tablets sind biologisch abbaubar und schonen die Umwelt.<\/li>\n<\/ul>\n<h5 data-start=\"1205\" data-end=\"1258\">Warum Du die <strong data-start=\"1222\" data-end=\"1241\">TROBOLO BILABOX<\/strong> w\u00e4hlen solltest:<\/h5>\n<ul data-start=\"1259\" data-end=\"1671\">\n<li data-start=\"1259\" data-end=\"1379\"><strong data-start=\"1261\" data-end=\"1284\">Komfort und Hygiene<\/strong>: Du kannst Dich darauf verlassen, dass Deine Toilette immer angenehm riecht und sauber bleibt.<\/li>\n<li data-start=\"1380\" data-end=\"1520\"><strong data-start=\"1382\" data-end=\"1412\">Platzsparend und praktisch<\/strong>: Die <strong data-start=\"1418\" data-end=\"1437\">TROBOLO BILABOX<\/strong> ist handlich und l\u00e4sst sich problemlos in Deinem Camper oder auf Reisen verstauen.<\/li>\n<li data-start=\"1521\" data-end=\"1671\"><strong data-start=\"1523\" data-end=\"1547\">Langfristige Wirkung<\/strong>: Die <strong data-start=\"1553\" data-end=\"1572\">TROBOLO Tablets<\/strong> wirken lange und neutralisieren Ger\u00fcche zuverl\u00e4ssig, sodass Du mehr Zeit f\u00fcr Deine Abenteuer hast.<\/li>\n<\/ul>\n<p data-start=\"1673\" data-end=\"1854\">Vertraue auf die Qualit\u00e4t von <strong data-start=\"1703\" data-end=\"1714\">TROBOLO<\/strong> und sorge f\u00fcr eine saubere, frische Toilette, wann immer Du sie brauchst. Hol Dir jetzt die <strong data-start=\"1807\" data-end=\"1826\">TROBOLO BILABOX<\/strong> und erlebe den Unterschied!<\/p>\n","protected":false},"excerpt":{"rendered":"<p>Die <strong>TROBOLO BILABOX<\/strong> ist die ideale L\u00f6sung f\u00fcr alle, die in ihrem Van keine festinstallierte Toilette haben. Kompakt, praktisch und effektiv sorgt diese Box daf\u00fcr, dass Du auch unterwegs eine geruchsfreie und hygienische L\u00f6sung hast. Perfekt f\u00fcr Camper, Van-Liebhaber und alle, die viel unterwegs sind!<\/p>\n","protected":false},"featured_media":59152,"template":"","meta":{"site-sidebar-layout":"default","site-content-layout":"","ast-site-content-layout":"default","site-content-style":"default","site-sidebar-style":"default","ast-global-header-display":"","ast-banner-title-visibility":"","ast-main-header-display":"","ast-hfb-above-header-display":"","ast-hfb-below-header-display":"","ast-hfb-mobile-header-display":"","site-post-title":"","ast-breadcrumbs-content":"","ast-featured-img":"","footer-sml-layout":"","ast-disable-related-posts":"","theme-transparent-header-meta":"default","adv-header-id-meta":"","stick-header-meta":"","header-above-stick-meta":"","header-main-stick-meta":"","header-below-stick-meta":"","astra-migrate-meta-layouts":"set","ast-page-background-enabled":"default","ast-page-background-meta":{"desktop":{"background-color":"","background-image":"","background-repeat":"repeat","background-position":"center center","background-size":"auto","background-attachment":"scroll","background-type":"","background-media":"","overlay-type":"","overlay-color":"","overlay-opacity":"","overlay-gradient":""},"tablet":{"background-color":"","background-image":"","background-repeat":"repeat","background-position":"center center","background-size":"auto","background-attachment":"scroll","background-type":"","background-media":"","overlay-type":"","overlay-color":"","overlay-opacity":"","overlay-gradient":""},"mobile":{"background-color":"","background-image":"","background-repeat":"repeat","background-position":"center center","background-size":"auto","background-attachment":"scroll","background-type":"","background-media":"","overlay-type":"","overlay-color":"","overlay-opacity":"","overlay-gradient":""}},"ast-content-background-meta":{"desktop":{"background-color":"var(--ast-global-color-5)","background-image":"","background-repeat":"repeat","background-position":"center center","background-size":"auto","background-attachment":"scroll","background-type":"","background-media":"","overlay-type":"","overlay-color":"","overlay-opacity":"","overlay-gradient":""},"tablet":{"background-color":"var(--ast-global-color-5)","background-image":"","background-repeat":"repeat","background-position":"center center","background-size":"auto","background-attachment":"scroll","background-type":"","background-media":"","overlay-type":"","overlay-color":"","overlay-opacity":"","overlay-gradient":""},"mobile":{"background-color":"var(--ast-global-color-5)","background-image":"","background-repeat":"repeat","background-position":"center center","background-size":"auto","background-attachment":"scroll","background-type":"","background-media":"","overlay-type":"","overlay-color":"","overlay-opacity":"","overlay-gradient":""}},"iawp_total_views":27},"product_brand":[],"product_cat":[252],"product_tag":[],"class_list":{"0":"post-65137","1":"product","2":"type-product","3":"status-publish","4":"has-post-thumbnail","6":"product_cat-wasser-sanitaer","7":"product_shipping_class-groesse-s","8":"desktop-align-left","9":"tablet-align-left","10":"mobile-align-left","11":"ast-product-gallery-layout-horizontal-slider","12":"ast-product-tabs-layout-horizontal","14":"first","15":"onbackorder","16":"taxable","17":"shipping-taxable","18":"purchasable","19":"product-type-simple"},"_links":{"self":[{"href":"https:\/\/campzilla-shop.com\/de\/wp-json\/wp\/v2\/product\/65137","targetHints":{"allow":["GET"]}}],"collection":[{"href":"https:\/\/campzilla-shop.com\/de\/wp-json\/wp\/v2\/product"}],"about":[{"href":"https:\/\/campzilla-shop.com\/de\/wp-json\/wp\/v2\/types\/product"}],"wp:featuredmedia":[{"embeddable":true,"href":"https:\/\/campzilla-shop.com\/de\/wp-json\/wp\/v2\/media\/59152"}],"wp:attachment":[{"href":"https:\/\/campzilla-shop.com\/de\/wp-json\/wp\/v2\/media?parent=65137"}],"wp:term":[{"taxonomy":"product_brand","embeddable":true,"href":"https:\/\/campzilla-shop.com\/de\/wp-json\/wp\/v2\/product_brand?post=65137"},{"taxonomy":"product_cat","embeddable":true,"href":"https:\/\/campzilla-shop.com\/de\/wp-json\/wp\/v2\/product_cat?post=65137"},{"taxonomy":"product_tag","embeddable":true,"href":"https:\/\/campzilla-shop.com\/de\/wp-json\/wp\/v2\/product_tag?post=65137"}],"curies":[{"name":"wp","href":"https:\/\/api.w.org\/{rel}","templated":true}]}}