{"id":65019,"date":"2025-03-12T08:42:12","date_gmt":"2025-03-12T08:42:12","guid":{"rendered":"https:\/\/campzilla-shop.com\/?post_type=product&#038;p=65019"},"modified":"2025-08-29T09:21:42","modified_gmt":"2025-08-29T09:21:42","slug":"heckzelt-krossbu-mini-citroen-berlingo-peugeot-rifter-toyota-proace-city-vw-caddy-oder-opel-combo","status":"publish","type":"product","link":"https:\/\/campzilla-shop.com\/de\/shop\/heckzelt-krossbu-mini-citroen-berlingo-peugeot-rifter-toyota-proace-city-vw-caddy-oder-opel-combo\/","title":{"rendered":"Heckzelt Krossbu mini, Citro\u00ebn Berlingo, Peugeot Rifter, Toyota Proace City, VW Caddy oder Opel Combo"},"content":{"rendered":"<h2 class=\"western\"><strong>Dein praktisches Heckzelt f\u00fcr den Minivan<\/strong><\/h2>\n<p>Du bist gerne unterwegs und m\u00f6chtest mehr Flexibilit\u00e4t und Komfort f\u00fcr deine Camping-Ausfl\u00fcge? Dann ist das Heckzelt Krossbu mini genau das Richtige f\u00fcr dich! Es wurde speziell f\u00fcr Minivans wie den Citro\u00ebn Berlingo, Peugeot Rifter, Toyota Proace City, VW Caddy oder Opel Combo entwickelt und bietet dir zus\u00e4tzlichen Raum f\u00fcr alle Outdoor-Aktivit\u00e4ten. Egal, ob du im Urlaub, auf einem Wochenendausflug oder einfach auf einer kurzen Pause unterwegs bist \u2013 das Krossbu Mini verwandelt deinen Minivan in eine mobile Wohlf\u00fchloase.<\/p>\n<p><strong>Viel Platz f\u00fcr deine Abenteuer<\/strong><br \/>\nDas Heckzelt Krossbu Mini bietet dir gro\u00dfz\u00fcgigen Platz und schafft zus\u00e4tzlichen Raum direkt an deinem Minivan. Du kannst es als gem\u00fctlichen Aufenthaltsbereich nutzen, um Mahlzeiten zu genie\u00dfen, dich umzuziehen oder bei Regenwetter drau\u00dfen zu bleiben, ohne den Komfort zu verlieren.<\/p>\n<p><strong>Robust und wetterfest<\/strong><br \/>\nDas Heckzelt besteht aus hochwertigem, wasserdichtem Material mit einer Wassers\u00e4ule von 3000 mm und sch\u00fctzt dich so zuverl\u00e4ssig vor Regen. Das stabile Stahlgest\u00e4nge sorgt f\u00fcr sicheren Halt, auch bei windigem Wetter. Die Bel\u00fcftungsschlitze und aufrollbaren Fenster-Vorh\u00e4nge gew\u00e4hrleisten eine gute Luftzirkulation und Privatsph\u00e4re.<\/p>\n<p><strong>Praktisch und leicht zu transportieren<\/strong><br \/>\nDas Krossbu Mini l\u00e4sst sich dank seines kompakten Packma\u00dfes von 70 x 13 cm und einem Gewicht von nur 2,9 kg leicht verstauen und transportieren. So hast du immer genug Platz f\u00fcr andere Ausr\u00fcstungsgegenst\u00e4nde.<\/p>\n<p><strong>Technische Details<\/strong><br \/>\n<strong>\u00dcberzelt:<\/strong> WeatherGuard 3000, 185T Polyester, PU-beschichtet, Flammhemmend<br \/>\n<strong>N\u00e4hte:<\/strong> alle N\u00e4hte abgedichtet<br \/>\n<strong>Wassers\u00e4ule<\/strong>: 3000 mm<br \/>\n<strong>Art des Aufbaus:<\/strong> In einem Zug, bleitb nicht alleine stehen<br \/>\n<strong>Anbauh\u00f6he:<\/strong> 175 &#8211; 190 cm<br \/>\n<strong>Gest\u00e4nge:<\/strong> Stahl, 16 mm<br \/>\n<strong>Farbe:<\/strong> Grau<br \/>\n<strong>Material:<\/strong> \u00dcberzelt: 100% Polyester, Mesh-Gewebe: 100% Polyester<br \/>\n<strong>Packma\u00df:<\/strong> 70 x 13 cm<br \/>\n<strong>Gewicht:<\/strong> 2,9 kg<\/p>\n<p>Erweitere dein Minivan-Camping-Erlebnis mit dem Easy Camp Krossbu Mini und genie\u00dfe mehr Komfort und Flexibilit\u00e4t bei deinen Abenteuern in der Natur!<\/p>\n","protected":false},"excerpt":{"rendered":"<p data-start=\"494\" data-end=\"509\"><strong data-start=\"494\" data-end=\"507\">Merkmale:<\/strong><\/p>\n<ul data-start=\"510\" data-end=\"750\">\n<li data-start=\"510\" data-end=\"590\">Passend f\u00fcr Fahrzeuge mit Heckklappe (z.B. Citro\u00ebn Berlingo, Peugeot Rifter, VW Caddy, Opel Combo)<\/li>\n<li data-start=\"591\" data-end=\"633\">Stabiles Stahlgest\u00e4nge f\u00fcr ein Vordach<\/li>\n<li data-start=\"634\" data-end=\"702\">Inklusive verdeckter Bel\u00fcftung und aufrollbarer Fenster-Vorh\u00e4nge<\/li>\n<li data-start=\"703\" data-end=\"750\">Wasserdicht mit einer Wassers\u00e4ule von 3000 mm<\/li>\n<li data-start=\"703\" data-end=\"750\">Anbauh\u00f6he 175 &#8211; 190cm<\/li>\n<\/ul>\n<p data-start=\"752\" data-end=\"930\"><strong data-start=\"752\" data-end=\"774\">Robust und leicht:<\/strong><br data-start=\"774\" data-end=\"777\" \/>Dank des stabilen Materials und des praktischen Packma\u00dfes (70 x 13 cm, 2,9 kg) ist das Krossbu Mini sowohl langlebig als auch einfach zu transportieren.<\/p>\n","protected":false},"featured_media":65029,"template":"","meta":{"site-sidebar-layout":"default","site-content-layout":"","ast-site-content-layout":"default","site-content-style":"default","site-sidebar-style":"default","ast-global-header-display":"","ast-banner-title-visibility":"","ast-main-header-display":"","ast-hfb-above-header-display":"","ast-hfb-below-header-display":"","ast-hfb-mobile-header-display":"","site-post-title":"","ast-breadcrumbs-content":"","ast-featured-img":"","footer-sml-layout":"","ast-disable-related-posts":"","theme-transparent-header-meta":"default","adv-header-id-meta":"","stick-header-meta":"","header-above-stick-meta":"","header-main-stick-meta":"","header-below-stick-meta":"","astra-migrate-meta-layouts":"set","ast-page-background-enabled":"default","ast-page-background-meta":{"desktop":{"background-color":"","background-image":"","background-repeat":"repeat","background-position":"center center","background-size":"auto","background-attachment":"scroll","background-type":"","background-media":"","overlay-type":"","overlay-color":"","overlay-opacity":"","overlay-gradient":""},"tablet":{"background-color":"","background-image":"","background-repeat":"repeat","background-position":"center center","background-size":"auto","background-attachment":"scroll","background-type":"","background-media":"","overlay-type":"","overlay-color":"","overlay-opacity":"","overlay-gradient":""},"mobile":{"background-color":"","background-image":"","background-repeat":"repeat","background-position":"center center","background-size":"auto","background-attachment":"scroll","background-type":"","background-media":"","overlay-type":"","overlay-color":"","overlay-opacity":"","overlay-gradient":""}},"ast-content-background-meta":{"desktop":{"background-color":"var(--ast-global-color-5)","background-image":"","background-repeat":"repeat","background-position":"center center","background-size":"auto","background-attachment":"scroll","background-type":"","background-media":"","overlay-type":"","overlay-color":"","overlay-opacity":"","overlay-gradient":""},"tablet":{"background-color":"var(--ast-global-color-5)","background-image":"","background-repeat":"repeat","background-position":"center center","background-size":"auto","background-attachment":"scroll","background-type":"","background-media":"","overlay-type":"","overlay-color":"","overlay-opacity":"","overlay-gradient":""},"mobile":{"background-color":"var(--ast-global-color-5)","background-image":"","background-repeat":"repeat","background-position":"center center","background-size":"auto","background-attachment":"scroll","background-type":"","background-media":"","overlay-type":"","overlay-color":"","overlay-opacity":"","overlay-gradient":""}},"iawp_total_views":155},"product_brand":[],"product_cat":[429],"product_tag":[],"class_list":{"0":"post-65019","1":"product","2":"type-product","3":"status-publish","4":"has-post-thumbnail","6":"product_cat-heckzelte","7":"product_shipping_class-groesse-s","8":"desktop-align-left","9":"tablet-align-left","10":"mobile-align-left","11":"ast-product-gallery-layout-horizontal-slider","12":"ast-product-tabs-layout-horizontal","14":"first","15":"outofstock","16":"sale","17":"taxable","18":"shipping-taxable","19":"purchasable","20":"product-type-simple"},"_links":{"self":[{"href":"https:\/\/campzilla-shop.com\/de\/wp-json\/wp\/v2\/product\/65019","targetHints":{"allow":["GET"]}}],"collection":[{"href":"https:\/\/campzilla-shop.com\/de\/wp-json\/wp\/v2\/product"}],"about":[{"href":"https:\/\/campzilla-shop.com\/de\/wp-json\/wp\/v2\/types\/product"}],"wp:featuredmedia":[{"embeddable":true,"href":"https:\/\/campzilla-shop.com\/de\/wp-json\/wp\/v2\/media\/65029"}],"wp:attachment":[{"href":"https:\/\/campzilla-shop.com\/de\/wp-json\/wp\/v2\/media?parent=65019"}],"wp:term":[{"taxonomy":"product_brand","embeddable":true,"href":"https:\/\/campzilla-shop.com\/de\/wp-json\/wp\/v2\/product_brand?post=65019"},{"taxonomy":"product_cat","embeddable":true,"href":"https:\/\/campzilla-shop.com\/de\/wp-json\/wp\/v2\/product_cat?post=65019"},{"taxonomy":"product_tag","embeddable":true,"href":"https:\/\/campzilla-shop.com\/de\/wp-json\/wp\/v2\/product_tag?post=65019"}],"curies":[{"name":"wp","href":"https:\/\/api.w.org\/{rel}","templated":true}]}}