{"id":64721,"date":"2025-03-01T09:36:45","date_gmt":"2025-03-01T09:36:45","guid":{"rendered":"https:\/\/campzilla-shop.com\/?post_type=product&#038;p=64721"},"modified":"2025-09-01T06:19:20","modified_gmt":"2025-09-01T06:19:20","slug":"vorhang-set-ford-transit-custom-v710","status":"publish","type":"product","link":"https:\/\/campzilla-shop.com\/de\/shop\/vorhang-set-ford-transit-custom-v710\/","title":{"rendered":"Vorhang-Set Ford Transit Custom V710, 5-teilig, ab Baujahr 2024"},"content":{"rendered":"<h2>Jederzeit die perfekte Verdunklung<\/h2>\n<p>Gestalte deinen Ford Transit Custom V710 (ab Baujahr 2024) zu einem gem\u00fctlichen und privaten R\u00fcckzugsort mit unserem ma\u00dfgeschneiderten Vorhang-Set. Dieses Set ist perfekt f\u00fcr Modelle ohneoriginaler Innenverkleidung und passt sowohl beim kurzen als auch beim langen Radstand. Es bietet dir idealen Sichtschutz, sorgt f\u00fcr Verdunklung und schafft eine angenehme Atmosph\u00e4re \u2013 ganz gleich, ob du unterwegs bist oder beim Camping entspannen m\u00f6chtest.<\/p>\n<p><strong>Die Vorteile des Vorhang-Sets f\u00fcr deinen Ford Transit Custom V710:<\/strong><\/p>\n<ul>\n<li><strong>Ma\u00dfgeschneiderte Passform<\/strong>: Das Vorhang-Set wurde speziell f\u00fcr den Ford Transit Custom V710 (ab Baujahr 2024) ohne originaler Innenverkleidung entwickelt. Es passt sowohl f\u00fcr den kurzen als auch f\u00fcr den langen Radstand perfekt.<\/li>\n<li><strong>Privatsph\u00e4re und Verdunklung<\/strong>: Die lichtundurchl\u00e4ssigen Vorh\u00e4nge bieten dir jederzeit die perfekte Verdunklung und sch\u00fctzen dich vor neugierigen Blicken, sodass du immer deine Privatsph\u00e4re genie\u00dfen kannst \u2013 egal, ob tags\u00fcber oder nachts.<\/li>\n<li><strong>Einfache Installation<\/strong>: Die Montage der Vorh\u00e4nge ist schnell und unkompliziert \u2013 ohne dass du die originale Innenverkleidung entfernen musst. So kannst du sofort von mehr Komfort und Privatsph\u00e4re profitieren.<\/li>\n<li><strong>Robuste Materialien<\/strong>: Die Vorh\u00e4nge bestehen aus strapazierf\u00e4higem und pflegeleichtem Stoff, der deinen Innenraum nicht nur vor Licht sch\u00fctzt, sondern auch f\u00fcr eine angenehme Temperatur sorgt, indem er vor zu viel Hitze oder K\u00e4lte sch\u00fctzt.<\/li>\n<li><strong>Vielseitig einsetzbar<\/strong>: Ideal f\u00fcr den t\u00e4glichen Gebrauch, l\u00e4ngere Reisen oder entspannte Campingausfl\u00fcge. Die Vorh\u00e4nge bieten dir immer den Komfort, den du dir w\u00fcnschst, und tragen zu einer gem\u00fctlichen Atmosph\u00e4re bei.<\/li>\n<\/ul>\n<p><strong><span style=\"color: #ff0000;\">ACHTUNG:\u00a0<\/span><\/strong>Die Produktbilder sind Beispielbilder und zeigen nicht immer das genaue Fahrzeug. Achte bei der Bestellung darauf, dass der richtige Radstand ausgew\u00e4hlt wurde und das dein Auto eine\u00a0<strong>HECKKLAPPE<\/strong>\u00a0haben muss und\u00a0<strong data-start=\"134\" data-end=\"173\">OHNE die originale Innenverkleidung<\/strong>\u00a0ist!<\/p>\n","protected":false},"excerpt":{"rendered":"<p><strong>Produktdetails:<\/strong><\/p>\n<ul>\n<li>passend f\u00fcr Ford Transit Custom V710 ab Baujahr 2024<\/li>\n<li>f\u00fcr Modelle <strong>ohne<\/strong> originaler Innenverkleidung<\/li>\n<li>f\u00fcr die Ausf\u00fchrung mit <strong>HECKKLAPPE<\/strong><\/li>\n<li>f\u00fcr kurzen oder langen Radstand<\/li>\n<li>Llnglebige, lichtundurchl\u00e4ssige Vorh\u00e4nge<\/li>\n<li>einfache Installation ohne Entfernen der Innenverkleidung<\/li>\n<li>bietet mehr Privatsph\u00e4re und Verdunklung<\/li>\n<\/ul>\n","protected":false},"featured_media":59668,"template":"","meta":{"site-sidebar-layout":"default","site-content-layout":"","ast-site-content-layout":"default","site-content-style":"default","site-sidebar-style":"default","ast-global-header-display":"","ast-banner-title-visibility":"","ast-main-header-display":"","ast-hfb-above-header-display":"","ast-hfb-below-header-display":"","ast-hfb-mobile-header-display":"","site-post-title":"","ast-breadcrumbs-content":"","ast-featured-img":"","footer-sml-layout":"","ast-disable-related-posts":"","theme-transparent-header-meta":"default","adv-header-id-meta":"","stick-header-meta":"","header-above-stick-meta":"","header-main-stick-meta":"","header-below-stick-meta":"","astra-migrate-meta-layouts":"set","ast-page-background-enabled":"default","ast-page-background-meta":{"desktop":{"background-color":"","background-image":"","background-repeat":"repeat","background-position":"center center","background-size":"auto","background-attachment":"scroll","background-type":"","background-media":"","overlay-type":"","overlay-color":"","overlay-opacity":"","overlay-gradient":""},"tablet":{"background-color":"","background-image":"","background-repeat":"repeat","background-position":"center center","background-size":"auto","background-attachment":"scroll","background-type":"","background-media":"","overlay-type":"","overlay-color":"","overlay-opacity":"","overlay-gradient":""},"mobile":{"background-color":"","background-image":"","background-repeat":"repeat","background-position":"center center","background-size":"auto","background-attachment":"scroll","background-type":"","background-media":"","overlay-type":"","overlay-color":"","overlay-opacity":"","overlay-gradient":""}},"ast-content-background-meta":{"desktop":{"background-color":"var(--ast-global-color-5)","background-image":"","background-repeat":"repeat","background-position":"center center","background-size":"auto","background-attachment":"scroll","background-type":"","background-media":"","overlay-type":"","overlay-color":"","overlay-opacity":"","overlay-gradient":""},"tablet":{"background-color":"var(--ast-global-color-5)","background-image":"","background-repeat":"repeat","background-position":"center center","background-size":"auto","background-attachment":"scroll","background-type":"","background-media":"","overlay-type":"","overlay-color":"","overlay-opacity":"","overlay-gradient":""},"mobile":{"background-color":"var(--ast-global-color-5)","background-image":"","background-repeat":"repeat","background-position":"center center","background-size":"auto","background-attachment":"scroll","background-type":"","background-media":"","overlay-type":"","overlay-color":"","overlay-opacity":"","overlay-gradient":""}},"iawp_total_views":213},"product_brand":[],"product_cat":[342],"product_tag":[],"class_list":{"0":"post-64721","1":"product","2":"type-product","3":"status-publish","4":"has-post-thumbnail","6":"product_cat-vorhaenge","7":"product_shipping_class-groesse-s","8":"desktop-align-left","9":"tablet-align-left","10":"mobile-align-left","11":"ast-product-gallery-layout-horizontal-slider","12":"ast-product-single-variable","13":"ast-product-tabs-layout-horizontal","15":"first","16":"onbackorder","17":"taxable","18":"shipping-taxable","19":"purchasable","20":"product-type-variable"},"_links":{"self":[{"href":"https:\/\/campzilla-shop.com\/de\/wp-json\/wp\/v2\/product\/64721","targetHints":{"allow":["GET"]}}],"collection":[{"href":"https:\/\/campzilla-shop.com\/de\/wp-json\/wp\/v2\/product"}],"about":[{"href":"https:\/\/campzilla-shop.com\/de\/wp-json\/wp\/v2\/types\/product"}],"wp:featuredmedia":[{"embeddable":true,"href":"https:\/\/campzilla-shop.com\/de\/wp-json\/wp\/v2\/media\/59668"}],"wp:attachment":[{"href":"https:\/\/campzilla-shop.com\/de\/wp-json\/wp\/v2\/media?parent=64721"}],"wp:term":[{"taxonomy":"product_brand","embeddable":true,"href":"https:\/\/campzilla-shop.com\/de\/wp-json\/wp\/v2\/product_brand?post=64721"},{"taxonomy":"product_cat","embeddable":true,"href":"https:\/\/campzilla-shop.com\/de\/wp-json\/wp\/v2\/product_cat?post=64721"},{"taxonomy":"product_tag","embeddable":true,"href":"https:\/\/campzilla-shop.com\/de\/wp-json\/wp\/v2\/product_tag?post=64721"}],"curies":[{"name":"wp","href":"https:\/\/api.w.org\/{rel}","templated":true}]}}