{"id":64707,"date":"2025-03-01T09:08:18","date_gmt":"2025-03-01T09:08:18","guid":{"rendered":"https:\/\/campzilla-shop.com\/?post_type=product&#038;p=64707"},"modified":"2025-08-27T17:44:00","modified_gmt":"2025-08-27T17:44:00","slug":"vorhang-set-ford-tourneo-custom-v710","status":"publish","type":"product","link":"https:\/\/campzilla-shop.com\/de\/shop\/vorhang-set-ford-tourneo-custom-v710\/","title":{"rendered":"Vorhang-Set 5-teilig, Ford Tourneo Custom V710 ab Baujahr 2024"},"content":{"rendered":"<h2><strong>Angenehme Atmosph\u00e4re und Privacy<\/strong><\/h2>\n<p>Verwandle deinen Ford Tourneo Custom V710 (ab Baujahr 2024) in eine private Oase mit unserem ma\u00dfgeschneiderten Vorhang-Set. Perfekt f\u00fcr Modelle mit originaler Innenverkleidung und sowohl f\u00fcr den kurzen als auch langen Radstand geeignet, sorgt dieses Set f\u00fcr mehr Privatsph\u00e4re, Verdunklung und eine gem\u00fctliche Atmosph\u00e4re \u2013 egal, ob du unterwegs bist oder beim Camping entspannen m\u00f6chtest.<\/p>\n<h5><strong>Die Vorteile des Vorhang-Sets f\u00fcr deinen Ford Tourneo Custom V710:<\/strong><\/h5>\n<ul>\n<li><strong>Perfekte Passform<\/strong>: Das Vorhang-Set wurde speziell f\u00fcr den Ford Tourneo Custom V710 (ab Baujahr 2024) mit originaler Innenverkleidung entwickelt. Egal, ob du die kurze oder lange Radstand-Variante hast \u2013 die Vorh\u00e4nge passen sich perfekt an.<\/li>\n<li><strong>Mehr Privatsph\u00e4re und Verdunklung<\/strong>: Die lichtundurchl\u00e4ssigen Vorh\u00e4nge bieten dir sowohl tags\u00fcber als auch nachts die perfekte Verdunklung und sch\u00fctzen dich vor neugierigen Blicken. Genie\u00dfe deine Privatsph\u00e4re, wo immer du bist.<\/li>\n<li><strong>Einfache Montage<\/strong>: Die Vorh\u00e4nge lassen sich schnell und problemlos anbringen, ohne dass du die Innenverkleidung deines Fahrzeugs entfernen musst. Du kannst sofort die Vorteile eines privaten, komfortablen Innenraums genie\u00dfen.<\/li>\n<li><strong>Hochwertige Materialien<\/strong>: Die Vorh\u00e4nge bestehen aus strapazierf\u00e4higem, pflegeleichtem Stoff, der nicht nur vor Licht sch\u00fctzt, sondern auch den Innenraum deines Fahrzeugs vor zu viel Hitze oder K\u00e4lte bewahrt.<\/li>\n<li><strong>Vielseitig einsetzbar<\/strong>: Perfekt f\u00fcr den t\u00e4glichen Gebrauch, l\u00e4ngere Reisen oder einen entspannten Campingurlaub. Die Vorh\u00e4nge schaffen eine angenehme Atmosph\u00e4re und bieten den Komfort, den du dir w\u00fcnschst.<\/li>\n<\/ul>\n<p><span style=\"color: #ff0000;\"><strong>ACHTUNG:<\/strong>\u00a0<\/span>Die Produktbilder sind Beispielbilder und zeigen nicht immer das genaue Fahrzeug. Achte bei der Bestellung darauf, dass der richtige Radstand ausgew\u00e4hlt wurde und das dein Auto eine\u00a0<strong>HECKKLAPPE<\/strong> haben muss und MIT<strong data-start=\"134\" data-end=\"173\"> der originalen Innenverkleidung<\/strong> ist!<\/p>\n<p><strong><span style=\"color: #ff0000;\">NICHT geeignet f\u00fcr ausgebaute Modelle wie Nugget, Copa, Panama, &#8230;<\/span><\/strong><\/p>\n<p>Hol dir das Vorhang-Set f\u00fcr deinen Ford Tourneo Custom V710 und genie\u00dfe unterwegs jederzeit den Komfort und die Privatsph\u00e4re, die du dir w\u00fcnschst!<\/p>\n","protected":false},"excerpt":{"rendered":"<p><strong>Produktdetails:<\/strong><\/p>\n<ul>\n<li>passend f\u00fcr Ford Tourneo Custom V710 ab Baujahr 2024<\/li>\n<li>f\u00fcr Modelle mit originaler Innenverkleidung<\/li>\n<li>f\u00fcr kurzen oder langen Radstand<\/li>\n<li>langlebige, lichtundurchl\u00e4ssige Vorh\u00e4nge<\/li>\n<li>einfache Installation ohne Entfernen der Innenverkleidung, ein wenig handwerkliches Geschick wird vorausgesetzt<\/li>\n<li>bietet mehr Privatsph\u00e4re und Verdunklung<\/li>\n<\/ul>\n<p><strong>ACHTUNG:<\/strong>\u00a0Die Produktbilder sind Beispielbilder und zeigen nicht immer das genaue Fahrzeug. Achte bei der Bestellung darauf, dass der richtige Radstand ausgew\u00e4hlt wurde und das dein Auto eine\u00a0<strong>HECKKLAPPE<\/strong>\u00a0haben muss und\u00a0<strong data-start=\"134\" data-end=\"173\">OHNE die originale Innenverkleidung<\/strong>\u00a0ist!<\/p>\n","protected":false},"featured_media":61986,"template":"","meta":{"site-sidebar-layout":"default","site-content-layout":"","ast-site-content-layout":"default","site-content-style":"default","site-sidebar-style":"default","ast-global-header-display":"","ast-banner-title-visibility":"","ast-main-header-display":"","ast-hfb-above-header-display":"","ast-hfb-below-header-display":"","ast-hfb-mobile-header-display":"","site-post-title":"","ast-breadcrumbs-content":"","ast-featured-img":"","footer-sml-layout":"","ast-disable-related-posts":"","theme-transparent-header-meta":"default","adv-header-id-meta":"","stick-header-meta":"","header-above-stick-meta":"","header-main-stick-meta":"","header-below-stick-meta":"","astra-migrate-meta-layouts":"set","ast-page-background-enabled":"default","ast-page-background-meta":{"desktop":{"background-color":"","background-image":"","background-repeat":"repeat","background-position":"center center","background-size":"auto","background-attachment":"scroll","background-type":"","background-media":"","overlay-type":"","overlay-color":"","overlay-opacity":"","overlay-gradient":""},"tablet":{"background-color":"","background-image":"","background-repeat":"repeat","background-position":"center center","background-size":"auto","background-attachment":"scroll","background-type":"","background-media":"","overlay-type":"","overlay-color":"","overlay-opacity":"","overlay-gradient":""},"mobile":{"background-color":"","background-image":"","background-repeat":"repeat","background-position":"center center","background-size":"auto","background-attachment":"scroll","background-type":"","background-media":"","overlay-type":"","overlay-color":"","overlay-opacity":"","overlay-gradient":""}},"ast-content-background-meta":{"desktop":{"background-color":"var(--ast-global-color-5)","background-image":"","background-repeat":"repeat","background-position":"center center","background-size":"auto","background-attachment":"scroll","background-type":"","background-media":"","overlay-type":"","overlay-color":"","overlay-opacity":"","overlay-gradient":""},"tablet":{"background-color":"var(--ast-global-color-5)","background-image":"","background-repeat":"repeat","background-position":"center center","background-size":"auto","background-attachment":"scroll","background-type":"","background-media":"","overlay-type":"","overlay-color":"","overlay-opacity":"","overlay-gradient":""},"mobile":{"background-color":"var(--ast-global-color-5)","background-image":"","background-repeat":"repeat","background-position":"center center","background-size":"auto","background-attachment":"scroll","background-type":"","background-media":"","overlay-type":"","overlay-color":"","overlay-opacity":"","overlay-gradient":""}},"iawp_total_views":107},"product_brand":[],"product_cat":[342],"product_tag":[],"class_list":{"0":"post-64707","1":"product","2":"type-product","3":"status-publish","4":"has-post-thumbnail","6":"product_cat-vorhaenge","7":"product_shipping_class-groesse-s","8":"desktop-align-left","9":"tablet-align-left","10":"mobile-align-left","11":"ast-product-gallery-layout-horizontal-slider","12":"ast-product-single-variable","13":"ast-product-tabs-layout-horizontal","15":"first","16":"onbackorder","17":"taxable","18":"shipping-taxable","19":"purchasable","20":"product-type-variable"},"_links":{"self":[{"href":"https:\/\/campzilla-shop.com\/de\/wp-json\/wp\/v2\/product\/64707","targetHints":{"allow":["GET"]}}],"collection":[{"href":"https:\/\/campzilla-shop.com\/de\/wp-json\/wp\/v2\/product"}],"about":[{"href":"https:\/\/campzilla-shop.com\/de\/wp-json\/wp\/v2\/types\/product"}],"wp:featuredmedia":[{"embeddable":true,"href":"https:\/\/campzilla-shop.com\/de\/wp-json\/wp\/v2\/media\/61986"}],"wp:attachment":[{"href":"https:\/\/campzilla-shop.com\/de\/wp-json\/wp\/v2\/media?parent=64707"}],"wp:term":[{"taxonomy":"product_brand","embeddable":true,"href":"https:\/\/campzilla-shop.com\/de\/wp-json\/wp\/v2\/product_brand?post=64707"},{"taxonomy":"product_cat","embeddable":true,"href":"https:\/\/campzilla-shop.com\/de\/wp-json\/wp\/v2\/product_cat?post=64707"},{"taxonomy":"product_tag","embeddable":true,"href":"https:\/\/campzilla-shop.com\/de\/wp-json\/wp\/v2\/product_tag?post=64707"}],"curies":[{"name":"wp","href":"https:\/\/api.w.org\/{rel}","templated":true}]}}