{"id":64695,"date":"2025-03-01T08:43:17","date_gmt":"2025-03-01T08:43:17","guid":{"rendered":"https:\/\/campzilla-shop.com\/?post_type=product&#038;p=64695"},"modified":"2025-08-27T17:44:01","modified_gmt":"2025-08-27T17:44:01","slug":"vorhangset-blackout-renault-traffic","status":"publish","type":"product","link":"https:\/\/campzilla-shop.com\/de\/shop\/vorhangset-blackout-renault-traffic\/","title":{"rendered":"Vorhangset-Set, 5-teilig, Renault Traffic mit Heckklappe, ab Baujahr 2015"},"content":{"rendered":"<h2>Blickdichte Vorh\u00e4nge<\/h2>\n<p data-start=\"133\" data-end=\"518\">Verwandle deinen Renault Trafic (ab Baujahr 2015) in eine gem\u00fctliche und private Oase auf vier R\u00e4dern mit unserem ma\u00dfgeschneiderten Vorhang-Set. Es passt perfekt zu Modellen mit Heckklappe und ist sowohl f\u00fcr den kurzen als auch langen Radstand geeignet. So sorgst du f\u00fcr den perfekten Sichtschutz, mehr Privatsph\u00e4re und eine angenehme Atmosph\u00e4re \u2013 egal ob auf Reisen oder beim Camping.<\/p>\n<h5 data-start=\"520\" data-end=\"581\"><strong data-start=\"520\" data-end=\"581\">Das bietet dir das Vorhang-Set f\u00fcr deinen Renault Trafic:<\/strong><\/h5>\n<ul data-start=\"583\" data-end=\"1595\">\n<li data-start=\"583\" data-end=\"799\"><strong data-start=\"585\" data-end=\"606\">Perfekte Passform<\/strong>: Das Set wurde speziell f\u00fcr deinen Renault Trafic ab Baujahr 2015 entwickelt und passt sowohl bei kurzem als auch langem Radstand. Die Vorh\u00e4nge sitzen genau an den Fenstern und halten perfekt.<\/li>\n<li data-start=\"800\" data-end=\"937\"><strong data-start=\"802\" data-end=\"827\">Vielseitig einsetzbar<\/strong>: Das Set enth\u00e4lt Vorh\u00e4nge f\u00fcr alle Fenster, inklusive der Heckklappe. So ist dein Innenraum rundum gesch\u00fctzt.<\/li>\n<li data-start=\"938\" data-end=\"1173\"><strong data-start=\"940\" data-end=\"967\">Hochwertige Materialien<\/strong>: Die Vorh\u00e4nge sind aus robustem, lichtundurchl\u00e4ssigem Stoff gefertigt, der dich im Sommer vor Sonne und im Winter vor K\u00e4lte sch\u00fctzt. Der Stoff ist pflegeleicht und sorgt f\u00fcr eine angenehme Innentemperatur.<\/li>\n<li data-start=\"1174\" data-end=\"1367\"><strong data-start=\"1176\" data-end=\"1201\">Einfache Installation<\/strong>: Du kannst das Set schnell und unkompliziert anbringen \u2013 ganz ohne professionelle Hilfe. So hast du im Handumdrehen mehr Komfort und Privatsph\u00e4re in deinem Fahrzeug.<\/li>\n<li data-start=\"1368\" data-end=\"1595\"><strong data-start=\"1370\" data-end=\"1401\">Privatsph\u00e4re und Diskretion<\/strong>: Genie\u00dfe eine entspannte Atmosph\u00e4re, ob auf dem Campingplatz oder w\u00e4hrend der Fahrt. Der Sichtschutz sorgt daf\u00fcr, dass du deine Privatsph\u00e4re beh\u00e4ltst und vor neugierigen Blicken gesch\u00fctzt bist.<\/li>\n<\/ul>\n<p data-start=\"1597\" data-end=\"1895\"><strong data-start=\"1597\" data-end=\"1622\">Perfekt f\u00fcr unterwegs<\/strong> \u2013 Das Vorhang-Set f\u00fcr deinen Renault Trafic ist nicht nur praktisch, sondern auch eine stilvolle Erg\u00e4nzung f\u00fcr dein Fahrzeug. Egal ob f\u00fcr einen Wochenendausflug, l\u00e4ngere Reisen oder den t\u00e4glichen Gebrauch \u2013 mit diesem Set machst du dein Fahrzeug zum perfekten R\u00fcckzugsort.<\/p>\n<p><span style=\"color: #ff0000;\"><strong>ACHTUNG:<\/strong><\/span> Die Produktbilder sind Beispielbilder und zeigen nicht immer das genaue Fahrzeug. Achte bei der Bestellung darauf, dass der richtige Radstand ausgew\u00e4hlt wurde und das dein Auto eine <strong>HECKKLAPPE<\/strong> haben muss und <strong data-start=\"134\" data-end=\"173\">OHNE die originale Innenverkleidung<\/strong> ist!<\/p>\n","protected":false},"excerpt":{"rendered":"<p data-start=\"1597\" data-end=\"1895\"><strong data-start=\"1597\" data-end=\"1622\">Perfekt f\u00fcr unterwegs<\/strong> \u2013 Das Vorhang-Set f\u00fcr deinen Renault Trafic ist nicht nur praktisch, sondern auch eine stilvolle Erg\u00e4nzung f\u00fcr dein Fahrzeug. Egal ob f\u00fcr einen Wochenendausflug, l\u00e4ngere Reisen oder den t\u00e4glichen Gebrauch \u2013 mit diesem Set machst du dein Fahrzeug zum perfekten R\u00fcckzugsort.<\/p>\n<h5 data-start=\"1897\" data-end=\"1916\"><strong data-start=\"1897\" data-end=\"1916\">Produktdetails:<\/strong><\/h5>\n<ul data-start=\"1917\" data-end=\"2155\">\n<li data-start=\"1917\" data-end=\"1961\">passend f\u00fcr Renault Trafic ab Baujahr 2015<\/li>\n<li data-start=\"1962\" data-end=\"2022\">f\u00fcr Modelle mit <strong>Heckklappe<\/strong> und kurzem oder langem Radstand<\/li>\n<li data-start=\"2023\" data-end=\"2065\">langlebige, lichtundurchl\u00e4ssige Vorh\u00e4nge<\/li>\n<li data-start=\"2066\" data-end=\"2098\">einfache Montage, etwas handwerkliches Geschick sollte vorhanden sein<\/li>\n<li data-start=\"2099\" data-end=\"2155\">bietet vollst\u00e4ndigen Sichtschutz und mehr Privatsph\u00e4re<\/li>\n<\/ul>\n<p data-start=\"2157\" data-end=\"2267\" data-is-last-node=\"\" data-is-only-node=\"\">Hol dir das Vorhang-Set f\u00fcr deinen Renault Trafic und genie\u00dfe mehr Komfort und Privatsph\u00e4re auf deinen Reisen!<\/p>\n","protected":false},"featured_media":61978,"template":"","meta":{"site-sidebar-layout":"default","site-content-layout":"","ast-site-content-layout":"default","site-content-style":"default","site-sidebar-style":"default","ast-global-header-display":"","ast-banner-title-visibility":"","ast-main-header-display":"","ast-hfb-above-header-display":"","ast-hfb-below-header-display":"","ast-hfb-mobile-header-display":"","site-post-title":"","ast-breadcrumbs-content":"","ast-featured-img":"","footer-sml-layout":"","ast-disable-related-posts":"","theme-transparent-header-meta":"default","adv-header-id-meta":"","stick-header-meta":"","header-above-stick-meta":"","header-main-stick-meta":"","header-below-stick-meta":"","astra-migrate-meta-layouts":"set","ast-page-background-enabled":"default","ast-page-background-meta":{"desktop":{"background-color":"","background-image":"","background-repeat":"repeat","background-position":"center center","background-size":"auto","background-attachment":"scroll","background-type":"","background-media":"","overlay-type":"","overlay-color":"","overlay-opacity":"","overlay-gradient":""},"tablet":{"background-color":"","background-image":"","background-repeat":"repeat","background-position":"center center","background-size":"auto","background-attachment":"scroll","background-type":"","background-media":"","overlay-type":"","overlay-color":"","overlay-opacity":"","overlay-gradient":""},"mobile":{"background-color":"","background-image":"","background-repeat":"repeat","background-position":"center center","background-size":"auto","background-attachment":"scroll","background-type":"","background-media":"","overlay-type":"","overlay-color":"","overlay-opacity":"","overlay-gradient":""}},"ast-content-background-meta":{"desktop":{"background-color":"var(--ast-global-color-5)","background-image":"","background-repeat":"repeat","background-position":"center center","background-size":"auto","background-attachment":"scroll","background-type":"","background-media":"","overlay-type":"","overlay-color":"","overlay-opacity":"","overlay-gradient":""},"tablet":{"background-color":"var(--ast-global-color-5)","background-image":"","background-repeat":"repeat","background-position":"center center","background-size":"auto","background-attachment":"scroll","background-type":"","background-media":"","overlay-type":"","overlay-color":"","overlay-opacity":"","overlay-gradient":""},"mobile":{"background-color":"var(--ast-global-color-5)","background-image":"","background-repeat":"repeat","background-position":"center center","background-size":"auto","background-attachment":"scroll","background-type":"","background-media":"","overlay-type":"","overlay-color":"","overlay-opacity":"","overlay-gradient":""}},"iawp_total_views":56},"product_brand":[],"product_cat":[342],"product_tag":[],"class_list":{"0":"post-64695","1":"product","2":"type-product","3":"status-publish","4":"has-post-thumbnail","6":"product_cat-vorhaenge","7":"product_shipping_class-groesse-s","8":"desktop-align-left","9":"tablet-align-left","10":"mobile-align-left","11":"ast-product-gallery-layout-horizontal-slider","12":"ast-product-single-variable","13":"ast-product-tabs-layout-horizontal","15":"first","16":"onbackorder","17":"sale","18":"taxable","19":"shipping-taxable","20":"purchasable","21":"product-type-variable"},"_links":{"self":[{"href":"https:\/\/campzilla-shop.com\/de\/wp-json\/wp\/v2\/product\/64695","targetHints":{"allow":["GET"]}}],"collection":[{"href":"https:\/\/campzilla-shop.com\/de\/wp-json\/wp\/v2\/product"}],"about":[{"href":"https:\/\/campzilla-shop.com\/de\/wp-json\/wp\/v2\/types\/product"}],"wp:featuredmedia":[{"embeddable":true,"href":"https:\/\/campzilla-shop.com\/de\/wp-json\/wp\/v2\/media\/61978"}],"wp:attachment":[{"href":"https:\/\/campzilla-shop.com\/de\/wp-json\/wp\/v2\/media?parent=64695"}],"wp:term":[{"taxonomy":"product_brand","embeddable":true,"href":"https:\/\/campzilla-shop.com\/de\/wp-json\/wp\/v2\/product_brand?post=64695"},{"taxonomy":"product_cat","embeddable":true,"href":"https:\/\/campzilla-shop.com\/de\/wp-json\/wp\/v2\/product_cat?post=64695"},{"taxonomy":"product_tag","embeddable":true,"href":"https:\/\/campzilla-shop.com\/de\/wp-json\/wp\/v2\/product_tag?post=64695"}],"curies":[{"name":"wp","href":"https:\/\/api.w.org\/{rel}","templated":true}]}}