{"id":61575,"date":"2024-09-27T09:56:04","date_gmt":"2024-09-27T09:56:04","guid":{"rendered":"https:\/\/campzilla-shop.com\/produkt\/magnetadapter-fuer-sonnensegel-2\/"},"modified":"2025-08-28T08:56:23","modified_gmt":"2025-08-28T08:56:23","slug":"magnetadapter-outwell","status":"publish","type":"product","link":"https:\/\/campzilla-shop.com\/de\/shop\/magnetadapter-outwell\/","title":{"rendered":"Magnetadapter Outwell \u2013 zur Befestigung von Sonnensegeln \/ Vorzelten"},"content":{"rendered":"<div class=\"flex-1 overflow-hidden @container\/thread\">\n<div class=\"h-full\">\n<div class=\"react-scroll-to-bottom--css-zfjez-79elbk h-full\">\n<div class=\"react-scroll-to-bottom--css-zfjez-1n7m0yu\">\n<div class=\"flex flex-col text-sm md:pb-9\">\n<article class=\"w-full scroll-mb-[var(--thread-trailing-height,150px)] text-token-text-primary focus-visible:outline-2 focus-visible:outline-offset-[-4px]\" dir=\"auto\" data-testid=\"conversation-turn-5\" data-scroll-anchor=\"true\">\n<div class=\"m-auto text-base py-[18px] px-3 md:px-4 w-full md:px-5 lg:px-4 xl:px-5\">\n<div class=\"mx-auto flex flex-1 gap-4 text-base md:gap-5 lg:gap-6 md:max-w-3xl lg:max-w-[40rem] xl:max-w-[48rem]\">\n<div class=\"group\/conversation-turn relative flex w-full min-w-0 flex-col agent-turn\">\n<div class=\"flex-col gap-1 md:gap-3\">\n<div class=\"flex max-w-full flex-col flex-grow\">\n<div class=\"min-h-8 text-message flex w-full flex-col items-end gap-2 whitespace-normal break-words text-start [.text-message+&amp;]:mt-5\" dir=\"auto\" data-message-author-role=\"assistant\" data-message-id=\"8e3e75bb-29ca-4f4c-b0c5-e6abef2fe83e\" data-message-model-slug=\"gpt-4o-mini\">\n<div class=\"flex w-full flex-col gap-1 empty:hidden first:pt-[3px]\">\n<div class=\"markdown prose w-full break-words dark:prose-invert dark\">\n<h2>Die einfache und sichere Verbindung f\u00fcr Vorzelte oder Sonnensegel<\/h2>\n<p>Mit dem Magnetadapter von Outwell\u00a0kannst du dein Vorzelt oder dein Sonnensegel schnell und sicher an deinem Fahrzeug befestigen. Egal, ob du mit einem Wohnmobil, Van oder Camper unterwegs bist \u2013 dieses Set sorgt daf\u00fcr, dass dei Vorzelt oder Sonnensegel am Fahrzeug h\u00e4lt, ohne dass du bohren oder komplizierte Befestigungen anbringen musst.<\/p>\n<p>Auflagefl\u00e4che: min. 5cm<\/p>\n<h5>Vorteile des Outwell Magnetadaptersets<\/h5>\n<p>Starke Magnetkraft: Die kr\u00e4ftigen Magnete bieten dir einen sicheren Halt an metallischen Fahrzeugd\u00e4chern, selbst bei Wind und Wetter.<br \/>\nUniverselle Passform: Das Set passt zu den meisten Fahrzeugtypen \u2013 ideal f\u00fcr Vans, Wohnmobile und Camper.<br \/>\nKinderleichte Montage: Du brauchst keine zus\u00e4tzlichen Werkzeuge \u2013 die Installation dauert nur wenige Minuten.<br \/>\nHochwertige Materialien: Langlebig und robust, damit du es bei jedem Abenteuer verwenden kannst.<\/p>\n<p>Das Outwell Magnetadapterset ist die perfekte L\u00f6sung f\u00fcr alle, die eine flexible und zuverl\u00e4ssige M\u00f6glichkeit suchen, ihr Vorzelt oder Sonnensegel zu befestigen. So kannst du deine Ausr\u00fcstung schnell aufbauen und dich auf das Wesentliche konzentrieren: die Zeit in der Natur zu genie\u00dfen.<\/p>\n<h5>Warum das Outwell Magnetadapterset?<\/h5>\n<p>Du sparst Zeit und Aufwand beim Aufbau<br \/>\nDein Vorzelt oder dein Sonnensegel bleibt auch bei schlechtem Wetter sicher befestigt.<br \/>\nPerfekt f\u00fcr spontane Ausfl\u00fcge oder l\u00e4ngere Reisen.<\/p>\n<p>Mit dem Outwell Magnetadapterset wird dein n\u00e4chster Campingtrip noch entspannter!<\/p>\n<\/div>\n<\/div>\n<\/div>\n<\/div>\n<\/div>\n<\/div>\n<\/div>\n<\/div>\n<\/article>\n<\/div>\n<\/div>\n<\/div>\n<\/div>\n<\/div>\n","protected":false},"excerpt":{"rendered":"<p>Dank des Magnetadapters kannst du dein Vorzelt oder dein Sonnensegel auch ohne Kederschiene oder Multirailschiene am Fahrzeug befestigen! Abspannleinen \u00fcber dem Fahrzeugdach sichern die Position des Magnetstreifens<\/p>\n<p><strong>Details<\/strong><br \/>\nL\u00e4nge des Dachanschlusses: 260 cm<br \/>\nMaterial Gewebe: 400D 100% Polyester, Oxford-Gewebe, einseitig PVC-beschichtet<br \/>\nGewicht: 1,92 kg<br \/>\nPackma\u00df: 90 x 12 x 5 cm<\/p>\n","protected":false},"featured_media":59452,"template":"","meta":{"site-sidebar-layout":"default","site-content-layout":"","ast-site-content-layout":"default","site-content-style":"default","site-sidebar-style":"default","ast-global-header-display":"","ast-banner-title-visibility":"","ast-main-header-display":"","ast-hfb-above-header-display":"","ast-hfb-below-header-display":"","ast-hfb-mobile-header-display":"","site-post-title":"","ast-breadcrumbs-content":"","ast-featured-img":"","footer-sml-layout":"","ast-disable-related-posts":"","theme-transparent-header-meta":"default","adv-header-id-meta":"","stick-header-meta":"","header-above-stick-meta":"","header-main-stick-meta":"","header-below-stick-meta":"","astra-migrate-meta-layouts":"set","ast-page-background-enabled":"default","ast-page-background-meta":{"desktop":{"background-color":"","background-image":"","background-repeat":"repeat","background-position":"center center","background-size":"auto","background-attachment":"scroll","background-type":"","background-media":"","overlay-type":"","overlay-color":"","overlay-opacity":"","overlay-gradient":""},"tablet":{"background-color":"","background-image":"","background-repeat":"repeat","background-position":"center center","background-size":"auto","background-attachment":"scroll","background-type":"","background-media":"","overlay-type":"","overlay-color":"","overlay-opacity":"","overlay-gradient":""},"mobile":{"background-color":"","background-image":"","background-repeat":"repeat","background-position":"center center","background-size":"auto","background-attachment":"scroll","background-type":"","background-media":"","overlay-type":"","overlay-color":"","overlay-opacity":"","overlay-gradient":""}},"ast-content-background-meta":{"desktop":{"background-color":"var(--ast-global-color-5)","background-image":"","background-repeat":"repeat","background-position":"center center","background-size":"auto","background-attachment":"scroll","background-type":"","background-media":"","overlay-type":"","overlay-color":"","overlay-opacity":"","overlay-gradient":""},"tablet":{"background-color":"var(--ast-global-color-5)","background-image":"","background-repeat":"repeat","background-position":"center center","background-size":"auto","background-attachment":"scroll","background-type":"","background-media":"","overlay-type":"","overlay-color":"","overlay-opacity":"","overlay-gradient":""},"mobile":{"background-color":"var(--ast-global-color-5)","background-image":"","background-repeat":"repeat","background-position":"center center","background-size":"auto","background-attachment":"scroll","background-type":"","background-media":"","overlay-type":"","overlay-color":"","overlay-opacity":"","overlay-gradient":""}},"iawp_total_views":80},"product_brand":[],"product_cat":[161],"product_tag":[],"class_list":{"0":"post-61575","1":"product","2":"type-product","3":"status-publish","4":"has-post-thumbnail","6":"product_cat-sonnensegel-vorzelte","7":"product_shipping_class-groesse-s","8":"desktop-align-left","9":"tablet-align-left","10":"mobile-align-left","11":"ast-product-gallery-layout-horizontal-slider","12":"ast-product-tabs-layout-horizontal","14":"first","15":"instock","16":"sale","17":"taxable","18":"shipping-taxable","19":"purchasable","20":"product-type-simple"},"_links":{"self":[{"href":"https:\/\/campzilla-shop.com\/de\/wp-json\/wp\/v2\/product\/61575","targetHints":{"allow":["GET"]}}],"collection":[{"href":"https:\/\/campzilla-shop.com\/de\/wp-json\/wp\/v2\/product"}],"about":[{"href":"https:\/\/campzilla-shop.com\/de\/wp-json\/wp\/v2\/types\/product"}],"wp:featuredmedia":[{"embeddable":true,"href":"https:\/\/campzilla-shop.com\/de\/wp-json\/wp\/v2\/media\/59452"}],"wp:attachment":[{"href":"https:\/\/campzilla-shop.com\/de\/wp-json\/wp\/v2\/media?parent=61575"}],"wp:term":[{"taxonomy":"product_brand","embeddable":true,"href":"https:\/\/campzilla-shop.com\/de\/wp-json\/wp\/v2\/product_brand?post=61575"},{"taxonomy":"product_cat","embeddable":true,"href":"https:\/\/campzilla-shop.com\/de\/wp-json\/wp\/v2\/product_cat?post=61575"},{"taxonomy":"product_tag","embeddable":true,"href":"https:\/\/campzilla-shop.com\/de\/wp-json\/wp\/v2\/product_tag?post=61575"}],"curies":[{"name":"wp","href":"https:\/\/api.w.org\/{rel}","templated":true}]}}