{"id":60997,"date":"2024-09-20T13:23:34","date_gmt":"2024-09-20T13:23:34","guid":{"rendered":"https:\/\/campzilla-shop.com\/produkt\/fenstertasche-pongobag-vw-t7-2\/"},"modified":"2026-03-05T19:18:47","modified_gmt":"2026-03-05T19:18:47","slug":"fenstertaschen-vw-t7-multivan-2","status":"publish","type":"product","link":"https:\/\/campzilla-shop.com\/de\/shop\/fenstertaschen-vw-t7-multivan-2\/","title":{"rendered":"Fenstertaschen \u2013 VW T7 Multivan & T7 California Beach, langer Radstand"},"content":{"rendered":"<h2>Mehr Stauram im Van<\/h2>\n<p>Die\u00a0<strong>Fenstertaschen<\/strong> f\u00fcr den VW T7 Multivan und den T7 California Beach sind die perfekte L\u00f6sung f\u00fcr mehr Stauraum und Ordnung im Fahrzeug. Speziell f\u00fcr die Fenster des VW T7 konzipiert, nutzen diese praktischen Taschen den sonst ungenutzten Platz optimal aus.\u00a0 Sie verwandeln ungenutzten Raum in deinem Fahrzeug in praktischen und gut organisierten Stauraum. Mit ihrer cleveren Konstruktion und hochwertigen Verarbeitung ist sie ein unverzichtbares Accessoire f\u00fcr alle Van-Liebhaber, Camper und Vielreisenden.<\/p>\n<h5><strong>Praktisch und durchdacht<\/strong><\/h5>\n<p>Die Fenstertaschen wurden speziell f\u00fcr die Fenster des VW Multivan T7 mit langem Radstand und den VW T7 California Beach entwickelt. Sie nutzen den Platz, der sonst oft ungenutzt bleibt, auf geniale Weise aus. Dabei werden\u00a0 sie passgenau zwischen Fenster und der originalen Plastikverkleidung eingeklemmt \u2013 ganz ohne aufwendige Umbauten oder Bohrungen. Das macht die Montage kinderleicht und dein Fahrzeug bleibt unversehrt.<\/p>\n<p>Die Taschen werden ganz einfach auf der Tr\u00e4gerplatte angeklickt, sodass sie bei Bedarf auch leicht entfernen sind. Diese Flexibilit\u00e4t macht es nicht nur praktisch, sondern auch besonders anwenderfreundlich.<\/p>\n<h5><strong>Maximale Ordnung und Stauraum<\/strong><\/h5>\n<p>Ob Wasserflaschen, Snacks, B\u00fccher, Spielzeug, Karten oder andere Utensilien \u2013 mit der Fenstertasche hast du alles griffbereit und sicher verstaut. Dank ihrer durchdachten Aufteilung mit mehreren F\u00e4chern bleibt alles an seinem Platz, selbst auf holprigen Stra\u00dfen.<\/p>\n<p><strong>Dein perfektes Taschensystem f\u00fcr Vanlife mit echten Outdoorqualit\u00e4ten:<\/strong><\/p>\n<ul>\n<li><strong>Schmutzabweisendes, rei\u00dffestes Oxfordgewebe<\/strong>: Widerstandsf\u00e4hig gegen die Belastungen des Outdoor-Einsatzes.<\/li>\n<li><strong>Extrem hohe Belastbarkeit durch aufgen\u00e4hte Verst\u00e4rkungsb\u00e4nder<\/strong>: Sorgt f\u00fcr eine besonders lange Lebensdauer und Stabilit\u00e4t.<\/li>\n<li><strong>Nur das Beste: YKK Rei\u00dfverschl\u00fcsse<\/strong>: F\u00fcr h\u00f6chste Qualit\u00e4t und Langlebigkeit.<\/li>\n<li><strong>Rucksackfunktion bei den gro\u00dfen Taschen<\/strong>: Die gro\u00dfen Taschen lassen sich schnell und einfach abnehmen und als Rucksack verwenden, ideal f\u00fcr unterwegs.<\/li>\n<li><strong>Taschenvolumen ca. 28L<\/strong>: Viel Platz f\u00fcr deine Ausr\u00fcstung<\/li>\n<li><strong>Passend f\u00fcr den langen Radstand beim VW T7 Multivan und VW T7 California Beach<\/strong><\/li>\n<\/ul>\n<h5><strong>Perfekt f\u00fcr Alltag, Camping und Roadtrips<\/strong><\/h5>\n<p>Die Fenstertasche ist vielseitig einsetzbar und eine Bereicherung f\u00fcr jede Situation:<\/p>\n<ul>\n<li><strong>Im Alltag:<\/strong>\u00a0Halte dein Fahrzeug ordentlich und habe wichtige Dinge wie Getr\u00e4nke, Karten oder Ladekabel immer griffbereit.<\/li>\n<li><strong>Beim Camping:<\/strong>\u00a0Nutze die Tasche, um kleine Gegenst\u00e4nde zu verstauen, die du schnell zur Hand haben m\u00f6chtest, wie Taschenlampen, M\u00fcckenspray oder Snacks.<\/li>\n<li><strong>Auf Roadtrips:<\/strong>\u00a0Schaffe zus\u00e4tzlichen Stauraum f\u00fcr alles, was du auf langen Fahrten brauchst, und sorge f\u00fcr ein angenehmes Reiseerlebnis.<\/li>\n<\/ul>\n<p><strong>ACHTUNG:<\/strong> Es entsteht ein Lichtspalt bei der Ausf\u00fchrung f\u00fcr den VW T7 mit langem Radstand. Aus diesem Grund gibt es das Set nur mit den Thermomatten.<\/p>\n","protected":false},"excerpt":{"rendered":"<h5><strong>Made in EU \u2013 Hochwertige Qualit\u00e4t<\/strong><\/h5>\n<p>Das Taschensystem ist in der EU gefertigt und erf\u00fcllt h\u00f6chste Qualit\u00e4tsstandards. Vertraue auf Funktionalit\u00e4t und Langlebigkeit, die deinem Vanlife den entscheidenden Komfort verleihen!<\/p>\n<p>\u2022 Schmutzabweisendes, rei\u00dffestes Oxfordgewebe<br \/>\n\u2022 Extrem hohe Belastbarkeit durch aufgen\u00e4hte Verst\u00e4rkungsb\u00e4nder<br \/>\n\u2022 Patentiertes Tr\u00e4gersystem aus pulverbeschichtetem Aluminium<br \/>\n\u2022 Kein Bohren oder Kleben n\u00f6tig<br \/>\n\u2022 Gummipuffer sch\u00fctzen deinen Van vor l\u00e4stigen Kratzern und Schrammen<br \/>\n\u2022 Super einfache Montage<br \/>\n\u2022 Ger\u00e4uschged\u00e4mpft (kein Klappern)<\/p>\n<p>Passend f\u00fcr VW T7 Multivan, <strong>langer Radstand und beim VW T7 California Beach<\/strong><\/p>\n<p><strong>Die Fenstertaschen gibt es aktuell nur als Paar f\u00fcr rechts und links. <\/strong>Einzelne Taschen bitte extra anfragen!<\/p>\n<p>&nbsp;<\/p>\n","protected":false},"featured_media":65833,"template":"","meta":{"site-sidebar-layout":"default","site-content-layout":"","ast-site-content-layout":"default","site-content-style":"default","site-sidebar-style":"default","ast-global-header-display":"","ast-banner-title-visibility":"","ast-main-header-display":"","ast-hfb-above-header-display":"","ast-hfb-below-header-display":"","ast-hfb-mobile-header-display":"","site-post-title":"","ast-breadcrumbs-content":"","ast-featured-img":"","footer-sml-layout":"","ast-disable-related-posts":"","theme-transparent-header-meta":"default","adv-header-id-meta":"","stick-header-meta":"","header-above-stick-meta":"","header-main-stick-meta":"","header-below-stick-meta":"","astra-migrate-meta-layouts":"set","ast-page-background-enabled":"default","ast-page-background-meta":{"desktop":{"background-color":"","background-image":"","background-repeat":"repeat","background-position":"center center","background-size":"auto","background-attachment":"scroll","background-type":"","background-media":"","overlay-type":"","overlay-color":"","overlay-opacity":"","overlay-gradient":""},"tablet":{"background-color":"","background-image":"","background-repeat":"repeat","background-position":"center center","background-size":"auto","background-attachment":"scroll","background-type":"","background-media":"","overlay-type":"","overlay-color":"","overlay-opacity":"","overlay-gradient":""},"mobile":{"background-color":"","background-image":"","background-repeat":"repeat","background-position":"center center","background-size":"auto","background-attachment":"scroll","background-type":"","background-media":"","overlay-type":"","overlay-color":"","overlay-opacity":"","overlay-gradient":""}},"ast-content-background-meta":{"desktop":{"background-color":"var(--ast-global-color-5)","background-image":"","background-repeat":"repeat","background-position":"center center","background-size":"auto","background-attachment":"scroll","background-type":"","background-media":"","overlay-type":"","overlay-color":"","overlay-opacity":"","overlay-gradient":""},"tablet":{"background-color":"var(--ast-global-color-5)","background-image":"","background-repeat":"repeat","background-position":"center center","background-size":"auto","background-attachment":"scroll","background-type":"","background-media":"","overlay-type":"","overlay-color":"","overlay-opacity":"","overlay-gradient":""},"mobile":{"background-color":"var(--ast-global-color-5)","background-image":"","background-repeat":"repeat","background-position":"center center","background-size":"auto","background-attachment":"scroll","background-type":"","background-media":"","overlay-type":"","overlay-color":"","overlay-opacity":"","overlay-gradient":""}},"iawp_total_views":433},"product_brand":[],"product_cat":[156],"product_tag":[],"class_list":{"0":"post-60997","1":"product","2":"type-product","3":"status-publish","4":"has-post-thumbnail","6":"product_cat-volkswagen","7":"product_shipping_class-groesse-m","8":"desktop-align-left","9":"tablet-align-left","10":"mobile-align-left","11":"ast-product-gallery-layout-horizontal-slider","12":"ast-product-tabs-layout-horizontal","14":"first","15":"onbackorder","16":"taxable","17":"shipping-taxable","18":"purchasable","19":"product-type-simple"},"_links":{"self":[{"href":"https:\/\/campzilla-shop.com\/de\/wp-json\/wp\/v2\/product\/60997","targetHints":{"allow":["GET"]}}],"collection":[{"href":"https:\/\/campzilla-shop.com\/de\/wp-json\/wp\/v2\/product"}],"about":[{"href":"https:\/\/campzilla-shop.com\/de\/wp-json\/wp\/v2\/types\/product"}],"wp:featuredmedia":[{"embeddable":true,"href":"https:\/\/campzilla-shop.com\/de\/wp-json\/wp\/v2\/media\/65833"}],"wp:attachment":[{"href":"https:\/\/campzilla-shop.com\/de\/wp-json\/wp\/v2\/media?parent=60997"}],"wp:term":[{"taxonomy":"product_brand","embeddable":true,"href":"https:\/\/campzilla-shop.com\/de\/wp-json\/wp\/v2\/product_brand?post=60997"},{"taxonomy":"product_cat","embeddable":true,"href":"https:\/\/campzilla-shop.com\/de\/wp-json\/wp\/v2\/product_cat?post=60997"},{"taxonomy":"product_tag","embeddable":true,"href":"https:\/\/campzilla-shop.com\/de\/wp-json\/wp\/v2\/product_tag?post=60997"}],"curies":[{"name":"wp","href":"https:\/\/api.w.org\/{rel}","templated":true}]}}